{"id":999,"date":"2011-05-28T18:39:56","date_gmt":"2011-05-28T17:39:56","guid":{"rendered":"http:\/\/www.transsib-tipps.de\/?page_id=999"},"modified":"2011-05-28T18:39:56","modified_gmt":"2011-05-28T17:39:56","slug":"abschied-moskau","status":"publish","type":"page","link":"https:\/\/reisetier.de\/transsib\/transsibirische-eisenbahn-tagebuch\/abschied-moskau\/","title":{"rendered":"Abschied von Moskau"},"content":{"rendered":"<h2>Reisetag 4<\/h2>\n<div id=\"attachment_1020\" style=\"width: 310px\" class=\"wp-caption alignleft\"><img loading=\"lazy\" decoding=\"async\" aria-describedby=\"caption-attachment-1020\" src=\"https:\/\/reisetier.de\/transsib\/wp-content\/uploads\/sites\/2\/2011\/05\/moskau-denkmal.jpg\" alt=\"\" title=\"moskau-denkmal\" width=\"300\" height=\"400\" class=\"size-full wp-image-1020\" srcset=\"https:\/\/reisetier.de\/transsib\/wp-content\/uploads\/sites\/2\/2011\/05\/moskau-denkmal.jpg 300w, https:\/\/reisetier.de\/transsib\/wp-content\/uploads\/sites\/2\/2011\/05\/moskau-denkmal-225x300.jpg 225w\" sizes=\"auto, (max-width: 300px) 100vw, 300px\" \/><p id=\"caption-attachment-1020\" class=\"wp-caption-text\">Das Denkmal von Peter dem Gro\u00dfen, eine der letzten Eindr\u00fcck von Moskau w\u00e4hrend unserer Bootsfahrt.<\/p><\/div>\n<p>Der letzte Tag in Moskau begann eher ruhig um 11 Uhr. Grinsende Gesichter fragten uns im Hostel, ob unser Abend gelungen war. Der einzige Programmpunkt des Tages war eine Bootsfahrt auf der Moskwa. Genau das Richtige, um sich nach einer langen Nacht zu entspannen. Auf dem Weg zum Hafen probierten wir noch einen russischen D\u00f6ner. Fazit: Sehr konblauchlastig aber sehr lecker.<\/p>\n<p>Die Bootsfahrt bei strahlendem Sonnenschein war sehr sch\u00f6n und ein idealer Abschied von Moskau. Zur\u00fcck im Hostel packten wir unsere Rucks\u00e4cke, verabschiedeten uns von allen und durchliefen nochmal ein ausgiebiges Hygieneprogramm. Unsere erste Etappe mit der Transsibirischen Eisenbahn von Moskau nach Ekaterinburg stand an und Hygiene ist in der Transsibirischen Eisenbahn ja eher Mangelware.<\/p>\n<p>Etwa 28 Stunden waren f\u00fcr diese erste Fahrt angesetzt. Sparsam wie wir sind, hatten wir Betten in der 3. Klasse gebucht. Wir kamen an unser Gleis und der riesige Zug war schon eingefahren. Eine kleine Wanderung sp\u00e4ter fanden wir auch unseren Waggon. Die beiden Schaffnerinnen kontrollierten sehr genau unsere Fahrkarten und P\u00e4sse, waren aber sehr freundlich. Danach betraten wir endlich das erste Mal einen Zug der Transsibirischen Eisenbahn.<\/p>\n<p>Eine Anzeige informierte uns \u00fcber die Innentemperatur von kuscheligen 27\u00b0C. So richtig war uns zu diesem Zeitpunkt noch nicht klar, wie und wo man in der Enge schlafen soll. F\u00fcr einen kurzen Moment lang musste ich an die Alternative denken, in einem klimatisierten Flugzeug in wenigen Stunden nach Peking zu fliegen.<\/p>\n<p>&nbsp;<\/p>\n<div id=\"attachment_1022\" style=\"width: 410px\" class=\"wp-caption alignleft\"><img loading=\"lazy\" decoding=\"async\" aria-describedby=\"caption-attachment-1022\" src=\"https:\/\/reisetier.de\/transsib\/wp-content\/uploads\/sites\/2\/2011\/05\/transsibirische-eisenbahn-einstieg.jpg\" alt=\"\" title=\"transsibirische-eisenbahn-einstieg\" width=\"400\" height=\"278\" class=\"size-full wp-image-1022\" srcset=\"https:\/\/reisetier.de\/transsib\/wp-content\/uploads\/sites\/2\/2011\/05\/transsibirische-eisenbahn-einstieg.jpg 400w, https:\/\/reisetier.de\/transsib\/wp-content\/uploads\/sites\/2\/2011\/05\/transsibirische-eisenbahn-einstieg-300x209.jpg 300w\" sizes=\"auto, (max-width: 400px) 100vw, 400px\" \/><p id=\"caption-attachment-1022\" class=\"wp-caption-text\">Am fr\u00fchen Abend stiegen wir das erste Mal in einen Zug der Transsibirischen Eisenbahn.<\/p><\/div>\n<p>Vermutlich sah man uns unsere Hilflosigkeit an. Freundliche Mitreisende erkl\u00e4rten uns in gebrochenem Englisch und mit viel K\u00f6rpersprache wo wir unsere Rucks\u00e4cke verstauen k\u00f6nnen und wie das mit den Betten l\u00e4uft. Leider sa\u00dfen wir in getrennten aber benachbarten &#8222;Abteils&#8220; und unsere Betten waren parallel zum Gang. Wie uns sp\u00e4ter klar wurde, hatte man uns bl\u00f6den Ausl\u00e4ndern die unbeliebtesten Betten zugewiesen.<\/p>\n<p>Meine &#8222;Nachbarin&#8220; war ein junges M\u00e4dchen, das freundlich l\u00e4chelte und nett wirkte. Da wir aber so gar keine gemeinsame Sprache hatten, kam abgesehen von ein paar Zeichen nicht viel Kommunikation zustande. Irgendwann wurde die Beleuchtung im Zug reduziert und die Leute begannen sich umzuziehen und schlafen zu gehen. Meine Nachbarin f\u00fchrte mir noch ihre singenden und tanzenden Stofftiere vor und weckte damit den halben Waggon wieder auf. Danach gingen auch wir schlafen. <img loading=\"lazy\" decoding=\"async\" src=\"https:\/\/ssl-vg03.met.vgwort.de\/na\/944fe9d2a655497fbda85907096574ea\" width=\"1\" height=\"1\" alt=\"\"><\/p>\n","protected":false},"excerpt":{"rendered":"<p>Reisetag 4 Der letzte Tag in Moskau begann eher ruhig um 11 Uhr. Grinsende Gesichter fragten uns im Hostel, ob unser Abend gelungen war. Der einzige Programmpunkt des Tages war eine Bootsfahrt auf der Moskwa. Genau das Richtige, um sich nach einer langen Nacht zu entspannen. Auf dem Weg zum Hafen probierten wir noch einen &#038;hellip <a class=\"read-excerpt\" href=\"https:\/\/reisetier.de\/transsib\/transsibirische-eisenbahn-tagebuch\/abschied-moskau\/\">Continue reading <span class=\"meta-nav\">&raquo;<\/span><\/a><\/p>\n","protected":false},"author":1,"featured_media":0,"parent":789,"menu_order":116,"comment_status":"open","ping_status":"open","template":"","meta":{"footnotes":""},"class_list":["post-999","page","type-page","status-publish","hentry"],"yoast_head":"<!-- This site is optimized with the Yoast SEO plugin v27.3 - https:\/\/yoast.com\/product\/yoast-seo-wordpress\/ -->\n<title>Abschied von Moskau<\/title>\n<meta name=\"description\" content=\"An unserem letzten Tag in Moskau haben wir noch eine Bootsfahrt auf der Moskwa gemacht. Danach sind wir unsere erste Etappe mit der Transsibirischen Eisenbahn angetreten.\" \/>\n<meta name=\"robots\" content=\"index, follow, max-snippet:-1, max-image-preview:large, max-video-preview:-1\" \/>\n<link rel=\"canonical\" href=\"https:\/\/reisetier.de\/transsib\/transsibirische-eisenbahn-tagebuch\/abschied-moskau\/\" \/>\n<meta property=\"og:locale\" content=\"de_DE\" \/>\n<meta property=\"og:type\" content=\"article\" \/>\n<meta property=\"og:title\" content=\"Abschied von Moskau\" \/>\n<meta property=\"og:description\" content=\"An unserem letzten Tag in Moskau haben wir noch eine Bootsfahrt auf der Moskwa gemacht. Danach sind wir unsere erste Etappe mit der Transsibirischen Eisenbahn angetreten.\" \/>\n<meta property=\"og:url\" content=\"https:\/\/reisetier.de\/transsib\/transsibirische-eisenbahn-tagebuch\/abschied-moskau\/\" \/>\n<meta property=\"og:site_name\" content=\"Die Transsibirische Eisenbahn\" \/>\n<meta property=\"og:image\" content=\"https:\/\/reisetier.de\/transsib\/wp-content\/uploads\/sites\/2\/2011\/05\/moskau-denkmal.jpg\" \/>\n<meta name=\"twitter:card\" content=\"summary_large_image\" \/>\n<meta name=\"twitter:label1\" content=\"Gesch\u00e4tzte Lesezeit\" \/>\n\t<meta name=\"twitter:data1\" content=\"2\u00a0Minuten\" \/>\n<script type=\"application\/ld+json\" class=\"yoast-schema-graph\">{\"@context\":\"https:\\\/\\\/schema.org\",\"@graph\":[{\"@type\":\"WebPage\",\"@id\":\"https:\\\/\\\/reisetier.de\\\/transsib\\\/transsibirische-eisenbahn-tagebuch\\\/abschied-moskau\\\/\",\"url\":\"https:\\\/\\\/reisetier.de\\\/transsib\\\/transsibirische-eisenbahn-tagebuch\\\/abschied-moskau\\\/\",\"name\":\"Abschied von Moskau\",\"isPartOf\":{\"@id\":\"https:\\\/\\\/reisetier.de\\\/transsib\\\/#website\"},\"primaryImageOfPage\":{\"@id\":\"https:\\\/\\\/reisetier.de\\\/transsib\\\/transsibirische-eisenbahn-tagebuch\\\/abschied-moskau\\\/#primaryimage\"},\"image\":{\"@id\":\"https:\\\/\\\/reisetier.de\\\/transsib\\\/transsibirische-eisenbahn-tagebuch\\\/abschied-moskau\\\/#primaryimage\"},\"thumbnailUrl\":\"https:\\\/\\\/reisetier.de\\\/transsib\\\/wp-content\\\/uploads\\\/sites\\\/2\\\/2011\\\/05\\\/moskau-denkmal.jpg\",\"datePublished\":\"2011-05-28T17:39:56+00:00\",\"description\":\"An unserem letzten Tag in Moskau haben wir noch eine Bootsfahrt auf der Moskwa gemacht. Danach sind wir unsere erste Etappe mit der Transsibirischen Eisenbahn angetreten.\",\"breadcrumb\":{\"@id\":\"https:\\\/\\\/reisetier.de\\\/transsib\\\/transsibirische-eisenbahn-tagebuch\\\/abschied-moskau\\\/#breadcrumb\"},\"inLanguage\":\"de\",\"potentialAction\":[{\"@type\":\"ReadAction\",\"target\":[\"https:\\\/\\\/reisetier.de\\\/transsib\\\/transsibirische-eisenbahn-tagebuch\\\/abschied-moskau\\\/\"]}]},{\"@type\":\"ImageObject\",\"inLanguage\":\"de\",\"@id\":\"https:\\\/\\\/reisetier.de\\\/transsib\\\/transsibirische-eisenbahn-tagebuch\\\/abschied-moskau\\\/#primaryimage\",\"url\":\"https:\\\/\\\/reisetier.de\\\/transsib\\\/wp-content\\\/uploads\\\/sites\\\/2\\\/2011\\\/05\\\/moskau-denkmal.jpg\",\"contentUrl\":\"https:\\\/\\\/reisetier.de\\\/transsib\\\/wp-content\\\/uploads\\\/sites\\\/2\\\/2011\\\/05\\\/moskau-denkmal.jpg\",\"width\":300,\"height\":400,\"caption\":\"Das Denkmal von Peter dem Gro\u00dfen, eine der letzten Eindr\u00fcck von Moskau w\u00e4hrend unserer Bootsfahrt.\"},{\"@type\":\"BreadcrumbList\",\"@id\":\"https:\\\/\\\/reisetier.de\\\/transsib\\\/transsibirische-eisenbahn-tagebuch\\\/abschied-moskau\\\/#breadcrumb\",\"itemListElement\":[{\"@type\":\"ListItem\",\"position\":1,\"name\":\"Home\",\"item\":\"https:\\\/\\\/reisetier.de\\\/transsib\\\/\"},{\"@type\":\"ListItem\",\"position\":2,\"name\":\"Transsib Tagebuch\",\"item\":\"https:\\\/\\\/reisetier.de\\\/transsib\\\/transsibirische-eisenbahn-tagebuch\\\/\"},{\"@type\":\"ListItem\",\"position\":3,\"name\":\"Abschied von Moskau\"}]},{\"@type\":\"WebSite\",\"@id\":\"https:\\\/\\\/reisetier.de\\\/transsib\\\/#website\",\"url\":\"https:\\\/\\\/reisetier.de\\\/transsib\\\/\",\"name\":\"Die Transsibirische Eisenbahn\",\"description\":\"Reisen durch Russland, die Mongolei und China\",\"potentialAction\":[{\"@type\":\"SearchAction\",\"target\":{\"@type\":\"EntryPoint\",\"urlTemplate\":\"https:\\\/\\\/reisetier.de\\\/transsib\\\/?s={search_term_string}\"},\"query-input\":{\"@type\":\"PropertyValueSpecification\",\"valueRequired\":true,\"valueName\":\"search_term_string\"}}],\"inLanguage\":\"de\"}]}<\/script>\n<!-- \/ Yoast SEO plugin. -->","yoast_head_json":{"title":"Abschied von Moskau","description":"An unserem letzten Tag in Moskau haben wir noch eine Bootsfahrt auf der Moskwa gemacht. Danach sind wir unsere erste Etappe mit der Transsibirischen Eisenbahn angetreten.","robots":{"index":"index","follow":"follow","max-snippet":"max-snippet:-1","max-image-preview":"max-image-preview:large","max-video-preview":"max-video-preview:-1"},"canonical":"https:\/\/reisetier.de\/transsib\/transsibirische-eisenbahn-tagebuch\/abschied-moskau\/","og_locale":"de_DE","og_type":"article","og_title":"Abschied von Moskau","og_description":"An unserem letzten Tag in Moskau haben wir noch eine Bootsfahrt auf der Moskwa gemacht. Danach sind wir unsere erste Etappe mit der Transsibirischen Eisenbahn angetreten.","og_url":"https:\/\/reisetier.de\/transsib\/transsibirische-eisenbahn-tagebuch\/abschied-moskau\/","og_site_name":"Die Transsibirische Eisenbahn","og_image":[{"url":"https:\/\/reisetier.de\/transsib\/wp-content\/uploads\/sites\/2\/2011\/05\/moskau-denkmal.jpg","type":"","width":"","height":""}],"twitter_card":"summary_large_image","twitter_misc":{"Gesch\u00e4tzte Lesezeit":"2\u00a0Minuten"},"schema":{"@context":"https:\/\/schema.org","@graph":[{"@type":"WebPage","@id":"https:\/\/reisetier.de\/transsib\/transsibirische-eisenbahn-tagebuch\/abschied-moskau\/","url":"https:\/\/reisetier.de\/transsib\/transsibirische-eisenbahn-tagebuch\/abschied-moskau\/","name":"Abschied von Moskau","isPartOf":{"@id":"https:\/\/reisetier.de\/transsib\/#website"},"primaryImageOfPage":{"@id":"https:\/\/reisetier.de\/transsib\/transsibirische-eisenbahn-tagebuch\/abschied-moskau\/#primaryimage"},"image":{"@id":"https:\/\/reisetier.de\/transsib\/transsibirische-eisenbahn-tagebuch\/abschied-moskau\/#primaryimage"},"thumbnailUrl":"https:\/\/reisetier.de\/transsib\/wp-content\/uploads\/sites\/2\/2011\/05\/moskau-denkmal.jpg","datePublished":"2011-05-28T17:39:56+00:00","description":"An unserem letzten Tag in Moskau haben wir noch eine Bootsfahrt auf der Moskwa gemacht. Danach sind wir unsere erste Etappe mit der Transsibirischen Eisenbahn angetreten.","breadcrumb":{"@id":"https:\/\/reisetier.de\/transsib\/transsibirische-eisenbahn-tagebuch\/abschied-moskau\/#breadcrumb"},"inLanguage":"de","potentialAction":[{"@type":"ReadAction","target":["https:\/\/reisetier.de\/transsib\/transsibirische-eisenbahn-tagebuch\/abschied-moskau\/"]}]},{"@type":"ImageObject","inLanguage":"de","@id":"https:\/\/reisetier.de\/transsib\/transsibirische-eisenbahn-tagebuch\/abschied-moskau\/#primaryimage","url":"https:\/\/reisetier.de\/transsib\/wp-content\/uploads\/sites\/2\/2011\/05\/moskau-denkmal.jpg","contentUrl":"https:\/\/reisetier.de\/transsib\/wp-content\/uploads\/sites\/2\/2011\/05\/moskau-denkmal.jpg","width":300,"height":400,"caption":"Das Denkmal von Peter dem Gro\u00dfen, eine der letzten Eindr\u00fcck von Moskau w\u00e4hrend unserer Bootsfahrt."},{"@type":"BreadcrumbList","@id":"https:\/\/reisetier.de\/transsib\/transsibirische-eisenbahn-tagebuch\/abschied-moskau\/#breadcrumb","itemListElement":[{"@type":"ListItem","position":1,"name":"Home","item":"https:\/\/reisetier.de\/transsib\/"},{"@type":"ListItem","position":2,"name":"Transsib Tagebuch","item":"https:\/\/reisetier.de\/transsib\/transsibirische-eisenbahn-tagebuch\/"},{"@type":"ListItem","position":3,"name":"Abschied von Moskau"}]},{"@type":"WebSite","@id":"https:\/\/reisetier.de\/transsib\/#website","url":"https:\/\/reisetier.de\/transsib\/","name":"Die Transsibirische Eisenbahn","description":"Reisen durch Russland, die Mongolei und China","potentialAction":[{"@type":"SearchAction","target":{"@type":"EntryPoint","urlTemplate":"https:\/\/reisetier.de\/transsib\/?s={search_term_string}"},"query-input":{"@type":"PropertyValueSpecification","valueRequired":true,"valueName":"search_term_string"}}],"inLanguage":"de"}]}},"_links":{"self":[{"href":"https:\/\/reisetier.de\/transsib\/wp-json\/wp\/v2\/pages\/999","targetHints":{"allow":["GET"]}}],"collection":[{"href":"https:\/\/reisetier.de\/transsib\/wp-json\/wp\/v2\/pages"}],"about":[{"href":"https:\/\/reisetier.de\/transsib\/wp-json\/wp\/v2\/types\/page"}],"author":[{"embeddable":true,"href":"https:\/\/reisetier.de\/transsib\/wp-json\/wp\/v2\/users\/1"}],"replies":[{"embeddable":true,"href":"https:\/\/reisetier.de\/transsib\/wp-json\/wp\/v2\/comments?post=999"}],"version-history":[{"count":0,"href":"https:\/\/reisetier.de\/transsib\/wp-json\/wp\/v2\/pages\/999\/revisions"}],"up":[{"embeddable":true,"href":"https:\/\/reisetier.de\/transsib\/wp-json\/wp\/v2\/pages\/789"}],"wp:attachment":[{"href":"https:\/\/reisetier.de\/transsib\/wp-json\/wp\/v2\/media?parent=999"}],"curies":[{"name":"wp","href":"https:\/\/api.w.org\/{rel}","templated":true}]}}