{"id":94,"date":"2011-03-15T19:25:56","date_gmt":"2011-03-15T18:25:56","guid":{"rendered":"http:\/\/transsib.j-breuer.de\/?page_id=94"},"modified":"2011-03-15T19:25:56","modified_gmt":"2011-03-15T18:25:56","slug":"reise-im-zug","status":"publish","type":"page","link":"https:\/\/reisetier.de\/transsib\/reise-im-zug\/","title":{"rendered":"Die Reise im Zug"},"content":{"rendered":"<h2>Wie sieht es in den Z\u00fcgen der Transsibirischen Eisenbahn aus und wie l\u00e4uft die Reise ab?<\/h2>\n<p>Die Transsibirische Eisenbahn ist sicherlich mit keinem anderen Verkehrsmittel zu vergleichen. Es liegt ein besonderer Reiz in der Langsamkeit, mit der sich die riesigen Z\u00fcge durch die Landschaft bewegen. In gem\u00e4chlichem Tempo umrundet man die halbe Welt. In dieser Kategorie wird es darum gehen, wie das Leben im Zug so abl\u00e4uft und was es zu beachten gibt.<\/p>\n<div class=\"teaser\">\n<h3><a href=\"wagenklassen\/\">Wagenklassen<\/a><\/h3>\n<p>Welche Wagenklassen hat die Transsibirische Eisenbahn? Was unterscheidet diese?<br \/>\n<a href=\"wagenklassen\/\">Zu den Wagenklassen<\/a>\n<\/div>\n<div class=\"teaser\">\n<h3><a title=\"Die Ausstattung der Z\u00fcge der Transsibirischen Eisenbahn\" href=\"ausstattung\/\">Ausstattung<\/a><\/h3>\n<p>Wie sind die Z\u00fcge der Transsibirischen Eisenbahn ausgestattet? Gibt es Steckdosen?<br \/>\n<a title=\"Die Ausstattung der Transsibirischen Eisenbahn\" href=\"ausstattung\/\">Zur Ausstattung<\/a>\n<\/div>\n<div class=\"teaser\">\n<h3><a title=\"Ablauf der Fahrt\" href=\"ablauf-der-fahrt\/\">Ablauf der Fahrt<\/a><\/h3>\n<p>Wann muss man am Bahnhof sein? Gibt es Verhaltensregeln in der Transsibirischen Eisenbahn?<br \/>\n<a title=\"Ablauf der Fahrt\" href=\"ablauf-der-fahrt\/\">Zum Ablauf der Fahrt<\/a>\n<\/div>\n<div class=\"teaser\">\n<h3><a title=\"Reisezeit f\u00fcr die Transsibirische Eisenbahn\" href=\"reisezeit-transsibirische-eisenbahn\/\">Reisezeit<\/a><\/h3>\n<p>Zu welcher Jahrezeit sollte man mit der Transsibirischen Eisenbahn fahren?<br \/>\n<a title=\"Reisezeit f\u00fcr die Transsibirische Eisenbahn\" href=\"reisezeit-transsibirische-eisenbahn\/\">Zur Reisezeit<\/a>\n<\/div>\n<div class=\"teaser\">\n<h3><a title=\"Sicherheit in der Transsibirischen Eisenbahn\" href=\"sicherheit\/\">Sicherheit<\/a><\/h3>\n<p>Gibt es in der Transsibirischen Eisenbahn Gep\u00e4ckdiebe? Und wie sieht es in den St\u00e4dten aus?<br \/>\n<a title=\"Sicherheit in der Transsibirischen Eisenbahn\" href=\"sicherheit\/\">Zur Sicherheit<\/a>\n<\/div>\n","protected":false},"excerpt":{"rendered":"<p>Wie sieht es in den Z\u00fcgen der Transsibirischen Eisenbahn aus und wie l\u00e4uft die Reise ab? Die Transsibirische Eisenbahn ist sicherlich mit keinem anderen Verkehrsmittel zu vergleichen. Es liegt ein besonderer Reiz in der Langsamkeit, mit der sich die riesigen Z\u00fcge durch die Landschaft bewegen. In gem\u00e4chlichem Tempo umrundet man die halbe Welt. In dieser &#038;hellip <a class=\"read-excerpt\" href=\"https:\/\/reisetier.de\/transsib\/reise-im-zug\/\">Continue reading <span class=\"meta-nav\">&raquo;<\/span><\/a><\/p>\n","protected":false},"author":1,"featured_media":0,"parent":0,"menu_order":14,"comment_status":"open","ping_status":"closed","template":"","meta":{"footnotes":""},"class_list":["post-94","page","type-page","status-publish","hentry"],"yoast_head":"<!-- This site is optimized with the Yoast SEO plugin v27.4 - https:\/\/yoast.com\/product\/yoast-seo-wordpress\/ -->\n<title>Die Reise mit der Transsibirischen Eisenbahn<\/title>\n<meta name=\"description\" content=\"Wie l\u00e4uft eine Reise in der Transsibirischen Eisenbahn ab? Hier gibt es Infos \u00fcber die Wagenklassen, die Austattung und vieles mehr.\" \/>\n<meta name=\"robots\" content=\"index, follow, max-snippet:-1, max-image-preview:large, max-video-preview:-1\" \/>\n<link rel=\"canonical\" href=\"https:\/\/reisetier.de\/transsib\/reise-im-zug\/\" \/>\n<meta property=\"og:locale\" content=\"de_DE\" \/>\n<meta property=\"og:type\" content=\"article\" \/>\n<meta property=\"og:title\" content=\"Die Reise mit der Transsibirischen Eisenbahn\" \/>\n<meta property=\"og:description\" content=\"Wie l\u00e4uft eine Reise in der Transsibirischen Eisenbahn ab? Hier gibt es Infos \u00fcber die Wagenklassen, die Austattung und vieles mehr.\" \/>\n<meta property=\"og:url\" content=\"https:\/\/reisetier.de\/transsib\/reise-im-zug\/\" \/>\n<meta property=\"og:site_name\" content=\"Die Transsibirische Eisenbahn\" \/>\n<meta name=\"twitter:card\" content=\"summary_large_image\" \/>\n<meta name=\"twitter:label1\" content=\"Gesch\u00e4tzte Lesezeit\" \/>\n\t<meta name=\"twitter:data1\" content=\"1\u00a0Minute\" \/>\n<script type=\"application\/ld+json\" class=\"yoast-schema-graph\">{\"@context\":\"https:\\\/\\\/schema.org\",\"@graph\":[{\"@type\":\"WebPage\",\"@id\":\"https:\\\/\\\/reisetier.de\\\/transsib\\\/reise-im-zug\\\/\",\"url\":\"https:\\\/\\\/reisetier.de\\\/transsib\\\/reise-im-zug\\\/\",\"name\":\"Die Reise mit der Transsibirischen Eisenbahn\",\"isPartOf\":{\"@id\":\"https:\\\/\\\/reisetier.de\\\/transsib\\\/#website\"},\"datePublished\":\"2011-03-15T18:25:56+00:00\",\"description\":\"Wie l\u00e4uft eine Reise in der Transsibirischen Eisenbahn ab? Hier gibt es Infos \u00fcber die Wagenklassen, die Austattung und vieles mehr.\",\"breadcrumb\":{\"@id\":\"https:\\\/\\\/reisetier.de\\\/transsib\\\/reise-im-zug\\\/#breadcrumb\"},\"inLanguage\":\"de\",\"potentialAction\":[{\"@type\":\"ReadAction\",\"target\":[\"https:\\\/\\\/reisetier.de\\\/transsib\\\/reise-im-zug\\\/\"]}]},{\"@type\":\"BreadcrumbList\",\"@id\":\"https:\\\/\\\/reisetier.de\\\/transsib\\\/reise-im-zug\\\/#breadcrumb\",\"itemListElement\":[{\"@type\":\"ListItem\",\"position\":1,\"name\":\"Home\",\"item\":\"https:\\\/\\\/reisetier.de\\\/transsib\\\/\"},{\"@type\":\"ListItem\",\"position\":2,\"name\":\"Die Reise im Zug\"}]},{\"@type\":\"WebSite\",\"@id\":\"https:\\\/\\\/reisetier.de\\\/transsib\\\/#website\",\"url\":\"https:\\\/\\\/reisetier.de\\\/transsib\\\/\",\"name\":\"Die Transsibirische Eisenbahn\",\"description\":\"Reisen durch Russland, die Mongolei und China\",\"potentialAction\":[{\"@type\":\"SearchAction\",\"target\":{\"@type\":\"EntryPoint\",\"urlTemplate\":\"https:\\\/\\\/reisetier.de\\\/transsib\\\/?s={search_term_string}\"},\"query-input\":{\"@type\":\"PropertyValueSpecification\",\"valueRequired\":true,\"valueName\":\"search_term_string\"}}],\"inLanguage\":\"de\"}]}<\/script>\n<!-- \/ Yoast SEO plugin. -->","yoast_head_json":{"title":"Die Reise mit der Transsibirischen Eisenbahn","description":"Wie l\u00e4uft eine Reise in der Transsibirischen Eisenbahn ab? Hier gibt es Infos \u00fcber die Wagenklassen, die Austattung und vieles mehr.","robots":{"index":"index","follow":"follow","max-snippet":"max-snippet:-1","max-image-preview":"max-image-preview:large","max-video-preview":"max-video-preview:-1"},"canonical":"https:\/\/reisetier.de\/transsib\/reise-im-zug\/","og_locale":"de_DE","og_type":"article","og_title":"Die Reise mit der Transsibirischen Eisenbahn","og_description":"Wie l\u00e4uft eine Reise in der Transsibirischen Eisenbahn ab? Hier gibt es Infos \u00fcber die Wagenklassen, die Austattung und vieles mehr.","og_url":"https:\/\/reisetier.de\/transsib\/reise-im-zug\/","og_site_name":"Die Transsibirische Eisenbahn","twitter_card":"summary_large_image","twitter_misc":{"Gesch\u00e4tzte Lesezeit":"1\u00a0Minute"},"schema":{"@context":"https:\/\/schema.org","@graph":[{"@type":"WebPage","@id":"https:\/\/reisetier.de\/transsib\/reise-im-zug\/","url":"https:\/\/reisetier.de\/transsib\/reise-im-zug\/","name":"Die Reise mit der Transsibirischen Eisenbahn","isPartOf":{"@id":"https:\/\/reisetier.de\/transsib\/#website"},"datePublished":"2011-03-15T18:25:56+00:00","description":"Wie l\u00e4uft eine Reise in der Transsibirischen Eisenbahn ab? Hier gibt es Infos \u00fcber die Wagenklassen, die Austattung und vieles mehr.","breadcrumb":{"@id":"https:\/\/reisetier.de\/transsib\/reise-im-zug\/#breadcrumb"},"inLanguage":"de","potentialAction":[{"@type":"ReadAction","target":["https:\/\/reisetier.de\/transsib\/reise-im-zug\/"]}]},{"@type":"BreadcrumbList","@id":"https:\/\/reisetier.de\/transsib\/reise-im-zug\/#breadcrumb","itemListElement":[{"@type":"ListItem","position":1,"name":"Home","item":"https:\/\/reisetier.de\/transsib\/"},{"@type":"ListItem","position":2,"name":"Die Reise im Zug"}]},{"@type":"WebSite","@id":"https:\/\/reisetier.de\/transsib\/#website","url":"https:\/\/reisetier.de\/transsib\/","name":"Die Transsibirische Eisenbahn","description":"Reisen durch Russland, die Mongolei und China","potentialAction":[{"@type":"SearchAction","target":{"@type":"EntryPoint","urlTemplate":"https:\/\/reisetier.de\/transsib\/?s={search_term_string}"},"query-input":{"@type":"PropertyValueSpecification","valueRequired":true,"valueName":"search_term_string"}}],"inLanguage":"de"}]}},"_links":{"self":[{"href":"https:\/\/reisetier.de\/transsib\/wp-json\/wp\/v2\/pages\/94","targetHints":{"allow":["GET"]}}],"collection":[{"href":"https:\/\/reisetier.de\/transsib\/wp-json\/wp\/v2\/pages"}],"about":[{"href":"https:\/\/reisetier.de\/transsib\/wp-json\/wp\/v2\/types\/page"}],"author":[{"embeddable":true,"href":"https:\/\/reisetier.de\/transsib\/wp-json\/wp\/v2\/users\/1"}],"replies":[{"embeddable":true,"href":"https:\/\/reisetier.de\/transsib\/wp-json\/wp\/v2\/comments?post=94"}],"version-history":[{"count":0,"href":"https:\/\/reisetier.de\/transsib\/wp-json\/wp\/v2\/pages\/94\/revisions"}],"wp:attachment":[{"href":"https:\/\/reisetier.de\/transsib\/wp-json\/wp\/v2\/media?parent=94"}],"curies":[{"name":"wp","href":"https:\/\/api.w.org\/{rel}","templated":true}]}}