{"id":85,"date":"2011-03-15T19:04:52","date_gmt":"2011-03-15T19:04:52","guid":{"rendered":"http:\/\/transsib.j-breuer.de\/?page_id=85"},"modified":"2011-03-15T19:04:52","modified_gmt":"2011-03-15T19:04:52","slug":"tickets","status":"publish","type":"page","link":"https:\/\/reisetier.de\/transsib\/preise-transsib-tickets\/tickets\/","title":{"rendered":"Tickets"},"content":{"rendered":"<h2>Wie sehen die Tickets der Transsibirischen Eisenbahn aus?<\/h2>\n<p>Die Tickets der Transsibirischen Eisenbahn werden immer als einzelne von-bis Tickets gebucht. Wenn ihr also von Moskau bis Peking mit Zwischenhalt in Irkutsk fahren wollt, braucht ihr ein Ticket von Moskau nach Irkutsk und ein Ticket von Irkutsk nach Peking. Eine Zeitkarte oder einen Zugpass wie in anderen L\u00e4ndern gibt es nicht. Jedes Teilst\u00fcck der Strecke muss einzeln gebucht werden. Je \u00f6fter ihr unterwegs aussteigen wollt, desto mehr m\u00fcsst ihr insgesamt bezahlen. Zusammen mit dem Ticket kauft ihr auch eine Reservierung f\u00fcr ein Bett in einem bestimmten Zug. Das hei\u00dft, ihr seid an diesen Zug gebunden und euer Ticket wird wertlos, wenn ihr den Zug verpasst. Die Tickets gehen immer 45 Tage vor Abfahrt des Zuges in den Verkauf. Wenn ihr eure <a href=\"..\/buchung\/\">Tickets f\u00fcr die Transsibirische Eisenbahn im Internet bestellt<\/a> k\u00f6nnt ihr aber in der Regel auch schon fr\u00fcher buchen. <\/p>\n<p>Da Russland das gr\u00f6\u00dfte Land der Welt ist, gibt es im Land insgesamt neun verschiedene Zeitzonen. Die Z\u00fcge der Transsibirischen Eisenbahn durchfahren h\u00e4ufig mehrere davon. Damit es kein Chaos mit den Zeitzonen gibt, gilt in russischen Z\u00fcgen immer die Moskauer Zeit. Alle Uhren in und an den Bahnh\u00f6fen zeigen diese Zeit an und auch auf den Tickets steht immer die Moskauer Zeit. Wenn auf eurem Ticket also steht, dass der Zug um 06:59 abf\u00e4hrt, kann das in eurer Zeitzone eine v\u00f6llig andere Zeit sein. Das ist schon eine ziemlich verwirrende Sache und am besten habt ihr immer irgendeine Uhr mit Moskauer Zeit dabei. Auch das Leben in der Transsibirischen Eisenbahn tickt nach Moskauer Zeit. Geschlafen wird dann, wenn in Moskau Nacht ist. <\/p>\n<p>Je nachdem wo man sein Ticket kauft, stehen die einzelnen Infos wann der Zug wo f\u00e4hrt und wo man schl\u00e4ft nur in Russisch darauf. Ich habe deswegen ein Ticket meiner Tour mal auseinander genommen und die wichtigsten Informationen markiert, damit ihr euch halbwegs zurecht findet. <img loading=\"lazy\" decoding=\"async\" src=\"https:\/\/ssl-vg03.met.vgwort.de\/na\/487a6c9580d24df8a1dec29c601fa344\" width=\"1\" height=\"1\" alt=\"\"><\/p>\n<p style=\"text-align: left\">\n<img loading=\"lazy\" decoding=\"async\" class=\"size-full wp-image-136 aligncenter\" title=\"ticket-transsibirische\" src=\"https:\/\/reisetier.de\/transsib\/wp-content\/uploads\/sites\/2\/2011\/03\/ticket-transsibirische.jpg\" alt=\"Ein Ticket der Transsibirischen Eisenbahn\" width=\"600\" height=\"350\" \/><\/p>\n","protected":false},"excerpt":{"rendered":"<p>Wie sehen die Tickets der Transsibirischen Eisenbahn aus? Die Tickets der Transsibirischen Eisenbahn werden immer als einzelne von-bis Tickets gebucht. Wenn ihr also von Moskau bis Peking mit Zwischenhalt in Irkutsk fahren wollt, braucht ihr ein Ticket von Moskau nach Irkutsk und ein Ticket von Irkutsk nach Peking. Eine Zeitkarte oder einen Zugpass wie in &#038;hellip <a class=\"read-excerpt\" href=\"https:\/\/reisetier.de\/transsib\/preise-transsib-tickets\/tickets\/\">Continue reading <span class=\"meta-nav\">&raquo;<\/span><\/a><\/p>\n","protected":false},"author":1,"featured_media":0,"parent":67,"menu_order":4,"comment_status":"open","ping_status":"open","template":"","meta":{"footnotes":""},"class_list":["post-85","page","type-page","status-publish","hentry"],"yoast_head":"<!-- This site is optimized with the Yoast SEO plugin v27.3 - https:\/\/yoast.com\/product\/yoast-seo-wordpress\/ -->\n<title>Tickets der Transsibirischen Eisenbahn<\/title>\n<meta name=\"description\" content=\"Hier gibt es eine Vorstellung der Tickets f\u00fcr die Transsibirische Eisenbahn. Welche Infos befinden sich wo auf dem Ticket?\" \/>\n<meta name=\"robots\" content=\"index, follow, max-snippet:-1, max-image-preview:large, max-video-preview:-1\" \/>\n<link rel=\"canonical\" href=\"https:\/\/reisetier.de\/transsib\/preise-transsib-tickets\/tickets\/\" \/>\n<meta property=\"og:locale\" content=\"de_DE\" \/>\n<meta property=\"og:type\" content=\"article\" \/>\n<meta property=\"og:title\" content=\"Tickets der Transsibirischen Eisenbahn\" \/>\n<meta property=\"og:description\" content=\"Hier gibt es eine Vorstellung der Tickets f\u00fcr die Transsibirische Eisenbahn. Welche Infos befinden sich wo auf dem Ticket?\" \/>\n<meta property=\"og:url\" content=\"https:\/\/reisetier.de\/transsib\/preise-transsib-tickets\/tickets\/\" \/>\n<meta property=\"og:site_name\" content=\"Die Transsibirische Eisenbahn\" \/>\n<meta property=\"og:image\" content=\"https:\/\/ssl-vg03.met.vgwort.de\/na\/487a6c9580d24df8a1dec29c601fa344\" \/>\n<meta name=\"twitter:card\" content=\"summary_large_image\" \/>\n<meta name=\"twitter:label1\" content=\"Gesch\u00e4tzte Lesezeit\" \/>\n\t<meta name=\"twitter:data1\" content=\"2\u00a0Minuten\" \/>\n<script type=\"application\/ld+json\" class=\"yoast-schema-graph\">{\"@context\":\"https:\\\/\\\/schema.org\",\"@graph\":[{\"@type\":\"WebPage\",\"@id\":\"https:\\\/\\\/reisetier.de\\\/transsib\\\/preise-transsib-tickets\\\/tickets\\\/\",\"url\":\"https:\\\/\\\/reisetier.de\\\/transsib\\\/preise-transsib-tickets\\\/tickets\\\/\",\"name\":\"Tickets der Transsibirischen Eisenbahn\",\"isPartOf\":{\"@id\":\"https:\\\/\\\/reisetier.de\\\/transsib\\\/#website\"},\"primaryImageOfPage\":{\"@id\":\"https:\\\/\\\/reisetier.de\\\/transsib\\\/preise-transsib-tickets\\\/tickets\\\/#primaryimage\"},\"image\":{\"@id\":\"https:\\\/\\\/reisetier.de\\\/transsib\\\/preise-transsib-tickets\\\/tickets\\\/#primaryimage\"},\"thumbnailUrl\":\"https:\\\/\\\/ssl-vg03.met.vgwort.de\\\/na\\\/487a6c9580d24df8a1dec29c601fa344\",\"datePublished\":\"2011-03-15T19:04:52+00:00\",\"description\":\"Hier gibt es eine Vorstellung der Tickets f\u00fcr die Transsibirische Eisenbahn. Welche Infos befinden sich wo auf dem Ticket?\",\"breadcrumb\":{\"@id\":\"https:\\\/\\\/reisetier.de\\\/transsib\\\/preise-transsib-tickets\\\/tickets\\\/#breadcrumb\"},\"inLanguage\":\"de\",\"potentialAction\":[{\"@type\":\"ReadAction\",\"target\":[\"https:\\\/\\\/reisetier.de\\\/transsib\\\/preise-transsib-tickets\\\/tickets\\\/\"]}]},{\"@type\":\"ImageObject\",\"inLanguage\":\"de\",\"@id\":\"https:\\\/\\\/reisetier.de\\\/transsib\\\/preise-transsib-tickets\\\/tickets\\\/#primaryimage\",\"url\":\"https:\\\/\\\/ssl-vg03.met.vgwort.de\\\/na\\\/487a6c9580d24df8a1dec29c601fa344\",\"contentUrl\":\"https:\\\/\\\/ssl-vg03.met.vgwort.de\\\/na\\\/487a6c9580d24df8a1dec29c601fa344\"},{\"@type\":\"BreadcrumbList\",\"@id\":\"https:\\\/\\\/reisetier.de\\\/transsib\\\/preise-transsib-tickets\\\/tickets\\\/#breadcrumb\",\"itemListElement\":[{\"@type\":\"ListItem\",\"position\":1,\"name\":\"Home\",\"item\":\"https:\\\/\\\/reisetier.de\\\/transsib\\\/\"},{\"@type\":\"ListItem\",\"position\":2,\"name\":\"Preise &amp; Transsib-Tickets\",\"item\":\"https:\\\/\\\/reisetier.de\\\/transsib\\\/preise-transsib-tickets\\\/\"},{\"@type\":\"ListItem\",\"position\":3,\"name\":\"Tickets\"}]},{\"@type\":\"WebSite\",\"@id\":\"https:\\\/\\\/reisetier.de\\\/transsib\\\/#website\",\"url\":\"https:\\\/\\\/reisetier.de\\\/transsib\\\/\",\"name\":\"Die Transsibirische Eisenbahn\",\"description\":\"Reisen durch Russland, die Mongolei und China\",\"potentialAction\":[{\"@type\":\"SearchAction\",\"target\":{\"@type\":\"EntryPoint\",\"urlTemplate\":\"https:\\\/\\\/reisetier.de\\\/transsib\\\/?s={search_term_string}\"},\"query-input\":{\"@type\":\"PropertyValueSpecification\",\"valueRequired\":true,\"valueName\":\"search_term_string\"}}],\"inLanguage\":\"de\"}]}<\/script>\n<!-- \/ Yoast SEO plugin. -->","yoast_head_json":{"title":"Tickets der Transsibirischen Eisenbahn","description":"Hier gibt es eine Vorstellung der Tickets f\u00fcr die Transsibirische Eisenbahn. Welche Infos befinden sich wo auf dem Ticket?","robots":{"index":"index","follow":"follow","max-snippet":"max-snippet:-1","max-image-preview":"max-image-preview:large","max-video-preview":"max-video-preview:-1"},"canonical":"https:\/\/reisetier.de\/transsib\/preise-transsib-tickets\/tickets\/","og_locale":"de_DE","og_type":"article","og_title":"Tickets der Transsibirischen Eisenbahn","og_description":"Hier gibt es eine Vorstellung der Tickets f\u00fcr die Transsibirische Eisenbahn. Welche Infos befinden sich wo auf dem Ticket?","og_url":"https:\/\/reisetier.de\/transsib\/preise-transsib-tickets\/tickets\/","og_site_name":"Die Transsibirische Eisenbahn","og_image":[{"url":"https:\/\/ssl-vg03.met.vgwort.de\/na\/487a6c9580d24df8a1dec29c601fa344","type":"","width":"","height":""}],"twitter_card":"summary_large_image","twitter_misc":{"Gesch\u00e4tzte Lesezeit":"2\u00a0Minuten"},"schema":{"@context":"https:\/\/schema.org","@graph":[{"@type":"WebPage","@id":"https:\/\/reisetier.de\/transsib\/preise-transsib-tickets\/tickets\/","url":"https:\/\/reisetier.de\/transsib\/preise-transsib-tickets\/tickets\/","name":"Tickets der Transsibirischen Eisenbahn","isPartOf":{"@id":"https:\/\/reisetier.de\/transsib\/#website"},"primaryImageOfPage":{"@id":"https:\/\/reisetier.de\/transsib\/preise-transsib-tickets\/tickets\/#primaryimage"},"image":{"@id":"https:\/\/reisetier.de\/transsib\/preise-transsib-tickets\/tickets\/#primaryimage"},"thumbnailUrl":"https:\/\/ssl-vg03.met.vgwort.de\/na\/487a6c9580d24df8a1dec29c601fa344","datePublished":"2011-03-15T19:04:52+00:00","description":"Hier gibt es eine Vorstellung der Tickets f\u00fcr die Transsibirische Eisenbahn. Welche Infos befinden sich wo auf dem Ticket?","breadcrumb":{"@id":"https:\/\/reisetier.de\/transsib\/preise-transsib-tickets\/tickets\/#breadcrumb"},"inLanguage":"de","potentialAction":[{"@type":"ReadAction","target":["https:\/\/reisetier.de\/transsib\/preise-transsib-tickets\/tickets\/"]}]},{"@type":"ImageObject","inLanguage":"de","@id":"https:\/\/reisetier.de\/transsib\/preise-transsib-tickets\/tickets\/#primaryimage","url":"https:\/\/ssl-vg03.met.vgwort.de\/na\/487a6c9580d24df8a1dec29c601fa344","contentUrl":"https:\/\/ssl-vg03.met.vgwort.de\/na\/487a6c9580d24df8a1dec29c601fa344"},{"@type":"BreadcrumbList","@id":"https:\/\/reisetier.de\/transsib\/preise-transsib-tickets\/tickets\/#breadcrumb","itemListElement":[{"@type":"ListItem","position":1,"name":"Home","item":"https:\/\/reisetier.de\/transsib\/"},{"@type":"ListItem","position":2,"name":"Preise &amp; Transsib-Tickets","item":"https:\/\/reisetier.de\/transsib\/preise-transsib-tickets\/"},{"@type":"ListItem","position":3,"name":"Tickets"}]},{"@type":"WebSite","@id":"https:\/\/reisetier.de\/transsib\/#website","url":"https:\/\/reisetier.de\/transsib\/","name":"Die Transsibirische Eisenbahn","description":"Reisen durch Russland, die Mongolei und China","potentialAction":[{"@type":"SearchAction","target":{"@type":"EntryPoint","urlTemplate":"https:\/\/reisetier.de\/transsib\/?s={search_term_string}"},"query-input":{"@type":"PropertyValueSpecification","valueRequired":true,"valueName":"search_term_string"}}],"inLanguage":"de"}]}},"_links":{"self":[{"href":"https:\/\/reisetier.de\/transsib\/wp-json\/wp\/v2\/pages\/85","targetHints":{"allow":["GET"]}}],"collection":[{"href":"https:\/\/reisetier.de\/transsib\/wp-json\/wp\/v2\/pages"}],"about":[{"href":"https:\/\/reisetier.de\/transsib\/wp-json\/wp\/v2\/types\/page"}],"author":[{"embeddable":true,"href":"https:\/\/reisetier.de\/transsib\/wp-json\/wp\/v2\/users\/1"}],"replies":[{"embeddable":true,"href":"https:\/\/reisetier.de\/transsib\/wp-json\/wp\/v2\/comments?post=85"}],"version-history":[{"count":0,"href":"https:\/\/reisetier.de\/transsib\/wp-json\/wp\/v2\/pages\/85\/revisions"}],"up":[{"embeddable":true,"href":"https:\/\/reisetier.de\/transsib\/wp-json\/wp\/v2\/pages\/67"}],"wp:attachment":[{"href":"https:\/\/reisetier.de\/transsib\/wp-json\/wp\/v2\/media?parent=85"}],"curies":[{"name":"wp","href":"https:\/\/api.w.org\/{rel}","templated":true}]}}