{"id":789,"date":"2011-04-21T20:47:57","date_gmt":"2011-04-21T19:47:57","guid":{"rendered":"http:\/\/www.transsib-tipps.de\/?page_id=789"},"modified":"2011-04-21T20:47:57","modified_gmt":"2011-04-21T19:47:57","slug":"transsibirische-eisenbahn-tagebuch","status":"publish","type":"page","link":"https:\/\/reisetier.de\/transsib\/transsibirische-eisenbahn-tagebuch\/","title":{"rendered":"Transsib Tagebuch"},"content":{"rendered":"<h2>Meine Reise mit der Transsibirischen Eisenbahn<\/h2>\n<p>Als ich 2009 mit der Transsibirischen Eisenbahn gefahren bin, habe ich mir gleich ein Moskau ein kleines Reise-Tagebuch gekauft und versucht jeden Abend die Erlebnisse festzuhalten. Auf diesen Seiten werde ich das Tagebuch nach und nach digitalisieren, damit auch ihr an meiner Reise teilhaben k\u00f6nnt. Direkte Tipps zur Transsibirischen Eisenbahn wie auf den anderen Seiten werdet ihr hier nicht finden, daf\u00fcr eine Menge Erfahrungswerte aus denen sich bestimmt auch so manche Lehre f\u00fcr die eigene Fahrt mit der Transsibirischen Eisenbahn ziehen l\u00e4sst.<\/p>\n<p>Einen Tipp gibt es dann aber doch: F\u00fchrt ein Tagebuch! W\u00e4hrend der Reise f\u00e4llt es einem h\u00e4ufig schwer, das Tagebuch diszipliniert jeden Abend zu aktualisieren. Auch ich habe h\u00e4ufig mehrere Tage am St\u00fcck nachgetragen. Gerade die langen Fahrten in der Transsibirischen Eisenbahn eignen sich daf\u00fcr sehr gut daf\u00fcr. Nach der Fahrt, wenn ihr wieder zu Hause im Alltagstrott voller Verpflichtungen und Terminen seid, habt ihr ein unsch\u00e4tzbar wertvolles Dokument. Als ich f\u00fcr diese Seite mein Tagebuch hervor gekramt habe, musste ich es erst mal komplett lesen. Vor meinem geistigen Auge erlebte ich die komplette Fahrt nochmal und erinnerte mich wieder an die ganzen tollen Momente.<\/p>\n<p>Ich werde mein Transsib Tagebuch hier nicht auf einen Schlag ver\u00f6ffentlichen, sondern erst nach und nach. Etwa einmal pro Woche kommt ein neuer Reisetag dazu. Wer \u00fcber neue Teile auf dem Laufenden bleiben will, kann sich bei <a href=\"http:\/\/www.facebook.com\/pages\/transsib-tippsde\/104773289606278\" target=\"_blank\" rel=\"noopener\">Facebook<\/a> oder <a href=\"http:\/\/twitter.com\/transsib_tipps\" target=\"_blank\" rel=\"noopener\">Twitter<\/a> eintragen. <img loading=\"lazy\" decoding=\"async\" src=\"https:\/\/ssl-vg03.met.vgwort.de\/na\/df7e55d58e694e7fbf4ce378544fcab1\" width=\"1\" height=\"1\" alt=\"\"><\/p>\n<div class=\"teaser\">\n<h3><a href=\"koblenz-moskau\/\">Von Koblenz bis Moskau<\/a><\/h3>\n<p>Der erste Tag als Reisender und die ersten Eindr\u00fccke von Moskau.<br \/>\n<a href=\"koblenz-moskau\/\">Zum ersten Reisetag<\/a>\n<\/div>\n<div class=\"teaser\">\n<h3><a href=\"sehenswuerdigkeiten-moskau\/\">Sightseeing in Moskau<\/a><\/h3>\n<p>Am zweiten Tag haben wir uns die wichtigsten Sehensw\u00fcrdigkeiten von Moskau angesehen.<br \/>\n<a href=\"sehenswuerdigkeiten-moskau\/\">Zum zweiten Reisetag<\/a>\n<\/div>\n<div class=\"teaser\">\n<h3><a href=\"moskau-studentenleben\/\">Moskauer Studentenleben<\/a><\/h3>\n<p>Am letzten kompletten Tag in Moskau haben wir der Uni einen Besuch abgestattet.<br \/>\n<a href=\"moskau-studentenleben\/\">Zum dritten Reisetag<\/a>\n<\/div>\n<div class=\"teaser\">\n<h3><a href=\"abschied-moskau\/\">Abschied von Moskau<\/a><\/h3>\n<p>Zum Abschluss haben wir noch eine Bootsfahrt auf der Moskwa gemacht und sind dann zum ersten Mal in die Transsibirische Eisenbahn gestiegen.<br \/>\n<a href=\"abschied-moskau\/\">Zum vierten Reisetag<\/a>\n<\/div>\n<div class=\"teaser\">\n<h3><a href=\"moskau-ekaterinburg\/\">Von Moskau nach Ekaterinburg<\/a><\/h3>\n<p>Unser erster kompletter Tag in der Transsibirischen Eisenbahn.<br \/>\n<a href=\"moskau-ekaterinburg\/\">Zum f\u00fcnften Reisetag<\/a>\n<\/div>\n<div class=\"teaser\">\n<h3><a href=\"besichtigung-ekaterinburg\/\">Besichtigung von Ekaterinburg<\/a><\/h3>\n<p>Am sechsten Tag unserer Reise sind wir in Ekaterinburg angekommen und haben uns die Stadt angeguckt.<br \/>\n<a href=\"besichtigung-ekaterinburg\/\">Zum sechsten Reisetag<\/a>\n<\/div>\n<div class=\"teaser\">\n<h3><a href=\"transsibirische-eisenbahn-ekaterinburg-nowosibirsk\/\">Von Ekaterinburg nach Nowobisirsk<\/a><\/h3>\n<p>Unser zweiter Tag in Ekaterinburg und die Weitefahrt mit der Transsibirischen Eisenbahn.<br \/>\n<a href=\"transsibirische-eisenbahn-ekaterinburg-nowosibirsk\/\">Zum siebten Reisetag<\/a>\n<\/div>\n<div class=\"teaser\">\n<h3><a href=\"ankunft-nowosibirsk\/\">Ankunft in Nowosibirsk<\/a><\/h3>\n<p>Am achten Tag der Reise mit der Transsibirischen Eisenbahn sind wir in Nowosibirsk angekommen.<br \/>\n<a href=\"ankunft-nowosibirsk\/\">Zum achten Reisetag<\/a>\n<\/div>\n<div class=\"teaser\">\n<h3><a href=\"aufenthalt-nowosibirsk\/\">Unser Aufenthalt in Nowosibirsk<\/a><\/h3>\n<p>Die beiden Tage in Nowosibirsk lassen sich mit einem Wort zusammenfassen: Grau<br \/>\n<a href=\"aufenthalt-nowosibirsk\/\">Zum neuten &amp; zehnten Reisetag<\/a>\n<\/div>\n<div class=\"teaser\">\n<h3><a href=\"nowosibirsk-irkutsk\/\">Von Nowosibirsk nach Irkutsk<\/a><\/h3>\n<p>Am elften Tag der Transsib-Reise ging es endlich nach Irkutsk am Baikalsee.<br \/>\n<a href=\"nowosibirsk-irkutsk\/\">Zum elften &amp; zw\u00f6lften Reisetag<\/a>\n<\/div>\n<div class=\"teaser\">\n<h3><a href=\"irkutsk-listwjanka\/\">Von Irkutsk nach Listwjanka<\/a><\/h3>\n<p>Nach zwei Wochen Reise mit der Transsibirischen Eisenbahn erblickten wir den Baikalsee.<br \/>\n<a href=\"irkutsk-listwjanka\/\">Zum 13. &amp; 14. Reisetag<\/a>\n<\/div>\n<div class=\"teaser\">\n<h3><a href=\"entspannung-listwjanka\/\">Entspannung in Listwjanka<\/a><\/h3>\n<p>In Listwjanka verweilten wir einige Tage um zu Entspannen und das Erlebte zu verarbeiten.<br \/>\n<a href=\"entspannung-listwjanka\/\">Zum 15. &amp; 16. Reisetag<\/a>\n<\/div>\n<div class=\"teaser\">\n<h3><a href=\"aktiv-listwjanka\/\">Aktiv in Listwjanka<\/a><\/h3>\n<p>Die beiden anderen Tage in Listwjanka waren wir diversen Wanderungen ziemlich aktiv.<br \/>\n<a href=\"aktiv-listwjanka\/\">Zum 17. &amp; 18. Reisetag<\/a>\n<\/div>\n<div style=\"float:left;height:180px\">&nbsp;<\/div>\n","protected":false},"excerpt":{"rendered":"<p>Meine Reise mit der Transsibirischen Eisenbahn Als ich 2009 mit der Transsibirischen Eisenbahn gefahren bin, habe ich mir gleich ein Moskau ein kleines Reise-Tagebuch gekauft und versucht jeden Abend die Erlebnisse festzuhalten. Auf diesen Seiten werde ich das Tagebuch nach und nach digitalisieren, damit auch ihr an meiner Reise teilhaben k\u00f6nnt. Direkte Tipps zur Transsibirischen &#038;hellip <a class=\"read-excerpt\" href=\"https:\/\/reisetier.de\/transsib\/transsibirische-eisenbahn-tagebuch\/\">Continue reading <span class=\"meta-nav\">&raquo;<\/span><\/a><\/p>\n","protected":false},"author":1,"featured_media":0,"parent":0,"menu_order":52,"comment_status":"open","ping_status":"closed","template":"","meta":{"footnotes":""},"class_list":["post-789","page","type-page","status-publish","hentry"],"yoast_head":"<!-- This site is optimized with the Yoast SEO plugin v27.3 - https:\/\/yoast.com\/product\/yoast-seo-wordpress\/ -->\n<title>Meine Fahrt mit der Transsibirischen Eisenbahn<\/title>\n<meta name=\"description\" content=\"Hier berichte ich \u00fcber meine Fahrt mit der Transsibirischen Eisenbahn von Moskau bis Peking. Lass dich von meinem Reisefieber und meinen Erlebnissen anstecken!\" \/>\n<meta name=\"robots\" content=\"index, follow, max-snippet:-1, max-image-preview:large, max-video-preview:-1\" \/>\n<link rel=\"canonical\" href=\"https:\/\/reisetier.de\/transsib\/transsibirische-eisenbahn-tagebuch\/\" \/>\n<meta property=\"og:locale\" content=\"de_DE\" \/>\n<meta property=\"og:type\" content=\"article\" \/>\n<meta property=\"og:title\" content=\"Meine Fahrt mit der Transsibirischen Eisenbahn\" \/>\n<meta property=\"og:description\" content=\"Hier berichte ich \u00fcber meine Fahrt mit der Transsibirischen Eisenbahn von Moskau bis Peking. Lass dich von meinem Reisefieber und meinen Erlebnissen anstecken!\" \/>\n<meta property=\"og:url\" content=\"https:\/\/reisetier.de\/transsib\/transsibirische-eisenbahn-tagebuch\/\" \/>\n<meta property=\"og:site_name\" content=\"Die Transsibirische Eisenbahn\" \/>\n<meta property=\"og:image\" content=\"https:\/\/ssl-vg03.met.vgwort.de\/na\/df7e55d58e694e7fbf4ce378544fcab1\" \/>\n<meta name=\"twitter:card\" content=\"summary_large_image\" \/>\n<meta name=\"twitter:label1\" content=\"Gesch\u00e4tzte Lesezeit\" \/>\n\t<meta name=\"twitter:data1\" content=\"3\u00a0Minuten\" \/>\n<script type=\"application\/ld+json\" class=\"yoast-schema-graph\">{\"@context\":\"https:\\\/\\\/schema.org\",\"@graph\":[{\"@type\":\"WebPage\",\"@id\":\"https:\\\/\\\/reisetier.de\\\/transsib\\\/transsibirische-eisenbahn-tagebuch\\\/\",\"url\":\"https:\\\/\\\/reisetier.de\\\/transsib\\\/transsibirische-eisenbahn-tagebuch\\\/\",\"name\":\"Meine Fahrt mit der Transsibirischen Eisenbahn\",\"isPartOf\":{\"@id\":\"https:\\\/\\\/reisetier.de\\\/transsib\\\/#website\"},\"primaryImageOfPage\":{\"@id\":\"https:\\\/\\\/reisetier.de\\\/transsib\\\/transsibirische-eisenbahn-tagebuch\\\/#primaryimage\"},\"image\":{\"@id\":\"https:\\\/\\\/reisetier.de\\\/transsib\\\/transsibirische-eisenbahn-tagebuch\\\/#primaryimage\"},\"thumbnailUrl\":\"https:\\\/\\\/ssl-vg03.met.vgwort.de\\\/na\\\/df7e55d58e694e7fbf4ce378544fcab1\",\"datePublished\":\"2011-04-21T19:47:57+00:00\",\"description\":\"Hier berichte ich \u00fcber meine Fahrt mit der Transsibirischen Eisenbahn von Moskau bis Peking. Lass dich von meinem Reisefieber und meinen Erlebnissen anstecken!\",\"breadcrumb\":{\"@id\":\"https:\\\/\\\/reisetier.de\\\/transsib\\\/transsibirische-eisenbahn-tagebuch\\\/#breadcrumb\"},\"inLanguage\":\"de\",\"potentialAction\":[{\"@type\":\"ReadAction\",\"target\":[\"https:\\\/\\\/reisetier.de\\\/transsib\\\/transsibirische-eisenbahn-tagebuch\\\/\"]}]},{\"@type\":\"ImageObject\",\"inLanguage\":\"de\",\"@id\":\"https:\\\/\\\/reisetier.de\\\/transsib\\\/transsibirische-eisenbahn-tagebuch\\\/#primaryimage\",\"url\":\"https:\\\/\\\/ssl-vg03.met.vgwort.de\\\/na\\\/df7e55d58e694e7fbf4ce378544fcab1\",\"contentUrl\":\"https:\\\/\\\/ssl-vg03.met.vgwort.de\\\/na\\\/df7e55d58e694e7fbf4ce378544fcab1\"},{\"@type\":\"BreadcrumbList\",\"@id\":\"https:\\\/\\\/reisetier.de\\\/transsib\\\/transsibirische-eisenbahn-tagebuch\\\/#breadcrumb\",\"itemListElement\":[{\"@type\":\"ListItem\",\"position\":1,\"name\":\"Home\",\"item\":\"https:\\\/\\\/reisetier.de\\\/transsib\\\/\"},{\"@type\":\"ListItem\",\"position\":2,\"name\":\"Transsib Tagebuch\"}]},{\"@type\":\"WebSite\",\"@id\":\"https:\\\/\\\/reisetier.de\\\/transsib\\\/#website\",\"url\":\"https:\\\/\\\/reisetier.de\\\/transsib\\\/\",\"name\":\"Die Transsibirische Eisenbahn\",\"description\":\"Reisen durch Russland, die Mongolei und China\",\"potentialAction\":[{\"@type\":\"SearchAction\",\"target\":{\"@type\":\"EntryPoint\",\"urlTemplate\":\"https:\\\/\\\/reisetier.de\\\/transsib\\\/?s={search_term_string}\"},\"query-input\":{\"@type\":\"PropertyValueSpecification\",\"valueRequired\":true,\"valueName\":\"search_term_string\"}}],\"inLanguage\":\"de\"}]}<\/script>\n<!-- \/ Yoast SEO plugin. -->","yoast_head_json":{"title":"Meine Fahrt mit der Transsibirischen Eisenbahn","description":"Hier berichte ich \u00fcber meine Fahrt mit der Transsibirischen Eisenbahn von Moskau bis Peking. Lass dich von meinem Reisefieber und meinen Erlebnissen anstecken!","robots":{"index":"index","follow":"follow","max-snippet":"max-snippet:-1","max-image-preview":"max-image-preview:large","max-video-preview":"max-video-preview:-1"},"canonical":"https:\/\/reisetier.de\/transsib\/transsibirische-eisenbahn-tagebuch\/","og_locale":"de_DE","og_type":"article","og_title":"Meine Fahrt mit der Transsibirischen Eisenbahn","og_description":"Hier berichte ich \u00fcber meine Fahrt mit der Transsibirischen Eisenbahn von Moskau bis Peking. Lass dich von meinem Reisefieber und meinen Erlebnissen anstecken!","og_url":"https:\/\/reisetier.de\/transsib\/transsibirische-eisenbahn-tagebuch\/","og_site_name":"Die Transsibirische Eisenbahn","og_image":[{"url":"https:\/\/ssl-vg03.met.vgwort.de\/na\/df7e55d58e694e7fbf4ce378544fcab1","type":"","width":"","height":""}],"twitter_card":"summary_large_image","twitter_misc":{"Gesch\u00e4tzte Lesezeit":"3\u00a0Minuten"},"schema":{"@context":"https:\/\/schema.org","@graph":[{"@type":"WebPage","@id":"https:\/\/reisetier.de\/transsib\/transsibirische-eisenbahn-tagebuch\/","url":"https:\/\/reisetier.de\/transsib\/transsibirische-eisenbahn-tagebuch\/","name":"Meine Fahrt mit der Transsibirischen Eisenbahn","isPartOf":{"@id":"https:\/\/reisetier.de\/transsib\/#website"},"primaryImageOfPage":{"@id":"https:\/\/reisetier.de\/transsib\/transsibirische-eisenbahn-tagebuch\/#primaryimage"},"image":{"@id":"https:\/\/reisetier.de\/transsib\/transsibirische-eisenbahn-tagebuch\/#primaryimage"},"thumbnailUrl":"https:\/\/ssl-vg03.met.vgwort.de\/na\/df7e55d58e694e7fbf4ce378544fcab1","datePublished":"2011-04-21T19:47:57+00:00","description":"Hier berichte ich \u00fcber meine Fahrt mit der Transsibirischen Eisenbahn von Moskau bis Peking. Lass dich von meinem Reisefieber und meinen Erlebnissen anstecken!","breadcrumb":{"@id":"https:\/\/reisetier.de\/transsib\/transsibirische-eisenbahn-tagebuch\/#breadcrumb"},"inLanguage":"de","potentialAction":[{"@type":"ReadAction","target":["https:\/\/reisetier.de\/transsib\/transsibirische-eisenbahn-tagebuch\/"]}]},{"@type":"ImageObject","inLanguage":"de","@id":"https:\/\/reisetier.de\/transsib\/transsibirische-eisenbahn-tagebuch\/#primaryimage","url":"https:\/\/ssl-vg03.met.vgwort.de\/na\/df7e55d58e694e7fbf4ce378544fcab1","contentUrl":"https:\/\/ssl-vg03.met.vgwort.de\/na\/df7e55d58e694e7fbf4ce378544fcab1"},{"@type":"BreadcrumbList","@id":"https:\/\/reisetier.de\/transsib\/transsibirische-eisenbahn-tagebuch\/#breadcrumb","itemListElement":[{"@type":"ListItem","position":1,"name":"Home","item":"https:\/\/reisetier.de\/transsib\/"},{"@type":"ListItem","position":2,"name":"Transsib Tagebuch"}]},{"@type":"WebSite","@id":"https:\/\/reisetier.de\/transsib\/#website","url":"https:\/\/reisetier.de\/transsib\/","name":"Die Transsibirische Eisenbahn","description":"Reisen durch Russland, die Mongolei und China","potentialAction":[{"@type":"SearchAction","target":{"@type":"EntryPoint","urlTemplate":"https:\/\/reisetier.de\/transsib\/?s={search_term_string}"},"query-input":{"@type":"PropertyValueSpecification","valueRequired":true,"valueName":"search_term_string"}}],"inLanguage":"de"}]}},"_links":{"self":[{"href":"https:\/\/reisetier.de\/transsib\/wp-json\/wp\/v2\/pages\/789","targetHints":{"allow":["GET"]}}],"collection":[{"href":"https:\/\/reisetier.de\/transsib\/wp-json\/wp\/v2\/pages"}],"about":[{"href":"https:\/\/reisetier.de\/transsib\/wp-json\/wp\/v2\/types\/page"}],"author":[{"embeddable":true,"href":"https:\/\/reisetier.de\/transsib\/wp-json\/wp\/v2\/users\/1"}],"replies":[{"embeddable":true,"href":"https:\/\/reisetier.de\/transsib\/wp-json\/wp\/v2\/comments?post=789"}],"version-history":[{"count":0,"href":"https:\/\/reisetier.de\/transsib\/wp-json\/wp\/v2\/pages\/789\/revisions"}],"wp:attachment":[{"href":"https:\/\/reisetier.de\/transsib\/wp-json\/wp\/v2\/media?parent=789"}],"curies":[{"name":"wp","href":"https:\/\/api.w.org\/{rel}","templated":true}]}}