{"id":77,"date":"2011-03-15T18:13:17","date_gmt":"2011-03-15T18:13:17","guid":{"rendered":"http:\/\/transsib.j-breuer.de\/?page_id=77"},"modified":"2022-09-26T08:15:12","modified_gmt":"2022-09-26T06:15:12","slug":"buchung","status":"publish","type":"page","link":"https:\/\/reisetier.de\/transsib\/preise-transsib-tickets\/buchung\/","title":{"rendered":"Ticket Buchung"},"content":{"rendered":"<h2>Wo buche ich meine Tickets f\u00fcr die Transsibirische Eisenbahn?<\/h2>\n<p>Im Prinzip gibt es zwei M\u00f6glichkeiten, sein Transsib-Ticket zu bekommen. Entweder man bucht alle Tickets bereits vorab in Deutschland \u00fcber das Internet und l\u00e4sst sich die Tickets zuschicken. Alternativ kann man nach Moskau fliegen und die Tickets vor Ort am Schalter kaufen.<\/p>\n<h3>Online-Buchung vs Vor-Ort-Kauf<\/h3>\n<p>Beide M\u00f6glichkeiten haben ihre Vor- und Nachteile. Bei einer Online-Buchung hat man die Sicherheit, dass man alle Tickets in der Tasche hat und sich vor Ort nicht mehr darum k\u00fcmmern muss. Man hat seine feste Reservierung und muss nicht bangen, dass es keine Fahrkarten mehr gibt. Diese Sicherheit kostet aber einen gewissen Aufpreis.<\/p>\n<p>Zieht man mit nichts als einem Flugticket nach Moskau los und kauft seine Fahrtkarten f\u00fcr die Transsibirische Eisenbahn direkt in Russland, kommt man nat\u00fcrlich billiger weg. Allerdings k\u00f6nnen die Angestellen an den Schaltern in der Regel kein Deutsch oder Englisch. Es ist schwierig, seine Tickets ohne Russisch-Kenntnisse zu bestellen, aber nicht unm\u00f6glich. Zudem muss man damit rechnen, dass Z\u00fcge ausgebucht sein k\u00f6nnen und man ein paar Tage warten muss, bis man weiter fahren kann. Wer genaue Planung und Sicherheit braucht, f\u00fcr den ist das nichts. Wer das pure Transsib-Abenteuer sucht, ist hier richtig.<\/p>\n<h3>Online-Buchung bei Real Russia<\/h3>\n<p>Ein sehr guter Anbieter f\u00fcr die Online-Buchung ist <a target=\"_blank\" rel=\"nofollow noopener\" href=\"https:\/\/realrussia.co.uk\/transsib\/?refp=84\">RealRussia<\/a>. Es ist auch die einzige mir bekannte Seite, wo man Tickets f\u00fcr die 3. Klasse der Transsibirischen Eisenbahn online kaufen kann. Auch wenn man seine Tickets vor Ort kaufen will, lohnt es sich mit der Buchungsmaschine mal die M\u00f6glichkeiten und ungef\u00e4hren Kosten zu \u00fcberpr\u00fcfen. Mit dem Tour-Planer kann man genau angeben, wann man fahren will und wo man wie lange bleiben m\u00f6chte. So kann man seine Reise in Ruhe planen und die verschiedenen M\u00f6glichkeiten durch spielen. Es lohnt sich, ein wenig hin und her zu schieben. Nicht immer sind die Strecken gleich teuer, je nach Typ des Zugs kann sich der Preis unterscheiden. Ingesamt liegen die Preise nach den Vergleichen mit meinen am Schalter gekauften Tickets minimal dar\u00fcber. Niemand der Leute, die \u00fcber RealRussia gebucht haben, haben mir von Problemen berichtet.<\/p>\n<h3>Was ist bei der Buchung zu beachten?<\/h3>\n<p>Wenn ihr konstant mit der gleichen Klasse fahrt, achtet darauf, dass alle Z\u00fcge das gr\u00fcne &#8222;International Rate&#8220; Logo haben. Dann sind die Gesamtkosten nochmal etwa 100\u20ac geringer. Die Tickets werden von England aus verschickt. Der Versand kostet je nach Wechselkurs etwa 23\u20ac. Es ist auch m\u00f6glich, sich die Tickets f\u00fcr ca 11\u20ac zu seinem Hostel in Moskau schicken zu lassen. Ich pers\u00f6nlich w\u00fcrde lieber die paar Euro mehr investieren, und habe daf\u00fcr die Tickets sicher in meinen H\u00e4nden. Aber das ist nat\u00fcrlich jedem selbst \u00fcberlassen. Wer will, kann sich auch die Versandkosten ganz sparen und die Tickets im Moskauer B\u00fcro der Agentur abholen.<\/p>\n<p>Bei manchen Verbindungen steht beim Preis &#8222;TBC&#8220;. Diese Abk\u00fcrzung steht f\u00fcr &#8222;To Be Confirmed&#8220; und bedeutet, dass der Preis einzeln ermittelt werden muss. Ihr bekommt dann per E-Mail ein verbindliches Angebot und k\u00f6nnt entscheiden, ob ihr dieses annehmt oder nicht. Diese Verbindungen sind aber nicht prinzipiell teurer oder g\u00fcnstiger als normale Verbindungen.<\/p>\n<p>F\u00fcr die Bezahlung braucht ihr einen Paypal-Account oder eine Kredikarte. Das ist aber kein Problem, da ihr euch f\u00fcr die Reise sowieso eine <a href=\"\/transsib\/reise-organisation\/bargeld\/\" target=\"_blank\" rel=\"noopener\">kostenlose Kreditkarte<\/a> zulegen solltet. Beachtet, dass die letztendliche Zahlung in Britischen Pfund statt findet. Dadurch fallen je nach Bank etwa 1,6% Fremdw\u00e4hrungsgeb\u00fchr bei eurer Kreditkarte an.<\/p>\n<p>Geht einfach zu <a target=\"_blank\" rel=\"nofollow noopener\" href=\"https:\/\/realrussia.co.uk\/transsib\/?refp=84\">RealRussia<\/a> und gebt eure Strecke und Zwischenstopps an. <img loading=\"lazy\" decoding=\"async\" src=\"https:\/\/ssl-vg03.met.vgwort.de\/na\/590aa53bdb1f47f4acdb326cad069418\" width=\"1\" height=\"1\" alt=\"\"><\/p>\n","protected":false},"excerpt":{"rendered":"<p>Wo buche ich meine Tickets f\u00fcr die Transsibirische Eisenbahn? Im Prinzip gibt es zwei M\u00f6glichkeiten, sein Transsib-Ticket zu bekommen. Entweder man bucht alle Tickets bereits vorab in Deutschland \u00fcber das Internet und l\u00e4sst sich die Tickets zuschicken. Alternativ kann man nach Moskau fliegen und die Tickets vor Ort am Schalter kaufen. Online-Buchung vs Vor-Ort-Kauf Beide &#038;hellip <a class=\"read-excerpt\" href=\"https:\/\/reisetier.de\/transsib\/preise-transsib-tickets\/buchung\/\">Continue reading <span class=\"meta-nav\">&raquo;<\/span><\/a><\/p>\n","protected":false},"author":1,"featured_media":0,"parent":67,"menu_order":5,"comment_status":"open","ping_status":"open","template":"","meta":{"footnotes":""},"class_list":["post-77","page","type-page","status-publish","hentry"],"yoast_head":"<!-- This site is optimized with the Yoast SEO plugin v27.4 - https:\/\/yoast.com\/product\/yoast-seo-wordpress\/ -->\n<title>Transsibirische Eisenbahn Ticket Buchung<\/title>\n<meta name=\"description\" content=\"Welche M\u00f6glichkeiten gibt es, die Tickets f\u00fcr die Transsibirische Eisenbahn zu buchen? Hier gibt es einen Vergleich der M\u00f6glichkeiten.\" \/>\n<meta name=\"robots\" content=\"index, follow, max-snippet:-1, max-image-preview:large, max-video-preview:-1\" \/>\n<link rel=\"canonical\" href=\"https:\/\/reisetier.de\/transsib\/preise-transsib-tickets\/buchung\/\" \/>\n<meta property=\"og:locale\" content=\"de_DE\" \/>\n<meta property=\"og:type\" content=\"article\" \/>\n<meta property=\"og:title\" content=\"Transsibirische Eisenbahn Ticket Buchung\" \/>\n<meta property=\"og:description\" content=\"Welche M\u00f6glichkeiten gibt es, die Tickets f\u00fcr die Transsibirische Eisenbahn zu buchen? Hier gibt es einen Vergleich der M\u00f6glichkeiten.\" \/>\n<meta property=\"og:url\" content=\"https:\/\/reisetier.de\/transsib\/preise-transsib-tickets\/buchung\/\" \/>\n<meta property=\"og:site_name\" content=\"Die Transsibirische Eisenbahn\" \/>\n<meta property=\"article:modified_time\" content=\"2022-09-26T06:15:12+00:00\" \/>\n<meta property=\"og:image\" content=\"https:\/\/ssl-vg03.met.vgwort.de\/na\/590aa53bdb1f47f4acdb326cad069418\" \/>\n<meta name=\"twitter:card\" content=\"summary_large_image\" \/>\n<meta name=\"twitter:label1\" content=\"Gesch\u00e4tzte Lesezeit\" \/>\n\t<meta name=\"twitter:data1\" content=\"3\u00a0Minuten\" \/>\n<script type=\"application\/ld+json\" class=\"yoast-schema-graph\">{\"@context\":\"https:\\\/\\\/schema.org\",\"@graph\":[{\"@type\":\"WebPage\",\"@id\":\"https:\\\/\\\/reisetier.de\\\/transsib\\\/preise-transsib-tickets\\\/buchung\\\/\",\"url\":\"https:\\\/\\\/reisetier.de\\\/transsib\\\/preise-transsib-tickets\\\/buchung\\\/\",\"name\":\"Transsibirische Eisenbahn Ticket Buchung\",\"isPartOf\":{\"@id\":\"https:\\\/\\\/reisetier.de\\\/transsib\\\/#website\"},\"primaryImageOfPage\":{\"@id\":\"https:\\\/\\\/reisetier.de\\\/transsib\\\/preise-transsib-tickets\\\/buchung\\\/#primaryimage\"},\"image\":{\"@id\":\"https:\\\/\\\/reisetier.de\\\/transsib\\\/preise-transsib-tickets\\\/buchung\\\/#primaryimage\"},\"thumbnailUrl\":\"https:\\\/\\\/ssl-vg03.met.vgwort.de\\\/na\\\/590aa53bdb1f47f4acdb326cad069418\",\"datePublished\":\"2011-03-15T18:13:17+00:00\",\"dateModified\":\"2022-09-26T06:15:12+00:00\",\"description\":\"Welche M\u00f6glichkeiten gibt es, die Tickets f\u00fcr die Transsibirische Eisenbahn zu buchen? Hier gibt es einen Vergleich der M\u00f6glichkeiten.\",\"breadcrumb\":{\"@id\":\"https:\\\/\\\/reisetier.de\\\/transsib\\\/preise-transsib-tickets\\\/buchung\\\/#breadcrumb\"},\"inLanguage\":\"de\",\"potentialAction\":[{\"@type\":\"ReadAction\",\"target\":[\"https:\\\/\\\/reisetier.de\\\/transsib\\\/preise-transsib-tickets\\\/buchung\\\/\"]}]},{\"@type\":\"ImageObject\",\"inLanguage\":\"de\",\"@id\":\"https:\\\/\\\/reisetier.de\\\/transsib\\\/preise-transsib-tickets\\\/buchung\\\/#primaryimage\",\"url\":\"https:\\\/\\\/ssl-vg03.met.vgwort.de\\\/na\\\/590aa53bdb1f47f4acdb326cad069418\",\"contentUrl\":\"https:\\\/\\\/ssl-vg03.met.vgwort.de\\\/na\\\/590aa53bdb1f47f4acdb326cad069418\"},{\"@type\":\"BreadcrumbList\",\"@id\":\"https:\\\/\\\/reisetier.de\\\/transsib\\\/preise-transsib-tickets\\\/buchung\\\/#breadcrumb\",\"itemListElement\":[{\"@type\":\"ListItem\",\"position\":1,\"name\":\"Home\",\"item\":\"https:\\\/\\\/reisetier.de\\\/transsib\\\/\"},{\"@type\":\"ListItem\",\"position\":2,\"name\":\"Preise &amp; Transsib-Tickets\",\"item\":\"https:\\\/\\\/reisetier.de\\\/transsib\\\/preise-transsib-tickets\\\/\"},{\"@type\":\"ListItem\",\"position\":3,\"name\":\"Ticket Buchung\"}]},{\"@type\":\"WebSite\",\"@id\":\"https:\\\/\\\/reisetier.de\\\/transsib\\\/#website\",\"url\":\"https:\\\/\\\/reisetier.de\\\/transsib\\\/\",\"name\":\"Die Transsibirische Eisenbahn\",\"description\":\"Reisen durch Russland, die Mongolei und China\",\"potentialAction\":[{\"@type\":\"SearchAction\",\"target\":{\"@type\":\"EntryPoint\",\"urlTemplate\":\"https:\\\/\\\/reisetier.de\\\/transsib\\\/?s={search_term_string}\"},\"query-input\":{\"@type\":\"PropertyValueSpecification\",\"valueRequired\":true,\"valueName\":\"search_term_string\"}}],\"inLanguage\":\"de\"}]}<\/script>\n<!-- \/ Yoast SEO plugin. -->","yoast_head_json":{"title":"Transsibirische Eisenbahn Ticket Buchung","description":"Welche M\u00f6glichkeiten gibt es, die Tickets f\u00fcr die Transsibirische Eisenbahn zu buchen? Hier gibt es einen Vergleich der M\u00f6glichkeiten.","robots":{"index":"index","follow":"follow","max-snippet":"max-snippet:-1","max-image-preview":"max-image-preview:large","max-video-preview":"max-video-preview:-1"},"canonical":"https:\/\/reisetier.de\/transsib\/preise-transsib-tickets\/buchung\/","og_locale":"de_DE","og_type":"article","og_title":"Transsibirische Eisenbahn Ticket Buchung","og_description":"Welche M\u00f6glichkeiten gibt es, die Tickets f\u00fcr die Transsibirische Eisenbahn zu buchen? Hier gibt es einen Vergleich der M\u00f6glichkeiten.","og_url":"https:\/\/reisetier.de\/transsib\/preise-transsib-tickets\/buchung\/","og_site_name":"Die Transsibirische Eisenbahn","article_modified_time":"2022-09-26T06:15:12+00:00","og_image":[{"url":"https:\/\/ssl-vg03.met.vgwort.de\/na\/590aa53bdb1f47f4acdb326cad069418","type":"","width":"","height":""}],"twitter_card":"summary_large_image","twitter_misc":{"Gesch\u00e4tzte Lesezeit":"3\u00a0Minuten"},"schema":{"@context":"https:\/\/schema.org","@graph":[{"@type":"WebPage","@id":"https:\/\/reisetier.de\/transsib\/preise-transsib-tickets\/buchung\/","url":"https:\/\/reisetier.de\/transsib\/preise-transsib-tickets\/buchung\/","name":"Transsibirische Eisenbahn Ticket Buchung","isPartOf":{"@id":"https:\/\/reisetier.de\/transsib\/#website"},"primaryImageOfPage":{"@id":"https:\/\/reisetier.de\/transsib\/preise-transsib-tickets\/buchung\/#primaryimage"},"image":{"@id":"https:\/\/reisetier.de\/transsib\/preise-transsib-tickets\/buchung\/#primaryimage"},"thumbnailUrl":"https:\/\/ssl-vg03.met.vgwort.de\/na\/590aa53bdb1f47f4acdb326cad069418","datePublished":"2011-03-15T18:13:17+00:00","dateModified":"2022-09-26T06:15:12+00:00","description":"Welche M\u00f6glichkeiten gibt es, die Tickets f\u00fcr die Transsibirische Eisenbahn zu buchen? Hier gibt es einen Vergleich der M\u00f6glichkeiten.","breadcrumb":{"@id":"https:\/\/reisetier.de\/transsib\/preise-transsib-tickets\/buchung\/#breadcrumb"},"inLanguage":"de","potentialAction":[{"@type":"ReadAction","target":["https:\/\/reisetier.de\/transsib\/preise-transsib-tickets\/buchung\/"]}]},{"@type":"ImageObject","inLanguage":"de","@id":"https:\/\/reisetier.de\/transsib\/preise-transsib-tickets\/buchung\/#primaryimage","url":"https:\/\/ssl-vg03.met.vgwort.de\/na\/590aa53bdb1f47f4acdb326cad069418","contentUrl":"https:\/\/ssl-vg03.met.vgwort.de\/na\/590aa53bdb1f47f4acdb326cad069418"},{"@type":"BreadcrumbList","@id":"https:\/\/reisetier.de\/transsib\/preise-transsib-tickets\/buchung\/#breadcrumb","itemListElement":[{"@type":"ListItem","position":1,"name":"Home","item":"https:\/\/reisetier.de\/transsib\/"},{"@type":"ListItem","position":2,"name":"Preise &amp; Transsib-Tickets","item":"https:\/\/reisetier.de\/transsib\/preise-transsib-tickets\/"},{"@type":"ListItem","position":3,"name":"Ticket Buchung"}]},{"@type":"WebSite","@id":"https:\/\/reisetier.de\/transsib\/#website","url":"https:\/\/reisetier.de\/transsib\/","name":"Die Transsibirische Eisenbahn","description":"Reisen durch Russland, die Mongolei und China","potentialAction":[{"@type":"SearchAction","target":{"@type":"EntryPoint","urlTemplate":"https:\/\/reisetier.de\/transsib\/?s={search_term_string}"},"query-input":{"@type":"PropertyValueSpecification","valueRequired":true,"valueName":"search_term_string"}}],"inLanguage":"de"}]}},"_links":{"self":[{"href":"https:\/\/reisetier.de\/transsib\/wp-json\/wp\/v2\/pages\/77","targetHints":{"allow":["GET"]}}],"collection":[{"href":"https:\/\/reisetier.de\/transsib\/wp-json\/wp\/v2\/pages"}],"about":[{"href":"https:\/\/reisetier.de\/transsib\/wp-json\/wp\/v2\/types\/page"}],"author":[{"embeddable":true,"href":"https:\/\/reisetier.de\/transsib\/wp-json\/wp\/v2\/users\/1"}],"replies":[{"embeddable":true,"href":"https:\/\/reisetier.de\/transsib\/wp-json\/wp\/v2\/comments?post=77"}],"version-history":[{"count":5,"href":"https:\/\/reisetier.de\/transsib\/wp-json\/wp\/v2\/pages\/77\/revisions"}],"predecessor-version":[{"id":2543,"href":"https:\/\/reisetier.de\/transsib\/wp-json\/wp\/v2\/pages\/77\/revisions\/2543"}],"up":[{"embeddable":true,"href":"https:\/\/reisetier.de\/transsib\/wp-json\/wp\/v2\/pages\/67"}],"wp:attachment":[{"href":"https:\/\/reisetier.de\/transsib\/wp-json\/wp\/v2\/media?parent=77"}],"curies":[{"name":"wp","href":"https:\/\/api.w.org\/{rel}","templated":true}]}}