{"id":67,"date":"2011-03-15T17:49:06","date_gmt":"2011-03-15T17:49:06","guid":{"rendered":"http:\/\/transsib.j-breuer.de\/?page_id=67"},"modified":"2011-03-15T17:49:06","modified_gmt":"2011-03-15T17:49:06","slug":"preise-transsib-tickets","status":"publish","type":"page","link":"https:\/\/reisetier.de\/transsib\/preise-transsib-tickets\/","title":{"rendered":"Preise &amp; Transsib-Tickets"},"content":{"rendered":"<h2>Was kostet die Fahrt mit der Transsibirische Eisenbahn und wo gibt es welche Tickets?<\/h2>\n<p>Es ist gar nicht so einfach ein Ticket f\u00fcr die Transsibirische Eisenbahn zu buchen. Bei diversen deutschen Reiseanbietern findet man zwar Preise, aber die Streckenwahl ist meist recht unflexibel und es wird auch ausdr\u00fccklich nicht f\u00fcr die Preise garantiert. Daher m\u00f6chte ich in dieser Kategorie das Thema ein wenig entmystifizieren und \u00fcber die verschiedenen Kosten und Buchungsm\u00f6glichkeiten bei einer Reise mit der Transsibirischen Eisenbahn aufkl\u00e4ren.<\/p>\n<div class=\"teaser\">\n<h3><a href=\"gesamtkosten\/\">Transsibirische Eisenbahn Preise<\/a><\/h3>\n<p>Was kostet die gesamte Reise? Welches Budget muss ich insgesamt einplanen?<br \/>\n<a href=\"gesamtkosten\/\">Zu den Transsib Preisen<\/a>\n<\/div>\n<div class=\"teaser\">\n<h3><a href=\"tickets\/\">Tickets<\/a><\/h3>\n<p>Was gibt es f\u00fcr Tickets? Wie sind diese aufgebaut?<br \/>\n<a href=\"tickets\/\">Zu den Tickets<\/a>\n<\/div>\n<div class=\"teaser\">\n<h3><a href=\"buchung\/\">Buchung<\/a><\/h3>\n<p>Welche M\u00f6glichkeiten zur Ticket-Buchung gibt es und wie unterschieden sich diese?<br \/>\n<a href=\"buchung\/\">Zur Buchung<\/a>\n<\/div>\n<div style=\"clear:both\">&nbsp;<\/div>\n","protected":false},"excerpt":{"rendered":"<p>Was kostet die Fahrt mit der Transsibirische Eisenbahn und wo gibt es welche Tickets? Es ist gar nicht so einfach ein Ticket f\u00fcr die Transsibirische Eisenbahn zu buchen. Bei diversen deutschen Reiseanbietern findet man zwar Preise, aber die Streckenwahl ist meist recht unflexibel und es wird auch ausdr\u00fccklich nicht f\u00fcr die Preise garantiert. Daher m\u00f6chte &#038;hellip <a class=\"read-excerpt\" href=\"https:\/\/reisetier.de\/transsib\/preise-transsib-tickets\/\">Continue reading <span class=\"meta-nav\">&raquo;<\/span><\/a><\/p>\n","protected":false},"author":1,"featured_media":0,"parent":0,"menu_order":3,"comment_status":"open","ping_status":"open","template":"","meta":{"footnotes":""},"class_list":["post-67","page","type-page","status-publish","hentry"],"yoast_head":"<!-- This site is optimized with the Yoast SEO plugin v27.5 - https:\/\/yoast.com\/product\/yoast-seo-wordpress\/ -->\n<title>Transsibirische Eisenbahn Preise und Tickets<\/title>\n<meta name=\"description\" content=\"Wie sind die Preise f\u00fcr die Transsibirische Eisenbahn? Wie kann man die Tickets buchen? Hier gibt es einen Vergleich \u00fcber die M\u00f6glichkeiten und Infos zu den Tickets.\" \/>\n<meta name=\"robots\" content=\"index, follow, max-snippet:-1, max-image-preview:large, max-video-preview:-1\" \/>\n<link rel=\"canonical\" href=\"https:\/\/reisetier.de\/transsib\/preise-transsib-tickets\/\" \/>\n<meta property=\"og:locale\" content=\"de_DE\" \/>\n<meta property=\"og:type\" content=\"article\" \/>\n<meta property=\"og:title\" content=\"Transsibirische Eisenbahn Preise und Tickets\" \/>\n<meta property=\"og:description\" content=\"Wie sind die Preise f\u00fcr die Transsibirische Eisenbahn? Wie kann man die Tickets buchen? Hier gibt es einen Vergleich \u00fcber die M\u00f6glichkeiten und Infos zu den Tickets.\" \/>\n<meta property=\"og:url\" content=\"https:\/\/reisetier.de\/transsib\/preise-transsib-tickets\/\" \/>\n<meta property=\"og:site_name\" content=\"Die Transsibirische Eisenbahn\" \/>\n<meta name=\"twitter:card\" content=\"summary_large_image\" \/>\n<meta name=\"twitter:label1\" content=\"Gesch\u00e4tzte Lesezeit\" \/>\n\t<meta name=\"twitter:data1\" content=\"1\u00a0Minute\" \/>\n<script type=\"application\/ld+json\" class=\"yoast-schema-graph\">{\"@context\":\"https:\\\/\\\/schema.org\",\"@graph\":[{\"@type\":\"WebPage\",\"@id\":\"https:\\\/\\\/reisetier.de\\\/transsib\\\/preise-transsib-tickets\\\/\",\"url\":\"https:\\\/\\\/reisetier.de\\\/transsib\\\/preise-transsib-tickets\\\/\",\"name\":\"Transsibirische Eisenbahn Preise und Tickets\",\"isPartOf\":{\"@id\":\"https:\\\/\\\/reisetier.de\\\/transsib\\\/#website\"},\"datePublished\":\"2011-03-15T17:49:06+00:00\",\"description\":\"Wie sind die Preise f\u00fcr die Transsibirische Eisenbahn? Wie kann man die Tickets buchen? Hier gibt es einen Vergleich \u00fcber die M\u00f6glichkeiten und Infos zu den Tickets.\",\"breadcrumb\":{\"@id\":\"https:\\\/\\\/reisetier.de\\\/transsib\\\/preise-transsib-tickets\\\/#breadcrumb\"},\"inLanguage\":\"de\",\"potentialAction\":[{\"@type\":\"ReadAction\",\"target\":[\"https:\\\/\\\/reisetier.de\\\/transsib\\\/preise-transsib-tickets\\\/\"]}]},{\"@type\":\"BreadcrumbList\",\"@id\":\"https:\\\/\\\/reisetier.de\\\/transsib\\\/preise-transsib-tickets\\\/#breadcrumb\",\"itemListElement\":[{\"@type\":\"ListItem\",\"position\":1,\"name\":\"Home\",\"item\":\"https:\\\/\\\/reisetier.de\\\/transsib\\\/\"},{\"@type\":\"ListItem\",\"position\":2,\"name\":\"Preise &amp; Transsib-Tickets\"}]},{\"@type\":\"WebSite\",\"@id\":\"https:\\\/\\\/reisetier.de\\\/transsib\\\/#website\",\"url\":\"https:\\\/\\\/reisetier.de\\\/transsib\\\/\",\"name\":\"Die Transsibirische Eisenbahn\",\"description\":\"Reisen durch Russland, die Mongolei und China\",\"potentialAction\":[{\"@type\":\"SearchAction\",\"target\":{\"@type\":\"EntryPoint\",\"urlTemplate\":\"https:\\\/\\\/reisetier.de\\\/transsib\\\/?s={search_term_string}\"},\"query-input\":{\"@type\":\"PropertyValueSpecification\",\"valueRequired\":true,\"valueName\":\"search_term_string\"}}],\"inLanguage\":\"de\"}]}<\/script>\n<!-- \/ Yoast SEO plugin. -->","yoast_head_json":{"title":"Transsibirische Eisenbahn Preise und Tickets","description":"Wie sind die Preise f\u00fcr die Transsibirische Eisenbahn? Wie kann man die Tickets buchen? Hier gibt es einen Vergleich \u00fcber die M\u00f6glichkeiten und Infos zu den Tickets.","robots":{"index":"index","follow":"follow","max-snippet":"max-snippet:-1","max-image-preview":"max-image-preview:large","max-video-preview":"max-video-preview:-1"},"canonical":"https:\/\/reisetier.de\/transsib\/preise-transsib-tickets\/","og_locale":"de_DE","og_type":"article","og_title":"Transsibirische Eisenbahn Preise und Tickets","og_description":"Wie sind die Preise f\u00fcr die Transsibirische Eisenbahn? Wie kann man die Tickets buchen? Hier gibt es einen Vergleich \u00fcber die M\u00f6glichkeiten und Infos zu den Tickets.","og_url":"https:\/\/reisetier.de\/transsib\/preise-transsib-tickets\/","og_site_name":"Die Transsibirische Eisenbahn","twitter_card":"summary_large_image","twitter_misc":{"Gesch\u00e4tzte Lesezeit":"1\u00a0Minute"},"schema":{"@context":"https:\/\/schema.org","@graph":[{"@type":"WebPage","@id":"https:\/\/reisetier.de\/transsib\/preise-transsib-tickets\/","url":"https:\/\/reisetier.de\/transsib\/preise-transsib-tickets\/","name":"Transsibirische Eisenbahn Preise und Tickets","isPartOf":{"@id":"https:\/\/reisetier.de\/transsib\/#website"},"datePublished":"2011-03-15T17:49:06+00:00","description":"Wie sind die Preise f\u00fcr die Transsibirische Eisenbahn? Wie kann man die Tickets buchen? Hier gibt es einen Vergleich \u00fcber die M\u00f6glichkeiten und Infos zu den Tickets.","breadcrumb":{"@id":"https:\/\/reisetier.de\/transsib\/preise-transsib-tickets\/#breadcrumb"},"inLanguage":"de","potentialAction":[{"@type":"ReadAction","target":["https:\/\/reisetier.de\/transsib\/preise-transsib-tickets\/"]}]},{"@type":"BreadcrumbList","@id":"https:\/\/reisetier.de\/transsib\/preise-transsib-tickets\/#breadcrumb","itemListElement":[{"@type":"ListItem","position":1,"name":"Home","item":"https:\/\/reisetier.de\/transsib\/"},{"@type":"ListItem","position":2,"name":"Preise &amp; Transsib-Tickets"}]},{"@type":"WebSite","@id":"https:\/\/reisetier.de\/transsib\/#website","url":"https:\/\/reisetier.de\/transsib\/","name":"Die Transsibirische Eisenbahn","description":"Reisen durch Russland, die Mongolei und China","potentialAction":[{"@type":"SearchAction","target":{"@type":"EntryPoint","urlTemplate":"https:\/\/reisetier.de\/transsib\/?s={search_term_string}"},"query-input":{"@type":"PropertyValueSpecification","valueRequired":true,"valueName":"search_term_string"}}],"inLanguage":"de"}]}},"_links":{"self":[{"href":"https:\/\/reisetier.de\/transsib\/wp-json\/wp\/v2\/pages\/67","targetHints":{"allow":["GET"]}}],"collection":[{"href":"https:\/\/reisetier.de\/transsib\/wp-json\/wp\/v2\/pages"}],"about":[{"href":"https:\/\/reisetier.de\/transsib\/wp-json\/wp\/v2\/types\/page"}],"author":[{"embeddable":true,"href":"https:\/\/reisetier.de\/transsib\/wp-json\/wp\/v2\/users\/1"}],"replies":[{"embeddable":true,"href":"https:\/\/reisetier.de\/transsib\/wp-json\/wp\/v2\/comments?post=67"}],"version-history":[{"count":0,"href":"https:\/\/reisetier.de\/transsib\/wp-json\/wp\/v2\/pages\/67\/revisions"}],"wp:attachment":[{"href":"https:\/\/reisetier.de\/transsib\/wp-json\/wp\/v2\/media?parent=67"}],"curies":[{"name":"wp","href":"https:\/\/api.w.org\/{rel}","templated":true}]}}