{"id":406,"date":"2011-03-22T18:57:25","date_gmt":"2011-03-22T17:57:25","guid":{"rendered":"http:\/\/www.transsib-tipps.de\/?page_id=406"},"modified":"2011-03-22T18:57:25","modified_gmt":"2011-03-22T17:57:25","slug":"impressum","status":"publish","type":"page","link":"https:\/\/reisetier.de\/transsib\/impressum\/","title":{"rendered":"Impressum"},"content":{"rendered":"\n\t\t\t\t\t\t\t<p><strong>Angaben gem\u00e4\u00df \u00a7 5 TMG:<\/strong><br\n\t\t\t\t\t\t\t\/> BlueMatterNet LLC<br\n\t\t\t\t\t\t\t\/> 412 N Main St Suite 100<br\n\t\t\t\t\t\t\t\/> Buffalo, Wyoming 82834 USA<\/p>\n\t\t\t\t\t\t\t\n\t\t\t\t\t\t\t<p><strong>Vertreten durch:<\/strong><br\n\t\t\t\t\t\t\t\/> Jonas Breuer<\/p>\n\t\t\t\t\t\t\t\n\t\t\t\t\t\t\t<p><strong>Kontakt<\/strong><br\n\t\t\t\t\t\t\t\/> Email: mortan66@<span><\/span>hotmail.com<\/p>\n\t\t\t\t\t\t\t\n\t\t\t\t\t\t\t<p><strong>Verantwortlich f\u00fcr den Inhalt nach \u00a7 55 Abs. 2 RStV<\/strong><br\n\t\t\t\t\t\t\t\/> Jonas Breuer <br \/> \n\t\t\t\t\t\t\tBlueMatterNet LLC<br\n\t\t\t\t\t\t\t\/> 412 N Main St Suite 100<br\n\t\t\t\t\t\t\t\/> Buffalo, Wyoming 82834 USA<\/p>\n\t\t\t\t\t\t\t\n\t\t\t\t\t\t\t<p><strong>Administrativer Ansprechpartner<\/strong><br \/>\n\t\t\t\t\t\t\tDer administrative Ansprechpartner (admin-c) ist die vom Domaininhaber benannte nat\u00fcrliche Person, die als sein Bevollm\u00e4chtigter berechtigt und gegen\u00fcber DENIC auch verpflichtet ist, s\u00e4mtliche die Domain betreffenden Angelegenheiten verbindlich zu entscheiden.<br \/>\n\t\t\t\t\t\t\t<br \/>\n\t\t\t\t\t\t\tEnrico Kubitz<br \/>\n\t\t\t\t\t\t\tNeue Medien M\u00fcnnich GmbH<br \/>\n\t\t\t\t\t\t\tHauptstrasse 68<br \/>\n\t\t\t\t\t\t\t02742 Friesdorf<br \/>\n\t\t\t\t\t\t\tDeutschland<\/p>\n\t\t\t\t\t\t\t\n\t\t\t\t\t\t\t<p><strong>Quelle<\/strong><br\n\t\t\t\t\t\t\t\/> <i>Impressumgenerator <a\n\t\t\t\t\t\t\thref=\"http:\/\/www.e-recht24.de\" target=\"_blank\" rel=\"nofollow\">von e-Recht24.de<\/a><\/i><\/p>\n\t\t\t\t\t\t\t\n\t\t\t\t\t\t\t<p><strong>Haftung f\u00fcr Inhalte<\/strong><\/p><p>Die Inhalte unserer Seiten wurden mit gr\u00f6\u00dfter Sorgfalt erstellt. F\u00fcr die Richtigkeit, Vollst\u00e4ndigkeit und Aktualit\u00e4t der Inhalte k\u00f6nnen wir jedoch keine Gew\u00e4hr \u00fcbernehmen.<\/p><p>Als Diensteanbieter sind wir f\u00fcr eigene Inhalte auf diesen Seiten nach den allgemeinen Gesetzen verantwortlich. Diensteanbieter sind jedoch nicht verpflichtet, die von ihnen \u00fcbermittelten oder gespeicherten fremden Informationen zu \u00fcberwachen oder nach Umst\u00e4nden zu forschen, die auf eine rechtswidrige T\u00e4tigkeit hinweisen. Verpflichtungen zur Entfernung oder Sperrung der Nutzung von Informationen nach den allgemeinen Gesetzen bleiben hiervon unber\u00fchrt. Eine diesbez\u00fcgliche Haftung ist jedoch erst ab dem Zeitpunkt der Kenntnis einer konkreten Rechtsverletzung m\u00f6glich. Bei bekannt werden von entsprechenden Rechtsverletzungen werden wir diese Inhalte umgehend entfernen.<\/p><p><strong>Haftung f\u00fcr Links<\/strong><\/p><p>Unser Angebot enth\u00e4lt Links zu externen Webseiten Dritter, auf deren Inhalte wir keinen Einfluss haben. Deshalb k\u00f6nnen wir f\u00fcr diese fremden Inhalte auch keine Gew\u00e4hr \u00fcbernehmen. F\u00fcr die Inhalte der verlinkten Seiten ist stets der jeweilige Anbieter oder Betreiber der Seiten verantwortlich. Die verlinkten Seiten wurden zum Zeitpunkt der Verlinkung auf m\u00f6gliche Rechtsverst\u00f6\u00dfe \u00fcberpr\u00fcft. Rechtswidrige Inhalte waren zum Zeitpunkt der Verlinkung nicht erkennbar. Eine permanente inhaltliche Kontrolle der verlinkten Seiten ist jedoch ohne konkrete Anhaltspunkte einer Rechtsverletzung nicht zumutbar. Bei bekannt werden von Rechtsverletzungen werden wir derartige Links umgehend entfernen.<\/p><p><strong>Urheberrecht<\/strong><\/p><p>Die Betreiber der Seiten sind bem\u00fcht, stets die Urheberrechte anderer zu beachten bzw. auf selbst erstellte sowie lizenzfreie Werke zur\u00fcckzugreifen.<\/p><p>Die durch die Seitenbetreiber erstellten Inhalte und Werke auf diesen Seiten unterliegen dem deutschen Urheberrecht. Beitr\u00e4ge Dritter sind als solche gekennzeichnet. Die Vervielf\u00e4ltigung, Bearbeitung, Verbreitung und jede Art der Verwertung au\u00dferhalb der Grenzen des Urheberrechtes bed\u00fcrfen der schriftlichen Zustimmung des jeweiligen Autors bzw. Erstellers. Downloads und Kopien dieser Seite sind nur f\u00fcr den privaten, nicht kommerziellen Gebrauch gestattet.<\/p>\n<p><strong>Bildquellennachweis<\/strong><\/p>\n<p>Russian greenbacks \u00a9 way4arer &#8211; Fotolia.com<br \/>\nZusatzbeitrag-2 \u00a9 Setareh &#8211; Fotolia.com<br \/>\nIce hummocks \u00a9 Dmitriy Sharov &#8211; Fotolia.com<br \/>\nPick Pocket \u00a9 Benicce &#8211; Fotolia.com<br \/>\nwomen having tea in russian interior \u00a9 JackF &#8211; Fotolia.com<br \/>\nKartenspiel \u00a9 Michael Tieck &#8211; Fotolia.com<br \/>\nCheckliste \u00a9 arahan &#8211; Fotolia.com<\/p>\n<p><strong>Tonquellennachweis<\/strong><\/p>\n<p>Windswept \u00a9 Kevin MacLeod &#8211; incompetech.com<\/p>\n","protected":false},"excerpt":{"rendered":"<p>Bildquellennachweis Russian greenbacks \u00a9 way4arer &#8211; Fotolia.com Zusatzbeitrag-2 \u00a9 Setareh &#8211; Fotolia.com Ice hummocks \u00a9 Dmitriy Sharov &#8211; Fotolia.com Pick Pocket \u00a9 Benicce &#8211; Fotolia.com women having tea in russian interior \u00a9 JackF &#8211; Fotolia.com Kartenspiel \u00a9 Michael Tieck &#8211; Fotolia.com Checkliste \u00a9 arahan &#8211; Fotolia.com Tonquellennachweis Windswept \u00a9 Kevin MacLeod &#8211; incompetech.com<\/p>\n","protected":false},"author":1,"featured_media":0,"parent":0,"menu_order":38,"comment_status":"open","ping_status":"closed","template":"","meta":{"footnotes":""},"class_list":["post-406","page","type-page","status-publish","hentry"],"yoast_head":"<!-- This site is optimized with the Yoast SEO plugin v27.5 - https:\/\/yoast.com\/product\/yoast-seo-wordpress\/ -->\n<title>Impressum<\/title>\n<meta name=\"description\" content=\"Rechliche Informationen \u00fcber Transsib-Tipps.de\" \/>\n<meta name=\"robots\" content=\"noindex, follow\" \/>\n<meta property=\"og:locale\" content=\"de_DE\" \/>\n<meta property=\"og:type\" content=\"article\" \/>\n<meta property=\"og:title\" content=\"Impressum\" \/>\n<meta property=\"og:description\" content=\"Rechliche Informationen \u00fcber Transsib-Tipps.de\" \/>\n<meta property=\"og:url\" content=\"https:\/\/reisetier.de\/transsib\/impressum\/\" \/>\n<meta property=\"og:site_name\" content=\"Die Transsibirische Eisenbahn\" \/>\n<meta name=\"twitter:card\" content=\"summary_large_image\" \/>\n<script type=\"application\/ld+json\" class=\"yoast-schema-graph\">{\"@context\":\"https:\\\/\\\/schema.org\",\"@graph\":[{\"@type\":\"WebPage\",\"@id\":\"https:\\\/\\\/reisetier.de\\\/transsib\\\/impressum\\\/\",\"url\":\"https:\\\/\\\/reisetier.de\\\/transsib\\\/impressum\\\/\",\"name\":\"Impressum\",\"isPartOf\":{\"@id\":\"https:\\\/\\\/reisetier.de\\\/transsib\\\/#website\"},\"datePublished\":\"2011-03-22T17:57:25+00:00\",\"description\":\"Rechliche Informationen \u00fcber Transsib-Tipps.de\",\"breadcrumb\":{\"@id\":\"https:\\\/\\\/reisetier.de\\\/transsib\\\/impressum\\\/#breadcrumb\"},\"inLanguage\":\"de\",\"potentialAction\":[{\"@type\":\"ReadAction\",\"target\":[\"https:\\\/\\\/reisetier.de\\\/transsib\\\/impressum\\\/\"]}]},{\"@type\":\"BreadcrumbList\",\"@id\":\"https:\\\/\\\/reisetier.de\\\/transsib\\\/impressum\\\/#breadcrumb\",\"itemListElement\":[{\"@type\":\"ListItem\",\"position\":1,\"name\":\"Home\",\"item\":\"https:\\\/\\\/reisetier.de\\\/transsib\\\/\"},{\"@type\":\"ListItem\",\"position\":2,\"name\":\"Impressum\"}]},{\"@type\":\"WebSite\",\"@id\":\"https:\\\/\\\/reisetier.de\\\/transsib\\\/#website\",\"url\":\"https:\\\/\\\/reisetier.de\\\/transsib\\\/\",\"name\":\"Die Transsibirische Eisenbahn\",\"description\":\"Reisen durch Russland, die Mongolei und China\",\"potentialAction\":[{\"@type\":\"SearchAction\",\"target\":{\"@type\":\"EntryPoint\",\"urlTemplate\":\"https:\\\/\\\/reisetier.de\\\/transsib\\\/?s={search_term_string}\"},\"query-input\":{\"@type\":\"PropertyValueSpecification\",\"valueRequired\":true,\"valueName\":\"search_term_string\"}}],\"inLanguage\":\"de\"}]}<\/script>\n<!-- \/ Yoast SEO plugin. -->","yoast_head_json":{"title":"Impressum","description":"Rechliche Informationen \u00fcber Transsib-Tipps.de","robots":{"index":"noindex","follow":"follow"},"og_locale":"de_DE","og_type":"article","og_title":"Impressum","og_description":"Rechliche Informationen \u00fcber Transsib-Tipps.de","og_url":"https:\/\/reisetier.de\/transsib\/impressum\/","og_site_name":"Die Transsibirische Eisenbahn","twitter_card":"summary_large_image","schema":{"@context":"https:\/\/schema.org","@graph":[{"@type":"WebPage","@id":"https:\/\/reisetier.de\/transsib\/impressum\/","url":"https:\/\/reisetier.de\/transsib\/impressum\/","name":"Impressum","isPartOf":{"@id":"https:\/\/reisetier.de\/transsib\/#website"},"datePublished":"2011-03-22T17:57:25+00:00","description":"Rechliche Informationen \u00fcber Transsib-Tipps.de","breadcrumb":{"@id":"https:\/\/reisetier.de\/transsib\/impressum\/#breadcrumb"},"inLanguage":"de","potentialAction":[{"@type":"ReadAction","target":["https:\/\/reisetier.de\/transsib\/impressum\/"]}]},{"@type":"BreadcrumbList","@id":"https:\/\/reisetier.de\/transsib\/impressum\/#breadcrumb","itemListElement":[{"@type":"ListItem","position":1,"name":"Home","item":"https:\/\/reisetier.de\/transsib\/"},{"@type":"ListItem","position":2,"name":"Impressum"}]},{"@type":"WebSite","@id":"https:\/\/reisetier.de\/transsib\/#website","url":"https:\/\/reisetier.de\/transsib\/","name":"Die Transsibirische Eisenbahn","description":"Reisen durch Russland, die Mongolei und China","potentialAction":[{"@type":"SearchAction","target":{"@type":"EntryPoint","urlTemplate":"https:\/\/reisetier.de\/transsib\/?s={search_term_string}"},"query-input":{"@type":"PropertyValueSpecification","valueRequired":true,"valueName":"search_term_string"}}],"inLanguage":"de"}]}},"_links":{"self":[{"href":"https:\/\/reisetier.de\/transsib\/wp-json\/wp\/v2\/pages\/406","targetHints":{"allow":["GET"]}}],"collection":[{"href":"https:\/\/reisetier.de\/transsib\/wp-json\/wp\/v2\/pages"}],"about":[{"href":"https:\/\/reisetier.de\/transsib\/wp-json\/wp\/v2\/types\/page"}],"author":[{"embeddable":true,"href":"https:\/\/reisetier.de\/transsib\/wp-json\/wp\/v2\/users\/1"}],"replies":[{"embeddable":true,"href":"https:\/\/reisetier.de\/transsib\/wp-json\/wp\/v2\/comments?post=406"}],"version-history":[{"count":0,"href":"https:\/\/reisetier.de\/transsib\/wp-json\/wp\/v2\/pages\/406\/revisions"}],"wp:attachment":[{"href":"https:\/\/reisetier.de\/transsib\/wp-json\/wp\/v2\/media?parent=406"}],"curies":[{"name":"wp","href":"https:\/\/api.w.org\/{rel}","templated":true}]}}