{"id":344,"date":"2011-03-21T22:28:32","date_gmt":"2011-03-21T21:28:32","guid":{"rendered":"http:\/\/www.transsib-tipps.de\/?page_id=344"},"modified":"2011-03-21T22:28:32","modified_gmt":"2011-03-21T21:28:32","slug":"krankenversicherung","status":"publish","type":"page","link":"https:\/\/reisetier.de\/transsib\/reise-organisation\/krankenversicherung\/","title":{"rendered":"Krankenversicherung"},"content":{"rendered":"<div id=\"attachment_1350\" style=\"width: 435px\" class=\"wp-caption alignright\"><img loading=\"lazy\" decoding=\"async\" aria-describedby=\"caption-attachment-1350\" src=\"https:\/\/reisetier.de\/transsib\/wp-content\/uploads\/sites\/2\/2011\/03\/russland-krankenversicherung.jpg\" alt=\"Eine Krankenversicherung f\u00fcr Russland kostet unter 10\u20ac\" title=\"russland-krankenversicherung\" width=\"425\" height=\"282\" class=\"size-full wp-image-1350\" srcset=\"https:\/\/reisetier.de\/transsib\/wp-content\/uploads\/sites\/2\/2011\/03\/russland-krankenversicherung.jpg 425w, https:\/\/reisetier.de\/transsib\/wp-content\/uploads\/sites\/2\/2011\/03\/russland-krankenversicherung-300x199.jpg 300w\" sizes=\"auto, (max-width: 425px) 100vw, 425px\" \/><p id=\"caption-attachment-1350\" class=\"wp-caption-text\">Eine Krankenversicherung f\u00fcr Russland kostet unter 10\u20ac<\/p><\/div>\n<h2>Brauche ich eine spezielle Krankenversicherung f\u00fcr Russland?<\/h2>\n<p>Bei der Beantragung des Visums f\u00fcr Russland, muss man nachweisen, dass man krankenversichert ist und diese Krankenversicherung f\u00fcr den Aufenthalt in Russland g\u00fcltig ist. Dabei muss man darauf achten, dass der Vertrag die <a href=\"https:\/\/russische-botschaft.ru\/de\/consulate\/visafragen\/reiseversicherung\/\" target=\"_blank\" rel=\"noopener\">Bedingungen vom russischen Konsulat<\/a> erf\u00fcllt.<\/p>\n<p>Eine normale deutsche gesetzliche Krankenversicherung reicht leider nicht aus. Wer also normalerweise gesetzlich versichert ist, muss eine zus\u00e4tzliche private Reise-Krankenversicherung abschlie\u00dfen. Wer bereits privat bei einer der aufgef\u00fchhrten Versicherungen ist, muss in seinem Vertrag pr\u00fcfen, ob er auch f\u00fcr den Aufenthalt in Russland versichert ist (h\u00e4ngt in der Regel von der Dauer des Aufenthalts ab). In jedem Fall braucht man eine Best\u00e4tigung, wo entweder explizit drauf steht, dass die Versicherung auch f\u00fcr Russland gilt, oder alternativ, dass die Versicherung weltweit gilt.<\/p>\n<p>Der zus\u00e4tzliche Abschluss einer privaten Reise-Krankenversicherung klingt erstmal schlimmer, als er tats\u00e4chlich ist. Diese Versicherungen sind \u00fcberraschend g\u00fcnstig und schon f\u00fcr unter 10\u20ac zu bekommen. Hier ein kurzer Vergleich einiger Anbieter:<\/p>\n<table class=\"border half\">\n<tr>\n<th>&nbsp;<\/th>\n<th>DEVK<\/th>\n<th>DKV<\/th>\n<th>HanseMerkur<\/th>\n<\/tr>\n<tr>\n<td>Kosten<\/td>\n<td>7,50  \u20ac<\/td>\n<td>11,50 \u20ac<\/td>\n<td>9,50 \u20ac<\/tr>\n<tr>\n<td>H\u00f6chstdauer der Reise<\/td>\n<td>42 Tage<\/td>\n<td>45 Tage<\/td>\n<td>56 Tage<\/td>\n<\/tr>\n<tr>\n<td>R\u00fccktransport<\/td>\n<td>ja<\/td>\n<td>ja<\/td>\n<td>ja<\/td>\n<\/tr>\n<tr>\n<td>Notrufnummer<\/td>\n<td>ja<\/td>\n<td>ja<\/td>\n<td>ja<\/td>\n<\/tr>\n<tr>\n<td>&nbsp;<\/td>\n<td><a href=\"\/transsib\/clickout\/devk\" target=\"_blank\" rel=\"nofollow noopener\">Zum Antrag<\/a><\/td>\n<td><a href=\"\/transsib\/clickout\/dkv\" target=\"_blank\" rel=\"nofollow noopener\">Zum Antrag<\/a><\/td>\n<td><a href=\"\/transsib\/clickout\/hanse\" target=\"_blank\" rel=\"nofollow noopener\">Zum Antrag<\/a><\/td>\n<\/tr>\n<\/table>\n<p>Bei allen Reise-Krankenversicherungen gilt, dass die Rechnung in der Regel erst vorgestreckt werden muss und nachher erstattet wird. In Notf\u00e4llen kann man unter der Notrufnummern eine direkte Zahlung mit der Kasse vereinbaren.<\/p>\n<p>Aus rechtlichen Gr\u00fcnden muss ich noch darauf hinweisen, dass ich kein Versicherungsmakler bin und diese Angaben unverbindlich und nur zur Information sind und ich nicht daf\u00fcr hafte.<\/p>\n","protected":false},"excerpt":{"rendered":"<p>Brauche ich eine spezielle Krankenversicherung f\u00fcr Russland? Bei der Beantragung des Visums f\u00fcr Russland, muss man nachweisen, dass man krankenversichert ist und diese Krankenversicherung f\u00fcr den Aufenthalt in Russland g\u00fcltig ist. Dabei muss man darauf achten, dass der Vertrag die Bedingungen vom russischen Konsulat erf\u00fcllt. Eine normale deutsche gesetzliche Krankenversicherung reicht leider nicht aus. Wer &#038;hellip <a class=\"read-excerpt\" href=\"https:\/\/reisetier.de\/transsib\/reise-organisation\/krankenversicherung\/\">Continue reading <span class=\"meta-nav\">&raquo;<\/span><\/a><\/p>\n","protected":false},"author":1,"featured_media":0,"parent":314,"menu_order":7,"comment_status":"open","ping_status":"closed","template":"","meta":{"footnotes":""},"class_list":["post-344","page","type-page","status-publish","hentry"],"yoast_head":"<!-- This site is optimized with the Yoast SEO plugin v27.3 - https:\/\/yoast.com\/product\/yoast-seo-wordpress\/ -->\n<title>Krankenversicherung f\u00fcr Russland<\/title>\n<meta name=\"description\" content=\"F\u00fcr Russland braucht man eine Reise-Krankenversicherung. Hier findest du die wichtigsten Informationen dar\u00fcber.\" \/>\n<meta name=\"robots\" content=\"index, follow, max-snippet:-1, max-image-preview:large, max-video-preview:-1\" \/>\n<link rel=\"canonical\" href=\"https:\/\/reisetier.de\/transsib\/reise-organisation\/krankenversicherung\/\" \/>\n<meta property=\"og:locale\" content=\"de_DE\" \/>\n<meta property=\"og:type\" content=\"article\" \/>\n<meta property=\"og:title\" content=\"Krankenversicherung f\u00fcr Russland\" \/>\n<meta property=\"og:description\" content=\"F\u00fcr Russland braucht man eine Reise-Krankenversicherung. Hier findest du die wichtigsten Informationen dar\u00fcber.\" \/>\n<meta property=\"og:url\" content=\"https:\/\/reisetier.de\/transsib\/reise-organisation\/krankenversicherung\/\" \/>\n<meta property=\"og:site_name\" content=\"Die Transsibirische Eisenbahn\" \/>\n<meta property=\"og:image\" content=\"https:\/\/reisetier.de\/transsib\/wp-content\/uploads\/sites\/2\/2011\/03\/russland-krankenversicherung.jpg\" \/>\n<meta name=\"twitter:card\" content=\"summary_large_image\" \/>\n<meta name=\"twitter:label1\" content=\"Gesch\u00e4tzte Lesezeit\" \/>\n\t<meta name=\"twitter:data1\" content=\"1\u00a0Minute\" \/>\n<script type=\"application\/ld+json\" class=\"yoast-schema-graph\">{\"@context\":\"https:\\\/\\\/schema.org\",\"@graph\":[{\"@type\":\"WebPage\",\"@id\":\"https:\\\/\\\/reisetier.de\\\/transsib\\\/reise-organisation\\\/krankenversicherung\\\/\",\"url\":\"https:\\\/\\\/reisetier.de\\\/transsib\\\/reise-organisation\\\/krankenversicherung\\\/\",\"name\":\"Krankenversicherung f\u00fcr Russland\",\"isPartOf\":{\"@id\":\"https:\\\/\\\/reisetier.de\\\/transsib\\\/#website\"},\"primaryImageOfPage\":{\"@id\":\"https:\\\/\\\/reisetier.de\\\/transsib\\\/reise-organisation\\\/krankenversicherung\\\/#primaryimage\"},\"image\":{\"@id\":\"https:\\\/\\\/reisetier.de\\\/transsib\\\/reise-organisation\\\/krankenversicherung\\\/#primaryimage\"},\"thumbnailUrl\":\"https:\\\/\\\/reisetier.de\\\/transsib\\\/wp-content\\\/uploads\\\/sites\\\/2\\\/2011\\\/03\\\/russland-krankenversicherung.jpg\",\"datePublished\":\"2011-03-21T21:28:32+00:00\",\"description\":\"F\u00fcr Russland braucht man eine Reise-Krankenversicherung. Hier findest du die wichtigsten Informationen dar\u00fcber.\",\"breadcrumb\":{\"@id\":\"https:\\\/\\\/reisetier.de\\\/transsib\\\/reise-organisation\\\/krankenversicherung\\\/#breadcrumb\"},\"inLanguage\":\"de\",\"potentialAction\":[{\"@type\":\"ReadAction\",\"target\":[\"https:\\\/\\\/reisetier.de\\\/transsib\\\/reise-organisation\\\/krankenversicherung\\\/\"]}]},{\"@type\":\"ImageObject\",\"inLanguage\":\"de\",\"@id\":\"https:\\\/\\\/reisetier.de\\\/transsib\\\/reise-organisation\\\/krankenversicherung\\\/#primaryimage\",\"url\":\"https:\\\/\\\/reisetier.de\\\/transsib\\\/wp-content\\\/uploads\\\/sites\\\/2\\\/2011\\\/03\\\/russland-krankenversicherung.jpg\",\"contentUrl\":\"https:\\\/\\\/reisetier.de\\\/transsib\\\/wp-content\\\/uploads\\\/sites\\\/2\\\/2011\\\/03\\\/russland-krankenversicherung.jpg\",\"width\":425,\"height\":282,\"caption\":\"Eine Krankenversicherung f\u00fcr Russland kostet unter 10\u20ac\"},{\"@type\":\"BreadcrumbList\",\"@id\":\"https:\\\/\\\/reisetier.de\\\/transsib\\\/reise-organisation\\\/krankenversicherung\\\/#breadcrumb\",\"itemListElement\":[{\"@type\":\"ListItem\",\"position\":1,\"name\":\"Home\",\"item\":\"https:\\\/\\\/reisetier.de\\\/transsib\\\/\"},{\"@type\":\"ListItem\",\"position\":2,\"name\":\"Reise Organisation\",\"item\":\"https:\\\/\\\/reisetier.de\\\/transsib\\\/reise-organisation\\\/\"},{\"@type\":\"ListItem\",\"position\":3,\"name\":\"Krankenversicherung\"}]},{\"@type\":\"WebSite\",\"@id\":\"https:\\\/\\\/reisetier.de\\\/transsib\\\/#website\",\"url\":\"https:\\\/\\\/reisetier.de\\\/transsib\\\/\",\"name\":\"Die Transsibirische Eisenbahn\",\"description\":\"Reisen durch Russland, die Mongolei und China\",\"potentialAction\":[{\"@type\":\"SearchAction\",\"target\":{\"@type\":\"EntryPoint\",\"urlTemplate\":\"https:\\\/\\\/reisetier.de\\\/transsib\\\/?s={search_term_string}\"},\"query-input\":{\"@type\":\"PropertyValueSpecification\",\"valueRequired\":true,\"valueName\":\"search_term_string\"}}],\"inLanguage\":\"de\"}]}<\/script>\n<!-- \/ Yoast SEO plugin. -->","yoast_head_json":{"title":"Krankenversicherung f\u00fcr Russland","description":"F\u00fcr Russland braucht man eine Reise-Krankenversicherung. Hier findest du die wichtigsten Informationen dar\u00fcber.","robots":{"index":"index","follow":"follow","max-snippet":"max-snippet:-1","max-image-preview":"max-image-preview:large","max-video-preview":"max-video-preview:-1"},"canonical":"https:\/\/reisetier.de\/transsib\/reise-organisation\/krankenversicherung\/","og_locale":"de_DE","og_type":"article","og_title":"Krankenversicherung f\u00fcr Russland","og_description":"F\u00fcr Russland braucht man eine Reise-Krankenversicherung. Hier findest du die wichtigsten Informationen dar\u00fcber.","og_url":"https:\/\/reisetier.de\/transsib\/reise-organisation\/krankenversicherung\/","og_site_name":"Die Transsibirische Eisenbahn","og_image":[{"url":"https:\/\/reisetier.de\/transsib\/wp-content\/uploads\/sites\/2\/2011\/03\/russland-krankenversicherung.jpg","type":"","width":"","height":""}],"twitter_card":"summary_large_image","twitter_misc":{"Gesch\u00e4tzte Lesezeit":"1\u00a0Minute"},"schema":{"@context":"https:\/\/schema.org","@graph":[{"@type":"WebPage","@id":"https:\/\/reisetier.de\/transsib\/reise-organisation\/krankenversicherung\/","url":"https:\/\/reisetier.de\/transsib\/reise-organisation\/krankenversicherung\/","name":"Krankenversicherung f\u00fcr Russland","isPartOf":{"@id":"https:\/\/reisetier.de\/transsib\/#website"},"primaryImageOfPage":{"@id":"https:\/\/reisetier.de\/transsib\/reise-organisation\/krankenversicherung\/#primaryimage"},"image":{"@id":"https:\/\/reisetier.de\/transsib\/reise-organisation\/krankenversicherung\/#primaryimage"},"thumbnailUrl":"https:\/\/reisetier.de\/transsib\/wp-content\/uploads\/sites\/2\/2011\/03\/russland-krankenversicherung.jpg","datePublished":"2011-03-21T21:28:32+00:00","description":"F\u00fcr Russland braucht man eine Reise-Krankenversicherung. Hier findest du die wichtigsten Informationen dar\u00fcber.","breadcrumb":{"@id":"https:\/\/reisetier.de\/transsib\/reise-organisation\/krankenversicherung\/#breadcrumb"},"inLanguage":"de","potentialAction":[{"@type":"ReadAction","target":["https:\/\/reisetier.de\/transsib\/reise-organisation\/krankenversicherung\/"]}]},{"@type":"ImageObject","inLanguage":"de","@id":"https:\/\/reisetier.de\/transsib\/reise-organisation\/krankenversicherung\/#primaryimage","url":"https:\/\/reisetier.de\/transsib\/wp-content\/uploads\/sites\/2\/2011\/03\/russland-krankenversicherung.jpg","contentUrl":"https:\/\/reisetier.de\/transsib\/wp-content\/uploads\/sites\/2\/2011\/03\/russland-krankenversicherung.jpg","width":425,"height":282,"caption":"Eine Krankenversicherung f\u00fcr Russland kostet unter 10\u20ac"},{"@type":"BreadcrumbList","@id":"https:\/\/reisetier.de\/transsib\/reise-organisation\/krankenversicherung\/#breadcrumb","itemListElement":[{"@type":"ListItem","position":1,"name":"Home","item":"https:\/\/reisetier.de\/transsib\/"},{"@type":"ListItem","position":2,"name":"Reise Organisation","item":"https:\/\/reisetier.de\/transsib\/reise-organisation\/"},{"@type":"ListItem","position":3,"name":"Krankenversicherung"}]},{"@type":"WebSite","@id":"https:\/\/reisetier.de\/transsib\/#website","url":"https:\/\/reisetier.de\/transsib\/","name":"Die Transsibirische Eisenbahn","description":"Reisen durch Russland, die Mongolei und China","potentialAction":[{"@type":"SearchAction","target":{"@type":"EntryPoint","urlTemplate":"https:\/\/reisetier.de\/transsib\/?s={search_term_string}"},"query-input":{"@type":"PropertyValueSpecification","valueRequired":true,"valueName":"search_term_string"}}],"inLanguage":"de"}]}},"_links":{"self":[{"href":"https:\/\/reisetier.de\/transsib\/wp-json\/wp\/v2\/pages\/344","targetHints":{"allow":["GET"]}}],"collection":[{"href":"https:\/\/reisetier.de\/transsib\/wp-json\/wp\/v2\/pages"}],"about":[{"href":"https:\/\/reisetier.de\/transsib\/wp-json\/wp\/v2\/types\/page"}],"author":[{"embeddable":true,"href":"https:\/\/reisetier.de\/transsib\/wp-json\/wp\/v2\/users\/1"}],"replies":[{"embeddable":true,"href":"https:\/\/reisetier.de\/transsib\/wp-json\/wp\/v2\/comments?post=344"}],"version-history":[{"count":0,"href":"https:\/\/reisetier.de\/transsib\/wp-json\/wp\/v2\/pages\/344\/revisions"}],"up":[{"embeddable":true,"href":"https:\/\/reisetier.de\/transsib\/wp-json\/wp\/v2\/pages\/314"}],"wp:attachment":[{"href":"https:\/\/reisetier.de\/transsib\/wp-json\/wp\/v2\/media?parent=344"}],"curies":[{"name":"wp","href":"https:\/\/api.w.org\/{rel}","templated":true}]}}