{"id":281,"date":"2011-03-20T21:45:31","date_gmt":"2011-03-20T20:45:31","guid":{"rendered":"http:\/\/www.transsib-tipps.de\/?page_id=281"},"modified":"2011-03-20T21:45:31","modified_gmt":"2011-03-20T20:45:31","slug":"reiselektuere-gadgets","status":"publish","type":"page","link":"https:\/\/reisetier.de\/transsib\/transsibirische-gepaeck\/reiselektuere-gadgets\/","title":{"rendered":"Reiselekt\u00fcre &amp; Gadgets"},"content":{"rendered":"<h2>N\u00fctzliches f\u00fcr die Fahrt mit der Transsibirischen Eisenbahn<\/h2>\n<p>&nbsp;<\/p>\n<p><a href=\"\/transsib\/clickout\/amazon\/transsib-reisehandbuch\" rel=\"nofollow noopener noreferrer\" target=\"_blank\"><img loading=\"lazy\" decoding=\"async\" src=\"https:\/\/reisetier.de\/transsib\/wp-content\/uploads\/sites\/2\/2011\/03\/transsib-reisehandbuch.jpg\" alt=\"TransSib Reisehandbuch bei Amazon\" title=\"TransSib Reisehandbuch bei Amazon\" width=\"115\" height=\"115\" class=\"alignleft size-full wp-image-583\" \/><\/a>Ein guter Reisef\u00fchrer geh\u00f6rt nat\u00fcrlich in jedes Gep\u00e4ck. Wir hatten das <a href=\"\/transsib\/clickout\/amazon\/transsib-reisehandbuch\" target=\"_blank\" rel=\"nofollow noopener noreferrer\" title=\"TransSib Reisehandbuch bei Amazon\">TransSib Reisehandbuch<\/a> dabei und sind damit gut gefahren. Dort gibt es zu allen St\u00e4dten unterwegs die wichtigsten Infos und auch der Ablauf von speziellen Dingen wie den Grenz\u00fcberg\u00e4ngen wird erkl\u00e4rt. An ein paar Stellen \u00fcbertreibt die Autorin es meiner Meinung nach (Plastikt\u00fcte \u00fcber die H\u00e4nde ziehen, weil die T\u00fcrgriffe in der Transsibirischen Eisenbahn so dreckig sind), aber diese Stellen haben bei uns in der Reisegruppe auch immer f\u00fcr Erheiterung gesorgt \ud83d\ude42<br \/>\n<a href=\"http:\/\/www.wunsch-koala.de\/extern\/addwish\/?name=Transsib%20Reisehandbuch&amp;link=http%3A%2F%2Fwww.amazon.de%2Fgp%2Fproduct%2F383171620X%2F%3Fie%3DUTF8%26linkCode%3Das2\" target=\"_blank\" rel=\"noopener noreferrer\">Auf die Wunschliste<\/a><\/p>\n<p>&nbsp;<\/p>\n<p><a href=\"\/transsib\/clickout\/amazon\/lonely-planet\" rel=\"nofollow noopener noreferrer\" target=\"_blank\" title=\"Lonely Planet Transsibirische bei Amazon\"><img loading=\"lazy\" decoding=\"async\" src=\"https:\/\/reisetier.de\/transsib\/wp-content\/uploads\/sites\/2\/2011\/03\/transsibirische-lonely-planet.jpg\" alt=\"Der Reisef\u00fchrer Trans-Siberian Railway bei Amazon\" title=\"Der Reisef\u00fchrer Trans-Siberian Railway bei Amazon\" width=\"115\" height=\"115\" class=\"alignleft size-full wp-image-632\" \/><\/a>Viele Leute, die wir unterwegs getroffen haben, hatten auch den <a href=\"\/transsib\/clickout\/amazon\/lonely-planet\" rel=\"nofollow noopener noreferrer\" target=\"_blank\" title=\"Lonely Planet Transsibirische bei Amazon\">Lonely Planet<\/a> im Gep\u00e4ck. Lonely Planet ist der englischsprachige Marktf\u00fchrer der Individual-Reisef\u00fchrer. Inzwischen sind viele Lonely Planets auch auf Deutsch \u00fcbersetzt worden, der Reisef\u00fchrer der Transsibirischen Eisenbahn leider noch nicht.<br \/>\n<a href=\"http:\/\/www.wunsch-koala.de\/extern\/addwish\/?name=Lonely%20Planet%3A%20Trans-Siberian%20Railway&amp;link=http%3A%2F%2Fwww.amazon.de%2Fgp%2Fproduct%2F174104135X%2F%3Fie%3DUTF8%26linkCode%3Das2\" target=\"_blank\" rel=\"noopener noreferrer\">Auf die Wunschliste<\/a><\/p>\n<p>&nbsp;<\/p>\n<p>&nbsp;<\/p>\n<p><a href=\"\/transsib\/clickout\/transsib-handbuch\" rel=\"nofollow noopener noreferrer\" target=\"_blank\"><img loading=\"lazy\" decoding=\"async\" src=\"https:\/\/reisetier.de\/transsib\/wp-content\/uploads\/sites\/2\/2011\/03\/transsib-handbuch.jpg\" alt=\"Transsib Handbuch\" title=\"transsib-handbuch\" width=\"116\" height=\"115\" class=\"alignleft size-full wp-image-1489\" \/><\/a> Sehr beliebt ist auch das <a href=\"\/transsib\/clickout\/transsib-handbuch\" rel=\"nofollow noopener noreferrer\" target=\"_blank\">Transsib Handbuch<\/a>, das 2012 in der 7. aktualisierten Auflage ver\u00f6ffentlicht wurde. Mit 528 Seiten handelt es sich wohl um den umfangreichsten Reisef\u00fchrer f\u00fcr die Transsibirische Eisenbahn. Super finde ich hier, dass man Teile des Buches <a href=\"http:\/\/books.google.de\/books?id=jH5ryE4qbuQC&amp;lpg=PP1&amp;dq=transsib%20handbuch&amp;hl=de&amp;pg=PP1#v=onepage&amp;q=transsib%20handbuch&amp;f=false\" target=\"_blank\" rel=\"noopener noreferrer\">bei Google Books lesen<\/a> kann. So k\u00f6nnt ihr euch vorab ein Bild machen, ob euch der Stil gef\u00e4llt.<br \/>\n<a href=\"http:\/\/www.wunsch-koala.de\/extern\/addwish\/?name=Transsib%20Handbuch&amp;link=http%3A%2F%2Fwww.trescher-verlag.de%2Freisefuehrer%2Fasien%2Ftranssib-handbuch.html%3Fa_aid%3D7fb7135f\" target=\"_blank\" rel=\"noopener noreferrer\">Auf die Wunschliste<\/a><\/p>\n<p>&nbsp;<\/p>\n<p>&nbsp;<\/p>\n<p><a href=\"\/transsib\/clickout\/amazon\/reisegast-china\" rel=\"nofollow noopener noreferrer\" target=\"_blank\"><img loading=\"lazy\" decoding=\"async\" src=\"https:\/\/reisetier.de\/transsib\/wp-content\/uploads\/sites\/2\/2011\/03\/reisegast-china.jpg\" alt=\"Reisegast in China bei Amazon\" title=\"Reisegast in China bei Amazon\" width=\"115\" height=\"115\" class=\"alignleft size-full wp-image-586\" \/><\/a>F\u00fcr den Aufenthalt in China kann ich auch den <a href=\"\/transsib\/clickout\/amazon\/reisegast-china\" target=\"_blank\" rel=\"nofollow noopener noreferrer\" title=\"Reisegast in China bei Amazon\">Reisegast in China<\/a><br \/>\n sehr empfehlen. Bei den Reisegast-B\u00fcchern geht es vor allem um das Verstehen der Kultur und der Br\u00e4uche. Sie sind sehr lustig und locker geschrieben und eine entspannte Lekt\u00fcre. Es gibt auch einen <a href=\"\/transsib\/clickout\/amazon\/reisegast-russland\" rel=\"nofollow noopener noreferrer\" target=\"_blank\" title=\"Reisegast in Russland bei Amazon\">Reisegast in Russland<\/a>.<br \/>\n<a href=\"http:\/\/www.wunsch-koala.de\/extern\/addwish\/?name=Reisegast%20in%20China&amp;link=http%3A%2F%2Fwww.amazon.de%2Fgp%2Fproduct%2F3923975716%2F%3Fie%3DUTF8%26linkCode%3Das2\" target=\"_blank\" rel=\"noopener noreferrer\">Auf die Wunschliste<\/a><\/p>\n<p>&nbsp;<\/p>\n<p>&nbsp;<\/p>\n<p><a href=\"\/transsib\/clickout\/amazon\/point-it\" rel=\"nofollow noopener noreferrer\" target=\"_blank\"><img loading=\"lazy\" decoding=\"async\" src=\"https:\/\/reisetier.de\/transsib\/wp-content\/uploads\/sites\/2\/2011\/03\/point-it.jpg\" alt=\"Point it bei Amazon\" title=\"Point it bei Amazon\" width=\"115\" height=\"115\" class=\"alignleft size-full wp-image-588\" \/><\/a>\u00c4u\u00dferst praktisch ist ebenfalls das B\u00fcchlein <a href=\"\/transsib\/clickout\/amazon\/point-it\" target=\"_blank\" rel=\"nofollow noopener noreferrer\" title=\"Point it bei Amazon\">Point it<\/a>. Es handelt sich dabei um ein Bilderbuch, in dem alle Dinge, die man so auf Reisen braucht abgebildet sind. Egal ob man ein Bier bestellen m\u00f6chte, ein Doppelzimmer buchen m\u00f6chte, oder ein Taxi sucht, man zeigt einfach auf den entsprechenden Gegenstand im Buch und wird \u00fcberall auf der Welt verstanden.<br \/>\n<a href=\"http:\/\/www.wunsch-koala.de\/extern\/addwish\/?name=Point%20it&amp;link=http%3A%2F%2Fwww.amazon.de%2Fgp%2Fproduct%2F3980880273%3Fie%3DUTF8%26linkCode%3Das2\" target=\"_blank\" rel=\"noopener noreferrer\">Auf die Wunschliste<\/a><\/p>\n<p>&nbsp;<\/p>\n<p>&nbsp;<\/p>\n<p><a href=\"https:\/\/reisetier.de\/transsib\/clickout\/globetrotter\/trinkbecher\" rel=\"nofollow noopener noreferrer\" target=\"_blank\"><img loading=\"lazy\" decoding=\"async\" class=\"alignleft size-full wp-image-292\" title=\"Trinkbecher bei Globetrotter\" src=\"https:\/\/reisetier.de\/transsib\/wp-content\/uploads\/sites\/2\/2011\/03\/trinkbecher.jpg\" alt=\"Ein Trinkbecher aus Metall\" width=\"62\" height=\"65\" \/><\/a>Unverzichtbar in der Transsibirischen Eisenbahn ist ein <a href=\"https:\/\/reisetier.de\/transsib\/clickout\/globetrotter\/trinkbecher\" target=\"_blank\" rel=\"nofollow noopener noreferrer\" title=\"Trinkbecher bei Globetrotter\">Trinkbecher<\/a>, damit man hei\u00dfes Wasser aus dem Wasserspender entnehmen kann und sich so Tee oder Instant-Kaffee kochen kann.<br \/>\n<a href=\"http:\/\/www.wunsch-koala.de\/extern\/addwish\/?name=Outdoor%20Trinkbecher&amp;link=https%3A%2F%2Fwww.globetrotter.de%2Fshop%2Fmeru-trinkbecher-mit-faltgriff-127967\" target=\"_blank\" rel=\"noopener noreferrer\">Auf die Wunschliste<\/a><\/p>\n<p>&nbsp;<\/p>\n<p><a href=\"\/transsib\/clickout\/globetrotter\/ohrstoepsel\" target=\"_blank\" rel=\"nofollow noopener noreferrer\"><img loading=\"lazy\" decoding=\"async\" class=\"alignleft size-full wp-image-294\" title=\"Ohrst\u00f6psel bei Globetrotter\" src=\"https:\/\/reisetier.de\/transsib\/wp-content\/uploads\/sites\/2\/2011\/03\/ohrstoepsel.jpg\" alt=\"Ohrst\u00f6psel zum Schutz von Schnarchen in der Transsib\" width=\"65\" height=\"59\" \/><\/a>Schl\u00e4ft man in der Transsibirischen Eisenbahn mit mehreren Menschen in einem Abteil, ist die Wahrscheinlichkeit relativ hoch, dass jemand davon schnarcht. Von daher sind <a href=\"\/transsib\/clickout\/globetrotter\/ohrstoepsel\" rel=\"nofollow noopener noreferrer\" target=\"_blank\" title=\"Ohrst\u00f6psel bei Globetrotter\">Ohrst\u00f6psel<\/a> unersetzlich. Dabei m\u00fcssen es nicht unbedingt die Guten von Globetrotter sein, einfache Ohrst\u00f6psel, wie man sie bei dm bekommt, gen\u00fcgen auch.<br \/>\n<a href=\"http:\/\/www.wunsch-koala.de\/extern\/addwish\/?name=Ohrst\u00f6psel&amp;link=https%3A%2F%2Fwww.globetrotter.de%2Fshop%2Fortec-ultra-plugs-122878\" target=\"_blank\" rel=\"noopener noreferrer\">Auf die Wunschliste<\/a><\/p>\n<p>&nbsp;<\/p>\n<p><a href=\"https:\/\/reisetier.de\/transsib\/clickout\/globetrotter\/packbeutel\" rel=\"nofollow noopener noreferrer\" target=\"_blank\"><img loading=\"lazy\" decoding=\"async\" src=\"https:\/\/reisetier.de\/transsib\/wp-content\/uploads\/sites\/2\/2011\/03\/packbeutel.jpg\" alt=\"Packbeutel, um Ordnung auf der Reise mit der Transsibirischen zu schaffen.\" title=\"Packbeutel bei Globetrotter\" width=\"65\" height=\"65\" class=\"alignleft size-full wp-image-311\" \/><\/a>Um im Rucksack Ordnung zu halten, sind <a href=\"https:\/\/reisetier.de\/transsib\/clickout\/globetrotter\/packbeutel\" rel=\"nofollow noopener noreferrer\" target=\"_blank\" title=\"Packbeutel bei Globetrotter\">Packbeutel<\/a> eine praktische Sache. So hat man einen Beutel f\u00fcr die Unterw\u00e4sche, einen Beutel f\u00fcr die T-Shirts etc. Alternativ oder auch erg\u00e4nzend sind <a href=\"https:\/\/reisetier.de\/transsib\/clickout\/globetrotter\/netzbeutel\" rel=\"nofollow noopener noreferrer\" target=\"_blank\" title=\"Netzbeutel bei Globetrotter\">Netzbeutel<\/a> nicht schlecht. Diese haben den Voteil, dass die W\u00e4sche darin richtig &#8222;atmen&#8220; kann. Wer sich das Geld sparen will, kann auch Plastikt\u00fcten verwenden. Nasse oder schmutzige W\u00e4sche f\u00e4ngt darin allerdings schnell an zu stinken. Zudem knistern sie und man weckt alle, wenn man nachts etwas sucht.<br \/>\n<a href=\"http:\/\/www.wunsch-koala.de\/extern\/addwish\/?name=Packbeutel&amp;link=https%3A%2F%2Fwww.globetrotter.de%2Fshop%2Fmeru-stuffbag-flat-set-114855\" target=\"_blank\" rel=\"noopener noreferrer\">Auf die Wunschliste<\/a><\/p>\n<p>&nbsp;<\/p>\n<p><a href=\"\/transsib\/clickout\/globetrotter\/stirnlampe\" rel=\"nofollow noopener noreferrer\" target=\"_blank\"><img loading=\"lazy\" decoding=\"async\" src=\"https:\/\/reisetier.de\/transsib\/wp-content\/uploads\/sites\/2\/2011\/03\/stirnlampe.jpg\" alt=\"Eine Stirnlampe mit abnehmbaren Clip\" title=\"Stirnlampe bei Globetrotter\" width=\"65\" height=\"46\" class=\"alignleft size-full wp-image-301\" \/><\/a>Sehr n\u00fctzlich, besonders wenn man eine Tour durch die Gobi-W\u00fcste plant, ist eine Stirnlampe. Auch um nachts den Weg aus dem Hostel-Zimmer zur Toilette zu finden, eignet sie sich. Eine normale Taschenlampt tut es zwar zur Not auch, aber zwei freie H\u00e4nde sind sehr praktisch. Au\u00dferdem ist eine Stirnlampe einfach cool \ud83d\ude42 Ich habe die <a href=\"\/transsib\/clickout\/globetrotter\/stirnlampe\" rel=\"nofollow noopener noreferrer\" target=\"_blank\" title=\"Stirnlampe bei Globetrotter\">Relags Clip Lampe<\/a> die den Vorteil hat, dass man sie bei Bedarf auch vom Band l\u00f6sen kann und z.B. an einem Buch fest-clipsen kann. Ich kann das gute St\u00fcck nur w\u00e4rmstens empfehlen.<br \/>\n<a href=\"http:\/\/www.wunsch-koala.de\/extern\/addwish\/?name=Stirnlampe&amp;link=https%3A%2F%2Fwww.globetrotter.de%2Fshop%2Frelags-clip-lampe-mit-stirnband-137631\" target=\"_blank\" rel=\"noopener noreferrer\">Auf die Wunschliste<\/a><\/p>\n<p>&nbsp;<\/p>\n<p><a href=\"\/transsib\/clickout\/globetrotter\/mikrofaser-handtuch\" rel=\"nofollow noopener noreferrer\" target=\"_blank\"><img loading=\"lazy\" decoding=\"async\" src=\"https:\/\/reisetier.de\/transsib\/wp-content\/uploads\/sites\/2\/2011\/03\/mikrofaser-handtuch.jpg\" alt=\"Ein schnell trocknendes Mikrofaser Handtuch\" title=\"Mikrofaser-Handtuch bei Globetrotter\" width=\"65\" height=\"65\" class=\"alignleft size-full wp-image-304\" \/><\/a>N\u00e4chtigt man in Hostels, werden dort h\u00e4ufig keine Handt\u00fccher zur Verf\u00fcgung gestellt. Da normale, gro\u00dfe Handt\u00fccher ganz sch\u00f6n viel Platz wegnehmen und anfangen zu stinken, wenn man sie nass einpackt, ist ein schnell trocknendes <a href=\"\/transsib\/clickout\/globetrotter\/mikrofaser-handtuch\" rel=\"nofollow noopener noreferrer\" target=\"_blank\" title=\"Mikrofaser-Handtuch bei Globetrotter\">Mikrofaser-Handtuch<\/a> eine gute Sache. Diese Handt\u00fccher sind zu Beginn etwas gew\u00f6hnungsbed\u00fcrftig, man hat irgendwie das Gef\u00fchl nicht richtig trocken zu werden. Das t\u00e4uscht aber und ich will inzwischen mein Handtuch nicht mehr hergeben \ud83d\ude09<br \/>\n<a href=\"http:\/\/www.wunsch-koala.de\/extern\/addwish\/?name=Mikrofaser%20Handtuch&amp;link=https%3A%2F%2Fwww.globetrotter.de%2Fshop%2Fmeru-sport-towel-108676\" target=\"_blank\" rel=\"noopener noreferrer\">Auf die Wunschliste<\/a><\/p>\n<p>&nbsp;<\/p>\n<p><a href=\"\/transsib\/clickout\/globetrotter\/sommerschlafsack\" target=\"_blank\" rel=\"noopener noreferrer\"><img loading=\"lazy\" decoding=\"async\" src=\"https:\/\/reisetier.de\/transsib\/wp-content\/uploads\/sites\/2\/2011\/03\/schlafsack.jpg\" alt=\"Ein Schlafsack\" title=\"Schlafs\u00e4cke bei Globetrotter\" width=\"65\" height=\"65\" class=\"alignleft size-full wp-image-306\" \/><\/a>Einen Schlafsack braucht man nur, wenn man eine Tour durch die Gobi-W\u00fcste machen will, in der Transsibirischen Eisenbahn gibt es Bettw\u00e4sche. Hier w\u00fcrde ich einen leichten, <a href=\"\/transsib\/clickout\/globetrotter\/sommerschlafsack\" rel=\"nofollow noopener noreferrer\" target=\"_blank\" title=\"Schlafs\u00e4cke bei Globetrotter\">g\u00fcnstigen Sommerschlafsack<\/a> empfehlen. Das Thema Schlafsack wird meiner Meinung nach von vielen Leuten \u00fcberbewertet. Wenn ihr im Sommer reist, braucht ihr keinen Arktis-Schlafsack.<\/p>\n<p>&nbsp;<\/p>\n<p><a href=\"\/transsib\/clickout\/globetrotter\/jugendherbege-schlafsack\" target=\"_blank\" rel=\"nofollow noopener noreferrer\"><img loading=\"lazy\" decoding=\"async\" src=\"https:\/\/reisetier.de\/transsib\/wp-content\/uploads\/sites\/2\/2011\/03\/jugendherbergs-schlafsack.jpg\" alt=\"Ein Jugendherbergs-Schlafsack\" title=\"Jugendherbergs-Schlafsack bei Globetrotter\" width=\"65\" height=\"65\" class=\"alignleft size-full wp-image-307\" \/><\/a>Die Bettw\u00e4sche in der Transsibirischen Eisenbahn ist zwar im Prinzip gewaschen, aber ich hatte den Eindruck nicht besonders gut. So gab es immer mal Flecken auf der Bettw\u00e4sche. Wer wei\u00df, dass er damit ein Problem hat, sollte sich einen <a href=\"\/transsib\/clickout\/globetrotter\/jugendherbege-schlafsack\" rel=\"nofollow noopener noreferrer\" target=\"_blank\" title=\"Jugendherbergs-Schlafsack bei Globetrotter\"> Jugendherbergs-Schlafsack<\/a> zulegen. Dieser d\u00fcnne Schlafsack bildet eine Schutzschicht zwischen der nicht ganz so sauberen W\u00e4sche und der Haut.<br \/>\n<a href=\"http:\/\/www.wunsch-koala.de\/extern\/addwish\/?name=Jugendherbergs-Schlafsack&amp;link=https%3A%2F%2Fwww.globetrotter.de%2Fshop%2Fmeru-microfaserinlett-mumie-131695\" target=\"_blank\" rel=\"noopener noreferrer\">Auf die Wunschliste<\/a><br \/>\n<img loading=\"lazy\" decoding=\"async\" src=\"https:\/\/ssl-vg03.met.vgwort.de\/na\/3544a5c35b2a4a4cb522f01450093916\" width=\"1\" height=\"1\" alt=\"\"><\/p>\n","protected":false},"excerpt":{"rendered":"<p>N\u00fctzliches f\u00fcr die Fahrt mit der Transsibirischen Eisenbahn &nbsp; Ein guter Reisef\u00fchrer geh\u00f6rt nat\u00fcrlich in jedes Gep\u00e4ck. Wir hatten das TransSib Reisehandbuch dabei und sind damit gut gefahren. Dort gibt es zu allen St\u00e4dten unterwegs die wichtigsten Infos und auch der Ablauf von speziellen Dingen wie den Grenz\u00fcberg\u00e4ngen wird erkl\u00e4rt. An ein paar Stellen \u00fcbertreibt &#038;hellip <a class=\"read-excerpt\" href=\"https:\/\/reisetier.de\/transsib\/transsibirische-gepaeck\/reiselektuere-gadgets\/\">Continue reading <span class=\"meta-nav\">&raquo;<\/span><\/a><\/p>\n","protected":false},"author":1,"featured_media":301,"parent":236,"menu_order":13,"comment_status":"open","ping_status":"closed","template":"","meta":{"footnotes":""},"class_list":["post-281","page","type-page","status-publish","has-post-thumbnail","hentry"],"yoast_head":"<!-- This site is optimized with the Yoast SEO plugin v27.2 - https:\/\/yoast.com\/product\/yoast-seo-wordpress\/ -->\n<title>Reiselekt\u00fcre &amp; Gadgets f\u00fcr die Transsib<\/title>\n<meta name=\"description\" content=\"Hier gibt es Infos, welche B\u00fccher \u00fcber die Fahrt mit der Transsibirischen Eisenbahn gut sind und was man sonst noch so mit auf die Reise nehmen sollte.\" \/>\n<meta name=\"robots\" content=\"index, follow, max-snippet:-1, max-image-preview:large, max-video-preview:-1\" \/>\n<link rel=\"canonical\" href=\"https:\/\/reisetier.de\/transsib\/transsibirische-gepaeck\/reiselektuere-gadgets\/\" \/>\n<meta property=\"og:locale\" content=\"de_DE\" \/>\n<meta property=\"og:type\" content=\"article\" \/>\n<meta property=\"og:title\" content=\"Reiselekt\u00fcre &amp; Gadgets f\u00fcr die Transsib\" \/>\n<meta property=\"og:description\" content=\"Hier gibt es Infos, welche B\u00fccher \u00fcber die Fahrt mit der Transsibirischen Eisenbahn gut sind und was man sonst noch so mit auf die Reise nehmen sollte.\" \/>\n<meta property=\"og:url\" content=\"https:\/\/reisetier.de\/transsib\/transsibirische-gepaeck\/reiselektuere-gadgets\/\" \/>\n<meta property=\"og:site_name\" content=\"Die Transsibirische Eisenbahn\" \/>\n<meta property=\"og:image\" content=\"https:\/\/reisetier.de\/transsib\/wp-content\/uploads\/sites\/2\/2011\/03\/stirnlampe.jpg\" \/>\n\t<meta property=\"og:image:width\" content=\"65\" \/>\n\t<meta property=\"og:image:height\" content=\"46\" \/>\n\t<meta property=\"og:image:type\" content=\"image\/jpeg\" \/>\n<meta name=\"twitter:card\" content=\"summary_large_image\" \/>\n<meta name=\"twitter:label1\" content=\"Gesch\u00e4tzte Lesezeit\" \/>\n\t<meta name=\"twitter:data1\" content=\"4\u00a0Minuten\" \/>\n<script type=\"application\/ld+json\" class=\"yoast-schema-graph\">{\"@context\":\"https:\/\/schema.org\",\"@graph\":[{\"@type\":\"WebPage\",\"@id\":\"https:\/\/reisetier.de\/transsib\/transsibirische-gepaeck\/reiselektuere-gadgets\/\",\"url\":\"https:\/\/reisetier.de\/transsib\/transsibirische-gepaeck\/reiselektuere-gadgets\/\",\"name\":\"Reiselekt\u00fcre & Gadgets f\u00fcr die Transsib\",\"isPartOf\":{\"@id\":\"https:\/\/reisetier.de\/transsib\/#website\"},\"primaryImageOfPage\":{\"@id\":\"https:\/\/reisetier.de\/transsib\/transsibirische-gepaeck\/reiselektuere-gadgets\/#primaryimage\"},\"image\":{\"@id\":\"https:\/\/reisetier.de\/transsib\/transsibirische-gepaeck\/reiselektuere-gadgets\/#primaryimage\"},\"thumbnailUrl\":\"https:\/\/reisetier.de\/transsib\/wp-content\/uploads\/sites\/2\/2011\/03\/stirnlampe.jpg\",\"datePublished\":\"2011-03-20T20:45:31+00:00\",\"description\":\"Hier gibt es Infos, welche B\u00fccher \u00fcber die Fahrt mit der Transsibirischen Eisenbahn gut sind und was man sonst noch so mit auf die Reise nehmen sollte.\",\"breadcrumb\":{\"@id\":\"https:\/\/reisetier.de\/transsib\/transsibirische-gepaeck\/reiselektuere-gadgets\/#breadcrumb\"},\"inLanguage\":\"de\",\"potentialAction\":[{\"@type\":\"ReadAction\",\"target\":[\"https:\/\/reisetier.de\/transsib\/transsibirische-gepaeck\/reiselektuere-gadgets\/\"]}]},{\"@type\":\"ImageObject\",\"inLanguage\":\"de\",\"@id\":\"https:\/\/reisetier.de\/transsib\/transsibirische-gepaeck\/reiselektuere-gadgets\/#primaryimage\",\"url\":\"https:\/\/reisetier.de\/transsib\/wp-content\/uploads\/sites\/2\/2011\/03\/stirnlampe.jpg\",\"contentUrl\":\"https:\/\/reisetier.de\/transsib\/wp-content\/uploads\/sites\/2\/2011\/03\/stirnlampe.jpg\",\"width\":65,\"height\":46,\"caption\":\"Eine Stirnlampe mit abnehmbaren Clip\"},{\"@type\":\"BreadcrumbList\",\"@id\":\"https:\/\/reisetier.de\/transsib\/transsibirische-gepaeck\/reiselektuere-gadgets\/#breadcrumb\",\"itemListElement\":[{\"@type\":\"ListItem\",\"position\":1,\"name\":\"Home\",\"item\":\"https:\/\/reisetier.de\/transsib\/\"},{\"@type\":\"ListItem\",\"position\":2,\"name\":\"Das Transsib Gep\u00e4ck\",\"item\":\"https:\/\/reisetier.de\/transsib\/transsibirische-gepaeck\/\"},{\"@type\":\"ListItem\",\"position\":3,\"name\":\"Reiselekt\u00fcre &amp; Gadgets\"}]},{\"@type\":\"WebSite\",\"@id\":\"https:\/\/reisetier.de\/transsib\/#website\",\"url\":\"https:\/\/reisetier.de\/transsib\/\",\"name\":\"Die Transsibirische Eisenbahn\",\"description\":\"Reisen durch Russland, die Mongolei und China\",\"potentialAction\":[{\"@type\":\"SearchAction\",\"target\":{\"@type\":\"EntryPoint\",\"urlTemplate\":\"https:\/\/reisetier.de\/transsib\/?s={search_term_string}\"},\"query-input\":{\"@type\":\"PropertyValueSpecification\",\"valueRequired\":true,\"valueName\":\"search_term_string\"}}],\"inLanguage\":\"de\"}]}<\/script>\n<!-- \/ Yoast SEO plugin. -->","yoast_head_json":{"title":"Reiselekt\u00fcre & Gadgets f\u00fcr die Transsib","description":"Hier gibt es Infos, welche B\u00fccher \u00fcber die Fahrt mit der Transsibirischen Eisenbahn gut sind und was man sonst noch so mit auf die Reise nehmen sollte.","robots":{"index":"index","follow":"follow","max-snippet":"max-snippet:-1","max-image-preview":"max-image-preview:large","max-video-preview":"max-video-preview:-1"},"canonical":"https:\/\/reisetier.de\/transsib\/transsibirische-gepaeck\/reiselektuere-gadgets\/","og_locale":"de_DE","og_type":"article","og_title":"Reiselekt\u00fcre & Gadgets f\u00fcr die Transsib","og_description":"Hier gibt es Infos, welche B\u00fccher \u00fcber die Fahrt mit der Transsibirischen Eisenbahn gut sind und was man sonst noch so mit auf die Reise nehmen sollte.","og_url":"https:\/\/reisetier.de\/transsib\/transsibirische-gepaeck\/reiselektuere-gadgets\/","og_site_name":"Die Transsibirische Eisenbahn","og_image":[{"width":65,"height":46,"url":"https:\/\/reisetier.de\/transsib\/wp-content\/uploads\/sites\/2\/2011\/03\/stirnlampe.jpg","type":"image\/jpeg"}],"twitter_card":"summary_large_image","twitter_misc":{"Gesch\u00e4tzte Lesezeit":"4\u00a0Minuten"},"schema":{"@context":"https:\/\/schema.org","@graph":[{"@type":"WebPage","@id":"https:\/\/reisetier.de\/transsib\/transsibirische-gepaeck\/reiselektuere-gadgets\/","url":"https:\/\/reisetier.de\/transsib\/transsibirische-gepaeck\/reiselektuere-gadgets\/","name":"Reiselekt\u00fcre & Gadgets f\u00fcr die Transsib","isPartOf":{"@id":"https:\/\/reisetier.de\/transsib\/#website"},"primaryImageOfPage":{"@id":"https:\/\/reisetier.de\/transsib\/transsibirische-gepaeck\/reiselektuere-gadgets\/#primaryimage"},"image":{"@id":"https:\/\/reisetier.de\/transsib\/transsibirische-gepaeck\/reiselektuere-gadgets\/#primaryimage"},"thumbnailUrl":"https:\/\/reisetier.de\/transsib\/wp-content\/uploads\/sites\/2\/2011\/03\/stirnlampe.jpg","datePublished":"2011-03-20T20:45:31+00:00","description":"Hier gibt es Infos, welche B\u00fccher \u00fcber die Fahrt mit der Transsibirischen Eisenbahn gut sind und was man sonst noch so mit auf die Reise nehmen sollte.","breadcrumb":{"@id":"https:\/\/reisetier.de\/transsib\/transsibirische-gepaeck\/reiselektuere-gadgets\/#breadcrumb"},"inLanguage":"de","potentialAction":[{"@type":"ReadAction","target":["https:\/\/reisetier.de\/transsib\/transsibirische-gepaeck\/reiselektuere-gadgets\/"]}]},{"@type":"ImageObject","inLanguage":"de","@id":"https:\/\/reisetier.de\/transsib\/transsibirische-gepaeck\/reiselektuere-gadgets\/#primaryimage","url":"https:\/\/reisetier.de\/transsib\/wp-content\/uploads\/sites\/2\/2011\/03\/stirnlampe.jpg","contentUrl":"https:\/\/reisetier.de\/transsib\/wp-content\/uploads\/sites\/2\/2011\/03\/stirnlampe.jpg","width":65,"height":46,"caption":"Eine Stirnlampe mit abnehmbaren Clip"},{"@type":"BreadcrumbList","@id":"https:\/\/reisetier.de\/transsib\/transsibirische-gepaeck\/reiselektuere-gadgets\/#breadcrumb","itemListElement":[{"@type":"ListItem","position":1,"name":"Home","item":"https:\/\/reisetier.de\/transsib\/"},{"@type":"ListItem","position":2,"name":"Das Transsib Gep\u00e4ck","item":"https:\/\/reisetier.de\/transsib\/transsibirische-gepaeck\/"},{"@type":"ListItem","position":3,"name":"Reiselekt\u00fcre &amp; Gadgets"}]},{"@type":"WebSite","@id":"https:\/\/reisetier.de\/transsib\/#website","url":"https:\/\/reisetier.de\/transsib\/","name":"Die Transsibirische Eisenbahn","description":"Reisen durch Russland, die Mongolei und China","potentialAction":[{"@type":"SearchAction","target":{"@type":"EntryPoint","urlTemplate":"https:\/\/reisetier.de\/transsib\/?s={search_term_string}"},"query-input":{"@type":"PropertyValueSpecification","valueRequired":true,"valueName":"search_term_string"}}],"inLanguage":"de"}]}},"_links":{"self":[{"href":"https:\/\/reisetier.de\/transsib\/wp-json\/wp\/v2\/pages\/281","targetHints":{"allow":["GET"]}}],"collection":[{"href":"https:\/\/reisetier.de\/transsib\/wp-json\/wp\/v2\/pages"}],"about":[{"href":"https:\/\/reisetier.de\/transsib\/wp-json\/wp\/v2\/types\/page"}],"author":[{"embeddable":true,"href":"https:\/\/reisetier.de\/transsib\/wp-json\/wp\/v2\/users\/1"}],"replies":[{"embeddable":true,"href":"https:\/\/reisetier.de\/transsib\/wp-json\/wp\/v2\/comments?post=281"}],"version-history":[{"count":0,"href":"https:\/\/reisetier.de\/transsib\/wp-json\/wp\/v2\/pages\/281\/revisions"}],"up":[{"embeddable":true,"href":"https:\/\/reisetier.de\/transsib\/wp-json\/wp\/v2\/pages\/236"}],"wp:featuredmedia":[{"embeddable":true,"href":"https:\/\/reisetier.de\/transsib\/wp-json\/wp\/v2\/media\/301"}],"wp:attachment":[{"href":"https:\/\/reisetier.de\/transsib\/wp-json\/wp\/v2\/media?parent=281"}],"curies":[{"name":"wp","href":"https:\/\/api.w.org\/{rel}","templated":true}]}}