{"id":257,"date":"2011-03-20T01:53:01","date_gmt":"2011-03-20T00:53:01","guid":{"rendered":"http:\/\/www.transsib-tipps.de\/?page_id=257"},"modified":"2011-03-20T01:53:01","modified_gmt":"2011-03-20T00:53:01","slug":"kontakt","status":"publish","type":"page","link":"https:\/\/reisetier.de\/transsib\/kontakt\/","title":{"rendered":"Kontakt"},"content":{"rendered":"<div class=\"formcontainer\">\n\t<h2>Ich freue mich \u00fcber jede Nachricht und antworte garantiert<\/h2><p class=\"information\">Habt ihr noch Fragen zur Transsibirischen Eisenbahn, die auf der Seite nicht beantwortet wurden? Oder habt ihr Ideen, wie man die Seite noch erweitern k\u00f6nnte? Oder wollt ihr einfach mal &#8222;eure&#8220; Transsib Geschichte erz\u00e4hlen. Schreibt mir, ich freue mich \u00fcber jede Nachricht und antworte gerne. Wenn ihr einen Facebook-Account habt, schreibt am Besten auf die Pinnwand der <a href=\"http:\/\/www.facebook.com\/#!\/pages\/transsib-tippsde\/104773289606278\" target=\"_blank\">Facebook-Seite von Transsib-Tipps<\/a>. Das hat den Vorteil, dass auch andere Leute eure Nachricht sehen und antworten k\u00f6nnen.<\/p>\n\t<form class=\"contact-form\" action=\"https:\/\/reisetier.de\/transsib\/kontakt\/\" method=\"post\">\n\t\t<fieldset>\n\t\t\t<legend>Dein Info<\/legend>\n\t\t\t<div class=\"form-label\"><label for=\"ec_name\">Name <span class=\"required\">*<\/span><\/label><\/div>\n\t\t\t<div class=\"form-input\"><input id=\"ec_name\" name=\"ec_name\" class=\"text required\" type=\"text\" value=\"\" size=\"30\" maxlength=\"50\" \/><\/div>\n\t\t\t<div class=\"form-label\"><label for=\"ec_email\">Email <span class=\"required\">*<\/span><\/label><\/div>\n\t\t\t<div class=\"form-input\"><input id=\"ec_email\" name=\"ec_email\" class=\"text required\" type=\"text\" value=\"\" size=\"30\" maxlength=\"50\" \/><\/div>\n\t\t\t<div class=\"form-label\"><label for=\"ec_url\">Website<\/label><\/div>\n\t\t\t<div class=\"form-input\"><input id=\"ec_url\" name=\"ec_url\" class=\"text optional\" type=\"text\" value=\"\" size=\"30\" maxlength=\"50\" \/><\/div>\n\t\t<\/fieldset>\n\t\t<fieldset>\n\t\t\t<legend>Nachricht<\/legend>\n\t\t\t<div class=\"form-label\"><label for=\"ec_subject\">Betreff <span class=\"required\">*<\/span><\/label><\/div>\n\t\t\t<div class=\"form-input\"><input id=\"ec_subject\" name=\"ec_subject\" class=\"text required\" type=\"text\" value=\"\" size=\"30\" maxlength=\"50\" \/><\/div>\n\t\t\t<div class=\"form-label\"><label for=\"ec_message\">Nachricht <span class=\"required\">*<\/span><\/label><\/div>\n\t\t\t<div class=\"form-textarea\"><textarea id=\"ec_message\" name=\"ec_message\" class=\"text required\" cols=\"40\" rows=\"8\"><\/textarea><\/div>\n\t\t<\/fieldset>\n\t\t<fieldset>\n\t\t\t<legend>Spamschutz<\/legend>\n\t\t\t<div class=\"form-label\"><label for=\"ec_challenge_a\">Wie hei\u00dft die Hauptstadt von Russland? <span class=\"required\">*<\/span><\/label><\/div>\n\t\t\t<div class=\"form-input\"><input id=\"ec_challenge_a\" name=\"ec_challenge_a\" class=\"text required\" type=\"text\" value=\"\" size=\"30\" maxlength=\"50\" \/><\/div>\n\t\t\t<div class=\"form-submit\">\n\t\t\t\t<input type=\"submit\" name=\"submit\" class=\"button\" value=\"Abschicken\" \/>\n\t\t\t\t<input type=\"hidden\" name=\"ec_stage\" value=\"process\" \/>\n\t\t\t\t<input type=\"hidden\" name=\"ec_referer\" value=\"\" \/>\n\t\t\t\t<input type=\"hidden\" name=\"ec_orig_referer\" value=\"\" \/>\n\t\t\t<\/div>\n\t\t<\/fieldset>\n\t<\/form>\n<\/div>\n","protected":false},"excerpt":{"rendered":"","protected":false},"author":1,"featured_media":0,"parent":0,"menu_order":34,"comment_status":"open","ping_status":"closed","template":"","meta":{"footnotes":""},"class_list":["post-257","page","type-page","status-publish","hentry"],"yoast_head":"<!-- This site is optimized with the Yoast SEO plugin v27.3 - https:\/\/yoast.com\/product\/yoast-seo-wordpress\/ -->\n<title>Kontakt<\/title>\n<meta name=\"description\" content=\"Hast du Fragen zu Transsibirischen Eisenbahn? Ich beantworte sie dir gerne und freue mich \u00fcber Zuschriften.\" \/>\n<meta name=\"robots\" content=\"index, follow, max-snippet:-1, max-image-preview:large, max-video-preview:-1\" \/>\n<link rel=\"canonical\" href=\"https:\/\/reisetier.de\/transsib\/kontakt\/\" \/>\n<meta property=\"og:locale\" content=\"de_DE\" \/>\n<meta property=\"og:type\" content=\"article\" \/>\n<meta property=\"og:title\" content=\"Kontakt\" \/>\n<meta property=\"og:description\" content=\"Hast du Fragen zu Transsibirischen Eisenbahn? Ich beantworte sie dir gerne und freue mich \u00fcber Zuschriften.\" \/>\n<meta property=\"og:url\" content=\"https:\/\/reisetier.de\/transsib\/kontakt\/\" \/>\n<meta property=\"og:site_name\" content=\"Die Transsibirische Eisenbahn\" \/>\n<meta name=\"twitter:card\" content=\"summary_large_image\" \/>\n<script type=\"application\/ld+json\" class=\"yoast-schema-graph\">{\"@context\":\"https:\\\/\\\/schema.org\",\"@graph\":[{\"@type\":\"WebPage\",\"@id\":\"https:\\\/\\\/reisetier.de\\\/transsib\\\/kontakt\\\/\",\"url\":\"https:\\\/\\\/reisetier.de\\\/transsib\\\/kontakt\\\/\",\"name\":\"Kontakt\",\"isPartOf\":{\"@id\":\"https:\\\/\\\/reisetier.de\\\/transsib\\\/#website\"},\"datePublished\":\"2011-03-20T00:53:01+00:00\",\"description\":\"Hast du Fragen zu Transsibirischen Eisenbahn? Ich beantworte sie dir gerne und freue mich \u00fcber Zuschriften.\",\"breadcrumb\":{\"@id\":\"https:\\\/\\\/reisetier.de\\\/transsib\\\/kontakt\\\/#breadcrumb\"},\"inLanguage\":\"de\",\"potentialAction\":[{\"@type\":\"ReadAction\",\"target\":[\"https:\\\/\\\/reisetier.de\\\/transsib\\\/kontakt\\\/\"]}]},{\"@type\":\"BreadcrumbList\",\"@id\":\"https:\\\/\\\/reisetier.de\\\/transsib\\\/kontakt\\\/#breadcrumb\",\"itemListElement\":[{\"@type\":\"ListItem\",\"position\":1,\"name\":\"Home\",\"item\":\"https:\\\/\\\/reisetier.de\\\/transsib\\\/\"},{\"@type\":\"ListItem\",\"position\":2,\"name\":\"Kontakt\"}]},{\"@type\":\"WebSite\",\"@id\":\"https:\\\/\\\/reisetier.de\\\/transsib\\\/#website\",\"url\":\"https:\\\/\\\/reisetier.de\\\/transsib\\\/\",\"name\":\"Die Transsibirische Eisenbahn\",\"description\":\"Reisen durch Russland, die Mongolei und China\",\"potentialAction\":[{\"@type\":\"SearchAction\",\"target\":{\"@type\":\"EntryPoint\",\"urlTemplate\":\"https:\\\/\\\/reisetier.de\\\/transsib\\\/?s={search_term_string}\"},\"query-input\":{\"@type\":\"PropertyValueSpecification\",\"valueRequired\":true,\"valueName\":\"search_term_string\"}}],\"inLanguage\":\"de\"}]}<\/script>\n<!-- \/ Yoast SEO plugin. -->","yoast_head_json":{"title":"Kontakt","description":"Hast du Fragen zu Transsibirischen Eisenbahn? Ich beantworte sie dir gerne und freue mich \u00fcber Zuschriften.","robots":{"index":"index","follow":"follow","max-snippet":"max-snippet:-1","max-image-preview":"max-image-preview:large","max-video-preview":"max-video-preview:-1"},"canonical":"https:\/\/reisetier.de\/transsib\/kontakt\/","og_locale":"de_DE","og_type":"article","og_title":"Kontakt","og_description":"Hast du Fragen zu Transsibirischen Eisenbahn? Ich beantworte sie dir gerne und freue mich \u00fcber Zuschriften.","og_url":"https:\/\/reisetier.de\/transsib\/kontakt\/","og_site_name":"Die Transsibirische Eisenbahn","twitter_card":"summary_large_image","schema":{"@context":"https:\/\/schema.org","@graph":[{"@type":"WebPage","@id":"https:\/\/reisetier.de\/transsib\/kontakt\/","url":"https:\/\/reisetier.de\/transsib\/kontakt\/","name":"Kontakt","isPartOf":{"@id":"https:\/\/reisetier.de\/transsib\/#website"},"datePublished":"2011-03-20T00:53:01+00:00","description":"Hast du Fragen zu Transsibirischen Eisenbahn? Ich beantworte sie dir gerne und freue mich \u00fcber Zuschriften.","breadcrumb":{"@id":"https:\/\/reisetier.de\/transsib\/kontakt\/#breadcrumb"},"inLanguage":"de","potentialAction":[{"@type":"ReadAction","target":["https:\/\/reisetier.de\/transsib\/kontakt\/"]}]},{"@type":"BreadcrumbList","@id":"https:\/\/reisetier.de\/transsib\/kontakt\/#breadcrumb","itemListElement":[{"@type":"ListItem","position":1,"name":"Home","item":"https:\/\/reisetier.de\/transsib\/"},{"@type":"ListItem","position":2,"name":"Kontakt"}]},{"@type":"WebSite","@id":"https:\/\/reisetier.de\/transsib\/#website","url":"https:\/\/reisetier.de\/transsib\/","name":"Die Transsibirische Eisenbahn","description":"Reisen durch Russland, die Mongolei und China","potentialAction":[{"@type":"SearchAction","target":{"@type":"EntryPoint","urlTemplate":"https:\/\/reisetier.de\/transsib\/?s={search_term_string}"},"query-input":{"@type":"PropertyValueSpecification","valueRequired":true,"valueName":"search_term_string"}}],"inLanguage":"de"}]}},"_links":{"self":[{"href":"https:\/\/reisetier.de\/transsib\/wp-json\/wp\/v2\/pages\/257","targetHints":{"allow":["GET"]}}],"collection":[{"href":"https:\/\/reisetier.de\/transsib\/wp-json\/wp\/v2\/pages"}],"about":[{"href":"https:\/\/reisetier.de\/transsib\/wp-json\/wp\/v2\/types\/page"}],"author":[{"embeddable":true,"href":"https:\/\/reisetier.de\/transsib\/wp-json\/wp\/v2\/users\/1"}],"replies":[{"embeddable":true,"href":"https:\/\/reisetier.de\/transsib\/wp-json\/wp\/v2\/comments?post=257"}],"version-history":[{"count":0,"href":"https:\/\/reisetier.de\/transsib\/wp-json\/wp\/v2\/pages\/257\/revisions"}],"wp:attachment":[{"href":"https:\/\/reisetier.de\/transsib\/wp-json\/wp\/v2\/media?parent=257"}],"curies":[{"name":"wp","href":"https:\/\/api.w.org\/{rel}","templated":true}]}}