{"id":238,"date":"2011-03-19T20:42:47","date_gmt":"2011-03-19T19:42:47","guid":{"rendered":"http:\/\/www.transsib-tipps.de\/?page_id=238"},"modified":"2011-03-19T20:42:47","modified_gmt":"2011-03-19T19:42:47","slug":"rucksack-koffer","status":"publish","type":"page","link":"https:\/\/reisetier.de\/transsib\/transsibirische-gepaeck\/rucksack-koffer\/","title":{"rendered":"Rucksack oder Koffer"},"content":{"rendered":"<div id=\"attachment_265\" style=\"width: 318px\" class=\"wp-caption alignright\"><a href=\"\/transsib\/clickout\/globetrotter\/deuter6510\" rel=\"nofollow noopener\" target=\"_blank\"><img loading=\"lazy\" decoding=\"async\" aria-describedby=\"caption-attachment-265\" class=\"size-full wp-image-265\" title=\"Deuter Aircontact 55+10 bei Globetrotter\" src=\"https:\/\/reisetier.de\/transsib\/wp-content\/uploads\/sites\/2\/2011\/03\/rucksack.jpg\" alt=\"Deuter Rucksack f\u00fcr die Reise mit der Transsib\" width=\"308\" height=\"308\" srcset=\"https:\/\/reisetier.de\/transsib\/wp-content\/uploads\/sites\/2\/2011\/03\/rucksack.jpg 308w, https:\/\/reisetier.de\/transsib\/wp-content\/uploads\/sites\/2\/2011\/03\/rucksack-300x300.jpg 300w, https:\/\/reisetier.de\/transsib\/wp-content\/uploads\/sites\/2\/2011\/03\/rucksack-150x150.jpg 150w\" sizes=\"auto, (max-width: 308px) 100vw, 308px\" \/><\/a><p id=\"caption-attachment-265\" class=\"wp-caption-text\">Mein geliebter Rucksack<\/p><\/div>\n<h2>Was ist praktischer in der Transsibirischen Eisenbahn?<\/h2>\n<p>Bevor man sich Gedanken dar\u00fcber macht, was man alles einpacken will, sollte man erst mal \u00fcberlegen, wie man es \u00fcberhaupt einpacken will. Jeder kennt den handels\u00fcblichen Reisekoffer, im Idealfall mit Rollen drunter, den man auf ebenem Gel\u00e4nde hinter sich her ziehen kann und sonst in einer Hand tr\u00e4gt. So ein Koffer ist f\u00fcr den normalen Durchschnittsurlaub wunderbar geeignet.<\/p>\n<p>Nun ist die Reise mit der Transsibirischen Eisenbahn aber kein Durchschnittsurlaub. Ein Rucksack hat den Vorteil, dass Gep\u00e4ck, welches man auf dem R\u00fccken beziehungsweise auf dem H\u00fcften tr\u00e4gt, sehr viel angenehmer zu tragen ist, als einseitig in der Hand. Zudem hat man die H\u00e4nde frei und muss nicht seinen Koffer st\u00e4ndig abstellen, wenn man sein Ticket vorzeigen soll oder sich auch nur ein Getr\u00e4nk kaufen m\u00f6chte.<\/p>\n<p>In der Transsibirischen Eisenbahn kommt auch noch hinzu, dass die Gep\u00e4ck-F\u00e4cher unter den Betten l\u00e4nglich sind und so wesentlich besser zum Format eines gro\u00dfen Rucksacks passen. Einen gro\u00dfen Koffer bekommt man hier gar nicht oder nur sehr schlecht unter. F\u00fcr die Gep\u00e4ckablagen \u00fcber den Betten gilt das Gleiche.<\/p>\n<p>Bei der Wahl des Rucksacks, muss ich dazu raten, nicht am falschen Ende zu sparen. Nichts ist nerviger, als wenn der Riemen des Rucksacks nach der ersten Reisewoche abrei\u00dft und man den Rucksack nicht mehr vern\u00fcnftig tragen kann. Ein guter Reiserucksack ist in der Regel eine Investition f\u00fcrs Leben. Ich benutze meinen Rucksack nicht nur zum Reisen, sondern zum Beispiel auch um Eink\u00e4ufe zu transportieren.<\/p>\n<p>Viele gute Rucks\u00e4cke verschiedener Hersteller gibt es bei <a href=\"\/transsib\/clickout\/globetrotter\/rucksaecke\" rel=\"nofollow noopener\" target=\"_blank\">Globetrotter<\/a>. In Deutschland ist die Marke Deuter sehr verbreitet. Ich habe den <a title=\"Deuter Aircontact 55+10 bei Globetrotter\" href=\"\/transsib\/clickout\/globetrotter\/deuter6510\" rel=\"nofollow noopener\" target=\"_blank\">Deuter Aircontact 55+10<\/a> und bin sehr gl\u00fccklich damit. Wobei es vermutlich so ist, dass jeder Fan von seinem Rucksack ist \ud83d\ude09<\/p>\n<p>Wie man bei Globetroter sehen kann, ist Rucksack nicht gleich Rucksack und die Auswahl ist riesig. Um das gesamte Gep\u00e4ck unter zu bringen, w\u00fcrde ich dazu raten einen Rucksack mit mindestens 50 Litern zu nehmen, darunter wird es eng.<\/p>\n<p>Manche Rucks\u00e4cke haben neben der \u00d6ffnung oben noch einen umlaufen Rei\u00dfverschluss. Das ist sehr praktisch, um sein Gep\u00e4ck schneller zu finden. Hier kann ich den <a title=\"Deuter Aircontact 65+15 SL bei Globetrotter\" href=\"\/transsib\/clickout\/globetrotter\/deuter6515SL\" rel=\"nofollow noopener\" target=\"_blank\">Deuter Aircontact 50+10 SL<\/a> empfehlen. Diesen Rucksack hat meine Freundin und ist sehr zufrieden. Das SL im Namen bedeutet \u00fcbrigens, das der Rucksack speziell f\u00fcr Frauen ausgelegt ist. M\u00e4nner brauchen also das Modell ohne SL.<\/p>\n<p>Neben dem gro\u00dfen Rucksack, sollte man noch einen kleinen Rucksack mitnehmen (in der Traveller-Spache hei\u00dfen diese Daypacks). Wenn man kleine Ausfl\u00fcge macht, will man nat\u00fcrlich nicht immer den riesigen Rucksack mitnehmen. Auch als &#8222;Handgep\u00e4ck&#8220; in der Transsibirischen Eisenbahn ist ein kleinerer Rucksack sehr n\u00fctzlich. Auch f\u00fcr diese Rucks\u00e4cke hat Globetrotter eine <a title=\"Daypacks bei Globetrotter\" href=\"\/transsib\/clickout\/globetrotter\/daypacks\" rel=\"nofollow noopener\" target=\"_blank\">gro\u00dfe Auswahl<\/a>, wobei ich hier eher zu einem g\u00fcnstigeren Modell greifen w\u00fcrde. Die Anforderungen an den Rucksack sind in der Regel geringer. Man sollte aber darauf achten, dass der Rucksack kein festes Gestell im R\u00fccken hat, damit er nicht so viel Platz einnimmt, wenn man ihn nicht benutzt und im Hauptrucksack verstaut. <img loading=\"lazy\" decoding=\"async\" src=\"https:\/\/ssl-vg03.met.vgwort.de\/na\/7c312f2581f2496aa65b71795222f7c1\" width=\"1\" height=\"1\" alt=\"\"><\/p>\n","protected":false},"excerpt":{"rendered":"<p>Was ist praktischer in der Transsibirischen Eisenbahn? Bevor man sich Gedanken dar\u00fcber macht, was man alles einpacken will, sollte man erst mal \u00fcberlegen, wie man es \u00fcberhaupt einpacken will. Jeder kennt den handels\u00fcblichen Reisekoffer, im Idealfall mit Rollen drunter, den man auf ebenem Gel\u00e4nde hinter sich her ziehen kann und sonst in einer Hand tr\u00e4gt. &#038;hellip <a class=\"read-excerpt\" href=\"https:\/\/reisetier.de\/transsib\/transsibirische-gepaeck\/rucksack-koffer\/\">Continue reading <span class=\"meta-nav\">&raquo;<\/span><\/a><\/p>\n","protected":false},"author":1,"featured_media":265,"parent":236,"menu_order":11,"comment_status":"open","ping_status":"closed","template":"","meta":{"footnotes":""},"class_list":["post-238","page","type-page","status-publish","has-post-thumbnail","hentry"],"yoast_head":"<!-- This site is optimized with the Yoast SEO plugin v27.2 - https:\/\/yoast.com\/product\/yoast-seo-wordpress\/ -->\n<title>Rucksack oder Koffer<\/title>\n<meta name=\"description\" content=\"Nimmt man f\u00fcr die Transsibirische Eisenbahn lieber einen Rucksack oder einen Koffer? Hier berichte ich \u00fcber meine Erfahrungen.\" \/>\n<meta name=\"robots\" content=\"index, follow, max-snippet:-1, max-image-preview:large, max-video-preview:-1\" \/>\n<link rel=\"canonical\" href=\"https:\/\/reisetier.de\/transsib\/transsibirische-gepaeck\/rucksack-koffer\/\" \/>\n<meta property=\"og:locale\" content=\"de_DE\" \/>\n<meta property=\"og:type\" content=\"article\" \/>\n<meta property=\"og:title\" content=\"Rucksack oder Koffer\" \/>\n<meta property=\"og:description\" content=\"Nimmt man f\u00fcr die Transsibirische Eisenbahn lieber einen Rucksack oder einen Koffer? Hier berichte ich \u00fcber meine Erfahrungen.\" \/>\n<meta property=\"og:url\" content=\"https:\/\/reisetier.de\/transsib\/transsibirische-gepaeck\/rucksack-koffer\/\" \/>\n<meta property=\"og:site_name\" content=\"Die Transsibirische Eisenbahn\" \/>\n<meta property=\"og:image\" content=\"https:\/\/reisetier.de\/transsib\/wp-content\/uploads\/sites\/2\/2011\/03\/rucksack.jpg\" \/>\n\t<meta property=\"og:image:width\" content=\"308\" \/>\n\t<meta property=\"og:image:height\" content=\"308\" \/>\n\t<meta property=\"og:image:type\" content=\"image\/jpeg\" \/>\n<meta name=\"twitter:card\" content=\"summary_large_image\" \/>\n<meta name=\"twitter:label1\" content=\"Gesch\u00e4tzte Lesezeit\" \/>\n\t<meta name=\"twitter:data1\" content=\"3\u00a0Minuten\" \/>\n<script type=\"application\/ld+json\" class=\"yoast-schema-graph\">{\"@context\":\"https:\/\/schema.org\",\"@graph\":[{\"@type\":\"WebPage\",\"@id\":\"https:\/\/reisetier.de\/transsib\/transsibirische-gepaeck\/rucksack-koffer\/\",\"url\":\"https:\/\/reisetier.de\/transsib\/transsibirische-gepaeck\/rucksack-koffer\/\",\"name\":\"Rucksack oder Koffer\",\"isPartOf\":{\"@id\":\"https:\/\/reisetier.de\/transsib\/#website\"},\"primaryImageOfPage\":{\"@id\":\"https:\/\/reisetier.de\/transsib\/transsibirische-gepaeck\/rucksack-koffer\/#primaryimage\"},\"image\":{\"@id\":\"https:\/\/reisetier.de\/transsib\/transsibirische-gepaeck\/rucksack-koffer\/#primaryimage\"},\"thumbnailUrl\":\"https:\/\/reisetier.de\/transsib\/wp-content\/uploads\/sites\/2\/2011\/03\/rucksack.jpg\",\"datePublished\":\"2011-03-19T19:42:47+00:00\",\"description\":\"Nimmt man f\u00fcr die Transsibirische Eisenbahn lieber einen Rucksack oder einen Koffer? Hier berichte ich \u00fcber meine Erfahrungen.\",\"breadcrumb\":{\"@id\":\"https:\/\/reisetier.de\/transsib\/transsibirische-gepaeck\/rucksack-koffer\/#breadcrumb\"},\"inLanguage\":\"de\",\"potentialAction\":[{\"@type\":\"ReadAction\",\"target\":[\"https:\/\/reisetier.de\/transsib\/transsibirische-gepaeck\/rucksack-koffer\/\"]}]},{\"@type\":\"ImageObject\",\"inLanguage\":\"de\",\"@id\":\"https:\/\/reisetier.de\/transsib\/transsibirische-gepaeck\/rucksack-koffer\/#primaryimage\",\"url\":\"https:\/\/reisetier.de\/transsib\/wp-content\/uploads\/sites\/2\/2011\/03\/rucksack.jpg\",\"contentUrl\":\"https:\/\/reisetier.de\/transsib\/wp-content\/uploads\/sites\/2\/2011\/03\/rucksack.jpg\",\"width\":308,\"height\":308,\"caption\":\"Deuter Rucksack f\u00fcr die Reise mit der Transsib\"},{\"@type\":\"BreadcrumbList\",\"@id\":\"https:\/\/reisetier.de\/transsib\/transsibirische-gepaeck\/rucksack-koffer\/#breadcrumb\",\"itemListElement\":[{\"@type\":\"ListItem\",\"position\":1,\"name\":\"Home\",\"item\":\"https:\/\/reisetier.de\/transsib\/\"},{\"@type\":\"ListItem\",\"position\":2,\"name\":\"Das Transsib Gep\u00e4ck\",\"item\":\"https:\/\/reisetier.de\/transsib\/transsibirische-gepaeck\/\"},{\"@type\":\"ListItem\",\"position\":3,\"name\":\"Rucksack oder Koffer\"}]},{\"@type\":\"WebSite\",\"@id\":\"https:\/\/reisetier.de\/transsib\/#website\",\"url\":\"https:\/\/reisetier.de\/transsib\/\",\"name\":\"Die Transsibirische Eisenbahn\",\"description\":\"Reisen durch Russland, die Mongolei und China\",\"potentialAction\":[{\"@type\":\"SearchAction\",\"target\":{\"@type\":\"EntryPoint\",\"urlTemplate\":\"https:\/\/reisetier.de\/transsib\/?s={search_term_string}\"},\"query-input\":{\"@type\":\"PropertyValueSpecification\",\"valueRequired\":true,\"valueName\":\"search_term_string\"}}],\"inLanguage\":\"de\"}]}<\/script>\n<!-- \/ Yoast SEO plugin. -->","yoast_head_json":{"title":"Rucksack oder Koffer","description":"Nimmt man f\u00fcr die Transsibirische Eisenbahn lieber einen Rucksack oder einen Koffer? Hier berichte ich \u00fcber meine Erfahrungen.","robots":{"index":"index","follow":"follow","max-snippet":"max-snippet:-1","max-image-preview":"max-image-preview:large","max-video-preview":"max-video-preview:-1"},"canonical":"https:\/\/reisetier.de\/transsib\/transsibirische-gepaeck\/rucksack-koffer\/","og_locale":"de_DE","og_type":"article","og_title":"Rucksack oder Koffer","og_description":"Nimmt man f\u00fcr die Transsibirische Eisenbahn lieber einen Rucksack oder einen Koffer? Hier berichte ich \u00fcber meine Erfahrungen.","og_url":"https:\/\/reisetier.de\/transsib\/transsibirische-gepaeck\/rucksack-koffer\/","og_site_name":"Die Transsibirische Eisenbahn","og_image":[{"width":308,"height":308,"url":"https:\/\/reisetier.de\/transsib\/wp-content\/uploads\/sites\/2\/2011\/03\/rucksack.jpg","type":"image\/jpeg"}],"twitter_card":"summary_large_image","twitter_misc":{"Gesch\u00e4tzte Lesezeit":"3\u00a0Minuten"},"schema":{"@context":"https:\/\/schema.org","@graph":[{"@type":"WebPage","@id":"https:\/\/reisetier.de\/transsib\/transsibirische-gepaeck\/rucksack-koffer\/","url":"https:\/\/reisetier.de\/transsib\/transsibirische-gepaeck\/rucksack-koffer\/","name":"Rucksack oder Koffer","isPartOf":{"@id":"https:\/\/reisetier.de\/transsib\/#website"},"primaryImageOfPage":{"@id":"https:\/\/reisetier.de\/transsib\/transsibirische-gepaeck\/rucksack-koffer\/#primaryimage"},"image":{"@id":"https:\/\/reisetier.de\/transsib\/transsibirische-gepaeck\/rucksack-koffer\/#primaryimage"},"thumbnailUrl":"https:\/\/reisetier.de\/transsib\/wp-content\/uploads\/sites\/2\/2011\/03\/rucksack.jpg","datePublished":"2011-03-19T19:42:47+00:00","description":"Nimmt man f\u00fcr die Transsibirische Eisenbahn lieber einen Rucksack oder einen Koffer? Hier berichte ich \u00fcber meine Erfahrungen.","breadcrumb":{"@id":"https:\/\/reisetier.de\/transsib\/transsibirische-gepaeck\/rucksack-koffer\/#breadcrumb"},"inLanguage":"de","potentialAction":[{"@type":"ReadAction","target":["https:\/\/reisetier.de\/transsib\/transsibirische-gepaeck\/rucksack-koffer\/"]}]},{"@type":"ImageObject","inLanguage":"de","@id":"https:\/\/reisetier.de\/transsib\/transsibirische-gepaeck\/rucksack-koffer\/#primaryimage","url":"https:\/\/reisetier.de\/transsib\/wp-content\/uploads\/sites\/2\/2011\/03\/rucksack.jpg","contentUrl":"https:\/\/reisetier.de\/transsib\/wp-content\/uploads\/sites\/2\/2011\/03\/rucksack.jpg","width":308,"height":308,"caption":"Deuter Rucksack f\u00fcr die Reise mit der Transsib"},{"@type":"BreadcrumbList","@id":"https:\/\/reisetier.de\/transsib\/transsibirische-gepaeck\/rucksack-koffer\/#breadcrumb","itemListElement":[{"@type":"ListItem","position":1,"name":"Home","item":"https:\/\/reisetier.de\/transsib\/"},{"@type":"ListItem","position":2,"name":"Das Transsib Gep\u00e4ck","item":"https:\/\/reisetier.de\/transsib\/transsibirische-gepaeck\/"},{"@type":"ListItem","position":3,"name":"Rucksack oder Koffer"}]},{"@type":"WebSite","@id":"https:\/\/reisetier.de\/transsib\/#website","url":"https:\/\/reisetier.de\/transsib\/","name":"Die Transsibirische Eisenbahn","description":"Reisen durch Russland, die Mongolei und China","potentialAction":[{"@type":"SearchAction","target":{"@type":"EntryPoint","urlTemplate":"https:\/\/reisetier.de\/transsib\/?s={search_term_string}"},"query-input":{"@type":"PropertyValueSpecification","valueRequired":true,"valueName":"search_term_string"}}],"inLanguage":"de"}]}},"_links":{"self":[{"href":"https:\/\/reisetier.de\/transsib\/wp-json\/wp\/v2\/pages\/238","targetHints":{"allow":["GET"]}}],"collection":[{"href":"https:\/\/reisetier.de\/transsib\/wp-json\/wp\/v2\/pages"}],"about":[{"href":"https:\/\/reisetier.de\/transsib\/wp-json\/wp\/v2\/types\/page"}],"author":[{"embeddable":true,"href":"https:\/\/reisetier.de\/transsib\/wp-json\/wp\/v2\/users\/1"}],"replies":[{"embeddable":true,"href":"https:\/\/reisetier.de\/transsib\/wp-json\/wp\/v2\/comments?post=238"}],"version-history":[{"count":0,"href":"https:\/\/reisetier.de\/transsib\/wp-json\/wp\/v2\/pages\/238\/revisions"}],"up":[{"embeddable":true,"href":"https:\/\/reisetier.de\/transsib\/wp-json\/wp\/v2\/pages\/236"}],"wp:featuredmedia":[{"embeddable":true,"href":"https:\/\/reisetier.de\/transsib\/wp-json\/wp\/v2\/media\/265"}],"wp:attachment":[{"href":"https:\/\/reisetier.de\/transsib\/wp-json\/wp\/v2\/media?parent=238"}],"curies":[{"name":"wp","href":"https:\/\/api.w.org\/{rel}","templated":true}]}}