{"id":236,"date":"2011-03-19T20:28:12","date_gmt":"2011-03-19T19:28:12","guid":{"rendered":"http:\/\/www.transsib-tipps.de\/?page_id=236"},"modified":"2011-03-19T20:28:12","modified_gmt":"2011-03-19T19:28:12","slug":"transsibirische-gepaeck","status":"publish","type":"page","link":"https:\/\/reisetier.de\/transsib\/transsibirische-gepaeck\/","title":{"rendered":"Das Transsib Gep\u00e4ck"},"content":{"rendered":"<h2>Was nehme ich alles mit auf die Fahrt mit der Transsibirischen Eisenbahn?<\/h2>\n<p>Wenn man auf eine so lange Reise geht, will man nat\u00fcrlich alles dabei haben, was man braucht. Andererseits will man aber nat\u00fcrlich keinen \u00fcberfl\u00fcssigen Ballast mit sich herum schleppen. Diese Seiten drehen sich also rund um das Thema Gep\u00e4ck, das man in der Transsibirischen Eisenbahn dabei haben sollte.<\/p>\n<div class=\"teaser\">\n<h3><a href=\"rucksack-koffer\/\">Rucksack oder Koffer<\/a><\/h3>\n<p>Die Gretchenfrage: Worin sollte man sein Gep\u00e4ck packen?<br \/>\n<a href=\"rucksack-koffer\/\">Zu Rucksack oder Koffer<\/a>\n<\/div>\n<div class=\"teaser\">\n<h3><a href=\"kleidung\/\">Kleidung<\/a><\/h3>\n<p>Was zieht man auf der Fahrt mit der Transsibirischen Eisenbahn an?<br \/>\n<a href=\"kleidung\/\">Zur Kleidung<\/a>\n<\/div>\n<div class=\"teaser\">\n<h3><a href=\"reiselektuere-gadgets\/\">Reiselekt\u00fcre &amp; Gadgets<\/a><\/h3>\n<p>Welche B\u00fccher \u00fcber die Transsibirische Eisenbahn lohnen sich? Und was gibt es sonst noch f\u00fcr n\u00fctzliche Reiseutensilien?<br \/>\n<a href=\"reiselektuere-gadgets\/\">Zu Reiselekt\u00fcre und Gadgets<\/a>\n<\/div>\n<div style=\"clear:both\">&nbsp;<\/div>\n","protected":false},"excerpt":{"rendered":"<p>Was nehme ich alles mit auf die Fahrt mit der Transsibirischen Eisenbahn? Wenn man auf eine so lange Reise geht, will man nat\u00fcrlich alles dabei haben, was man braucht. Andererseits will man aber nat\u00fcrlich keinen \u00fcberfl\u00fcssigen Ballast mit sich herum schleppen. Diese Seiten drehen sich also rund um das Thema Gep\u00e4ck, das man in der &#038;hellip <a class=\"read-excerpt\" href=\"https:\/\/reisetier.de\/transsib\/transsibirische-gepaeck\/\">Continue reading <span class=\"meta-nav\">&raquo;<\/span><\/a><\/p>\n","protected":false},"author":1,"featured_media":0,"parent":0,"menu_order":10,"comment_status":"open","ping_status":"closed","template":"","meta":{"footnotes":""},"class_list":["post-236","page","type-page","status-publish","hentry"],"yoast_head":"<!-- This site is optimized with the Yoast SEO plugin v27.5 - https:\/\/yoast.com\/product\/yoast-seo-wordpress\/ -->\n<title>Transsibirische Eisenbahn Gep\u00e4ck<\/title>\n<meta name=\"description\" content=\"Hier gibt es Tipps und wertvolle Erfahrungen, was man alles f\u00fcr eine Fahrt mit der Transsibirischen Eisenbahn einpacken sollte.\" \/>\n<meta name=\"robots\" content=\"index, follow, max-snippet:-1, max-image-preview:large, max-video-preview:-1\" \/>\n<link rel=\"canonical\" href=\"https:\/\/reisetier.de\/transsib\/transsibirische-gepaeck\/\" \/>\n<meta property=\"og:locale\" content=\"de_DE\" \/>\n<meta property=\"og:type\" content=\"article\" \/>\n<meta property=\"og:title\" content=\"Transsibirische Eisenbahn Gep\u00e4ck\" \/>\n<meta property=\"og:description\" content=\"Hier gibt es Tipps und wertvolle Erfahrungen, was man alles f\u00fcr eine Fahrt mit der Transsibirischen Eisenbahn einpacken sollte.\" \/>\n<meta property=\"og:url\" content=\"https:\/\/reisetier.de\/transsib\/transsibirische-gepaeck\/\" \/>\n<meta property=\"og:site_name\" content=\"Die Transsibirische Eisenbahn\" \/>\n<meta name=\"twitter:card\" content=\"summary_large_image\" \/>\n<meta name=\"twitter:label1\" content=\"Gesch\u00e4tzte Lesezeit\" \/>\n\t<meta name=\"twitter:data1\" content=\"1\u00a0Minute\" \/>\n<script type=\"application\/ld+json\" class=\"yoast-schema-graph\">{\"@context\":\"https:\\\/\\\/schema.org\",\"@graph\":[{\"@type\":\"WebPage\",\"@id\":\"https:\\\/\\\/reisetier.de\\\/transsib\\\/transsibirische-gepaeck\\\/\",\"url\":\"https:\\\/\\\/reisetier.de\\\/transsib\\\/transsibirische-gepaeck\\\/\",\"name\":\"Transsibirische Eisenbahn Gep\u00e4ck\",\"isPartOf\":{\"@id\":\"https:\\\/\\\/reisetier.de\\\/transsib\\\/#website\"},\"datePublished\":\"2011-03-19T19:28:12+00:00\",\"description\":\"Hier gibt es Tipps und wertvolle Erfahrungen, was man alles f\u00fcr eine Fahrt mit der Transsibirischen Eisenbahn einpacken sollte.\",\"breadcrumb\":{\"@id\":\"https:\\\/\\\/reisetier.de\\\/transsib\\\/transsibirische-gepaeck\\\/#breadcrumb\"},\"inLanguage\":\"de\",\"potentialAction\":[{\"@type\":\"ReadAction\",\"target\":[\"https:\\\/\\\/reisetier.de\\\/transsib\\\/transsibirische-gepaeck\\\/\"]}]},{\"@type\":\"BreadcrumbList\",\"@id\":\"https:\\\/\\\/reisetier.de\\\/transsib\\\/transsibirische-gepaeck\\\/#breadcrumb\",\"itemListElement\":[{\"@type\":\"ListItem\",\"position\":1,\"name\":\"Home\",\"item\":\"https:\\\/\\\/reisetier.de\\\/transsib\\\/\"},{\"@type\":\"ListItem\",\"position\":2,\"name\":\"Das Transsib Gep\u00e4ck\"}]},{\"@type\":\"WebSite\",\"@id\":\"https:\\\/\\\/reisetier.de\\\/transsib\\\/#website\",\"url\":\"https:\\\/\\\/reisetier.de\\\/transsib\\\/\",\"name\":\"Die Transsibirische Eisenbahn\",\"description\":\"Reisen durch Russland, die Mongolei und China\",\"potentialAction\":[{\"@type\":\"SearchAction\",\"target\":{\"@type\":\"EntryPoint\",\"urlTemplate\":\"https:\\\/\\\/reisetier.de\\\/transsib\\\/?s={search_term_string}\"},\"query-input\":{\"@type\":\"PropertyValueSpecification\",\"valueRequired\":true,\"valueName\":\"search_term_string\"}}],\"inLanguage\":\"de\"}]}<\/script>\n<!-- \/ Yoast SEO plugin. -->","yoast_head_json":{"title":"Transsibirische Eisenbahn Gep\u00e4ck","description":"Hier gibt es Tipps und wertvolle Erfahrungen, was man alles f\u00fcr eine Fahrt mit der Transsibirischen Eisenbahn einpacken sollte.","robots":{"index":"index","follow":"follow","max-snippet":"max-snippet:-1","max-image-preview":"max-image-preview:large","max-video-preview":"max-video-preview:-1"},"canonical":"https:\/\/reisetier.de\/transsib\/transsibirische-gepaeck\/","og_locale":"de_DE","og_type":"article","og_title":"Transsibirische Eisenbahn Gep\u00e4ck","og_description":"Hier gibt es Tipps und wertvolle Erfahrungen, was man alles f\u00fcr eine Fahrt mit der Transsibirischen Eisenbahn einpacken sollte.","og_url":"https:\/\/reisetier.de\/transsib\/transsibirische-gepaeck\/","og_site_name":"Die Transsibirische Eisenbahn","twitter_card":"summary_large_image","twitter_misc":{"Gesch\u00e4tzte Lesezeit":"1\u00a0Minute"},"schema":{"@context":"https:\/\/schema.org","@graph":[{"@type":"WebPage","@id":"https:\/\/reisetier.de\/transsib\/transsibirische-gepaeck\/","url":"https:\/\/reisetier.de\/transsib\/transsibirische-gepaeck\/","name":"Transsibirische Eisenbahn Gep\u00e4ck","isPartOf":{"@id":"https:\/\/reisetier.de\/transsib\/#website"},"datePublished":"2011-03-19T19:28:12+00:00","description":"Hier gibt es Tipps und wertvolle Erfahrungen, was man alles f\u00fcr eine Fahrt mit der Transsibirischen Eisenbahn einpacken sollte.","breadcrumb":{"@id":"https:\/\/reisetier.de\/transsib\/transsibirische-gepaeck\/#breadcrumb"},"inLanguage":"de","potentialAction":[{"@type":"ReadAction","target":["https:\/\/reisetier.de\/transsib\/transsibirische-gepaeck\/"]}]},{"@type":"BreadcrumbList","@id":"https:\/\/reisetier.de\/transsib\/transsibirische-gepaeck\/#breadcrumb","itemListElement":[{"@type":"ListItem","position":1,"name":"Home","item":"https:\/\/reisetier.de\/transsib\/"},{"@type":"ListItem","position":2,"name":"Das Transsib Gep\u00e4ck"}]},{"@type":"WebSite","@id":"https:\/\/reisetier.de\/transsib\/#website","url":"https:\/\/reisetier.de\/transsib\/","name":"Die Transsibirische Eisenbahn","description":"Reisen durch Russland, die Mongolei und China","potentialAction":[{"@type":"SearchAction","target":{"@type":"EntryPoint","urlTemplate":"https:\/\/reisetier.de\/transsib\/?s={search_term_string}"},"query-input":{"@type":"PropertyValueSpecification","valueRequired":true,"valueName":"search_term_string"}}],"inLanguage":"de"}]}},"_links":{"self":[{"href":"https:\/\/reisetier.de\/transsib\/wp-json\/wp\/v2\/pages\/236","targetHints":{"allow":["GET"]}}],"collection":[{"href":"https:\/\/reisetier.de\/transsib\/wp-json\/wp\/v2\/pages"}],"about":[{"href":"https:\/\/reisetier.de\/transsib\/wp-json\/wp\/v2\/types\/page"}],"author":[{"embeddable":true,"href":"https:\/\/reisetier.de\/transsib\/wp-json\/wp\/v2\/users\/1"}],"replies":[{"embeddable":true,"href":"https:\/\/reisetier.de\/transsib\/wp-json\/wp\/v2\/comments?post=236"}],"version-history":[{"count":0,"href":"https:\/\/reisetier.de\/transsib\/wp-json\/wp\/v2\/pages\/236\/revisions"}],"wp:attachment":[{"href":"https:\/\/reisetier.de\/transsib\/wp-json\/wp\/v2\/media?parent=236"}],"curies":[{"name":"wp","href":"https:\/\/api.w.org\/{rel}","templated":true}]}}