{"id":2216,"date":"2018-06-24T16:12:46","date_gmt":"2018-06-24T15:12:46","guid":{"rendered":"https:\/\/www.transsib-tipps.de\/?page_id=2216"},"modified":"2018-06-24T16:12:46","modified_gmt":"2018-06-24T15:12:46","slug":"mongolische-mentalitaet","status":"publish","type":"page","link":"https:\/\/reisetier.de\/transsib\/mongolei\/mongolische-mentalitaet\/","title":{"rendered":"Die mongolische Mentalit\u00e4t"},"content":{"rendered":"<p><em>Die Mentalit\u00e4t in der Mongolei ist komplett anders als in Russland oder China. Da ich selbst nur eine Woche in diesem spannenden Land war, habe ich Philipp gebeten die mongolische Mentalit\u00e4t genauer zu beschreiben. Philipp war schon viele Male in der Mongolei und gibt auf seiner tollen Seite <a href=\"https:\/\/mongoleireise.com\/\" target=\"_blank\" rel=\"noopener\">mongoleireise.com<\/a> jede Menge Reisetipps.<\/em><\/p>\n<p><img loading=\"lazy\" decoding=\"async\" src=\"https:\/\/reisetier.de\/transsib\/wp-content\/uploads\/sites\/2\/2018\/08\/ulan-bator.jpg\" alt=\"\" width=\"430\" height=\"286\" class=\"alignright size-full wp-image-2223\" srcset=\"https:\/\/reisetier.de\/transsib\/wp-content\/uploads\/sites\/2\/2018\/08\/ulan-bator.jpg 860w, https:\/\/reisetier.de\/transsib\/wp-content\/uploads\/sites\/2\/2018\/08\/ulan-bator-300x200.jpg 300w, https:\/\/reisetier.de\/transsib\/wp-content\/uploads\/sites\/2\/2018\/08\/ulan-bator-768x512.jpg 768w\" sizes=\"auto, (max-width: 430px) 100vw, 430px\" \/><\/p>\n<h2>Ankunft in der Mongolei<\/h2>\n<p>Kommst Du von Norden aus in die Mongolei, dann wirst du auf russischer Seite der Grenze durch die Region der Burjaten kommen. Diese f\u00fchren eine \u00e4hnliche Lebensweise und Mentalit\u00e4t wie die Menschen in der Mongolei. Dort gibt es auch eine mit den Mongolen eng verwandte Minderheit der Burjaten. <\/p>\n<p>Lass Dich in der Mongolei nicht von den vielen kleinen H\u00e4ndlern, Gesch\u00e4ftemachern und mehr oder weniger dubiosen Taxifahrer \u00fcberraschen. Der Bahnhof von Ulaanbaatar ist eine Gegend, die man lieber schnell verl\u00e4sst. Als Ausl\u00e4nder f\u00e4llst Du hier nat\u00fcrlich sofort auf. Du wirst hier von einem Taxifahrer angesprochen, einen Meter weiter bekommst Du Teigtaschen angeboten und wieder ein paar Schritte weiter dann eine Tour durch die Gobi. Die Gesch\u00e4ftst\u00fcchtigkeit ist der erste Aspekt der mongolischen Mentalit\u00e4t, die Du erfahren wirst.<\/p>\n<h2>Identit\u00e4tssuche<\/h2>\n<p>Die Mongolei war in den letzten 200 Jahren immer entweder chinesisch oder russisch dominiert. Nach dem Zusammenbruch der Sowjetunion fiel die vorherrschende sozialistische Sicht weg und die Mongolen suchen seit Anfang der 90er Jahre nach einer eigenen Identit\u00e4t. Bisher haben sie eine einfache Antwort gefunden: Chinggis Khan! Gesprochen: \u201cTschingis Hahn\u201d.<\/p>\n<p>Du wirst in der Mongolei mehrere Banken, Hotels, Biermarken und Vodkasorten mit diesem Namen finden. Auch der Flughafen wurde Chinggis Khan Flughafen genannt. Der zentrale Platz vor dem Parlamentsgeb\u00e4ude wechselt den Namen hin und her und heisst auch manchmal Chinggis Khan Platz. Wenn Du Dich also verabreden m\u00f6chtest, sei vorsichtig, wenn es etwas mit Chinggis Khan zu tun hat. Es k\u00f6nnte mehrere M\u00f6glichkeiten geben.<\/p>\n<p>Kleiner Tipp: Halte dich mit negativen Meinungen zu Chinggis Khan zur\u00fcck. Fr\u00fcher (unter sowjetischem Einflu\u00df) war es jahrzehntelang verboten eine positive Einstellung zu Chinggis Khan zu \u00e4u\u00dfern und unliebsame mongolische Politiker die etwa eine Feier zu Ehren des Mongolenf\u00fchrers ausrichten wollten, wurden von ihren Posten entfernt oder es ist ihnen Schlimmeres passiert. Von daher ist es verst\u00e4ndlich, dass es pl\u00f6tzlich eine starke Abneigung gegen jegliche Kritik gibt.<\/p>\n<h2>Stolz und Abschottung<\/h2>\n<p>Du wirst vielleicht erstaunt sein, wie oft sich Gespr\u00e4che um die Mongolei drehen. Alleine im Alltag wirst du h\u00e4ufig das Wort \u201cMongol\u201d h\u00f6ren. Es herrscht ein durchaus Mongolei-zentrisches Weltbild vor. Dies ist aber wohl in vielen L\u00e4ndern der Welt so. Zu dem Stolz das gr\u00f6\u00dfte Reich der Erde beherrscht zu haben gesellt sich gleichzeitig gro\u00dfe Unsicherheit. Die Mongolei ist heute ein unbedeutendes Land, welches darunter leidet, sich selbst mit dem \u201cgr\u00f6\u00dften Reich das jemals existierte\u201d im Jahr 1260 zu vergleichen. Mongolen kommen einem oft etwas k\u00fchl, sehr selbstbewusst und manchmal demonstrativ stolz vor. Dabei geht es manchmal auch um Abgrenzung. Zudem zeigt sich der Einfluss der in der \u00d6ffentlichkeit k\u00fchlen russischen Mentalit\u00e4t.<\/p>\n<h2>Der dritte Nachbar<\/h2>\n<p>Die Mongolei hat seit Jahren eine Strategie des \u201cDritten Nachbarn\u201d. Es wird dabei versucht, gute Beziehungen zu Drittstaaten, insbesondere zu den USA aufzubauen und die Abh\u00e4ngigkeit von China und Russland dadurch zu verringern. Das spiegelt sich auch in der Mentalit\u00e4t wieder. Viele junge Mongolen in Ulaanbaatar gingen auf englischsprachige Schulen und Kinderg\u00e4rten und sprechen nun akzentfrei Englisch. Moderne Ideen und Trends von #metoo bis vegane Ern\u00e4hrung finden in Ulaanbaatar ebenfalls Verbreitung. Das \u00fcbrige Land wird davon allerdings noch wenig ber\u00fchrt.\ufeff\ufeff<\/p>\n<h2>Achtung: Ellebogen<\/h2>\n<p>Die politische Wende traf die Mongolei schlimmer als Russland und wesentlich schlimmer als die DDR. In wenigen Wochen ist die Wirtschaft zusammen gebrochen. Die Mongolei war auf Hilfslieferungen der sozialistischen Bruderstaaten angewiesen, die von einem auf den anderen Tag eingestellt wurden. Viele Menschen verloren in dieser Zeit ihre Arbeit. Nicht wenige verzweifelten in dieser Lage und wurden Alkoholiker. Familien schlugen sich irgendwie durch \u2013 oft war selbst das t\u00e4gliche Essen keine Selbstverst\u00e4ndlichkeit. In dieser Zeit hat sich schnell auch eine sehr rabiate Verhaltensweise durchgesetzt, die man manchmal noch heute zu Gesicht bekommt. Zum Beispiel wenn Du in einen Club gehst oder in Ulaanbaatar in einen Verkehrsunfall verwickelt bist. Sei vorsichtig in solchen Situationen.<\/p>\n<p>Gepaart mit dem Stolz kann es also durchaus vorkommen, dass Mongolen etwas stark auf ihre St\u00e4rke pochen und nicht nur eine \u201cIch bin der K\u00f6nig in dieser Bar\u201d Mentalit\u00e4t haben, sondern dies auch in genau diesen Worten einem Reisenden mitteilen. Zudem wurde den Mongolen in den 90er Jahren nichts gegeben &#8211; alles mussten sie sich selbst nehmen. Vielleicht f\u00fchrt auch dies dazu, dass viele Reisende sagen, dass sie in der Mongolei beklaut wurden. <\/p>\n<p>Auch die Boomjahre 2011-2012 waren von einer gewissen \u00dcberheblichkeit und Ellebogenmentalit\u00e4t gepr\u00e4gt. Mittlerweile ist es viel besser und friedlicher geworden. Die meisten Mongolen glauben weder an schnellen Reichtum wie in den Boomjahren, noch daran, dass morgen kein Essen auf dem Tisch steht, wie Anfang der 90er Jahre. <\/p>\n<p><img loading=\"lazy\" decoding=\"async\" src=\"https:\/\/reisetier.de\/transsib\/wp-content\/uploads\/sites\/2\/2018\/08\/gobi-gastfreundschaft.jpg\" alt=\"\" width=\"430\" height=\"322\" class=\"alignright size-full wp-image-2227\" srcset=\"https:\/\/reisetier.de\/transsib\/wp-content\/uploads\/sites\/2\/2018\/08\/gobi-gastfreundschaft.jpg 860w, https:\/\/reisetier.de\/transsib\/wp-content\/uploads\/sites\/2\/2018\/08\/gobi-gastfreundschaft-300x225.jpg 300w, https:\/\/reisetier.de\/transsib\/wp-content\/uploads\/sites\/2\/2018\/08\/gobi-gastfreundschaft-768x576.jpg 768w\" sizes=\"auto, (max-width: 430px) 100vw, 430px\" \/><\/p>\n<h2>Gastfreundschaft und weiter Horizont<\/h2>\n<p>Einer der sch\u00f6nsten Momente, die Du erleben kannst ist die Gastfreundschaft der Mongolen. Insbesondere abseits der Touristenstr\u00f6me, also z.B. im \u00e4u\u00dfersten Westen der Mongolei sind die Menschen besonders gastfreundlich. Aber auch in der Stadt trifft man nicht nur gastfreundliche, sondern auch hoch interessante Menschen \u2013 die oft schon viel erlebt haben und interessante Projekte haben. Ob dies die \u00dcbersetzung von philosophischen Werken beinhaltet oder eine Yogagruppe, die am Wochenende in die Berge wandert um dort Yoga zu machen. Die Mongolei kann Dich \u00fcberraschen mit besonderen Begegnungen.<\/p>\n<p>Die meisten Mongolen nehmen Touristen einfach wahr, ohne sich dazu eine starke Meinung zu bilden. Man lebt eher nebeneinander \u2013 und in dem Bewusstsein, dass Touristen nur in den zwei bis drei warmen Monaten im Land sind. F\u00fcr einige Nomaden in den Touristenhotspots von Terelj, um Khakhorin oder in der Gobi sind Touristen eine gute Einnahmequelle aber auch willkommene Abwechslung im kurzen Sommer.<\/p>\n<h2>Deutsch in der Mongolei<\/h2>\n<p>Viele Mongolen sprechen Deutsch. Es gibt Sch\u00e4tzungen, die von 30.000 deutschsprechenden Mongolen ausgeht. Das w\u00e4ren 1% der Gesamtbev\u00f6lkerung. Wahrscheinlich ein absoluter Rekord in Asien. In der Mongolei gibt es Schulen, in welchen Deutsch als erste Fremdsprache unterrichtet wird. In Ulaanbaatar kann es gut sein, dass Du junge Reisef\u00fchrer triffst, die mit dir auf Deutsch sprechen, aber auch der eine oder andere Obdachlose, emeritierte Professor, Taxifahrer oder die Verk\u00e4uferin von Souvenirs k\u00f6nnen teilweise \u00fcberraschend gut Deutsch sprechen.<\/p>\n<p>Ein etwa 50-j\u00e4hriger fliegender Kleinh\u00e4ndler mit einem Bauchladen voll Postkarten hat mich vor einer Sehensw\u00fcrdigkeit in Ulaanbaatar angesprochen. Als er erfuhr, dass ich Deutsch spreche, hat er mir erz\u00e4hlt, dass er mehr als 8 Jahre in Deutschland gelebt hat und gerne nach Deutschland zur\u00fcck will, \u201cda man in der Mongolei kein professionelles Bitcoin business aufziehen kann\u201d. Ich war sprachlos. Ich w\u00fcnsche dir viel Spa\u00df bei \u00e4hnlich wunderbaren Begegnungen in der Mongolei! <\/p>\n<p>Tipps zum Verhalten in der Mongolei und mehr \u00fcber die lokale Mentalit\u00e4t findest Du auch auf: <a href=\"https:\/\/mongoleireise.com\/\" target=\"_blank\" rel=\"noopener\">mongoleireise.com<\/a><\/p>\n","protected":false},"excerpt":{"rendered":"<p>Die Mentalit\u00e4t in der Mongolei ist komplett anders als in Russland oder China. Da ich selbst nur eine Woche in diesem spannenden Land war, habe ich Philipp gebeten die mongolische Mentalit\u00e4t genauer zu beschreiben. Philipp war schon viele Male in der Mongolei und gibt auf seiner tollen Seite mongoleireise.com jede Menge Reisetipps. Ankunft in der &#038;hellip <a class=\"read-excerpt\" href=\"https:\/\/reisetier.de\/transsib\/mongolei\/mongolische-mentalitaet\/\">Continue reading <span class=\"meta-nav\">&raquo;<\/span><\/a><\/p>\n","protected":false},"author":1,"featured_media":0,"parent":225,"menu_order":409,"comment_status":"closed","ping_status":"closed","template":"","meta":{"footnotes":""},"class_list":["post-2216","page","type-page","status-publish","hentry"],"yoast_head":"<!-- This site is optimized with the Yoast SEO plugin v27.2 - https:\/\/yoast.com\/product\/yoast-seo-wordpress\/ -->\n<title>Die mongolische Mentalit\u00e4t - Die Transsibirische Eisenbahn<\/title>\n<meta name=\"description\" content=\"Die Mentalit\u00e4t in der Mongolei ist komplett anders als in Russland oder China, auch wenn sie in den letzten 500 Jahren immer wieder von diesen dominiert war\" \/>\n<meta name=\"robots\" content=\"index, follow, max-snippet:-1, max-image-preview:large, max-video-preview:-1\" \/>\n<link rel=\"canonical\" href=\"https:\/\/reisetier.de\/transsib\/mongolei\/mongolische-mentalitaet\/\" \/>\n<meta property=\"og:locale\" content=\"de_DE\" \/>\n<meta property=\"og:type\" content=\"article\" \/>\n<meta property=\"og:title\" content=\"Die mongolische Mentalit\u00e4t - Die Transsibirische Eisenbahn\" \/>\n<meta property=\"og:description\" content=\"Die Mentalit\u00e4t in der Mongolei ist komplett anders als in Russland oder China, auch wenn sie in den letzten 500 Jahren immer wieder von diesen dominiert war\" \/>\n<meta property=\"og:url\" content=\"https:\/\/reisetier.de\/transsib\/mongolei\/mongolische-mentalitaet\/\" \/>\n<meta property=\"og:site_name\" content=\"Die Transsibirische Eisenbahn\" \/>\n<meta property=\"og:image\" content=\"https:\/\/reisetier.de\/transsib\/wp-content\/uploads\/sites\/2\/2018\/08\/ulan-bator.jpg\" \/>\n<meta name=\"twitter:card\" content=\"summary_large_image\" \/>\n<meta name=\"twitter:label1\" content=\"Gesch\u00e4tzte Lesezeit\" \/>\n\t<meta name=\"twitter:data1\" content=\"6\u00a0Minuten\" \/>\n<script type=\"application\/ld+json\" class=\"yoast-schema-graph\">{\"@context\":\"https:\/\/schema.org\",\"@graph\":[{\"@type\":\"WebPage\",\"@id\":\"https:\/\/reisetier.de\/transsib\/mongolei\/mongolische-mentalitaet\/\",\"url\":\"https:\/\/reisetier.de\/transsib\/mongolei\/mongolische-mentalitaet\/\",\"name\":\"Die mongolische Mentalit\u00e4t - Die Transsibirische Eisenbahn\",\"isPartOf\":{\"@id\":\"https:\/\/reisetier.de\/transsib\/#website\"},\"primaryImageOfPage\":{\"@id\":\"https:\/\/reisetier.de\/transsib\/mongolei\/mongolische-mentalitaet\/#primaryimage\"},\"image\":{\"@id\":\"https:\/\/reisetier.de\/transsib\/mongolei\/mongolische-mentalitaet\/#primaryimage\"},\"thumbnailUrl\":\"https:\/\/reisetier.de\/transsib\/wp-content\/uploads\/sites\/2\/2018\/08\/ulan-bator.jpg\",\"datePublished\":\"2018-06-24T15:12:46+00:00\",\"description\":\"Die Mentalit\u00e4t in der Mongolei ist komplett anders als in Russland oder China, auch wenn sie in den letzten 500 Jahren immer wieder von diesen dominiert war\",\"breadcrumb\":{\"@id\":\"https:\/\/reisetier.de\/transsib\/mongolei\/mongolische-mentalitaet\/#breadcrumb\"},\"inLanguage\":\"de\",\"potentialAction\":[{\"@type\":\"ReadAction\",\"target\":[\"https:\/\/reisetier.de\/transsib\/mongolei\/mongolische-mentalitaet\/\"]}]},{\"@type\":\"ImageObject\",\"inLanguage\":\"de\",\"@id\":\"https:\/\/reisetier.de\/transsib\/mongolei\/mongolische-mentalitaet\/#primaryimage\",\"url\":\"https:\/\/reisetier.de\/transsib\/wp-content\/uploads\/sites\/2\/2018\/08\/ulan-bator.jpg\",\"contentUrl\":\"https:\/\/reisetier.de\/transsib\/wp-content\/uploads\/sites\/2\/2018\/08\/ulan-bator.jpg\",\"width\":860,\"height\":573},{\"@type\":\"BreadcrumbList\",\"@id\":\"https:\/\/reisetier.de\/transsib\/mongolei\/mongolische-mentalitaet\/#breadcrumb\",\"itemListElement\":[{\"@type\":\"ListItem\",\"position\":1,\"name\":\"Home\",\"item\":\"https:\/\/reisetier.de\/transsib\/\"},{\"@type\":\"ListItem\",\"position\":2,\"name\":\"Mongolei\",\"item\":\"https:\/\/reisetier.de\/transsib\/mongolei\/\"},{\"@type\":\"ListItem\",\"position\":3,\"name\":\"Die mongolische Mentalit\u00e4t\"}]},{\"@type\":\"WebSite\",\"@id\":\"https:\/\/reisetier.de\/transsib\/#website\",\"url\":\"https:\/\/reisetier.de\/transsib\/\",\"name\":\"Die Transsibirische Eisenbahn\",\"description\":\"Reisen durch Russland, die Mongolei und China\",\"potentialAction\":[{\"@type\":\"SearchAction\",\"target\":{\"@type\":\"EntryPoint\",\"urlTemplate\":\"https:\/\/reisetier.de\/transsib\/?s={search_term_string}\"},\"query-input\":{\"@type\":\"PropertyValueSpecification\",\"valueRequired\":true,\"valueName\":\"search_term_string\"}}],\"inLanguage\":\"de\"}]}<\/script>\n<!-- \/ Yoast SEO plugin. -->","yoast_head_json":{"title":"Die mongolische Mentalit\u00e4t - Die Transsibirische Eisenbahn","description":"Die Mentalit\u00e4t in der Mongolei ist komplett anders als in Russland oder China, auch wenn sie in den letzten 500 Jahren immer wieder von diesen dominiert war","robots":{"index":"index","follow":"follow","max-snippet":"max-snippet:-1","max-image-preview":"max-image-preview:large","max-video-preview":"max-video-preview:-1"},"canonical":"https:\/\/reisetier.de\/transsib\/mongolei\/mongolische-mentalitaet\/","og_locale":"de_DE","og_type":"article","og_title":"Die mongolische Mentalit\u00e4t - Die Transsibirische Eisenbahn","og_description":"Die Mentalit\u00e4t in der Mongolei ist komplett anders als in Russland oder China, auch wenn sie in den letzten 500 Jahren immer wieder von diesen dominiert war","og_url":"https:\/\/reisetier.de\/transsib\/mongolei\/mongolische-mentalitaet\/","og_site_name":"Die Transsibirische Eisenbahn","og_image":[{"url":"https:\/\/reisetier.de\/transsib\/wp-content\/uploads\/sites\/2\/2018\/08\/ulan-bator.jpg","type":"","width":"","height":""}],"twitter_card":"summary_large_image","twitter_misc":{"Gesch\u00e4tzte Lesezeit":"6\u00a0Minuten"},"schema":{"@context":"https:\/\/schema.org","@graph":[{"@type":"WebPage","@id":"https:\/\/reisetier.de\/transsib\/mongolei\/mongolische-mentalitaet\/","url":"https:\/\/reisetier.de\/transsib\/mongolei\/mongolische-mentalitaet\/","name":"Die mongolische Mentalit\u00e4t - Die Transsibirische Eisenbahn","isPartOf":{"@id":"https:\/\/reisetier.de\/transsib\/#website"},"primaryImageOfPage":{"@id":"https:\/\/reisetier.de\/transsib\/mongolei\/mongolische-mentalitaet\/#primaryimage"},"image":{"@id":"https:\/\/reisetier.de\/transsib\/mongolei\/mongolische-mentalitaet\/#primaryimage"},"thumbnailUrl":"https:\/\/reisetier.de\/transsib\/wp-content\/uploads\/sites\/2\/2018\/08\/ulan-bator.jpg","datePublished":"2018-06-24T15:12:46+00:00","description":"Die Mentalit\u00e4t in der Mongolei ist komplett anders als in Russland oder China, auch wenn sie in den letzten 500 Jahren immer wieder von diesen dominiert war","breadcrumb":{"@id":"https:\/\/reisetier.de\/transsib\/mongolei\/mongolische-mentalitaet\/#breadcrumb"},"inLanguage":"de","potentialAction":[{"@type":"ReadAction","target":["https:\/\/reisetier.de\/transsib\/mongolei\/mongolische-mentalitaet\/"]}]},{"@type":"ImageObject","inLanguage":"de","@id":"https:\/\/reisetier.de\/transsib\/mongolei\/mongolische-mentalitaet\/#primaryimage","url":"https:\/\/reisetier.de\/transsib\/wp-content\/uploads\/sites\/2\/2018\/08\/ulan-bator.jpg","contentUrl":"https:\/\/reisetier.de\/transsib\/wp-content\/uploads\/sites\/2\/2018\/08\/ulan-bator.jpg","width":860,"height":573},{"@type":"BreadcrumbList","@id":"https:\/\/reisetier.de\/transsib\/mongolei\/mongolische-mentalitaet\/#breadcrumb","itemListElement":[{"@type":"ListItem","position":1,"name":"Home","item":"https:\/\/reisetier.de\/transsib\/"},{"@type":"ListItem","position":2,"name":"Mongolei","item":"https:\/\/reisetier.de\/transsib\/mongolei\/"},{"@type":"ListItem","position":3,"name":"Die mongolische Mentalit\u00e4t"}]},{"@type":"WebSite","@id":"https:\/\/reisetier.de\/transsib\/#website","url":"https:\/\/reisetier.de\/transsib\/","name":"Die Transsibirische Eisenbahn","description":"Reisen durch Russland, die Mongolei und China","potentialAction":[{"@type":"SearchAction","target":{"@type":"EntryPoint","urlTemplate":"https:\/\/reisetier.de\/transsib\/?s={search_term_string}"},"query-input":{"@type":"PropertyValueSpecification","valueRequired":true,"valueName":"search_term_string"}}],"inLanguage":"de"}]}},"_links":{"self":[{"href":"https:\/\/reisetier.de\/transsib\/wp-json\/wp\/v2\/pages\/2216","targetHints":{"allow":["GET"]}}],"collection":[{"href":"https:\/\/reisetier.de\/transsib\/wp-json\/wp\/v2\/pages"}],"about":[{"href":"https:\/\/reisetier.de\/transsib\/wp-json\/wp\/v2\/types\/page"}],"author":[{"embeddable":true,"href":"https:\/\/reisetier.de\/transsib\/wp-json\/wp\/v2\/users\/1"}],"replies":[{"embeddable":true,"href":"https:\/\/reisetier.de\/transsib\/wp-json\/wp\/v2\/comments?post=2216"}],"version-history":[{"count":0,"href":"https:\/\/reisetier.de\/transsib\/wp-json\/wp\/v2\/pages\/2216\/revisions"}],"up":[{"embeddable":true,"href":"https:\/\/reisetier.de\/transsib\/wp-json\/wp\/v2\/pages\/225"}],"wp:attachment":[{"href":"https:\/\/reisetier.de\/transsib\/wp-json\/wp\/v2\/media?parent=2216"}],"curies":[{"name":"wp","href":"https:\/\/api.w.org\/{rel}","templated":true}]}}