{"id":212,"date":"2011-03-19T00:40:41","date_gmt":"2011-03-18T23:40:41","guid":{"rendered":"http:\/\/www.transsib-tipps.de\/?page_id=212"},"modified":"2011-03-19T00:40:41","modified_gmt":"2011-03-18T23:40:41","slug":"unterkunft-russland","status":"publish","type":"page","link":"https:\/\/reisetier.de\/transsib\/russland\/unterkunft-russland\/","title":{"rendered":"Unterk\u00fcnfte in Russland"},"content":{"rendered":"<div id=\"attachment_609\" style=\"width: 390px\" class=\"wp-caption alignright\"><a href=\"http:\/\/www.german.hostelworld.com\/findabed.php?ChosenCountry=Russia&amp;ChosenCity=Moscow&amp;affiliate=transsib-tipps.de\" target=\"_blank\" rel=\"nofollow noopener noreferrer\"><img loading=\"lazy\" decoding=\"async\" aria-describedby=\"caption-attachment-609\" class=\"size-full wp-image-609\" src=\"https:\/\/reisetier.de\/transsib\/wp-content\/uploads\/sites\/2\/2011\/03\/transsibirische-eisenbahn-hostel.jpg\" alt=\"Transsib Hostel\" width=\"380\" height=\"285\" srcset=\"https:\/\/reisetier.de\/transsib\/wp-content\/uploads\/sites\/2\/2011\/03\/transsibirische-eisenbahn-hostel.jpg 380w, https:\/\/reisetier.de\/transsib\/wp-content\/uploads\/sites\/2\/2011\/03\/transsibirische-eisenbahn-hostel-300x225.jpg 300w\" sizes=\"auto, (max-width: 380px) 100vw, 380px\" \/><\/a><p id=\"caption-attachment-609\" class=\"wp-caption-text\">Ein typisches Hostel-Zimmer<\/p><\/div>\n<h2>Wo kann man in Russland g\u00fcnstig \u00fcbernachten?<\/h2>\n<p>Mit g\u00fcnstigen Unterk\u00fcnften ist es so eine Sache auf dem Weg der Transsibirischen Eisenbahn. In den touristisch besser erschlossenen St\u00e4dten Moskau und Irkutsk gibt es viele Hostels, wo man f\u00fcr etwa 15\u20ac pro Nacht in R\u00e4umen mit sechs Betten \u00fcbernachten kann. M\u00f6chte man ein privates Zimmer in einem Hostel, muss man in Moskau etwa mit 25\u20ac und in Irkutsk etwa mit 20\u20ac rechnen. Richtige Hotels gibt es nat\u00fcrlich auch, diese sind nat\u00fcrlich etwas teurer. Mehr Preisbeispiele gibt es auf meiner <a href=\"\/transsib\/preise-transsib-tickets\/gesamtkosten\/\">Preisseite<\/a>.<\/p>\n<p>In den anderen St\u00e4dten halten nur recht wenige Reisende der Transsibirischen Eisenbahn. Deswegen sind diese auch l\u00e4ngst nicht so erschlossen und es gibt nur wenige Unterk\u00fcnfte. Als wir 2009 unsere Fahrt gemacht haben, konnten wir in Novosibirsk kein einziges Hostel im Internet finden. Inzwischen gibt es immerhin eins \ud83d\ude09<\/p>\n<p>Sucht man in Russland ein Hostel, sollte man sich die Adresse (auch auf Kyrillisch) und Telefonnummer vorher genau aufschreiben. Wer keine Karte hat, sollte zumindest einen Google Maps Ausdruck mitnehmen. Der Hintergrund ist der, dass die Hostels extrem schlecht bis gar nicht ausgeschildert sind. Manchmal gibt es immerhin eine Klingel mit der Aufschrift &#8222;Backpackers Doorbell&#8220;, manchmal muss man aber auch auf Verdacht in den 3. Stock hoch und da ist dann die T\u00fcr offen.<\/p>\n<p>Im Unterschied zum restlichen Land kann man davon ausgehen, dass das Hostel-Personal Englisch spricht. Auch von der  russischen, manchmal etwas verschlossenen Art ist dort nichts zu sp\u00fcren und wir wurden stets sehr offen und freundlich empfangen. Gab es mal Schwierigkeiten, gaben sich die Leute immer viel M\u00fche eine L\u00f6sung zu finden. Die Atmosph\u00e4re in den Hostels hab ich als sehr angenehm empfunden. Die Menschen dort kommen aus der ganzen Welt.<\/p>\n<p>Ist man in der sommerlichen Hochsaison der Transsibirischen Eisenbahn unterwegs, sollte man zumindest in Moskau und Irkutsk vorher reservieren. Als wir ohne Reservierung in Irkutsk ankamen, mussten wir erst eine ganze Weile von Hostel zu Hostel gehen, bis wir schlie\u00dflich beim Sohn einer Hostel-Besitzerin \u00fcbernachten konnten. F\u00fcr die Reservierung haben wir gute Erfahrungen mit <a href=\"\/transsib\/clickout\/hostelworld\" rel=\"nofollow noopener noreferrer\" target=\"_blank\">Hostelworld<\/a> gemacht. Dort gibt es auch Bewertungen von anderen Reisenden der Transsibirischen Eisenbahn.<\/p>\n<p>Eine gute Alternative sowohl f\u00fcr Hostels als auch f\u00fcr Hotels ist booking.com. Auch dort gibt es jede Menge Bewertungen von anderen Reisenden. Mit diesem Link bekommt ihr 10% Rabatt: <a href=\"https:\/\/www.booking.com\/s\/11_6\/5766f79c\" target=\"_blank\" rel=\"noopener noreferrer\">10% Rabatt bei booking.com<\/a>.<\/p>\n<p>Eine interessante Alternative zu Hostels und Hotels ist <a href=\"http:\/\/www.couchsurfing.org\/\" target=\"_blank\" rel=\"noopener noreferrer\">Couchsurfing<\/a>. Wer das Projekt nicht kennt: Bei Couchsurfing kann man Privatpersonen finden, bei denen man kosenlos f\u00fcr 1-2 N\u00e4chte \u00fcbernachten kann. Das hat zudem den Vorteil, dass man mit Einheimischen in Kontakt kommt, die sicherlich so manchen Tipp f\u00fcr ihre Stadt auf Lager haben, der im Reisef\u00fchrer fehlt.<img loading=\"lazy\" decoding=\"async\" src=\"https:\/\/ssl-vg03.met.vgwort.de\/na\/08b9d35c73894a4fa17620926908b886\" width=\"1\" height=\"1\" alt=\"\"><\/p>\n","protected":false},"excerpt":{"rendered":"<p>Wo kann man in Russland g\u00fcnstig \u00fcbernachten? Mit g\u00fcnstigen Unterk\u00fcnften ist es so eine Sache auf dem Weg der Transsibirischen Eisenbahn. In den touristisch besser erschlossenen St\u00e4dten Moskau und Irkutsk gibt es viele Hostels, wo man f\u00fcr etwa 15\u20ac pro Nacht in R\u00e4umen mit sechs Betten \u00fcbernachten kann. M\u00f6chte man ein privates Zimmer in einem &#038;hellip <a class=\"read-excerpt\" href=\"https:\/\/reisetier.de\/transsib\/russland\/unterkunft-russland\/\">Continue reading <span class=\"meta-nav\">&raquo;<\/span><\/a><\/p>\n","protected":false},"author":1,"featured_media":0,"parent":185,"menu_order":47,"comment_status":"open","ping_status":"open","template":"","meta":{"footnotes":""},"class_list":["post-212","page","type-page","status-publish","hentry"],"yoast_head":"<!-- This site is optimized with the Yoast SEO plugin v27.3 - https:\/\/yoast.com\/product\/yoast-seo-wordpress\/ -->\n<title>Transsibirischen Eisenbahn Unterk\u00fcnfte<\/title>\n<meta name=\"description\" content=\"Hier gibt es Infos und Tipps \u00fcber g\u00fcnstige Unterk\u00fcnfte auf dem russischen Teil der Strecke der Transsibirischen Eisenbahn.\" \/>\n<meta name=\"robots\" content=\"index, follow, max-snippet:-1, max-image-preview:large, max-video-preview:-1\" \/>\n<link rel=\"canonical\" href=\"https:\/\/reisetier.de\/transsib\/russland\/unterkunft-russland\/\" \/>\n<meta property=\"og:locale\" content=\"de_DE\" \/>\n<meta property=\"og:type\" content=\"article\" \/>\n<meta property=\"og:title\" content=\"Transsibirischen Eisenbahn Unterk\u00fcnfte\" \/>\n<meta property=\"og:description\" content=\"Hier gibt es Infos und Tipps \u00fcber g\u00fcnstige Unterk\u00fcnfte auf dem russischen Teil der Strecke der Transsibirischen Eisenbahn.\" \/>\n<meta property=\"og:url\" content=\"https:\/\/reisetier.de\/transsib\/russland\/unterkunft-russland\/\" \/>\n<meta property=\"og:site_name\" content=\"Die Transsibirische Eisenbahn\" \/>\n<meta property=\"og:image\" content=\"https:\/\/reisetier.de\/transsib\/wp-content\/uploads\/sites\/2\/2011\/03\/transsibirische-eisenbahn-hostel.jpg\" \/>\n<meta name=\"twitter:card\" content=\"summary_large_image\" \/>\n<meta name=\"twitter:label1\" content=\"Gesch\u00e4tzte Lesezeit\" \/>\n\t<meta name=\"twitter:data1\" content=\"2\u00a0Minuten\" \/>\n<script type=\"application\/ld+json\" class=\"yoast-schema-graph\">{\"@context\":\"https:\\\/\\\/schema.org\",\"@graph\":[{\"@type\":\"WebPage\",\"@id\":\"https:\\\/\\\/reisetier.de\\\/transsib\\\/russland\\\/unterkunft-russland\\\/\",\"url\":\"https:\\\/\\\/reisetier.de\\\/transsib\\\/russland\\\/unterkunft-russland\\\/\",\"name\":\"Transsibirischen Eisenbahn Unterk\u00fcnfte\",\"isPartOf\":{\"@id\":\"https:\\\/\\\/reisetier.de\\\/transsib\\\/#website\"},\"primaryImageOfPage\":{\"@id\":\"https:\\\/\\\/reisetier.de\\\/transsib\\\/russland\\\/unterkunft-russland\\\/#primaryimage\"},\"image\":{\"@id\":\"https:\\\/\\\/reisetier.de\\\/transsib\\\/russland\\\/unterkunft-russland\\\/#primaryimage\"},\"thumbnailUrl\":\"https:\\\/\\\/reisetier.de\\\/transsib\\\/wp-content\\\/uploads\\\/sites\\\/2\\\/2011\\\/03\\\/transsibirische-eisenbahn-hostel.jpg\",\"datePublished\":\"2011-03-18T23:40:41+00:00\",\"description\":\"Hier gibt es Infos und Tipps \u00fcber g\u00fcnstige Unterk\u00fcnfte auf dem russischen Teil der Strecke der Transsibirischen Eisenbahn.\",\"breadcrumb\":{\"@id\":\"https:\\\/\\\/reisetier.de\\\/transsib\\\/russland\\\/unterkunft-russland\\\/#breadcrumb\"},\"inLanguage\":\"de\",\"potentialAction\":[{\"@type\":\"ReadAction\",\"target\":[\"https:\\\/\\\/reisetier.de\\\/transsib\\\/russland\\\/unterkunft-russland\\\/\"]}]},{\"@type\":\"ImageObject\",\"inLanguage\":\"de\",\"@id\":\"https:\\\/\\\/reisetier.de\\\/transsib\\\/russland\\\/unterkunft-russland\\\/#primaryimage\",\"url\":\"https:\\\/\\\/reisetier.de\\\/transsib\\\/wp-content\\\/uploads\\\/sites\\\/2\\\/2011\\\/03\\\/transsibirische-eisenbahn-hostel.jpg\",\"contentUrl\":\"https:\\\/\\\/reisetier.de\\\/transsib\\\/wp-content\\\/uploads\\\/sites\\\/2\\\/2011\\\/03\\\/transsibirische-eisenbahn-hostel.jpg\",\"width\":380,\"height\":285,\"caption\":\"Transsib Hostel\"},{\"@type\":\"BreadcrumbList\",\"@id\":\"https:\\\/\\\/reisetier.de\\\/transsib\\\/russland\\\/unterkunft-russland\\\/#breadcrumb\",\"itemListElement\":[{\"@type\":\"ListItem\",\"position\":1,\"name\":\"Home\",\"item\":\"https:\\\/\\\/reisetier.de\\\/transsib\\\/\"},{\"@type\":\"ListItem\",\"position\":2,\"name\":\"Russland\",\"item\":\"https:\\\/\\\/reisetier.de\\\/transsib\\\/russland\\\/\"},{\"@type\":\"ListItem\",\"position\":3,\"name\":\"Unterk\u00fcnfte in Russland\"}]},{\"@type\":\"WebSite\",\"@id\":\"https:\\\/\\\/reisetier.de\\\/transsib\\\/#website\",\"url\":\"https:\\\/\\\/reisetier.de\\\/transsib\\\/\",\"name\":\"Die Transsibirische Eisenbahn\",\"description\":\"Reisen durch Russland, die Mongolei und China\",\"potentialAction\":[{\"@type\":\"SearchAction\",\"target\":{\"@type\":\"EntryPoint\",\"urlTemplate\":\"https:\\\/\\\/reisetier.de\\\/transsib\\\/?s={search_term_string}\"},\"query-input\":{\"@type\":\"PropertyValueSpecification\",\"valueRequired\":true,\"valueName\":\"search_term_string\"}}],\"inLanguage\":\"de\"}]}<\/script>\n<!-- \/ Yoast SEO plugin. -->","yoast_head_json":{"title":"Transsibirischen Eisenbahn Unterk\u00fcnfte","description":"Hier gibt es Infos und Tipps \u00fcber g\u00fcnstige Unterk\u00fcnfte auf dem russischen Teil der Strecke der Transsibirischen Eisenbahn.","robots":{"index":"index","follow":"follow","max-snippet":"max-snippet:-1","max-image-preview":"max-image-preview:large","max-video-preview":"max-video-preview:-1"},"canonical":"https:\/\/reisetier.de\/transsib\/russland\/unterkunft-russland\/","og_locale":"de_DE","og_type":"article","og_title":"Transsibirischen Eisenbahn Unterk\u00fcnfte","og_description":"Hier gibt es Infos und Tipps \u00fcber g\u00fcnstige Unterk\u00fcnfte auf dem russischen Teil der Strecke der Transsibirischen Eisenbahn.","og_url":"https:\/\/reisetier.de\/transsib\/russland\/unterkunft-russland\/","og_site_name":"Die Transsibirische Eisenbahn","og_image":[{"url":"https:\/\/reisetier.de\/transsib\/wp-content\/uploads\/sites\/2\/2011\/03\/transsibirische-eisenbahn-hostel.jpg","type":"","width":"","height":""}],"twitter_card":"summary_large_image","twitter_misc":{"Gesch\u00e4tzte Lesezeit":"2\u00a0Minuten"},"schema":{"@context":"https:\/\/schema.org","@graph":[{"@type":"WebPage","@id":"https:\/\/reisetier.de\/transsib\/russland\/unterkunft-russland\/","url":"https:\/\/reisetier.de\/transsib\/russland\/unterkunft-russland\/","name":"Transsibirischen Eisenbahn Unterk\u00fcnfte","isPartOf":{"@id":"https:\/\/reisetier.de\/transsib\/#website"},"primaryImageOfPage":{"@id":"https:\/\/reisetier.de\/transsib\/russland\/unterkunft-russland\/#primaryimage"},"image":{"@id":"https:\/\/reisetier.de\/transsib\/russland\/unterkunft-russland\/#primaryimage"},"thumbnailUrl":"https:\/\/reisetier.de\/transsib\/wp-content\/uploads\/sites\/2\/2011\/03\/transsibirische-eisenbahn-hostel.jpg","datePublished":"2011-03-18T23:40:41+00:00","description":"Hier gibt es Infos und Tipps \u00fcber g\u00fcnstige Unterk\u00fcnfte auf dem russischen Teil der Strecke der Transsibirischen Eisenbahn.","breadcrumb":{"@id":"https:\/\/reisetier.de\/transsib\/russland\/unterkunft-russland\/#breadcrumb"},"inLanguage":"de","potentialAction":[{"@type":"ReadAction","target":["https:\/\/reisetier.de\/transsib\/russland\/unterkunft-russland\/"]}]},{"@type":"ImageObject","inLanguage":"de","@id":"https:\/\/reisetier.de\/transsib\/russland\/unterkunft-russland\/#primaryimage","url":"https:\/\/reisetier.de\/transsib\/wp-content\/uploads\/sites\/2\/2011\/03\/transsibirische-eisenbahn-hostel.jpg","contentUrl":"https:\/\/reisetier.de\/transsib\/wp-content\/uploads\/sites\/2\/2011\/03\/transsibirische-eisenbahn-hostel.jpg","width":380,"height":285,"caption":"Transsib Hostel"},{"@type":"BreadcrumbList","@id":"https:\/\/reisetier.de\/transsib\/russland\/unterkunft-russland\/#breadcrumb","itemListElement":[{"@type":"ListItem","position":1,"name":"Home","item":"https:\/\/reisetier.de\/transsib\/"},{"@type":"ListItem","position":2,"name":"Russland","item":"https:\/\/reisetier.de\/transsib\/russland\/"},{"@type":"ListItem","position":3,"name":"Unterk\u00fcnfte in Russland"}]},{"@type":"WebSite","@id":"https:\/\/reisetier.de\/transsib\/#website","url":"https:\/\/reisetier.de\/transsib\/","name":"Die Transsibirische Eisenbahn","description":"Reisen durch Russland, die Mongolei und China","potentialAction":[{"@type":"SearchAction","target":{"@type":"EntryPoint","urlTemplate":"https:\/\/reisetier.de\/transsib\/?s={search_term_string}"},"query-input":{"@type":"PropertyValueSpecification","valueRequired":true,"valueName":"search_term_string"}}],"inLanguage":"de"}]}},"_links":{"self":[{"href":"https:\/\/reisetier.de\/transsib\/wp-json\/wp\/v2\/pages\/212","targetHints":{"allow":["GET"]}}],"collection":[{"href":"https:\/\/reisetier.de\/transsib\/wp-json\/wp\/v2\/pages"}],"about":[{"href":"https:\/\/reisetier.de\/transsib\/wp-json\/wp\/v2\/types\/page"}],"author":[{"embeddable":true,"href":"https:\/\/reisetier.de\/transsib\/wp-json\/wp\/v2\/users\/1"}],"replies":[{"embeddable":true,"href":"https:\/\/reisetier.de\/transsib\/wp-json\/wp\/v2\/comments?post=212"}],"version-history":[{"count":0,"href":"https:\/\/reisetier.de\/transsib\/wp-json\/wp\/v2\/pages\/212\/revisions"}],"up":[{"embeddable":true,"href":"https:\/\/reisetier.de\/transsib\/wp-json\/wp\/v2\/pages\/185"}],"wp:attachment":[{"href":"https:\/\/reisetier.de\/transsib\/wp-json\/wp\/v2\/media?parent=212"}],"curies":[{"name":"wp","href":"https:\/\/api.w.org\/{rel}","templated":true}]}}