{"id":21,"date":"2011-03-14T17:21:12","date_gmt":"2011-03-14T17:21:12","guid":{"rendered":"http:\/\/transsib.j-breuer.de\/?page_id=21"},"modified":"2022-09-25T16:07:14","modified_gmt":"2022-09-25T14:07:14","slug":"gesamtkosten","status":"publish","type":"page","link":"https:\/\/reisetier.de\/transsib\/preise-transsib-tickets\/gesamtkosten\/","title":{"rendered":"Transsibirische Eisenbahn Preise"},"content":{"rendered":"<div id=\"attachment_1348\" style=\"width: 410px\" class=\"wp-caption alignright\"><img loading=\"lazy\" decoding=\"async\" aria-describedby=\"caption-attachment-1348\" src=\"https:\/\/reisetier.de\/transsib\/wp-content\/uploads\/sites\/2\/2011\/11\/transsibirische-eisenbahn-preise.jpg\" alt=\"Die Preise f\u00fcr die Transsibirische Eisenbahn h\u00e4ngen auch vom aktuellen Rubel-Kurs ab.\" title=\"Die Preise f\u00fcr die Transsibirische Eisenbahn h\u00e4ngen auch vom aktuellen Rubel-Kurs ab.\" width=\"400\" height=\"300\" class=\"size-full wp-image-1348\" \/><p id=\"caption-attachment-1348\" class=\"wp-caption-text\">Die Preise f\u00fcr die Transsibirische Eisenbahn h\u00e4ngen auch vom aktuellen Rubel-Kurs ab.<\/p><\/div>\n<h2>Ist die Transsibirische Eisenbahn teuer?<\/h2>\n<p>&nbsp;<\/p>\n<p>Bevor man das Abenteuer Transsibirische Eisenbahn wagt, m\u00f6chte man nat\u00fcrlich erstmal wissen was die komplette Reise kosten wird. So einfach diese Frage klingt, so schwierig ist sie zu beantworten. Von folgenden Faktoren h\u00e4ngen die Preise einer Reise mit der Transsibirischen Eisenbahn vor allem ab:<\/p>\n<ul>\n<li>In welcher Klasse m\u00f6chte ich reisen? Der Preis f\u00fcr ein Ticket der 1. Klasse ist in etwa das Dreifache des Preises eines der 3. Klasse<\/li>\n<li>Bin ich bereit meine Tickets selbst zu kaufen und die Organisation f\u00fcr die Reise zu \u00fcbernehmen?<\/li>\n<li>Wie oft m\u00f6chte ich unterwegs aussteigen? Je \u00f6fter, desto h\u00f6her wird der Gesamtpreis.<\/li>\n<li>Wie m\u00f6chte ich bei Zwischenstopps untergebracht sein? Muss es ein edles Hotel sein, oder reicht ein Hostel-Schlafssal?<\/li>\n<li>Was f\u00fcr Touren und Ausfl\u00fcge m\u00f6chte ich unterwegs machen?<\/li>\n<li>Wie ist der aktuelle Wechselkurs des Rubels?<\/li>\n<\/ul>\n<p>&nbsp;<\/p>\n<p>Von Luxus bis Budget-Urlaub ist im Prinzip alles drin. Wer sein 3. Klasse Nonstop Ticket selbst am Schalter kauft, ist schon mit ein paar Hundert Euro dabei. Dann war man aber halt auch eine Woche lang nur in der Transsibirischen Eisenbahn und hat von den St\u00e4dten nichts gesehen. Nach oben hin ist die Grenze nat\u00fcrlich offen. F\u00fcr welche oben genannten Teilaspekte man bereit ist mehr Geld auszugeben, empfindet jeder anders. Ich pers\u00f6nlich spare lieber an Wagenklasse und Unterkunft und sehe mir daf\u00fcr unterwegs viele St\u00e4dte an und unternehme Touren. Zur besseren Einordnung der eigenen Reisekosten habe ich hier mal zwei typische Reisetypen gegen\u00fcber gestellt. In der dritten Spalte k\u00f6nnt ihr die Gesamtkosten f\u00fcr eure eigene Reise mit der Transsibirischen Eisenbahn berechnen. Bitte bedenkt dabei, dass es sich hierbei nur um eine grobe Rechnung und um keine exakten Preise handelt.<\/p>\n<p>&nbsp;<\/p>\n<table class=\"border preise\">\n<tr>\n<th>&nbsp;<\/th>\n<th>Budget-Traveller<\/th>\n<th>Durchschnitts-Reisender<\/th>\n<th>Deine Reise<\/th>\n<\/tr>\n<tr>\n<td><strong>Reisedauer<\/strong><\/td>\n<td>28 Tage<\/td>\n<td>28 Tage<\/td>\n<td><input type=\"text\" id=\"form_days\" onchange=\"refreshTotal()\" size=\"2\" \/> Tage<\/td>\n<\/tr>\n<tr>\n<td><strong><a href=\"..\/buchung\/\">Zugtickets<\/a><\/strong><\/td>\n<td>3. Kl. Moskau -> Irkutsk: ~150\u20ac<br \/>2. Kl. Irkutsk ->Ulan Bator: ~150\u20ac<br \/>(internationale Z\u00fcge haben keine 3. Klasse)<br \/>2. Kl. Ulan Bator -> Peking: ~250\u20ac<br \/>Gesamtpreis: 550\u20ac<\/td>\n<td>2. Kl. Moskau -> Ekaterinburg: ~150\u20ac<br \/>2. Kl. Ekaterinburg -> Irkutsk: ~200\u20ac<br \/>2. Kl. Irkutsk -> Ulan Bator: ~150\u20ac<br \/>2. Kl. Ulan Bator -> Peking: ~250\u20ac<br \/>Gesamtpreis: 750\u20ac<\/td>\n<td><select id=\"form_class\" onchange=\"refreshTotal()\"><option value=\"0\">bitte w\u00e4hlen <\/option><option value=\"1\">1. Klasse<\/option><option value=\"2\">2. Klasse<\/option><option value=\"3\">3. Klasse<\/option><\/select><br \/><input type=\"text\" id=\"form_stops\" size=\"2\" onchange=\"refreshTotal()\"> Zwischenstopps<\/p>\n<p>Gesamtpreis: <span id=\"ticket_total\">???<\/span><\/td>\n<\/tr>\n<tr>\n<td><a href=\"\/russland\/unterkunft-russland\/\"><strong>Unterkunft<\/strong><\/a><\/td>\n<td>Hostel-Schlafsaal: ~15\u20ac<br \/>23 \u00dcbernachtungen (5 ist man im Zug)<br \/>Gesamtpreis: 345\u20ac<\/td>\n<td>DZ im ***-Hotel: ~40\u20ac pP<br \/>23 \u00dcbernachtungen (5 ist man im Zug)<br \/>Gesamtpreis: 920\u20ac<\/td>\n<td><select id=\"form_hotel\" onchange=\"refreshTotal()\"><option value=\"0\">bitte w\u00e4hlen<\/option><option value=\"1\">****-Hotel EZ (100\u20ac \/ Tag)<\/option><option value=\"2\">***-Hotel DZ (40\u20ac \/ Tag)<\/option><option value=\"3\">Hostel-Schlafsaal (15\u20ac \/ Tag)<\/option><\/select><\/p>\n<p>Gesamtpreis: <span id=\"hotel_total\">???<\/span><\/td>\n<\/tr>\n<tr>\n<td><strong>An- &#038; Abreise<\/strong><\/td>\n<td>Flug nach Moskau: ~150\u20ac<br \/>R\u00fcckflug von Peking: ~400\u20ac<br \/>Gesamtpreis: 550\u20ac<\/td>\n<td>Flug nach Moskau: ~150\u20ac<br \/>R\u00fcckflug von Peking: ~400\u20ac<br \/>Gesamtpreis: 550\u20ac<\/td>\n<td>Flug nach Moskau: ~150\u20ac<br \/>R\u00fcckflug von Peking: ~400\u20ac<br \/>Gesamtpreis: 550\u20ac<\/td>\n<\/tr>\n<tr>\n<td><strong>Touren<\/strong><\/td>\n<td>nur kleine Ausfl\u00fcge z.B. zur chin. Mauer: ~50\u20ac<\/td>\n<td>einfache Tour am Baikalsee: ~200\u20ac<br \/>Fahrt durch die Gobi-W\u00fcste: ~200\u20ac<br \/>kleine Ausfl\u00fcge: ~50\u20ac<br \/>Gesamtpreis: 450\u20ac<\/td>\n<td><input type=\"checkbox\" id=\"form_tour_small\" value=\"1\" onchange=\"refreshTotal()\"> kleine Ausfl\u00fcge (~50\u20ac)<br \/><input type=\"checkbox\" id=\"form_tour_gobi\" value=\"1\" onchange=\"refreshTotal()\"> Gobi-Tour (~200\u20ac)<br \/><input type=\"checkbox\" id=\"form_tour_baikal\" value=\"1\" onchange=\"refreshTotal()\"> Tour am Baikalsee (~200\u20ac)<\/p>\n<p>Gesamtpreis: <span id=\"tour_total\">0\u20ac<\/span><\/td>\n<\/tr>\n<tr>\n<td><strong>Spesen<\/strong><\/td>\n<td>\u00f6ffentl. Verkehrsmittel: ~50\u20ac<br \/>selber kochen: ~5\u20ac * 28 Tage = 140\u20ac<br \/>Gesamtpreis: 190\u20ac<\/td>\n<td>\u00f6ffentl. Verkehrsmittel: ~30\u20ac<br \/>Taxi: ~50\u20ac<br \/>einfache Restaurants: ~20\u20ac * 28 Tage = 560\u20ac<br \/>Gesamtpreis: 640\u20ac<\/td>\n<td><select id=\"form_transport\" onchange=\"refreshTotal()\"><option value=\"0\">bitte w\u00e4hlen<\/option><option value=\"1\">nur Taxi (~100\u20ac)<\/option><option value=\"2\">Taxi\/Bus&#038;Bahn (~80\u20ac)<\/option><option value=\"3\">nur Bus&#038;Bahn (~50\u20ac)<\/option><\/select><br \/><select id=\"form_food\" onchange=\"refreshTotal()\"><option value=\"0\">bitte w\u00e4hlen<\/option><option value=\"1\">top Restaurants (~40\u20ac \/ Tag)<\/option><option value=\"2\">einfache Restaurants (~20\u20ac \/ Tag)<\/option><option value=\"3\">selber kochen (~5\u20ac \/ Tag)<\/option><\/select><br \/>Gesamtpreis: <span id=\"expenses_total\">???<\/span><\/td>\n<\/tr>\n<tr>\n<td><strong><a href=\"\/reise-organisation\/russland-visum\/\">Visa<\/a><\/strong><\/td>\n<td>Russland-Visum + Einladung: ~60\u20ac<br \/>China-Visum: ~90\u20ac<br \/>Gesamtpreis: 150\u20ac<\/td>\n<td>Russland-Visum + Einladung: ~60\u20ac<br \/>China-Visum: ~90\u20ac<br \/>Visum-Agentur: ~60\u20ac<br \/>Gesamtpreis: 210\u20ac<\/td>\n<td>Russland-Visum + Einladung: ~60\u20ac<br \/>China-Visum: ~90\u20ac<br \/><input id=\"form_visa\" type=\"checkbox\" onchange=\"refreshTotal()\"> Visum Agentur (~60\u20ac)<\/p>\n<p>Gesamtpreis: <span id=\"visa_total\">150\u20ac<\/span><\/td>\n<tr>\n<th>Gesamtpreise<\/th>\n<th>1775\u20ac<\/th>\n<th>3520\u20ac<\/th>\n<th><span id=\"all_total\">???<\/span><\/th>\n<\/tr>\n<\/table>\n<p>&nbsp;<\/p>\n<p>Die Gesamtpreise klingen nat\u00fcrlich erstmal recht ordentlich. Allerdings ist hier auch wirklich alles drin und es handelt sich um den doch recht langen Reisezeitraum von vier Wochen. Viele Menschen vergessen bei der Austellung der Preise eines dieser Dinge. Genaugenommen m\u00fcsste man eigentlich noch die laufenden Kosten zu Hause f\u00fcr Essen und Freizeit abziehen. Ich denke die meisten Besucher dieser Seite werden sich selbst irgendwo zwischen den beiden ersten Kategorien also bei rund 2000\u20ac &#8211; 2500\u20ac einordnen.<\/p>\n<p>Vergleicht man diese Gesamtpreise mit Pauschalreisen, entsteht zun\u00e4chst der Eindruck, dass es sich kaum lohnt, individuell mit der Transsibirischen Eisenbahn zu fahren. Bitte bedenkt, dass man bei den mei\u00dften Pauschalreise maximal 14 Tage unterwegs ist und mehr oder weniger durch die tollen Gegenden durchhetzt. <\/p>\n<p>Nimmt man sich weniger Zeit f\u00fcr die Fahrt mit der Transsibirischen Eisenbahn, sinken nat\u00fcrlich die Preise. Ich habe den Beispiel-Zeitraum so gew\u00e4hlt, weil ich gar kein Freund von halben Sachen bin. Wenn man sich den Traum von der Transsibirischen Eisenbahn erf\u00fcllt, sollte man ihn auch genie\u00dfen und nicht hetzen. Aber das ist nat\u00fcrlich jedem selbst \u00fcberlassen. Spielt einfach mal ein wenig mit dem Formular herum, um den Preis f\u00fcr eure Reise zu finden.<img loading=\"lazy\" decoding=\"async\" src=\"https:\/\/ssl-vg03.met.vgwort.de\/na\/97ad72e6f1204603882093b726612b8d\" width=\"1\" height=\"1\" alt=\"\"><\/p>\n","protected":false},"excerpt":{"rendered":"<p>Ist die Transsibirische Eisenbahn teuer? &nbsp; Bevor man das Abenteuer Transsibirische Eisenbahn wagt, m\u00f6chte man nat\u00fcrlich erstmal wissen was die komplette Reise kosten wird. So einfach diese Frage klingt, so schwierig ist sie zu beantworten. Von folgenden Faktoren h\u00e4ngen die Preise einer Reise mit der Transsibirischen Eisenbahn vor allem ab: In welcher Klasse m\u00f6chte ich &#038;hellip <a class=\"read-excerpt\" href=\"https:\/\/reisetier.de\/transsib\/preise-transsib-tickets\/gesamtkosten\/\">Continue reading <span class=\"meta-nav\">&raquo;<\/span><\/a><\/p>\n","protected":false},"author":1,"featured_media":0,"parent":67,"menu_order":2,"comment_status":"open","ping_status":"open","template":"","meta":{"footnotes":""},"class_list":["post-21","page","type-page","status-publish","hentry"],"yoast_head":"<!-- This site is optimized with the Yoast SEO plugin v27.4 - https:\/\/yoast.com\/product\/yoast-seo-wordpress\/ -->\n<title>Transsibirische Eisenbahn Preise ausrechnen<\/title>\n<meta name=\"description\" content=\"Du willst die Preise f\u00fcr die Transsibirische Eisenbahn wissen? Hier gibt es Beispiele und einen Kalkulator, um den Preis f\u00fcr deine Reise zu berechnen.\" \/>\n<meta name=\"robots\" content=\"index, follow, max-snippet:-1, max-image-preview:large, max-video-preview:-1\" \/>\n<link rel=\"canonical\" href=\"https:\/\/reisetier.de\/transsib\/preise-transsib-tickets\/gesamtkosten\/\" \/>\n<meta property=\"og:locale\" content=\"de_DE\" \/>\n<meta property=\"og:type\" content=\"article\" \/>\n<meta property=\"og:title\" content=\"Transsibirische Eisenbahn Preise ausrechnen\" \/>\n<meta property=\"og:description\" content=\"Du willst die Preise f\u00fcr die Transsibirische Eisenbahn wissen? Hier gibt es Beispiele und einen Kalkulator, um den Preis f\u00fcr deine Reise zu berechnen.\" \/>\n<meta property=\"og:url\" content=\"https:\/\/reisetier.de\/transsib\/preise-transsib-tickets\/gesamtkosten\/\" \/>\n<meta property=\"og:site_name\" content=\"Die Transsibirische Eisenbahn\" \/>\n<meta property=\"article:modified_time\" content=\"2022-09-25T14:07:14+00:00\" \/>\n<meta property=\"og:image\" content=\"https:\/\/reisetier.de\/transsib\/wp-content\/uploads\/sites\/2\/2011\/11\/transsibirische-eisenbahn-preise.jpg\" \/>\n<meta name=\"twitter:card\" content=\"summary_large_image\" \/>\n<meta name=\"twitter:label1\" content=\"Gesch\u00e4tzte Lesezeit\" \/>\n\t<meta name=\"twitter:data1\" content=\"4\u00a0Minuten\" \/>\n<script type=\"application\/ld+json\" class=\"yoast-schema-graph\">{\"@context\":\"https:\\\/\\\/schema.org\",\"@graph\":[{\"@type\":\"WebPage\",\"@id\":\"https:\\\/\\\/reisetier.de\\\/transsib\\\/preise-transsib-tickets\\\/gesamtkosten\\\/\",\"url\":\"https:\\\/\\\/reisetier.de\\\/transsib\\\/preise-transsib-tickets\\\/gesamtkosten\\\/\",\"name\":\"Transsibirische Eisenbahn Preise ausrechnen\",\"isPartOf\":{\"@id\":\"https:\\\/\\\/reisetier.de\\\/transsib\\\/#website\"},\"primaryImageOfPage\":{\"@id\":\"https:\\\/\\\/reisetier.de\\\/transsib\\\/preise-transsib-tickets\\\/gesamtkosten\\\/#primaryimage\"},\"image\":{\"@id\":\"https:\\\/\\\/reisetier.de\\\/transsib\\\/preise-transsib-tickets\\\/gesamtkosten\\\/#primaryimage\"},\"thumbnailUrl\":\"https:\\\/\\\/reisetier.de\\\/transsib\\\/wp-content\\\/uploads\\\/sites\\\/2\\\/2011\\\/11\\\/transsibirische-eisenbahn-preise.jpg\",\"datePublished\":\"2011-03-14T17:21:12+00:00\",\"dateModified\":\"2022-09-25T14:07:14+00:00\",\"description\":\"Du willst die Preise f\u00fcr die Transsibirische Eisenbahn wissen? Hier gibt es Beispiele und einen Kalkulator, um den Preis f\u00fcr deine Reise zu berechnen.\",\"breadcrumb\":{\"@id\":\"https:\\\/\\\/reisetier.de\\\/transsib\\\/preise-transsib-tickets\\\/gesamtkosten\\\/#breadcrumb\"},\"inLanguage\":\"de\",\"potentialAction\":[{\"@type\":\"ReadAction\",\"target\":[\"https:\\\/\\\/reisetier.de\\\/transsib\\\/preise-transsib-tickets\\\/gesamtkosten\\\/\"]}]},{\"@type\":\"ImageObject\",\"inLanguage\":\"de\",\"@id\":\"https:\\\/\\\/reisetier.de\\\/transsib\\\/preise-transsib-tickets\\\/gesamtkosten\\\/#primaryimage\",\"url\":\"https:\\\/\\\/reisetier.de\\\/transsib\\\/wp-content\\\/uploads\\\/sites\\\/2\\\/2011\\\/11\\\/transsibirische-eisenbahn-preise.jpg\",\"contentUrl\":\"https:\\\/\\\/reisetier.de\\\/transsib\\\/wp-content\\\/uploads\\\/sites\\\/2\\\/2011\\\/11\\\/transsibirische-eisenbahn-preise.jpg\",\"width\":400,\"height\":300},{\"@type\":\"BreadcrumbList\",\"@id\":\"https:\\\/\\\/reisetier.de\\\/transsib\\\/preise-transsib-tickets\\\/gesamtkosten\\\/#breadcrumb\",\"itemListElement\":[{\"@type\":\"ListItem\",\"position\":1,\"name\":\"Home\",\"item\":\"https:\\\/\\\/reisetier.de\\\/transsib\\\/\"},{\"@type\":\"ListItem\",\"position\":2,\"name\":\"Preise &amp; Transsib-Tickets\",\"item\":\"https:\\\/\\\/reisetier.de\\\/transsib\\\/preise-transsib-tickets\\\/\"},{\"@type\":\"ListItem\",\"position\":3,\"name\":\"Transsibirische Eisenbahn Preise\"}]},{\"@type\":\"WebSite\",\"@id\":\"https:\\\/\\\/reisetier.de\\\/transsib\\\/#website\",\"url\":\"https:\\\/\\\/reisetier.de\\\/transsib\\\/\",\"name\":\"Die Transsibirische Eisenbahn\",\"description\":\"Reisen durch Russland, die Mongolei und China\",\"potentialAction\":[{\"@type\":\"SearchAction\",\"target\":{\"@type\":\"EntryPoint\",\"urlTemplate\":\"https:\\\/\\\/reisetier.de\\\/transsib\\\/?s={search_term_string}\"},\"query-input\":{\"@type\":\"PropertyValueSpecification\",\"valueRequired\":true,\"valueName\":\"search_term_string\"}}],\"inLanguage\":\"de\"}]}<\/script>\n<!-- \/ Yoast SEO plugin. -->","yoast_head_json":{"title":"Transsibirische Eisenbahn Preise ausrechnen","description":"Du willst die Preise f\u00fcr die Transsibirische Eisenbahn wissen? Hier gibt es Beispiele und einen Kalkulator, um den Preis f\u00fcr deine Reise zu berechnen.","robots":{"index":"index","follow":"follow","max-snippet":"max-snippet:-1","max-image-preview":"max-image-preview:large","max-video-preview":"max-video-preview:-1"},"canonical":"https:\/\/reisetier.de\/transsib\/preise-transsib-tickets\/gesamtkosten\/","og_locale":"de_DE","og_type":"article","og_title":"Transsibirische Eisenbahn Preise ausrechnen","og_description":"Du willst die Preise f\u00fcr die Transsibirische Eisenbahn wissen? Hier gibt es Beispiele und einen Kalkulator, um den Preis f\u00fcr deine Reise zu berechnen.","og_url":"https:\/\/reisetier.de\/transsib\/preise-transsib-tickets\/gesamtkosten\/","og_site_name":"Die Transsibirische Eisenbahn","article_modified_time":"2022-09-25T14:07:14+00:00","og_image":[{"url":"https:\/\/reisetier.de\/transsib\/wp-content\/uploads\/sites\/2\/2011\/11\/transsibirische-eisenbahn-preise.jpg","type":"","width":"","height":""}],"twitter_card":"summary_large_image","twitter_misc":{"Gesch\u00e4tzte Lesezeit":"4\u00a0Minuten"},"schema":{"@context":"https:\/\/schema.org","@graph":[{"@type":"WebPage","@id":"https:\/\/reisetier.de\/transsib\/preise-transsib-tickets\/gesamtkosten\/","url":"https:\/\/reisetier.de\/transsib\/preise-transsib-tickets\/gesamtkosten\/","name":"Transsibirische Eisenbahn Preise ausrechnen","isPartOf":{"@id":"https:\/\/reisetier.de\/transsib\/#website"},"primaryImageOfPage":{"@id":"https:\/\/reisetier.de\/transsib\/preise-transsib-tickets\/gesamtkosten\/#primaryimage"},"image":{"@id":"https:\/\/reisetier.de\/transsib\/preise-transsib-tickets\/gesamtkosten\/#primaryimage"},"thumbnailUrl":"https:\/\/reisetier.de\/transsib\/wp-content\/uploads\/sites\/2\/2011\/11\/transsibirische-eisenbahn-preise.jpg","datePublished":"2011-03-14T17:21:12+00:00","dateModified":"2022-09-25T14:07:14+00:00","description":"Du willst die Preise f\u00fcr die Transsibirische Eisenbahn wissen? Hier gibt es Beispiele und einen Kalkulator, um den Preis f\u00fcr deine Reise zu berechnen.","breadcrumb":{"@id":"https:\/\/reisetier.de\/transsib\/preise-transsib-tickets\/gesamtkosten\/#breadcrumb"},"inLanguage":"de","potentialAction":[{"@type":"ReadAction","target":["https:\/\/reisetier.de\/transsib\/preise-transsib-tickets\/gesamtkosten\/"]}]},{"@type":"ImageObject","inLanguage":"de","@id":"https:\/\/reisetier.de\/transsib\/preise-transsib-tickets\/gesamtkosten\/#primaryimage","url":"https:\/\/reisetier.de\/transsib\/wp-content\/uploads\/sites\/2\/2011\/11\/transsibirische-eisenbahn-preise.jpg","contentUrl":"https:\/\/reisetier.de\/transsib\/wp-content\/uploads\/sites\/2\/2011\/11\/transsibirische-eisenbahn-preise.jpg","width":400,"height":300},{"@type":"BreadcrumbList","@id":"https:\/\/reisetier.de\/transsib\/preise-transsib-tickets\/gesamtkosten\/#breadcrumb","itemListElement":[{"@type":"ListItem","position":1,"name":"Home","item":"https:\/\/reisetier.de\/transsib\/"},{"@type":"ListItem","position":2,"name":"Preise &amp; Transsib-Tickets","item":"https:\/\/reisetier.de\/transsib\/preise-transsib-tickets\/"},{"@type":"ListItem","position":3,"name":"Transsibirische Eisenbahn Preise"}]},{"@type":"WebSite","@id":"https:\/\/reisetier.de\/transsib\/#website","url":"https:\/\/reisetier.de\/transsib\/","name":"Die Transsibirische Eisenbahn","description":"Reisen durch Russland, die Mongolei und China","potentialAction":[{"@type":"SearchAction","target":{"@type":"EntryPoint","urlTemplate":"https:\/\/reisetier.de\/transsib\/?s={search_term_string}"},"query-input":{"@type":"PropertyValueSpecification","valueRequired":true,"valueName":"search_term_string"}}],"inLanguage":"de"}]}},"_links":{"self":[{"href":"https:\/\/reisetier.de\/transsib\/wp-json\/wp\/v2\/pages\/21","targetHints":{"allow":["GET"]}}],"collection":[{"href":"https:\/\/reisetier.de\/transsib\/wp-json\/wp\/v2\/pages"}],"about":[{"href":"https:\/\/reisetier.de\/transsib\/wp-json\/wp\/v2\/types\/page"}],"author":[{"embeddable":true,"href":"https:\/\/reisetier.de\/transsib\/wp-json\/wp\/v2\/users\/1"}],"replies":[{"embeddable":true,"href":"https:\/\/reisetier.de\/transsib\/wp-json\/wp\/v2\/comments?post=21"}],"version-history":[{"count":1,"href":"https:\/\/reisetier.de\/transsib\/wp-json\/wp\/v2\/pages\/21\/revisions"}],"predecessor-version":[{"id":2530,"href":"https:\/\/reisetier.de\/transsib\/wp-json\/wp\/v2\/pages\/21\/revisions\/2530"}],"up":[{"embeddable":true,"href":"https:\/\/reisetier.de\/transsib\/wp-json\/wp\/v2\/pages\/67"}],"wp:attachment":[{"href":"https:\/\/reisetier.de\/transsib\/wp-json\/wp\/v2\/media?parent=21"}],"curies":[{"name":"wp","href":"https:\/\/api.w.org\/{rel}","templated":true}]}}