{"id":197,"date":"2011-03-18T23:39:53","date_gmt":"2011-03-18T22:39:53","guid":{"rendered":"http:\/\/transsib.j-breuer.de\/?page_id=197"},"modified":"2011-03-18T23:39:53","modified_gmt":"2011-03-18T22:39:53","slug":"russische-sprache","status":"publish","type":"page","link":"https:\/\/reisetier.de\/transsib\/russland\/russische-sprache\/","title":{"rendered":"Die russische Sprache"},"content":{"rendered":"<h2>Verstehen mich die Menschen in Russland?<\/h2>\n<p>In vielen Texten und Reisef\u00fchrern zur Transsibirischen Eisenbahn wird vor allem gewarnt. Gewarnt vor den betr\u00fcgerischen Polizisten, den gef\u00e4hrlichen Dieben in der Transsibirischen Eisenbahn, dem fiesen Zoll, der einen nicht ausreisen l\u00e4sst, und so weiter. Ich habe auf meiner eigenen Reise gemerkt, dass alles sehr viel einfacher ist, als es oft behauptet wird und bin eigentlich \u00fcberhaupt kein Freund von dieser Panikmache.<\/p>\n<p>&nbsp;<\/p>\n<h3>Englisch? Fehlanzeige!<\/h3>\n<p>Diesen Artikel muss allerdings auch ich mit einer klaren Warnung beginnen: <strong>Kein Mensch in Russland spricht Englisch!<\/strong><br \/>\nDas ist nat\u00fcrlich etwas \u00fcbertrieben, aber trifft schon den Kern. Ich wei\u00df auch nicht, warum das nirgens steht. In unserem <a href=\"\/transsib\/transsibirische-gepaeck\/reiselektuere-gadgets\/\">Reisef\u00fchrer<\/a> stand sogar, dass man mit Deutsch und Englisch in Russland gut \u00fcber die Runden kommt. Kaum hatten wir in Moskau einen Fu\u00df aus dem Flughafen gesetzt, war es vorbei mit \u00fcber die Runden kommen. Der Taxifahrer, der uns eine \u00fcberteuerte Fahrt anbieten wollte, konnte kein Englisch. Die Ticket-Verk\u00e4uferin, die die Zugtickets in die Moskauer City verkauft, konnte kein Englisch. Einfach niemand konnte Englisch. Wir waren wohlgemerkt nicht im hinterletzten Dorf in Sibirien, sondern am internationalen Flughafen der Hauptstadt! \ud83d\ude00<\/p>\n<p>Nachdem ich nun etwas Dampf abgelassen habe, kann ich das Thema etwas sachlicher angehen. Es ist nicht ganz hoffnungslos, es mit Englisch zu probieren. J\u00fcngere Leute k\u00f6nnen manchmal ein paar Brocken. Mit dem Personal in den Hostels und Hotels, kann man ebenfalls reden. Von daher vermute ich auch, dass es in den n\u00e4chsten Jahren besser wird. Bei \u00e4lteren Menschen lohnt es sich \u00fcbrigens auch, es mit Deutsch zu versuchen.<\/p>\n<p>&nbsp;<\/p>\n<h4>Russisch lernen?<\/h4>\n<p>Da man also mit Deutsch und Englisch nicht weit kommt, sollte man sich ein wenig mit der russischen Sprache besch\u00e4ftigen. Ich habe eine PDF mit allen Sprachhilfen auf dieser Seite  zusammengestellt, die man sich gut ausdrucken und auf die Reise mit der Transsibirischen Eisenbahn mitnehmen kann: <a href='https:\/\/reisetier.de\/transsib\/wp-content\/uploads\/sites\/2\/2011\/03\/transsib-tipps.de-Sprachhilfe.pdf' target='blank' rel=\"noopener\">Download der Sprachhilfe<\/a><\/p>\n<p>Nat\u00fcrlich ist es Quatsch die Sprache nur f\u00fcr die Fahrt zu lernen, aber ein paar W\u00f6rter bringen einen schon sehr weit und viele Russen freuen sich meist ungemein, wenn man ein paar W\u00f6rter Russisch kann. Ich habe hier mal die wichtigsten Dinge in Lautschrift zusammen gefasst.<\/p>\n<table class=\"border\">\n<tr>\n<th>Deutsch<\/th>\n<th>Russisch<\/th>\n<th>Lautschrift<\/th>\n<\/tr>\n<tr>\n<td>Hallo<\/td>\n<td>\u041f\u0440\u0438\u0432\u0435\u0442<\/td>\n<td>priwjet<\/td>\n<\/tr>\n<tr>\n<td>Guten Tag<\/td>\n<td>\u0417\u0434\u0440\u0430\u0432\u0441\u0442\u0432\u0443\u0439\u0442\u0435<\/td>\n<td>sdrasstwujti<\/td>\n<\/tr>\n<tr>\n<td>Tsch\u00fcss<\/td>\n<td>\u041f\u043e\u043a\u0430<\/td>\n<td>paka<\/td>\n<\/tr>\n<tr>\n<td>Auf Wiedersehen<\/td>\n<td>\u0414\u043e \u0441\u0432\u0438\u0434\u0430\u043d\u0438\u044f<\/td>\n<td>dasswidanja<\/td>\n<\/tr>\n<tr>\n<td>danke<\/td>\n<td>\u0441\u043f\u0430\u0441\u0438\u0431\u043e<\/td>\n<td>sspassiba<\/td>\n<\/tr>\n<tr>\n<td>bittesch\u00f6n<\/td>\n<td>\u041f\u043e\u0436\u0430\u043b\u0443\u0439\u0441\u0442\u0430<\/td>\n<td>pashalussta<\/td>\n<\/tr>\n<tr>\n<td>ja<\/td>\n<td>\u0414\u0430<\/td>\n<td>da<\/td>\n<\/tr>\n<tr>\n<td>nein<\/td>\n<td>\u041d\u0435\u0442<\/td>\n<td>njet<\/td>\n<\/tr>\n<tr>\n<td>Ich verstehe Sie nicht<\/td>\n<td>\u042f \u0412\u0430\u0441 \u043d\u0435 \u043f\u043e\u043d\u0438\u043c\u0430\u044e<\/td>\n<td>ja wass nipanimaju<\/td>\n<\/tr>\n<tr>\n<td>Wieviel kostet das?<\/td>\n<td>\u0421\u043a\u043e\u043b\u044c\u043a\u043e \u044d\u0442\u043e \u0441\u0442\u043e\u0438\u0442?<\/td>\n<td>sskolka eta sstoit?<\/td>\n<\/tr>\n<tr>\n<td>eins<\/td>\n<td>\u043e\u0434\u0438\u043d<\/td>\n<td>adin<\/td>\n<\/tr>\n<tr>\n<td>zwei<\/td>\n<td>\u0434\u0432\u0430<\/td>\n<td>dwa<\/td>\n<\/tr>\n<tr>\n<td>drei<\/td>\n<td>\u0442\u0440\u0438<\/td>\n<td>tri<\/td>\n<\/tr>\n<tr>\n<td>vier<\/td>\n<td>\u0447\u0435\u0442\u044b\u0440\u0435<\/td>\n<td>tschityri<\/td>\n<\/tr>\n<tr>\n<td>f\u00fcnf<\/td>\n<td>\u043f\u044f\u0442\u044c<\/td>\n<td>pjat<\/td>\n<\/tr>\n<tr>\n<td>sechs<\/td>\n<td>\u0448\u0435\u0441\u0442\u044c<\/td>\n<td>schesst<\/td>\n<\/tr>\n<tr>\n<td>sieben<\/td>\n<td>\u0441\u0435\u043c\u044c<\/td>\n<td>ssjem<\/td>\n<\/tr>\n<tr>\n<td>acht<\/td>\n<td>\u0432\u043e\u0441\u0435\u043c\u044c<\/td>\n<td>wossim<\/td>\n<\/tr>\n<tr>\n<td>neun<\/td>\n<td>\u0434\u0435\u0432\u044f\u0442\u044c<\/td>\n<td>djewit<\/td>\n<\/tr>\n<tr>\n<td>zehn<\/td>\n<td>\u0434\u0435\u0441\u044f\u0442\u044c<\/td>\n<td>djessit<\/td>\n<\/tr>\n<\/table>\n<p>&nbsp;<\/p>\n<p>Dies sind erfahrungsgem\u00e4\u00df die wichtigsten Dinge, die man als Reisender der Transsibirischen Eisenbahn ben\u00f6tigt. Neben den wichtigsten W\u00f6rtern lohnt es sich auch, sich ein wenig mit dem kyrillischen Alphabet zu besch\u00e4ftigen. Dieses sieht auf den ersten Blick abenteuerlich aus, ist aber gar nicht so schwer zu lernen. Viele Buchstaben sind die Gleichen wie bei uns oder zumindest \u00e4hnlich. Beherrscht man das Alphabet, kann man in Russland alle Schilder lesen, was ein gro\u00dfer Vorteil ist. Viele W\u00f6rter sind doch so \u00e4hnlich wie bei uns. In der folgenden Tabelle, sind alle Buchstaben, die anders geschrieben oder ausgesprochen werden, als in unserem Alphabet. Alle anderen Buchstaben kann man wie gewohnt aussprechen. Ich muss dazu sagen, dass ich einige Sachen vereinfacht oder weggelassen habe, da ich nicht davon ausgehe, dass jemand f\u00fcr ein paar Wochen Reise mit der Transsibirischen Eisenbahn lernt, wie sich die Betonung oder minimale Aussprache \u00e4ndert, wenn bestimmte Buchstaben vor oder nach bestimmten anderen Buchstaben kommen.<\/p>\n<table class=\"border half\">\n<tr>\n<th>Gro\u00dfbuchstabe<\/th>\n<th>Kleinbuchstabe<\/th>\n<th>Lautschrift<\/th>\n<\/tr>\n<tr>\n<td>\u0411<\/td>\n<td>\u0431<\/td>\n<td>b<\/td>\n<\/tr>\n<tr>\n<td>\u0412<\/td>\n<td>\u0432<\/td>\n<td>w<\/td>\n<\/tr>\n<tr>\n<td>\u0413<\/td>\n<td>\u0433<\/td>\n<td>g<\/td>\n<\/tr>\n<tr>\n<td>\u0414<\/td>\n<td>\u0434<\/td>\n<td>d<\/td>\n<\/tr>\n<tr>\n<td>\u0401<\/td>\n<td>\u0451<\/td>\n<td>o<\/td>\n<\/tr>\n<tr>\n<td>\u0416<\/td>\n<td>\u0436<\/td>\n<td>sch<\/td>\n<\/tr>\n<tr>\n<td>\u0417<\/td>\n<td>\u0437<\/td>\n<td>s<\/td>\n<\/tr>\n<tr>\n<td>\u0418<\/td>\n<td>\u0438<\/td>\n<td>i<\/td>\n<\/tr>\n<tr>\n<td>\u0419<\/td>\n<td>\u0439<\/td>\n<td>j<\/td>\n<\/tr>\n<tr>\n<td>\u041b<\/td>\n<td>\u043b<\/td>\n<td>l<\/td>\n<\/tr>\n<tr>\n<td>\u041d<\/td>\n<td>\u043d<\/td>\n<td>n<\/td>\n<\/tr>\n<tr>\n<td>\u041f<\/td>\n<td>\u043f<\/td>\n<td>p<\/td>\n<\/tr>\n<tr>\n<td>\u0420<\/td>\n<td>\u0440<\/td>\n<td>r<\/td>\n<\/tr>\n<tr>\n<td>\u0421<\/td>\n<td>\u0441<\/td>\n<td>\u00df<\/td>\n<\/tr>\n<tr>\n<td>\u0423<\/td>\n<td>\u0443<\/td>\n<td>u<\/td>\n<\/tr>\n<tr>\n<td>\u0424<\/td>\n<td>\u0444<\/td>\n<td>f<\/td>\n<\/tr>\n<tr>\n<td>\u0425<\/td>\n<td>\u0445<\/td>\n<td>ch (wie in Pflicht)<\/td>\n<\/tr>\n<tr>\n<td>\u0426<\/td>\n<td>\u0446<\/td>\n<td>tz<\/td>\n<\/tr>\n<tr>\n<td>\u0427<\/td>\n<td>\u0447<\/td>\n<td>tsch<\/td>\n<\/tr>\n<tr>\n<td>\u0428<\/td>\n<td>\u0448<\/td>\n<td>sch<\/td>\n<\/tr>\n<tr>\n<td>\u0429<\/td>\n<td>\u0449<\/td>\n<td>schtsch<\/td>\n<\/tr>\n<tr>\n<td>\u042a<\/td>\n<td>\u044a<\/td>\n<td>&#8211; (einfach \u00fcberlesen)<\/td>\n<\/tr>\n<tr>\n<td>\u042b<\/td>\n<td>\u044b<\/td>\n<td>i<\/td>\n<\/tr>\n<tr>\n<td>\u042c<\/td>\n<td>\u044c<\/td>\n<td>&#8211; (einfach \u00fcberlesen)<\/td>\n<\/tr>\n<tr>\n<td>\u042d<\/td>\n<td>\u044d<\/td>\n<td>\u00e4<\/td>\n<\/tr>\n<tr>\n<td>\u042e<\/td>\n<td>\u044e<\/td>\n<td>ju<\/td>\n<\/tr>\n<tr>\n<td>\u042f<\/td>\n<td>\u044f<\/td>\n<td>ja<\/td>\n<\/tr>\n<tr>\n<td colspan=\"3\">gleiche Aussprache wie im Deutschen: a, e, k, m, o, t<\/td>\n<\/tr>\n<\/table>\n<p>&nbsp;<\/p>\n<p>Die dritte und letzte Sache, mit der man sich als Reisender der Transsibirischen Eisenbahn besch\u00e4ftigen sollte, sind die russischen St\u00e4dtenamen. Sitzt man am Bahnhof und m\u00f6chte heraus finden, wo denn nun der eigene Zug abf\u00e4hrt, ist es hilfreich, wenn man die russischen St\u00e4dtenamen auf den Anzeigetafeln entziffern kann. Ich habe mich hier auf die wichtigsten und gr\u00f6\u00dften St\u00e4dte beschr\u00e4nkt. Auf die Lautschrift habe ich hier verzichtet, da die deutsche \u00dcbersetzung in der Regel schon Lautschrift ist, man kann die St\u00e4dte also ganz normal aussprechen. Lediglich Moskau hei\u00dft &#8222;Moskwa&#8220;. Die St\u00e4dte sind von Westen nach Osten geordnet.<\/p>\n<table class=\"border half\">\n<tr>\n<th>Deutsch<\/th>\n<th>Russisch<\/th>\n<\/tr>\n<tr>\n<td>Moskau<\/td>\n<td>\u041c\u043e\u0441\u043a\u0432\u0430<\/td>\n<\/tr>\n<tr>\n<td>Kirov<\/td>\n<td>\u041a\u0438\u0440\u043e\u0432<\/td>\n<\/tr>\n<tr>\n<td>Perm<\/td>\n<td>\u041f\u0435\u0440\u043c\u044c<\/td>\n<\/tr>\n<tr>\n<td>Ekaterinburg<\/td>\n<td>\u0415\u043a\u0430\u0442\u0435\u0440\u0438\u043d\u0431\u0443\u0440\u0433<\/td>\n<\/tr>\n<tr>\n<td>Omsk<\/td>\n<td>\u041e\u043c\u0441\u043a<\/td>\n<\/tr>\n<tr>\n<td>Nowosibirsk<\/td>\n<td>\u041d\u043e\u0432\u043e\u0441\u0438\u0431\u0438\u0440\u0441\u043a<\/td>\n<\/tr>\n<tr>\n<td>Krasnojarsk<\/td>\n<td>\u041a\u0440\u0430\u0441\u043d\u043e\u044f\u0440\u0441\u043a<\/td>\n<\/tr>\n<tr>\n<td>Irkutsk<\/td>\n<td>\u0418\u0440\u043a\u0443\u0442\u0441\u043a<\/td>\n<\/tr>\n<tr>\n<td>Ulan-Ude<\/td>\n<td>\u0423\u043b\u0430\u043d-\u0423\u0434\u044d<\/td>\n<\/tr>\n<tr>\n<td>Ulan-Bator<\/td>\n<td>\u0423\u043b\u0430\u0430\u043d\u0431\u0430\u0430\u0442\u0430\u0440<\/td>\n<\/tr>\n<tr>\n<td>Peking<\/td>\n<td>\u041f\u0435\u043a\u0438\u043d<\/td>\n<\/tr>\n<tr>\n<td>Tschita<\/td>\n<td>\u0427\u0438\u0442\u0430<\/td>\n<\/tr>\n<tr>\n<td>Birobidshan<\/td>\n<td>\u0411\u0438\u0440\u043e\u0431\u0438\u0434\u0436\u0430\u043d<\/td>\n<\/tr>\n<tr>\n<td>Wladiwostok<\/td>\n<td>\u0412\u043b\u0430\u0434\u0438\u0432\u043e\u0441\u0442\u043e\u043a<\/td>\n<\/tr>\n<\/table>\n<p>&nbsp;<\/p>\n<p>Alle diese Sprachhilfen kann man sich ausdrucken und mitnehmen: <a href='https:\/\/reisetier.de\/transsib\/wp-content\/uploads\/sites\/2\/2011\/03\/transsib-tipps.de-Sprachhilfe.pdf' target='blank' rel=\"noopener\">Download der Sprachhilfe als pdf<\/a> <img loading=\"lazy\" decoding=\"async\" src=\"https:\/\/ssl-vg03.met.vgwort.de\/na\/9a066f5017424d379cdee27817584d3d\" width=\"1\" height=\"1\" alt=\"\"><\/p>\n","protected":false},"excerpt":{"rendered":"<p>Verstehen mich die Menschen in Russland? In vielen Texten und Reisef\u00fchrern zur Transsibirischen Eisenbahn wird vor allem gewarnt. Gewarnt vor den betr\u00fcgerischen Polizisten, den gef\u00e4hrlichen Dieben in der Transsibirischen Eisenbahn, dem fiesen Zoll, der einen nicht ausreisen l\u00e4sst, und so weiter. Ich habe auf meiner eigenen Reise gemerkt, dass alles sehr viel einfacher ist, als &#038;hellip <a class=\"read-excerpt\" href=\"https:\/\/reisetier.de\/transsib\/russland\/russische-sprache\/\">Continue reading <span class=\"meta-nav\">&raquo;<\/span><\/a><\/p>\n","protected":false},"author":1,"featured_media":0,"parent":185,"menu_order":24,"comment_status":"open","ping_status":"closed","template":"","meta":{"footnotes":""},"class_list":["post-197","page","type-page","status-publish","hentry"],"yoast_head":"<!-- This site is optimized with the Yoast SEO plugin v27.4 - https:\/\/yoast.com\/product\/yoast-seo-wordpress\/ -->\n<title>Russische Sprache Grundkenntnisse<\/title>\n<meta name=\"description\" content=\"Hier gibt es Grundkenntnisse der russischen Sprache f\u00fcr eine Fahrt mit der Transsibirischen Eisenbahn. Es werden die wichtigsten W\u00f6rter, die St\u00e4dte und das Alphabet erkl\u00e4rt.\" \/>\n<meta name=\"robots\" content=\"index, follow, max-snippet:-1, max-image-preview:large, max-video-preview:-1\" \/>\n<link rel=\"canonical\" href=\"https:\/\/reisetier.de\/transsib\/russland\/russische-sprache\/\" \/>\n<meta property=\"og:locale\" content=\"de_DE\" \/>\n<meta property=\"og:type\" content=\"article\" \/>\n<meta property=\"og:title\" content=\"Russische Sprache Grundkenntnisse\" \/>\n<meta property=\"og:description\" content=\"Hier gibt es Grundkenntnisse der russischen Sprache f\u00fcr eine Fahrt mit der Transsibirischen Eisenbahn. Es werden die wichtigsten W\u00f6rter, die St\u00e4dte und das Alphabet erkl\u00e4rt.\" \/>\n<meta property=\"og:url\" content=\"https:\/\/reisetier.de\/transsib\/russland\/russische-sprache\/\" \/>\n<meta property=\"og:site_name\" content=\"Die Transsibirische Eisenbahn\" \/>\n<meta property=\"og:image\" content=\"https:\/\/ssl-vg03.met.vgwort.de\/na\/9a066f5017424d379cdee27817584d3d\" \/>\n<meta name=\"twitter:card\" content=\"summary_large_image\" \/>\n<meta name=\"twitter:label1\" content=\"Gesch\u00e4tzte Lesezeit\" \/>\n\t<meta name=\"twitter:data1\" content=\"4\u00a0Minuten\" \/>\n<script type=\"application\/ld+json\" class=\"yoast-schema-graph\">{\"@context\":\"https:\\\/\\\/schema.org\",\"@graph\":[{\"@type\":\"WebPage\",\"@id\":\"https:\\\/\\\/reisetier.de\\\/transsib\\\/russland\\\/russische-sprache\\\/\",\"url\":\"https:\\\/\\\/reisetier.de\\\/transsib\\\/russland\\\/russische-sprache\\\/\",\"name\":\"Russische Sprache Grundkenntnisse\",\"isPartOf\":{\"@id\":\"https:\\\/\\\/reisetier.de\\\/transsib\\\/#website\"},\"primaryImageOfPage\":{\"@id\":\"https:\\\/\\\/reisetier.de\\\/transsib\\\/russland\\\/russische-sprache\\\/#primaryimage\"},\"image\":{\"@id\":\"https:\\\/\\\/reisetier.de\\\/transsib\\\/russland\\\/russische-sprache\\\/#primaryimage\"},\"thumbnailUrl\":\"https:\\\/\\\/ssl-vg03.met.vgwort.de\\\/na\\\/9a066f5017424d379cdee27817584d3d\",\"datePublished\":\"2011-03-18T22:39:53+00:00\",\"description\":\"Hier gibt es Grundkenntnisse der russischen Sprache f\u00fcr eine Fahrt mit der Transsibirischen Eisenbahn. Es werden die wichtigsten W\u00f6rter, die St\u00e4dte und das Alphabet erkl\u00e4rt.\",\"breadcrumb\":{\"@id\":\"https:\\\/\\\/reisetier.de\\\/transsib\\\/russland\\\/russische-sprache\\\/#breadcrumb\"},\"inLanguage\":\"de\",\"potentialAction\":[{\"@type\":\"ReadAction\",\"target\":[\"https:\\\/\\\/reisetier.de\\\/transsib\\\/russland\\\/russische-sprache\\\/\"]}]},{\"@type\":\"ImageObject\",\"inLanguage\":\"de\",\"@id\":\"https:\\\/\\\/reisetier.de\\\/transsib\\\/russland\\\/russische-sprache\\\/#primaryimage\",\"url\":\"https:\\\/\\\/ssl-vg03.met.vgwort.de\\\/na\\\/9a066f5017424d379cdee27817584d3d\",\"contentUrl\":\"https:\\\/\\\/ssl-vg03.met.vgwort.de\\\/na\\\/9a066f5017424d379cdee27817584d3d\"},{\"@type\":\"BreadcrumbList\",\"@id\":\"https:\\\/\\\/reisetier.de\\\/transsib\\\/russland\\\/russische-sprache\\\/#breadcrumb\",\"itemListElement\":[{\"@type\":\"ListItem\",\"position\":1,\"name\":\"Home\",\"item\":\"https:\\\/\\\/reisetier.de\\\/transsib\\\/\"},{\"@type\":\"ListItem\",\"position\":2,\"name\":\"Russland\",\"item\":\"https:\\\/\\\/reisetier.de\\\/transsib\\\/russland\\\/\"},{\"@type\":\"ListItem\",\"position\":3,\"name\":\"Die russische Sprache\"}]},{\"@type\":\"WebSite\",\"@id\":\"https:\\\/\\\/reisetier.de\\\/transsib\\\/#website\",\"url\":\"https:\\\/\\\/reisetier.de\\\/transsib\\\/\",\"name\":\"Die Transsibirische Eisenbahn\",\"description\":\"Reisen durch Russland, die Mongolei und China\",\"potentialAction\":[{\"@type\":\"SearchAction\",\"target\":{\"@type\":\"EntryPoint\",\"urlTemplate\":\"https:\\\/\\\/reisetier.de\\\/transsib\\\/?s={search_term_string}\"},\"query-input\":{\"@type\":\"PropertyValueSpecification\",\"valueRequired\":true,\"valueName\":\"search_term_string\"}}],\"inLanguage\":\"de\"}]}<\/script>\n<!-- \/ Yoast SEO plugin. -->","yoast_head_json":{"title":"Russische Sprache Grundkenntnisse","description":"Hier gibt es Grundkenntnisse der russischen Sprache f\u00fcr eine Fahrt mit der Transsibirischen Eisenbahn. Es werden die wichtigsten W\u00f6rter, die St\u00e4dte und das Alphabet erkl\u00e4rt.","robots":{"index":"index","follow":"follow","max-snippet":"max-snippet:-1","max-image-preview":"max-image-preview:large","max-video-preview":"max-video-preview:-1"},"canonical":"https:\/\/reisetier.de\/transsib\/russland\/russische-sprache\/","og_locale":"de_DE","og_type":"article","og_title":"Russische Sprache Grundkenntnisse","og_description":"Hier gibt es Grundkenntnisse der russischen Sprache f\u00fcr eine Fahrt mit der Transsibirischen Eisenbahn. Es werden die wichtigsten W\u00f6rter, die St\u00e4dte und das Alphabet erkl\u00e4rt.","og_url":"https:\/\/reisetier.de\/transsib\/russland\/russische-sprache\/","og_site_name":"Die Transsibirische Eisenbahn","og_image":[{"url":"https:\/\/ssl-vg03.met.vgwort.de\/na\/9a066f5017424d379cdee27817584d3d","type":"","width":"","height":""}],"twitter_card":"summary_large_image","twitter_misc":{"Gesch\u00e4tzte Lesezeit":"4\u00a0Minuten"},"schema":{"@context":"https:\/\/schema.org","@graph":[{"@type":"WebPage","@id":"https:\/\/reisetier.de\/transsib\/russland\/russische-sprache\/","url":"https:\/\/reisetier.de\/transsib\/russland\/russische-sprache\/","name":"Russische Sprache Grundkenntnisse","isPartOf":{"@id":"https:\/\/reisetier.de\/transsib\/#website"},"primaryImageOfPage":{"@id":"https:\/\/reisetier.de\/transsib\/russland\/russische-sprache\/#primaryimage"},"image":{"@id":"https:\/\/reisetier.de\/transsib\/russland\/russische-sprache\/#primaryimage"},"thumbnailUrl":"https:\/\/ssl-vg03.met.vgwort.de\/na\/9a066f5017424d379cdee27817584d3d","datePublished":"2011-03-18T22:39:53+00:00","description":"Hier gibt es Grundkenntnisse der russischen Sprache f\u00fcr eine Fahrt mit der Transsibirischen Eisenbahn. Es werden die wichtigsten W\u00f6rter, die St\u00e4dte und das Alphabet erkl\u00e4rt.","breadcrumb":{"@id":"https:\/\/reisetier.de\/transsib\/russland\/russische-sprache\/#breadcrumb"},"inLanguage":"de","potentialAction":[{"@type":"ReadAction","target":["https:\/\/reisetier.de\/transsib\/russland\/russische-sprache\/"]}]},{"@type":"ImageObject","inLanguage":"de","@id":"https:\/\/reisetier.de\/transsib\/russland\/russische-sprache\/#primaryimage","url":"https:\/\/ssl-vg03.met.vgwort.de\/na\/9a066f5017424d379cdee27817584d3d","contentUrl":"https:\/\/ssl-vg03.met.vgwort.de\/na\/9a066f5017424d379cdee27817584d3d"},{"@type":"BreadcrumbList","@id":"https:\/\/reisetier.de\/transsib\/russland\/russische-sprache\/#breadcrumb","itemListElement":[{"@type":"ListItem","position":1,"name":"Home","item":"https:\/\/reisetier.de\/transsib\/"},{"@type":"ListItem","position":2,"name":"Russland","item":"https:\/\/reisetier.de\/transsib\/russland\/"},{"@type":"ListItem","position":3,"name":"Die russische Sprache"}]},{"@type":"WebSite","@id":"https:\/\/reisetier.de\/transsib\/#website","url":"https:\/\/reisetier.de\/transsib\/","name":"Die Transsibirische Eisenbahn","description":"Reisen durch Russland, die Mongolei und China","potentialAction":[{"@type":"SearchAction","target":{"@type":"EntryPoint","urlTemplate":"https:\/\/reisetier.de\/transsib\/?s={search_term_string}"},"query-input":{"@type":"PropertyValueSpecification","valueRequired":true,"valueName":"search_term_string"}}],"inLanguage":"de"}]}},"_links":{"self":[{"href":"https:\/\/reisetier.de\/transsib\/wp-json\/wp\/v2\/pages\/197","targetHints":{"allow":["GET"]}}],"collection":[{"href":"https:\/\/reisetier.de\/transsib\/wp-json\/wp\/v2\/pages"}],"about":[{"href":"https:\/\/reisetier.de\/transsib\/wp-json\/wp\/v2\/types\/page"}],"author":[{"embeddable":true,"href":"https:\/\/reisetier.de\/transsib\/wp-json\/wp\/v2\/users\/1"}],"replies":[{"embeddable":true,"href":"https:\/\/reisetier.de\/transsib\/wp-json\/wp\/v2\/comments?post=197"}],"version-history":[{"count":0,"href":"https:\/\/reisetier.de\/transsib\/wp-json\/wp\/v2\/pages\/197\/revisions"}],"up":[{"embeddable":true,"href":"https:\/\/reisetier.de\/transsib\/wp-json\/wp\/v2\/pages\/185"}],"wp:attachment":[{"href":"https:\/\/reisetier.de\/transsib\/wp-json\/wp\/v2\/media?parent=197"}],"curies":[{"name":"wp","href":"https:\/\/api.w.org\/{rel}","templated":true}]}}