{"id":1806,"date":"2014-01-28T01:30:59","date_gmt":"2014-01-28T00:30:59","guid":{"rendered":"http:\/\/www.transsib-tipps.de\/?page_id=1806"},"modified":"2014-01-28T01:30:59","modified_gmt":"2014-01-28T00:30:59","slug":"in-chabarovsk","status":"publish","type":"page","link":"https:\/\/reisetier.de\/transsib\/transsibirische-eisenbahn-reiseberichte\/reisebericht-von-gerhard-wacker\/in-chabarovsk\/","title":{"rendered":"In Chabarovsk"},"content":{"rendered":"<h4>Reisetag 17: Dienstag, 18.9.2012, Ankunft in Chabarovsk<\/h4>\n<p>Nachts sind mehrere Fahrg\u00e4ste ausgestiegen, soda\u00df der Waggon d\u00fcnn besetzt war. Wieder keine Semmeln, daf\u00fcr gab es sp\u00e4ter frische Piroggen. Morgens gegen 6:30 Uhr ein Stopp in Belogorsk (km 7.866). Es ist bedeckt, wir fahren durch eine Taigalandschaft, \u00e4hnlich einer gro\u00dffl\u00e4chigen, von sanften H\u00fcgeln durchsetzten Ebene. Die Landschaft wirkt hier wieder etwas gr\u00fcner. Der Horizont ist gesch\u00e4tzt 30 \u2013 40 km entfernt. Der Zug ist relativ langsam und hat erstmals Versp\u00e4tung (20 Minuten).<\/p>\n<p>Bei Obluce (km 8.198, 13:00 Uhr) durchfahren wir die letzte Zeitzone, wir haben zur Moskauer Zeit +7 h. Es setzt Regen ein. Blickte man links aus dem Fenster, war eine vielf\u00e4ltig-bunte Bodenvegetation, rechterhand war die Landschaft heide- oder wiesenartig.<br \/>\nKurz vor dem Aussteigen \u00fcberqueren wir auf der beeindruckenden, 2,6 km langen Br\u00fccke den Amur, um 17:48 Uhr sind wir (p\u00fcnktlich) in Chabarovsk. Ohne der 4 Stunden Pausen war die Durchschnittsgeschwindigkeit 65 kmh auf der 3.347 km langen Etappe.<\/p>\n<p>Unser Fahrer wartete schon und brachte uns ins Hotel Intourist, recht zentral. Die Zimmer waren ansprechend und mit Blick auf den Amur. Den fr\u00fchen Abend wollten wir zu einer Erkundungsrunde nutzen. Im peitschenden Regen konnten wir nur erahnen, da\u00df es eine moderne und saubere Stadt ist. Durch die Sturmb\u00f6en und Regen waren wir bald durch na\u00df, soda\u00df wir froh waren, dann doch, nach einigen Anl\u00e4ufen, ein gem\u00fctliches Lokal gefunden zu haben (dort bemerkten wir auch die russische Essensgewohnheit: 1 Flasche Vodka zum Abendessen). Anderntags haben wir erfahren, da\u00df Taifunwarnung war und sogar die Schifffahrt auf dem Amur eingestellt war.<\/p>\n<h4>Reisetag 18: Mittwoch, 19.9.2012, Chabarovsk<\/h4>\n<div id=\"attachment_1808\" style=\"width: 310px\" class=\"wp-caption alignleft\"><img loading=\"lazy\" decoding=\"async\" aria-describedby=\"caption-attachment-1808\" src=\"https:\/\/reisetier.de\/transsib\/wp-content\/uploads\/sites\/2\/2014\/01\/chabarovsk-kathedrale.jpg\" alt=\"Die Kathedrale und die Fernsehanstalt von Chabarovsk\" width=\"300\" height=\"216\" class=\"size-full wp-image-1808\" \/><p id=\"caption-attachment-1808\" class=\"wp-caption-text\">Die Kathedrale  von Chabarovsk<\/p><\/div>\n<p>Nach einem gem\u00fctlichen Fr\u00fchst\u00fcck werden wir um 10:00 Uhr zu einer Stadtrundfahrt abgeholt. Unsere engagierte F\u00fchrerin erz\u00e4hlt uns viel \u00fcber Stadtgeschichte, Botanik und Kultur. Durch die Parkanlage am Amurufer spazieren wir am Heimat- und Kunstmuseum vorbei. Vorbei an der neuen Kirche am Ruhmesplatz werden wir zur neuen Kathedrale gefahren, weiter zum Leninplatz mit den Universit\u00e4tsgeb\u00e4uden (speziell die Med.-Uni ist mit 4.000 Studenten ein Schwerpunkt). Ein Rundgang durch die Markthalle, wo wir von den Marktfrauen \u00fcberall freundlichst aufgenommen und interessiert \u201causgefragt\u201d werden, beschlie\u00dft die Tour.<\/p>\n<p>Die Stadt, eine urbane Metropole mit rund 650.000 Einwohnern und 10% Studentenanteil, hat uns sehr gut gefallen: eine &#8222;Prachtstra\u00dfe&#8220; vom Amurufer bis zum Leninpark mit sch\u00f6nen Geb\u00e4uden und weitl\u00e4ufigen Verkehrsfl\u00e4chen, viele Gr\u00fcnanlagen, in den Nebenstra\u00dfen der Prachtstra\u00dfe ebenfalls sch\u00f6ne H\u00e4user und alte Holzh\u00e4user.<br \/>\n<div id=\"attachment_1810\" style=\"width: 310px\" class=\"wp-caption alignright\"><img loading=\"lazy\" decoding=\"async\" aria-describedby=\"caption-attachment-1810\" src=\"https:\/\/reisetier.de\/transsib\/wp-content\/uploads\/sites\/2\/2014\/01\/chabarovsk-leninplatz.jpg\" alt=\"Der Leninplatz\" width=\"300\" height=\"200\" class=\"size-full wp-image-1810\" \/><p id=\"caption-attachment-1810\" class=\"wp-caption-text\">Der Leninplatz<\/p><\/div><\/p>\n<p>Der Nachmittag wurde zu einer Schifffahrt (zwar mit Anlauf, aber dann doch, fanden wir das richtige Schiff) auf dem sehr breiten und bis zu 12 m tiefem Amur genutzt \u2013 entlang der Stadtsilhouette, vorbei an den verstreuten Inseln mit Datschas und Gem\u00fcseg\u00e4rten, zur imposanten Amurbr\u00fccke. Nach einem anschlie\u00dfenden Essen in einem &#8222;Bierhaus&#8220; auf der Hauptstra\u00dfe legten wir ein Nickerchen ein, ehe wir zur Weiterfahrt abgeholt wurden.<\/p>\n<p>Fr\u00fchzeitig waren wir am Bahnhof, noch ein paar lebenswichtige Eink\u00e4ufe (Bier, Vodka), um 21:00 Uhr starteten wir mit Zug Nr. 6 die letzte Etappe. Der Waggon, eine Nr. 097 der Chabarovsker Bahnverwaltung, war fast noch besser als der Paradezug Nr. 2 \u2026 sehr sch\u00f6n ausgestattet, helles Interieur, eine nette Prodovniza, Bio-WC mit original Cosy-Papier, Bordradio mit beschwingter Musik, Teppiche, Daunendecken, abends noch 2 x Bordservice \u2013 fast zu schade zum Schlafen. Wir haben noch gespielt, waren dann aber bald in den Federn (im wahrsten Sinn des Wortes).<\/p>\n","protected":false},"excerpt":{"rendered":"<p>Reisetag 17: Dienstag, 18.9.2012, Ankunft in Chabarovsk Nachts sind mehrere Fahrg\u00e4ste ausgestiegen, soda\u00df der Waggon d\u00fcnn besetzt war. Wieder keine Semmeln, daf\u00fcr gab es sp\u00e4ter frische Piroggen. Morgens gegen 6:30 Uhr ein Stopp in Belogorsk (km 7.866). Es ist bedeckt, wir fahren durch eine Taigalandschaft, \u00e4hnlich einer gro\u00dffl\u00e4chigen, von sanften H\u00fcgeln durchsetzten Ebene. Die Landschaft &#038;hellip <a class=\"read-excerpt\" href=\"https:\/\/reisetier.de\/transsib\/transsibirische-eisenbahn-reiseberichte\/reisebericht-von-gerhard-wacker\/in-chabarovsk\/\">Continue reading <span class=\"meta-nav\">&raquo;<\/span><\/a><\/p>\n","protected":false},"author":1,"featured_media":0,"parent":1692,"menu_order":345,"comment_status":"open","ping_status":"open","template":"","meta":{"footnotes":""},"class_list":["post-1806","page","type-page","status-publish","hentry"],"yoast_head":"<!-- This site is optimized with the Yoast SEO plugin v27.5 - https:\/\/yoast.com\/product\/yoast-seo-wordpress\/ -->\n<title>In Chabarovsk<\/title>\n<meta name=\"description\" content=\"Die Reise mit der Transsibirischen Eisenbahn f\u00fchrte Gerhard Wacker schlie\u00dflich nach Chabarovsk. Eine interessante Stadt.\" \/>\n<meta name=\"robots\" content=\"index, follow, max-snippet:-1, max-image-preview:large, max-video-preview:-1\" \/>\n<link rel=\"canonical\" href=\"https:\/\/reisetier.de\/transsib\/transsibirische-eisenbahn-reiseberichte\/reisebericht-von-gerhard-wacker\/in-chabarovsk\/\" \/>\n<meta property=\"og:locale\" content=\"de_DE\" \/>\n<meta property=\"og:type\" content=\"article\" \/>\n<meta property=\"og:title\" content=\"In Chabarovsk\" \/>\n<meta property=\"og:description\" content=\"Die Reise mit der Transsibirischen Eisenbahn f\u00fchrte Gerhard Wacker schlie\u00dflich nach Chabarovsk. Eine interessante Stadt.\" \/>\n<meta property=\"og:url\" content=\"https:\/\/reisetier.de\/transsib\/transsibirische-eisenbahn-reiseberichte\/reisebericht-von-gerhard-wacker\/in-chabarovsk\/\" \/>\n<meta property=\"og:site_name\" content=\"Die Transsibirische Eisenbahn\" \/>\n<meta property=\"og:image\" content=\"https:\/\/reisetier.de\/transsib\/wp-content\/uploads\/sites\/2\/2014\/01\/chabarovsk-kathedrale.jpg\" \/>\n<meta name=\"twitter:card\" content=\"summary_large_image\" \/>\n<meta name=\"twitter:label1\" content=\"Gesch\u00e4tzte Lesezeit\" \/>\n\t<meta name=\"twitter:data1\" content=\"3\u00a0Minuten\" \/>\n<script type=\"application\/ld+json\" class=\"yoast-schema-graph\">{\"@context\":\"https:\\\/\\\/schema.org\",\"@graph\":[{\"@type\":\"WebPage\",\"@id\":\"https:\\\/\\\/reisetier.de\\\/transsib\\\/transsibirische-eisenbahn-reiseberichte\\\/reisebericht-von-gerhard-wacker\\\/in-chabarovsk\\\/\",\"url\":\"https:\\\/\\\/reisetier.de\\\/transsib\\\/transsibirische-eisenbahn-reiseberichte\\\/reisebericht-von-gerhard-wacker\\\/in-chabarovsk\\\/\",\"name\":\"In Chabarovsk\",\"isPartOf\":{\"@id\":\"https:\\\/\\\/reisetier.de\\\/transsib\\\/#website\"},\"primaryImageOfPage\":{\"@id\":\"https:\\\/\\\/reisetier.de\\\/transsib\\\/transsibirische-eisenbahn-reiseberichte\\\/reisebericht-von-gerhard-wacker\\\/in-chabarovsk\\\/#primaryimage\"},\"image\":{\"@id\":\"https:\\\/\\\/reisetier.de\\\/transsib\\\/transsibirische-eisenbahn-reiseberichte\\\/reisebericht-von-gerhard-wacker\\\/in-chabarovsk\\\/#primaryimage\"},\"thumbnailUrl\":\"https:\\\/\\\/reisetier.de\\\/transsib\\\/wp-content\\\/uploads\\\/sites\\\/2\\\/2014\\\/01\\\/chabarovsk-kathedrale.jpg\",\"datePublished\":\"2014-01-28T00:30:59+00:00\",\"description\":\"Die Reise mit der Transsibirischen Eisenbahn f\u00fchrte Gerhard Wacker schlie\u00dflich nach Chabarovsk. Eine interessante Stadt.\",\"breadcrumb\":{\"@id\":\"https:\\\/\\\/reisetier.de\\\/transsib\\\/transsibirische-eisenbahn-reiseberichte\\\/reisebericht-von-gerhard-wacker\\\/in-chabarovsk\\\/#breadcrumb\"},\"inLanguage\":\"de\",\"potentialAction\":[{\"@type\":\"ReadAction\",\"target\":[\"https:\\\/\\\/reisetier.de\\\/transsib\\\/transsibirische-eisenbahn-reiseberichte\\\/reisebericht-von-gerhard-wacker\\\/in-chabarovsk\\\/\"]}]},{\"@type\":\"ImageObject\",\"inLanguage\":\"de\",\"@id\":\"https:\\\/\\\/reisetier.de\\\/transsib\\\/transsibirische-eisenbahn-reiseberichte\\\/reisebericht-von-gerhard-wacker\\\/in-chabarovsk\\\/#primaryimage\",\"url\":\"https:\\\/\\\/reisetier.de\\\/transsib\\\/wp-content\\\/uploads\\\/sites\\\/2\\\/2014\\\/01\\\/chabarovsk-kathedrale.jpg\",\"contentUrl\":\"https:\\\/\\\/reisetier.de\\\/transsib\\\/wp-content\\\/uploads\\\/sites\\\/2\\\/2014\\\/01\\\/chabarovsk-kathedrale.jpg\",\"width\":300,\"height\":216,\"caption\":\"Die Kathedrale und die Fernsehanstalt von Chabarovsk\"},{\"@type\":\"BreadcrumbList\",\"@id\":\"https:\\\/\\\/reisetier.de\\\/transsib\\\/transsibirische-eisenbahn-reiseberichte\\\/reisebericht-von-gerhard-wacker\\\/in-chabarovsk\\\/#breadcrumb\",\"itemListElement\":[{\"@type\":\"ListItem\",\"position\":1,\"name\":\"Home\",\"item\":\"https:\\\/\\\/reisetier.de\\\/transsib\\\/\"},{\"@type\":\"ListItem\",\"position\":2,\"name\":\"Transsib Reiseberichte\",\"item\":\"https:\\\/\\\/reisetier.de\\\/transsib\\\/transsibirische-eisenbahn-reiseberichte\\\/\"},{\"@type\":\"ListItem\",\"position\":3,\"name\":\"Reisebericht von Gerhard Wacker\",\"item\":\"https:\\\/\\\/reisetier.de\\\/transsib\\\/transsibirische-eisenbahn-reiseberichte\\\/reisebericht-von-gerhard-wacker\\\/\"},{\"@type\":\"ListItem\",\"position\":4,\"name\":\"In Chabarovsk\"}]},{\"@type\":\"WebSite\",\"@id\":\"https:\\\/\\\/reisetier.de\\\/transsib\\\/#website\",\"url\":\"https:\\\/\\\/reisetier.de\\\/transsib\\\/\",\"name\":\"Die Transsibirische Eisenbahn\",\"description\":\"Reisen durch Russland, die Mongolei und China\",\"potentialAction\":[{\"@type\":\"SearchAction\",\"target\":{\"@type\":\"EntryPoint\",\"urlTemplate\":\"https:\\\/\\\/reisetier.de\\\/transsib\\\/?s={search_term_string}\"},\"query-input\":{\"@type\":\"PropertyValueSpecification\",\"valueRequired\":true,\"valueName\":\"search_term_string\"}}],\"inLanguage\":\"de\"}]}<\/script>\n<!-- \/ Yoast SEO plugin. -->","yoast_head_json":{"title":"In Chabarovsk","description":"Die Reise mit der Transsibirischen Eisenbahn f\u00fchrte Gerhard Wacker schlie\u00dflich nach Chabarovsk. Eine interessante Stadt.","robots":{"index":"index","follow":"follow","max-snippet":"max-snippet:-1","max-image-preview":"max-image-preview:large","max-video-preview":"max-video-preview:-1"},"canonical":"https:\/\/reisetier.de\/transsib\/transsibirische-eisenbahn-reiseberichte\/reisebericht-von-gerhard-wacker\/in-chabarovsk\/","og_locale":"de_DE","og_type":"article","og_title":"In Chabarovsk","og_description":"Die Reise mit der Transsibirischen Eisenbahn f\u00fchrte Gerhard Wacker schlie\u00dflich nach Chabarovsk. Eine interessante Stadt.","og_url":"https:\/\/reisetier.de\/transsib\/transsibirische-eisenbahn-reiseberichte\/reisebericht-von-gerhard-wacker\/in-chabarovsk\/","og_site_name":"Die Transsibirische Eisenbahn","og_image":[{"url":"https:\/\/reisetier.de\/transsib\/wp-content\/uploads\/sites\/2\/2014\/01\/chabarovsk-kathedrale.jpg","type":"","width":"","height":""}],"twitter_card":"summary_large_image","twitter_misc":{"Gesch\u00e4tzte Lesezeit":"3\u00a0Minuten"},"schema":{"@context":"https:\/\/schema.org","@graph":[{"@type":"WebPage","@id":"https:\/\/reisetier.de\/transsib\/transsibirische-eisenbahn-reiseberichte\/reisebericht-von-gerhard-wacker\/in-chabarovsk\/","url":"https:\/\/reisetier.de\/transsib\/transsibirische-eisenbahn-reiseberichte\/reisebericht-von-gerhard-wacker\/in-chabarovsk\/","name":"In Chabarovsk","isPartOf":{"@id":"https:\/\/reisetier.de\/transsib\/#website"},"primaryImageOfPage":{"@id":"https:\/\/reisetier.de\/transsib\/transsibirische-eisenbahn-reiseberichte\/reisebericht-von-gerhard-wacker\/in-chabarovsk\/#primaryimage"},"image":{"@id":"https:\/\/reisetier.de\/transsib\/transsibirische-eisenbahn-reiseberichte\/reisebericht-von-gerhard-wacker\/in-chabarovsk\/#primaryimage"},"thumbnailUrl":"https:\/\/reisetier.de\/transsib\/wp-content\/uploads\/sites\/2\/2014\/01\/chabarovsk-kathedrale.jpg","datePublished":"2014-01-28T00:30:59+00:00","description":"Die Reise mit der Transsibirischen Eisenbahn f\u00fchrte Gerhard Wacker schlie\u00dflich nach Chabarovsk. Eine interessante Stadt.","breadcrumb":{"@id":"https:\/\/reisetier.de\/transsib\/transsibirische-eisenbahn-reiseberichte\/reisebericht-von-gerhard-wacker\/in-chabarovsk\/#breadcrumb"},"inLanguage":"de","potentialAction":[{"@type":"ReadAction","target":["https:\/\/reisetier.de\/transsib\/transsibirische-eisenbahn-reiseberichte\/reisebericht-von-gerhard-wacker\/in-chabarovsk\/"]}]},{"@type":"ImageObject","inLanguage":"de","@id":"https:\/\/reisetier.de\/transsib\/transsibirische-eisenbahn-reiseberichte\/reisebericht-von-gerhard-wacker\/in-chabarovsk\/#primaryimage","url":"https:\/\/reisetier.de\/transsib\/wp-content\/uploads\/sites\/2\/2014\/01\/chabarovsk-kathedrale.jpg","contentUrl":"https:\/\/reisetier.de\/transsib\/wp-content\/uploads\/sites\/2\/2014\/01\/chabarovsk-kathedrale.jpg","width":300,"height":216,"caption":"Die Kathedrale und die Fernsehanstalt von Chabarovsk"},{"@type":"BreadcrumbList","@id":"https:\/\/reisetier.de\/transsib\/transsibirische-eisenbahn-reiseberichte\/reisebericht-von-gerhard-wacker\/in-chabarovsk\/#breadcrumb","itemListElement":[{"@type":"ListItem","position":1,"name":"Home","item":"https:\/\/reisetier.de\/transsib\/"},{"@type":"ListItem","position":2,"name":"Transsib Reiseberichte","item":"https:\/\/reisetier.de\/transsib\/transsibirische-eisenbahn-reiseberichte\/"},{"@type":"ListItem","position":3,"name":"Reisebericht von Gerhard Wacker","item":"https:\/\/reisetier.de\/transsib\/transsibirische-eisenbahn-reiseberichte\/reisebericht-von-gerhard-wacker\/"},{"@type":"ListItem","position":4,"name":"In Chabarovsk"}]},{"@type":"WebSite","@id":"https:\/\/reisetier.de\/transsib\/#website","url":"https:\/\/reisetier.de\/transsib\/","name":"Die Transsibirische Eisenbahn","description":"Reisen durch Russland, die Mongolei und China","potentialAction":[{"@type":"SearchAction","target":{"@type":"EntryPoint","urlTemplate":"https:\/\/reisetier.de\/transsib\/?s={search_term_string}"},"query-input":{"@type":"PropertyValueSpecification","valueRequired":true,"valueName":"search_term_string"}}],"inLanguage":"de"}]}},"_links":{"self":[{"href":"https:\/\/reisetier.de\/transsib\/wp-json\/wp\/v2\/pages\/1806","targetHints":{"allow":["GET"]}}],"collection":[{"href":"https:\/\/reisetier.de\/transsib\/wp-json\/wp\/v2\/pages"}],"about":[{"href":"https:\/\/reisetier.de\/transsib\/wp-json\/wp\/v2\/types\/page"}],"author":[{"embeddable":true,"href":"https:\/\/reisetier.de\/transsib\/wp-json\/wp\/v2\/users\/1"}],"replies":[{"embeddable":true,"href":"https:\/\/reisetier.de\/transsib\/wp-json\/wp\/v2\/comments?post=1806"}],"version-history":[{"count":0,"href":"https:\/\/reisetier.de\/transsib\/wp-json\/wp\/v2\/pages\/1806\/revisions"}],"up":[{"embeddable":true,"href":"https:\/\/reisetier.de\/transsib\/wp-json\/wp\/v2\/pages\/1692"}],"wp:attachment":[{"href":"https:\/\/reisetier.de\/transsib\/wp-json\/wp\/v2\/media?parent=1806"}],"curies":[{"name":"wp","href":"https:\/\/api.w.org\/{rel}","templated":true}]}}