{"id":1786,"date":"2014-01-20T02:57:31","date_gmt":"2014-01-20T01:57:31","guid":{"rendered":"http:\/\/www.transsib-tipps.de\/?page_id=1786"},"modified":"2022-09-25T16:42:18","modified_gmt":"2022-09-25T14:42:18","slug":"globehopping-tipps","status":"publish","type":"page","link":"https:\/\/reisetier.de\/transsib\/globehopping-tipps\/","title":{"rendered":"Globehopping Tipps"},"content":{"rendered":"<h2>Beim n\u00e4chsten Mal machen wir das anders!<\/h2>\n<p><img loading=\"lazy\" decoding=\"async\" src=\"https:\/\/reisetier.de\/transsib\/wp-content\/uploads\/sites\/2\/2014\/01\/jonas-neuseeland.jpg\" alt=\"jonas-neuseeland\" width=\"428\" height=\"321\" class=\"alignright size-full wp-image-1789\" srcset=\"https:\/\/reisetier.de\/transsib\/wp-content\/uploads\/sites\/2\/2014\/01\/jonas-neuseeland.jpg 428w, https:\/\/reisetier.de\/transsib\/wp-content\/uploads\/sites\/2\/2014\/01\/jonas-neuseeland-300x225.jpg 300w\" sizes=\"auto, (max-width: 428px) 100vw, 428px\" \/><\/p>\n<p>Dieser Satz ist auf meinen Reisen immer wieder gefallen. Eine gewisse Ungewissheit geh\u00f6rt zum Abenteuer Reise dazu. Manche Dinge h\u00e4tte ich aber auch lieber vorher gewusst. Geht es dir da \u00e4hnlich?<\/p>\n<p>Nach meiner Fahrt mit der Transsibirischen Eisenbahn war ich noch auf verschiedenen anderen Reisen. Dabei habe ich nat\u00fcrlich noch viele wertvolle Erfahrungen gemacht, die nicht direkt mit der Transsib zu tun haben. Diese Erfahrungen und weitere wertvolle Tipps teile ich zusammen mit meiner Freundin in den Globehopping Tipps.<\/p>\n<p>Die Globehopping Tipps erscheinen etwa einmal im Monat. In jeder Ausgabe gibt es Tipps, Links zu interessanten Artikeln und B\u00fcchern sowie Neuigkeiten rund ums Reisen um die Welt.<\/p>\n<p>Au\u00dferdem schenke ich dir mein E-Book &#8222;Globehopping Tipps: Auf Reisen Geld verdienen&#8220;. Dort lernst du eine interessante M\u00f6glichkeit deine Reise von unterwegs zu finanzieren.<\/p>\n<p><img loading=\"lazy\" decoding=\"async\" src=\"https:\/\/reisetier.de\/transsib\/wp-content\/uploads\/sites\/2\/2014\/05\/auf-reisen-geld-verdienen-stapel.png\" alt=\"auf-reisen-geld-verdienen-stapel\" width=\"428\" height=\"321\" class=\"alignright size-full wp-image-1914\" srcset=\"https:\/\/reisetier.de\/transsib\/wp-content\/uploads\/sites\/2\/2014\/05\/auf-reisen-geld-verdienen-stapel.png 428w, https:\/\/reisetier.de\/transsib\/wp-content\/uploads\/sites\/2\/2014\/05\/auf-reisen-geld-verdienen-stapel-300x225.png 300w\" sizes=\"auto, (max-width: 428px) 100vw, 428px\" \/><\/p>\n<p>Gib hier einfach deine E-Mail-Adresse ein und du bekommst das E-Book und monatlich kostenlose, aktuelle Reisetipps.<\/p>\n<form method=\"post\" target=\"_blank\" action=\"https:\/\/47353.seu1.cleverreach.com\/f\/47353-117854\/wcs\/\"><input id=\"text2381326\" type=\"text\" style=\"width:400px\" placeholder=\"Email\" value=\"\" name=\"email\"><\/p>\n<p><input name=\"1201092[]\" value=\"OK\" type=\"checkbox\" required style=\"width:auto\" \/> Ich bin damit einverstanden, die Tipps per E-Mail zu erhalten, kann sie aber jederzeit abbestellen. F\u00fcr den Versand wird der Anbieter CleverReach benutzt. Weitere Infos in der <a href=\"\/datenschutz\/#newsletter\" target=\"_blank\" rel=\"noopener\">Datenschutz-Erkl\u00e4rung<\/a>.<\/p>\n<p><input style=\"width:410px; cursor:pointer\" type=\"submit\" value=\"E-Book und Reisetipps anfordern\" onclick=\"_gaq.push(['_trackEvent', 'GlobehoppingTipps', 'Signup', 'Main']);\"><\/form>\n<p>&nbsp;<\/p>\n<p>Wenn du nur das E-Book haben willst, kannst du es auch ohne Bestellung der Tipps <a href=\"https:\/\/reisetier.de\/transsib\/wp-content\/uploads\/sites\/2\/2018\/05\/Auf_Reisen_Geld_verdienen.pdf\" target=\"_blank\" rel=\"noopener\">herunterladen<\/a>.<\/p>\n","protected":false},"excerpt":{"rendered":"<p>Beim n\u00e4chsten Mal machen wir das anders! Dieser Satz ist auf meinen Reisen immer wieder gefallen. Eine gewisse Ungewissheit geh\u00f6rt zum Abenteuer Reise dazu. Manche Dinge h\u00e4tte ich aber auch lieber vorher gewusst. Geht es dir da \u00e4hnlich? Nach meiner Fahrt mit der Transsibirischen Eisenbahn war ich noch auf verschiedenen anderen Reisen. Dabei habe ich &#038;hellip <a class=\"read-excerpt\" href=\"https:\/\/reisetier.de\/transsib\/globehopping-tipps\/\">Continue reading <span class=\"meta-nav\">&raquo;<\/span><\/a><\/p>\n","protected":false},"author":1,"featured_media":0,"parent":0,"menu_order":326,"comment_status":"open","ping_status":"open","template":"","meta":{"footnotes":""},"class_list":["post-1786","page","type-page","status-publish","hentry"],"yoast_head":"<!-- This site is optimized with the Yoast SEO plugin v27.3 - https:\/\/yoast.com\/product\/yoast-seo-wordpress\/ -->\n<title>Globehopping Tipps<\/title>\n<meta name=\"description\" content=\"Mit den Globehopping Tipps bekommst du etwa ein Mal pro Monat wertvolle Reisetipps, Links und Buchtipps f\u00fcr das Reisen um die Welt.\" \/>\n<meta name=\"robots\" content=\"index, follow, max-snippet:-1, max-image-preview:large, max-video-preview:-1\" \/>\n<link rel=\"canonical\" href=\"https:\/\/reisetier.de\/transsib\/globehopping-tipps\/\" \/>\n<meta property=\"og:locale\" content=\"de_DE\" \/>\n<meta property=\"og:type\" content=\"article\" \/>\n<meta property=\"og:title\" content=\"Globehopping Tipps\" \/>\n<meta property=\"og:description\" content=\"Mit den Globehopping Tipps bekommst du etwa ein Mal pro Monat wertvolle Reisetipps, Links und Buchtipps f\u00fcr das Reisen um die Welt.\" \/>\n<meta property=\"og:url\" content=\"https:\/\/reisetier.de\/transsib\/globehopping-tipps\/\" \/>\n<meta property=\"og:site_name\" content=\"Die Transsibirische Eisenbahn\" \/>\n<meta property=\"article:modified_time\" content=\"2022-09-25T14:42:18+00:00\" \/>\n<meta property=\"og:image\" content=\"https:\/\/reisetier.de\/transsib\/wp-content\/uploads\/sites\/2\/2014\/01\/jonas-neuseeland.jpg\" \/>\n<meta name=\"twitter:card\" content=\"summary_large_image\" \/>\n<meta name=\"twitter:label1\" content=\"Gesch\u00e4tzte Lesezeit\" \/>\n\t<meta name=\"twitter:data1\" content=\"1\u00a0Minute\" \/>\n<script type=\"application\/ld+json\" class=\"yoast-schema-graph\">{\"@context\":\"https:\\\/\\\/schema.org\",\"@graph\":[{\"@type\":\"WebPage\",\"@id\":\"https:\\\/\\\/reisetier.de\\\/transsib\\\/globehopping-tipps\\\/\",\"url\":\"https:\\\/\\\/reisetier.de\\\/transsib\\\/globehopping-tipps\\\/\",\"name\":\"Globehopping Tipps\",\"isPartOf\":{\"@id\":\"https:\\\/\\\/reisetier.de\\\/transsib\\\/#website\"},\"primaryImageOfPage\":{\"@id\":\"https:\\\/\\\/reisetier.de\\\/transsib\\\/globehopping-tipps\\\/#primaryimage\"},\"image\":{\"@id\":\"https:\\\/\\\/reisetier.de\\\/transsib\\\/globehopping-tipps\\\/#primaryimage\"},\"thumbnailUrl\":\"https:\\\/\\\/reisetier.de\\\/transsib\\\/wp-content\\\/uploads\\\/sites\\\/2\\\/2014\\\/01\\\/jonas-neuseeland.jpg\",\"datePublished\":\"2014-01-20T01:57:31+00:00\",\"dateModified\":\"2022-09-25T14:42:18+00:00\",\"description\":\"Mit den Globehopping Tipps bekommst du etwa ein Mal pro Monat wertvolle Reisetipps, Links und Buchtipps f\u00fcr das Reisen um die Welt.\",\"breadcrumb\":{\"@id\":\"https:\\\/\\\/reisetier.de\\\/transsib\\\/globehopping-tipps\\\/#breadcrumb\"},\"inLanguage\":\"de\",\"potentialAction\":[{\"@type\":\"ReadAction\",\"target\":[\"https:\\\/\\\/reisetier.de\\\/transsib\\\/globehopping-tipps\\\/\"]}]},{\"@type\":\"ImageObject\",\"inLanguage\":\"de\",\"@id\":\"https:\\\/\\\/reisetier.de\\\/transsib\\\/globehopping-tipps\\\/#primaryimage\",\"url\":\"https:\\\/\\\/reisetier.de\\\/transsib\\\/wp-content\\\/uploads\\\/sites\\\/2\\\/2014\\\/01\\\/jonas-neuseeland.jpg\",\"contentUrl\":\"https:\\\/\\\/reisetier.de\\\/transsib\\\/wp-content\\\/uploads\\\/sites\\\/2\\\/2014\\\/01\\\/jonas-neuseeland.jpg\",\"width\":428,\"height\":321},{\"@type\":\"BreadcrumbList\",\"@id\":\"https:\\\/\\\/reisetier.de\\\/transsib\\\/globehopping-tipps\\\/#breadcrumb\",\"itemListElement\":[{\"@type\":\"ListItem\",\"position\":1,\"name\":\"Home\",\"item\":\"https:\\\/\\\/reisetier.de\\\/transsib\\\/\"},{\"@type\":\"ListItem\",\"position\":2,\"name\":\"Globehopping Tipps\"}]},{\"@type\":\"WebSite\",\"@id\":\"https:\\\/\\\/reisetier.de\\\/transsib\\\/#website\",\"url\":\"https:\\\/\\\/reisetier.de\\\/transsib\\\/\",\"name\":\"Die Transsibirische Eisenbahn\",\"description\":\"Reisen durch Russland, die Mongolei und China\",\"potentialAction\":[{\"@type\":\"SearchAction\",\"target\":{\"@type\":\"EntryPoint\",\"urlTemplate\":\"https:\\\/\\\/reisetier.de\\\/transsib\\\/?s={search_term_string}\"},\"query-input\":{\"@type\":\"PropertyValueSpecification\",\"valueRequired\":true,\"valueName\":\"search_term_string\"}}],\"inLanguage\":\"de\"}]}<\/script>\n<!-- \/ Yoast SEO plugin. -->","yoast_head_json":{"title":"Globehopping Tipps","description":"Mit den Globehopping Tipps bekommst du etwa ein Mal pro Monat wertvolle Reisetipps, Links und Buchtipps f\u00fcr das Reisen um die Welt.","robots":{"index":"index","follow":"follow","max-snippet":"max-snippet:-1","max-image-preview":"max-image-preview:large","max-video-preview":"max-video-preview:-1"},"canonical":"https:\/\/reisetier.de\/transsib\/globehopping-tipps\/","og_locale":"de_DE","og_type":"article","og_title":"Globehopping Tipps","og_description":"Mit den Globehopping Tipps bekommst du etwa ein Mal pro Monat wertvolle Reisetipps, Links und Buchtipps f\u00fcr das Reisen um die Welt.","og_url":"https:\/\/reisetier.de\/transsib\/globehopping-tipps\/","og_site_name":"Die Transsibirische Eisenbahn","article_modified_time":"2022-09-25T14:42:18+00:00","og_image":[{"url":"https:\/\/reisetier.de\/transsib\/wp-content\/uploads\/sites\/2\/2014\/01\/jonas-neuseeland.jpg","type":"","width":"","height":""}],"twitter_card":"summary_large_image","twitter_misc":{"Gesch\u00e4tzte Lesezeit":"1\u00a0Minute"},"schema":{"@context":"https:\/\/schema.org","@graph":[{"@type":"WebPage","@id":"https:\/\/reisetier.de\/transsib\/globehopping-tipps\/","url":"https:\/\/reisetier.de\/transsib\/globehopping-tipps\/","name":"Globehopping Tipps","isPartOf":{"@id":"https:\/\/reisetier.de\/transsib\/#website"},"primaryImageOfPage":{"@id":"https:\/\/reisetier.de\/transsib\/globehopping-tipps\/#primaryimage"},"image":{"@id":"https:\/\/reisetier.de\/transsib\/globehopping-tipps\/#primaryimage"},"thumbnailUrl":"https:\/\/reisetier.de\/transsib\/wp-content\/uploads\/sites\/2\/2014\/01\/jonas-neuseeland.jpg","datePublished":"2014-01-20T01:57:31+00:00","dateModified":"2022-09-25T14:42:18+00:00","description":"Mit den Globehopping Tipps bekommst du etwa ein Mal pro Monat wertvolle Reisetipps, Links und Buchtipps f\u00fcr das Reisen um die Welt.","breadcrumb":{"@id":"https:\/\/reisetier.de\/transsib\/globehopping-tipps\/#breadcrumb"},"inLanguage":"de","potentialAction":[{"@type":"ReadAction","target":["https:\/\/reisetier.de\/transsib\/globehopping-tipps\/"]}]},{"@type":"ImageObject","inLanguage":"de","@id":"https:\/\/reisetier.de\/transsib\/globehopping-tipps\/#primaryimage","url":"https:\/\/reisetier.de\/transsib\/wp-content\/uploads\/sites\/2\/2014\/01\/jonas-neuseeland.jpg","contentUrl":"https:\/\/reisetier.de\/transsib\/wp-content\/uploads\/sites\/2\/2014\/01\/jonas-neuseeland.jpg","width":428,"height":321},{"@type":"BreadcrumbList","@id":"https:\/\/reisetier.de\/transsib\/globehopping-tipps\/#breadcrumb","itemListElement":[{"@type":"ListItem","position":1,"name":"Home","item":"https:\/\/reisetier.de\/transsib\/"},{"@type":"ListItem","position":2,"name":"Globehopping Tipps"}]},{"@type":"WebSite","@id":"https:\/\/reisetier.de\/transsib\/#website","url":"https:\/\/reisetier.de\/transsib\/","name":"Die Transsibirische Eisenbahn","description":"Reisen durch Russland, die Mongolei und China","potentialAction":[{"@type":"SearchAction","target":{"@type":"EntryPoint","urlTemplate":"https:\/\/reisetier.de\/transsib\/?s={search_term_string}"},"query-input":{"@type":"PropertyValueSpecification","valueRequired":true,"valueName":"search_term_string"}}],"inLanguage":"de"}]}},"_links":{"self":[{"href":"https:\/\/reisetier.de\/transsib\/wp-json\/wp\/v2\/pages\/1786","targetHints":{"allow":["GET"]}}],"collection":[{"href":"https:\/\/reisetier.de\/transsib\/wp-json\/wp\/v2\/pages"}],"about":[{"href":"https:\/\/reisetier.de\/transsib\/wp-json\/wp\/v2\/types\/page"}],"author":[{"embeddable":true,"href":"https:\/\/reisetier.de\/transsib\/wp-json\/wp\/v2\/users\/1"}],"replies":[{"embeddable":true,"href":"https:\/\/reisetier.de\/transsib\/wp-json\/wp\/v2\/comments?post=1786"}],"version-history":[{"count":3,"href":"https:\/\/reisetier.de\/transsib\/wp-json\/wp\/v2\/pages\/1786\/revisions"}],"predecessor-version":[{"id":2537,"href":"https:\/\/reisetier.de\/transsib\/wp-json\/wp\/v2\/pages\/1786\/revisions\/2537"}],"wp:attachment":[{"href":"https:\/\/reisetier.de\/transsib\/wp-json\/wp\/v2\/media?parent=1786"}],"curies":[{"name":"wp","href":"https:\/\/api.w.org\/{rel}","templated":true}]}}