{"id":1760,"date":"2013-11-11T12:46:51","date_gmt":"2013-11-11T11:46:51","guid":{"rendered":"http:\/\/www.transsib-tipps.de\/?page_id=1760"},"modified":"2013-11-11T12:46:51","modified_gmt":"2013-11-11T11:46:51","slug":"die-alte-baikalbahn","status":"publish","type":"page","link":"https:\/\/reisetier.de\/transsib\/transsibirische-eisenbahn-reiseberichte\/reisebericht-von-gerhard-wacker\/die-alte-baikalbahn\/","title":{"rendered":"Die alte Baikalbahn"},"content":{"rendered":"<h4>Reisetag 11: Mittwoch, 12.9.2012, Irkutsk, Alte Baikalbahn<\/h4>\n<p>Heute steht wieder einer der Sibirien-H\u00f6hepunkte auf dem Programm: die Fahrt von Sljudjanka entlang des Baikalsees auf der alten Baikaltrasse. Wir werden um 7:30 Uhr vom Hotel abgeholt und sind bald am Bahnhof. Dort bleibt ausreichend Zeit, das sch\u00f6ne, alte Geb\u00e4ude zu bewundern und das rege Treiben der Reisenden zu verfolgen. Um 8:10 Uhr startet unser Touristenzug, \u00e4hnlich unseren modernen S-Bahn-Garnituren, in IRKUTSK und ist gegen 11:00 Uhr am Ufer des Baikalsees in Sljudjanka.<\/p>\n<p>Der Bahnhof verbl\u00fcfft mit seinen vielen Gleisanlagen, zahlreiche fliegende H\u00e4ndler bieten die regionale Spezialit\u00e4t, den Omur-Fisch aus dem See \u2013 ger\u00e4uchert, gesalzen oder fangfrisch \u2013 an. Der Zwischenstopp wird zu einer Besichtigung des sch\u00f6nen Bahnhofgeb\u00e4udes aus wei\u00dfem Marmor genutzt, ehe der Zug wieder anf\u00e4hrt. Die Bahntrasse, bereits aufgelassen und verfallen gewesen, wurde erst vor wenigen Jahren touristisch wieder aktiviert. Zwischen Berg und Seeufer schl\u00e4ngelt sie sich dahin, immer wieder legt der Zug Aufenthalte ein: Die Ausblicke auf See und W\u00e4lder genie\u00dfen, die Trasse mit ihren Viadukts und Tunnels (insgesamt 39, gesamt 9 km lang, auf der rund 80 km langen Strecke) zu bestaunen und zu fotografieren.<\/p>\n<div id=\"attachment_1762\" style=\"width: 710px\" class=\"wp-caption aligncenter\"><img loading=\"lazy\" decoding=\"async\" aria-describedby=\"caption-attachment-1762\" src=\"https:\/\/reisetier.de\/transsib\/wp-content\/uploads\/sites\/2\/2013\/11\/baikalbahn.jpg\" alt=\"Rechts der blaue See, links die H\u00fcgelketten mit den brennenden W\u00e4ldern, da und dort ein Haus oder eine kleine Siedlung \u2013 imposant zu sagen ist eher eine Untertreibung.\" width=\"700\" height=\"408\" class=\"size-full wp-image-1762\" srcset=\"https:\/\/reisetier.de\/transsib\/wp-content\/uploads\/sites\/2\/2013\/11\/baikalbahn.jpg 700w, https:\/\/reisetier.de\/transsib\/wp-content\/uploads\/sites\/2\/2013\/11\/baikalbahn-300x175.jpg 300w\" sizes=\"auto, (max-width: 700px) 100vw, 700px\" \/><p id=\"caption-attachment-1762\" class=\"wp-caption-text\">Rechts der blaue See, links die H\u00fcgelketten mit den &#8222;brennenden&#8220; W\u00e4ldern, da und dort ein Haus oder eine kleine Siedlung \u2013 imposant zu sagen ist eher eine Untertreibung.<\/p><\/div>\n<p>Es ist gegen 15:00 Uhr, ehe der Zug in POLOVINNIJ eine Mittagsrast einlegt: Zum Lunch gibt es Gem\u00fcsesuppe, Fleischlaibchen mit P\u00fcrree und Salat, Palatschinken mit Himbeermarmelade, Tee \u2013 einfach k\u00f6stlich. Dazu kostenlos die Aussicht und die Natur!<\/p>\n<p>Unentwegte nutzen den Aufenthalt zu einem Bad im See, gegen die Verk\u00fchlung wird ausreichend mit dem Nationalgetr\u00e4nk (W\u00e4sserchen) vorgesorgt.<br \/>\nEs ist bereits nach 19:00 Uhr, als wir PORT BAIKAL erreichen. Nach einer kurzen \u00dcberfahrt \u00fcber die M\u00fcndung der Agara sind wir in LISTVJANKA, wo bereits unser Fahrer wartet.<\/p>\n<p>Die R\u00fcckahrt durch die Landschaft war ein eigenes Erlebnis: Hochschaubahn-\u00e4hnlich f\u00fchrt die gut ausgebaute Stra\u00dfe durch die W\u00e4lder schnurgerade dahin, nur ab und zu von Kurven, da und dort einer kleinen Ansiedlung und Ausblicken auf die Agara unterbrochen.<\/p>\n<p>Gegen 20:30 Uhr treffen wir, bei abendlichem Sto\u00dfverkehr, wieder in IRKUTSK ein. Im peppigen &#8222;Popcafe&#8220; st\u00e4rken wir uns noch \u2013 sehr preiswert \u2013 mit hervorragenden Kuchen und Torten, ehe wir rechtschaffen m\u00fcde im Hotel eintrudeln.<\/p>\n","protected":false},"excerpt":{"rendered":"<p>Reisetag 11: Mittwoch, 12.9.2012, Irkutsk, Alte Baikalbahn Heute steht wieder einer der Sibirien-H\u00f6hepunkte auf dem Programm: die Fahrt von Sljudjanka entlang des Baikalsees auf der alten Baikaltrasse. Wir werden um 7:30 Uhr vom Hotel abgeholt und sind bald am Bahnhof. Dort bleibt ausreichend Zeit, das sch\u00f6ne, alte Geb\u00e4ude zu bewundern und das rege Treiben der &#038;hellip <a class=\"read-excerpt\" href=\"https:\/\/reisetier.de\/transsib\/transsibirische-eisenbahn-reiseberichte\/reisebericht-von-gerhard-wacker\/die-alte-baikalbahn\/\">Continue reading <span class=\"meta-nav\">&raquo;<\/span><\/a><\/p>\n","protected":false},"author":1,"featured_media":0,"parent":1692,"menu_order":311,"comment_status":"open","ping_status":"open","template":"","meta":{"footnotes":""},"class_list":["post-1760","page","type-page","status-publish","hentry"],"yoast_head":"<!-- This site is optimized with the Yoast SEO plugin v27.5 - https:\/\/yoast.com\/product\/yoast-seo-wordpress\/ -->\n<title>Die alte Baikalbahn<\/title>\n<meta name=\"description\" content=\"Am 11. Reisetag sind wir mit der alten Baikalbahn gefahren: Ein Highlight unserer Reise.\" \/>\n<meta name=\"robots\" content=\"index, follow, max-snippet:-1, max-image-preview:large, max-video-preview:-1\" \/>\n<link rel=\"canonical\" href=\"https:\/\/reisetier.de\/transsib\/transsibirische-eisenbahn-reiseberichte\/reisebericht-von-gerhard-wacker\/die-alte-baikalbahn\/\" \/>\n<meta property=\"og:locale\" content=\"de_DE\" \/>\n<meta property=\"og:type\" content=\"article\" \/>\n<meta property=\"og:title\" content=\"Die alte Baikalbahn\" \/>\n<meta property=\"og:description\" content=\"Am 11. Reisetag sind wir mit der alten Baikalbahn gefahren: Ein Highlight unserer Reise.\" \/>\n<meta property=\"og:url\" content=\"https:\/\/reisetier.de\/transsib\/transsibirische-eisenbahn-reiseberichte\/reisebericht-von-gerhard-wacker\/die-alte-baikalbahn\/\" \/>\n<meta property=\"og:site_name\" content=\"Die Transsibirische Eisenbahn\" \/>\n<meta property=\"og:image\" content=\"https:\/\/reisetier.de\/transsib\/wp-content\/uploads\/sites\/2\/2013\/11\/baikalbahn.jpg\" \/>\n<meta name=\"twitter:card\" content=\"summary_large_image\" \/>\n<meta name=\"twitter:label1\" content=\"Gesch\u00e4tzte Lesezeit\" \/>\n\t<meta name=\"twitter:data1\" content=\"2\u00a0Minuten\" \/>\n<script type=\"application\/ld+json\" class=\"yoast-schema-graph\">{\"@context\":\"https:\\\/\\\/schema.org\",\"@graph\":[{\"@type\":\"WebPage\",\"@id\":\"https:\\\/\\\/reisetier.de\\\/transsib\\\/transsibirische-eisenbahn-reiseberichte\\\/reisebericht-von-gerhard-wacker\\\/die-alte-baikalbahn\\\/\",\"url\":\"https:\\\/\\\/reisetier.de\\\/transsib\\\/transsibirische-eisenbahn-reiseberichte\\\/reisebericht-von-gerhard-wacker\\\/die-alte-baikalbahn\\\/\",\"name\":\"Die alte Baikalbahn\",\"isPartOf\":{\"@id\":\"https:\\\/\\\/reisetier.de\\\/transsib\\\/#website\"},\"primaryImageOfPage\":{\"@id\":\"https:\\\/\\\/reisetier.de\\\/transsib\\\/transsibirische-eisenbahn-reiseberichte\\\/reisebericht-von-gerhard-wacker\\\/die-alte-baikalbahn\\\/#primaryimage\"},\"image\":{\"@id\":\"https:\\\/\\\/reisetier.de\\\/transsib\\\/transsibirische-eisenbahn-reiseberichte\\\/reisebericht-von-gerhard-wacker\\\/die-alte-baikalbahn\\\/#primaryimage\"},\"thumbnailUrl\":\"https:\\\/\\\/reisetier.de\\\/transsib\\\/wp-content\\\/uploads\\\/sites\\\/2\\\/2013\\\/11\\\/baikalbahn.jpg\",\"datePublished\":\"2013-11-11T11:46:51+00:00\",\"description\":\"Am 11. Reisetag sind wir mit der alten Baikalbahn gefahren: Ein Highlight unserer Reise.\",\"breadcrumb\":{\"@id\":\"https:\\\/\\\/reisetier.de\\\/transsib\\\/transsibirische-eisenbahn-reiseberichte\\\/reisebericht-von-gerhard-wacker\\\/die-alte-baikalbahn\\\/#breadcrumb\"},\"inLanguage\":\"de\",\"potentialAction\":[{\"@type\":\"ReadAction\",\"target\":[\"https:\\\/\\\/reisetier.de\\\/transsib\\\/transsibirische-eisenbahn-reiseberichte\\\/reisebericht-von-gerhard-wacker\\\/die-alte-baikalbahn\\\/\"]}]},{\"@type\":\"ImageObject\",\"inLanguage\":\"de\",\"@id\":\"https:\\\/\\\/reisetier.de\\\/transsib\\\/transsibirische-eisenbahn-reiseberichte\\\/reisebericht-von-gerhard-wacker\\\/die-alte-baikalbahn\\\/#primaryimage\",\"url\":\"https:\\\/\\\/reisetier.de\\\/transsib\\\/wp-content\\\/uploads\\\/sites\\\/2\\\/2013\\\/11\\\/baikalbahn.jpg\",\"contentUrl\":\"https:\\\/\\\/reisetier.de\\\/transsib\\\/wp-content\\\/uploads\\\/sites\\\/2\\\/2013\\\/11\\\/baikalbahn.jpg\",\"width\":700,\"height\":408,\"caption\":\"Rechts der blaue See, links die H\u00fcgelketten mit den `brennenden\u00b4 W\u00e4ldern, da und dort ein Haus oder eine kleine Siedlung \u2013 imposant zu sagen ist eher eine Untertreibung.\"},{\"@type\":\"BreadcrumbList\",\"@id\":\"https:\\\/\\\/reisetier.de\\\/transsib\\\/transsibirische-eisenbahn-reiseberichte\\\/reisebericht-von-gerhard-wacker\\\/die-alte-baikalbahn\\\/#breadcrumb\",\"itemListElement\":[{\"@type\":\"ListItem\",\"position\":1,\"name\":\"Home\",\"item\":\"https:\\\/\\\/reisetier.de\\\/transsib\\\/\"},{\"@type\":\"ListItem\",\"position\":2,\"name\":\"Transsib Reiseberichte\",\"item\":\"https:\\\/\\\/reisetier.de\\\/transsib\\\/transsibirische-eisenbahn-reiseberichte\\\/\"},{\"@type\":\"ListItem\",\"position\":3,\"name\":\"Reisebericht von Gerhard Wacker\",\"item\":\"https:\\\/\\\/reisetier.de\\\/transsib\\\/transsibirische-eisenbahn-reiseberichte\\\/reisebericht-von-gerhard-wacker\\\/\"},{\"@type\":\"ListItem\",\"position\":4,\"name\":\"Die alte Baikalbahn\"}]},{\"@type\":\"WebSite\",\"@id\":\"https:\\\/\\\/reisetier.de\\\/transsib\\\/#website\",\"url\":\"https:\\\/\\\/reisetier.de\\\/transsib\\\/\",\"name\":\"Die Transsibirische Eisenbahn\",\"description\":\"Reisen durch Russland, die Mongolei und China\",\"potentialAction\":[{\"@type\":\"SearchAction\",\"target\":{\"@type\":\"EntryPoint\",\"urlTemplate\":\"https:\\\/\\\/reisetier.de\\\/transsib\\\/?s={search_term_string}\"},\"query-input\":{\"@type\":\"PropertyValueSpecification\",\"valueRequired\":true,\"valueName\":\"search_term_string\"}}],\"inLanguage\":\"de\"}]}<\/script>\n<!-- \/ Yoast SEO plugin. -->","yoast_head_json":{"title":"Die alte Baikalbahn","description":"Am 11. Reisetag sind wir mit der alten Baikalbahn gefahren: Ein Highlight unserer Reise.","robots":{"index":"index","follow":"follow","max-snippet":"max-snippet:-1","max-image-preview":"max-image-preview:large","max-video-preview":"max-video-preview:-1"},"canonical":"https:\/\/reisetier.de\/transsib\/transsibirische-eisenbahn-reiseberichte\/reisebericht-von-gerhard-wacker\/die-alte-baikalbahn\/","og_locale":"de_DE","og_type":"article","og_title":"Die alte Baikalbahn","og_description":"Am 11. Reisetag sind wir mit der alten Baikalbahn gefahren: Ein Highlight unserer Reise.","og_url":"https:\/\/reisetier.de\/transsib\/transsibirische-eisenbahn-reiseberichte\/reisebericht-von-gerhard-wacker\/die-alte-baikalbahn\/","og_site_name":"Die Transsibirische Eisenbahn","og_image":[{"url":"https:\/\/reisetier.de\/transsib\/wp-content\/uploads\/sites\/2\/2013\/11\/baikalbahn.jpg","type":"","width":"","height":""}],"twitter_card":"summary_large_image","twitter_misc":{"Gesch\u00e4tzte Lesezeit":"2\u00a0Minuten"},"schema":{"@context":"https:\/\/schema.org","@graph":[{"@type":"WebPage","@id":"https:\/\/reisetier.de\/transsib\/transsibirische-eisenbahn-reiseberichte\/reisebericht-von-gerhard-wacker\/die-alte-baikalbahn\/","url":"https:\/\/reisetier.de\/transsib\/transsibirische-eisenbahn-reiseberichte\/reisebericht-von-gerhard-wacker\/die-alte-baikalbahn\/","name":"Die alte Baikalbahn","isPartOf":{"@id":"https:\/\/reisetier.de\/transsib\/#website"},"primaryImageOfPage":{"@id":"https:\/\/reisetier.de\/transsib\/transsibirische-eisenbahn-reiseberichte\/reisebericht-von-gerhard-wacker\/die-alte-baikalbahn\/#primaryimage"},"image":{"@id":"https:\/\/reisetier.de\/transsib\/transsibirische-eisenbahn-reiseberichte\/reisebericht-von-gerhard-wacker\/die-alte-baikalbahn\/#primaryimage"},"thumbnailUrl":"https:\/\/reisetier.de\/transsib\/wp-content\/uploads\/sites\/2\/2013\/11\/baikalbahn.jpg","datePublished":"2013-11-11T11:46:51+00:00","description":"Am 11. Reisetag sind wir mit der alten Baikalbahn gefahren: Ein Highlight unserer Reise.","breadcrumb":{"@id":"https:\/\/reisetier.de\/transsib\/transsibirische-eisenbahn-reiseberichte\/reisebericht-von-gerhard-wacker\/die-alte-baikalbahn\/#breadcrumb"},"inLanguage":"de","potentialAction":[{"@type":"ReadAction","target":["https:\/\/reisetier.de\/transsib\/transsibirische-eisenbahn-reiseberichte\/reisebericht-von-gerhard-wacker\/die-alte-baikalbahn\/"]}]},{"@type":"ImageObject","inLanguage":"de","@id":"https:\/\/reisetier.de\/transsib\/transsibirische-eisenbahn-reiseberichte\/reisebericht-von-gerhard-wacker\/die-alte-baikalbahn\/#primaryimage","url":"https:\/\/reisetier.de\/transsib\/wp-content\/uploads\/sites\/2\/2013\/11\/baikalbahn.jpg","contentUrl":"https:\/\/reisetier.de\/transsib\/wp-content\/uploads\/sites\/2\/2013\/11\/baikalbahn.jpg","width":700,"height":408,"caption":"Rechts der blaue See, links die H\u00fcgelketten mit den `brennenden\u00b4 W\u00e4ldern, da und dort ein Haus oder eine kleine Siedlung \u2013 imposant zu sagen ist eher eine Untertreibung."},{"@type":"BreadcrumbList","@id":"https:\/\/reisetier.de\/transsib\/transsibirische-eisenbahn-reiseberichte\/reisebericht-von-gerhard-wacker\/die-alte-baikalbahn\/#breadcrumb","itemListElement":[{"@type":"ListItem","position":1,"name":"Home","item":"https:\/\/reisetier.de\/transsib\/"},{"@type":"ListItem","position":2,"name":"Transsib Reiseberichte","item":"https:\/\/reisetier.de\/transsib\/transsibirische-eisenbahn-reiseberichte\/"},{"@type":"ListItem","position":3,"name":"Reisebericht von Gerhard Wacker","item":"https:\/\/reisetier.de\/transsib\/transsibirische-eisenbahn-reiseberichte\/reisebericht-von-gerhard-wacker\/"},{"@type":"ListItem","position":4,"name":"Die alte Baikalbahn"}]},{"@type":"WebSite","@id":"https:\/\/reisetier.de\/transsib\/#website","url":"https:\/\/reisetier.de\/transsib\/","name":"Die Transsibirische Eisenbahn","description":"Reisen durch Russland, die Mongolei und China","potentialAction":[{"@type":"SearchAction","target":{"@type":"EntryPoint","urlTemplate":"https:\/\/reisetier.de\/transsib\/?s={search_term_string}"},"query-input":{"@type":"PropertyValueSpecification","valueRequired":true,"valueName":"search_term_string"}}],"inLanguage":"de"}]}},"_links":{"self":[{"href":"https:\/\/reisetier.de\/transsib\/wp-json\/wp\/v2\/pages\/1760","targetHints":{"allow":["GET"]}}],"collection":[{"href":"https:\/\/reisetier.de\/transsib\/wp-json\/wp\/v2\/pages"}],"about":[{"href":"https:\/\/reisetier.de\/transsib\/wp-json\/wp\/v2\/types\/page"}],"author":[{"embeddable":true,"href":"https:\/\/reisetier.de\/transsib\/wp-json\/wp\/v2\/users\/1"}],"replies":[{"embeddable":true,"href":"https:\/\/reisetier.de\/transsib\/wp-json\/wp\/v2\/comments?post=1760"}],"version-history":[{"count":0,"href":"https:\/\/reisetier.de\/transsib\/wp-json\/wp\/v2\/pages\/1760\/revisions"}],"up":[{"embeddable":true,"href":"https:\/\/reisetier.de\/transsib\/wp-json\/wp\/v2\/pages\/1692"}],"wp:attachment":[{"href":"https:\/\/reisetier.de\/transsib\/wp-json\/wp\/v2\/media?parent=1760"}],"curies":[{"name":"wp","href":"https:\/\/api.w.org\/{rel}","templated":true}]}}