{"id":1754,"date":"2013-11-11T12:35:38","date_gmt":"2013-11-11T11:35:38","guid":{"rendered":"http:\/\/www.transsib-tipps.de\/?page_id=1754"},"modified":"2013-11-11T12:35:38","modified_gmt":"2013-11-11T11:35:38","slug":"ankunft-in-irkutsk","status":"publish","type":"page","link":"https:\/\/reisetier.de\/transsib\/transsibirische-eisenbahn-reiseberichte\/reisebericht-von-gerhard-wacker\/ankunft-in-irkutsk\/","title":{"rendered":"Ankunft in Irkutsk"},"content":{"rendered":"<h4>Reisetag 10: Dienstag, 11.9.2012, nach 5.185 km: Irkutsk<\/h4>\n<p>Nach 3 Aufenthalten und 2 Stops (die wir alle verschlafen haben) kommen wir um 7:32 Uhr OZ nach etwas \u00fcber 10 Stunden Fahrt in IRKUTSK (ca. 620.000 Einwohner) an. In diesem Abschnitt war der Zug mit netto 71,5 kmh. Durchschnitt unterwegs.<\/p>\n<p>Wir werden schon erwartet und sind im Handumdrehen, weil noch wenig Verkehr ist, \u00fcber die Angara-Br\u00fccke in unserem Hotel &#8222;Rus&#8220;: Ein sch\u00f6nes Hotel fast im Zentrum, ruhig, ein Vorgarten mit B\u00e4umen, freundlicher Empfang, wir k\u00f6nnen schon morgens unsere Zimmer beziehen. Wir fr\u00fchst\u00fccken und horchen anschlie\u00dfend noch kurz in die Kopfp\u00f6lster.<\/p>\n<p>Erholt brechen wir mittags zu einer Erkundungsrunde auf: \u00dcber die Uliza Lenina, vorbei an Leninstatue und Stadion entdecken wir in einer malerischen Seitengasse das Caf\u00e9 &#8222;Soho&#8220;, einladend und gediegen.<\/p>\n<p>Am Nachmittag werden wir im Hotel zu einem Stadtrundgang abgeholt: Durch einen sch\u00f6nen Stadtpark, vorbei an Verwaltungsgeb\u00e4uden f\u00fcr Energie und die Gebietsadministration (an der Stelle der von Bolschewiken gesprengten Kathedrale) kommen wir zur Wachabl\u00f6se beim &#8222;Ewigen Feuer&#8220;, wo diese Woche die Schule unserer F\u00fchrerin (Deutschlehrerin) die Ehrenwache h\u00e4lt. Vorbei an der Erl\u00f6serkirche mit Heimatmuseum, Christi-Erscheinungs-Kirche (beide aus Anfang 18.Jhdt.) und der (katholischen) &#8222;Polnischen Kirche&#8220; gehen wir \u00fcber die lebhafte &#8222;Lenina&#8220; und die &#8222;Karla Marxa&#8220; in Richtung der Angara. Sch\u00f6ne, gro\u00dfteils gepflegte H\u00e4user, verzierte Fassaden sowie mehrere kleine Parkanlagen s\u00e4umen unseren Weg.<\/p>\n<p><img loading=\"lazy\" decoding=\"async\" src=\"https:\/\/reisetier.de\/transsib\/wp-content\/uploads\/sites\/2\/2013\/11\/irkutsk.jpg\" alt=\"irkutsk\" width=\"300\" height=\"225\" class=\"alignleft size-full wp-image-1756\" \/><\/p>\n<p>Beeindruckend das Schauspieltheater und das gelb bemalte &#8222;Wei\u00dfe Haus&#8220; am Weg zum Denkmal von Alexander III beim Heimatkundemuseum am Angara-Ufer. <\/p>\n<p>Zur\u00fcck \u00fcber die &#8222;Karla Marxa&#8220; mit den zahlreichen gepflegten Gesch\u00e4ften, Lokalen und Kneipen kommen wir durch die Fu\u00dfg\u00e4ngerzone zum Zentralmarkt mit seiner bunten Vielfalt an Fisch, Fleisch, Obst, Gem\u00fcsen und ausgefallenen Spezialit\u00e4ten. Unsere (nicht allzu freundliche) F\u00fchrerin verabschiedet sich, schon etwas m\u00fcde lassen wir einen Besuch im riesigen Kaufhaus nebenan ausfallen und gehen, vorbei am beeindruckenden Zirkus und durch recht sch\u00f6ne Gassen, zur\u00fcck in Richtung Hotel.<\/p>\n<p>Am Abend marschiere ich noch in das Viertel zwischen Ulitsa Sedova und 25. Oktober: Alte Holzh\u00e4user werden nach alten Pl\u00e4nen und Unterlagen mit kleinen Gesch\u00e4ften, zahlreichen Lokalen, dazwischen Wohnungen der &#8222;Upper Class&#8220; wieder aufgebaut. In der aufkommenden Finsternis kamen die Details der sehr aufw\u00e4ndigen Errichtung leider nicht zur Geltung.<\/p>\n<p>Aufgefallen ist uns:<\/p>\n<ul>\n<li>das lebendige Stadtbild, gepr\u00e4gt von vielen Studenten und Burjaten und Mongolen<\/li>\n<li>die Stadt wirkt sehr sauber, die Stra\u00dfen &#8211; oftmals mit B\u00e4umen ges\u00e4umt &#8211; sind intakt, gepflegte Parkanlagen, sch\u00f6ne Fassaden und da und dort noch uralte Holzh\u00e4user, teilweise schon recht schief<\/li>\n<li>die Autos sind zwar auch hier gro\u00dfteils rechtsgesteuert, aber moderner und intakter als in Krasnojarsk.<\/li>\n<\/ul>\n","protected":false},"excerpt":{"rendered":"<p>Reisetag 10: Dienstag, 11.9.2012, nach 5.185 km: Irkutsk Nach 3 Aufenthalten und 2 Stops (die wir alle verschlafen haben) kommen wir um 7:32 Uhr OZ nach etwas \u00fcber 10 Stunden Fahrt in IRKUTSK (ca. 620.000 Einwohner) an. In diesem Abschnitt war der Zug mit netto 71,5 kmh. Durchschnitt unterwegs. Wir werden schon erwartet und sind &#038;hellip <a class=\"read-excerpt\" href=\"https:\/\/reisetier.de\/transsib\/transsibirische-eisenbahn-reiseberichte\/reisebericht-von-gerhard-wacker\/ankunft-in-irkutsk\/\">Continue reading <span class=\"meta-nav\">&raquo;<\/span><\/a><\/p>\n","protected":false},"author":1,"featured_media":0,"parent":1692,"menu_order":308,"comment_status":"open","ping_status":"open","template":"","meta":{"footnotes":""},"class_list":["post-1754","page","type-page","status-publish","hentry"],"yoast_head":"<!-- This site is optimized with the Yoast SEO plugin v27.5 - https:\/\/yoast.com\/product\/yoast-seo-wordpress\/ -->\n<title>Ankunft in Irkutsk<\/title>\n<meta name=\"description\" content=\"Am 10. Tag unserer Reise sind wir in Irkutsk angenommen. Hier erfahrt ihr, was wir am ersten Tag in dieser spannenden Stadt so erlebt haben.\" \/>\n<meta name=\"robots\" content=\"index, follow, max-snippet:-1, max-image-preview:large, max-video-preview:-1\" \/>\n<link rel=\"canonical\" href=\"https:\/\/reisetier.de\/transsib\/transsibirische-eisenbahn-reiseberichte\/reisebericht-von-gerhard-wacker\/ankunft-in-irkutsk\/\" \/>\n<meta property=\"og:locale\" content=\"de_DE\" \/>\n<meta property=\"og:type\" content=\"article\" \/>\n<meta property=\"og:title\" content=\"Ankunft in Irkutsk\" \/>\n<meta property=\"og:description\" content=\"Am 10. Tag unserer Reise sind wir in Irkutsk angenommen. Hier erfahrt ihr, was wir am ersten Tag in dieser spannenden Stadt so erlebt haben.\" \/>\n<meta property=\"og:url\" content=\"https:\/\/reisetier.de\/transsib\/transsibirische-eisenbahn-reiseberichte\/reisebericht-von-gerhard-wacker\/ankunft-in-irkutsk\/\" \/>\n<meta property=\"og:site_name\" content=\"Die Transsibirische Eisenbahn\" \/>\n<meta property=\"og:image\" content=\"https:\/\/reisetier.de\/transsib\/wp-content\/uploads\/sites\/2\/2013\/11\/irkutsk.jpg\" \/>\n<meta name=\"twitter:card\" content=\"summary_large_image\" \/>\n<meta name=\"twitter:label1\" content=\"Gesch\u00e4tzte Lesezeit\" \/>\n\t<meta name=\"twitter:data1\" content=\"2\u00a0Minuten\" \/>\n<script type=\"application\/ld+json\" class=\"yoast-schema-graph\">{\"@context\":\"https:\\\/\\\/schema.org\",\"@graph\":[{\"@type\":\"WebPage\",\"@id\":\"https:\\\/\\\/reisetier.de\\\/transsib\\\/transsibirische-eisenbahn-reiseberichte\\\/reisebericht-von-gerhard-wacker\\\/ankunft-in-irkutsk\\\/\",\"url\":\"https:\\\/\\\/reisetier.de\\\/transsib\\\/transsibirische-eisenbahn-reiseberichte\\\/reisebericht-von-gerhard-wacker\\\/ankunft-in-irkutsk\\\/\",\"name\":\"Ankunft in Irkutsk\",\"isPartOf\":{\"@id\":\"https:\\\/\\\/reisetier.de\\\/transsib\\\/#website\"},\"primaryImageOfPage\":{\"@id\":\"https:\\\/\\\/reisetier.de\\\/transsib\\\/transsibirische-eisenbahn-reiseberichte\\\/reisebericht-von-gerhard-wacker\\\/ankunft-in-irkutsk\\\/#primaryimage\"},\"image\":{\"@id\":\"https:\\\/\\\/reisetier.de\\\/transsib\\\/transsibirische-eisenbahn-reiseberichte\\\/reisebericht-von-gerhard-wacker\\\/ankunft-in-irkutsk\\\/#primaryimage\"},\"thumbnailUrl\":\"https:\\\/\\\/reisetier.de\\\/transsib\\\/wp-content\\\/uploads\\\/sites\\\/2\\\/2013\\\/11\\\/irkutsk.jpg\",\"datePublished\":\"2013-11-11T11:35:38+00:00\",\"description\":\"Am 10. Tag unserer Reise sind wir in Irkutsk angenommen. Hier erfahrt ihr, was wir am ersten Tag in dieser spannenden Stadt so erlebt haben.\",\"breadcrumb\":{\"@id\":\"https:\\\/\\\/reisetier.de\\\/transsib\\\/transsibirische-eisenbahn-reiseberichte\\\/reisebericht-von-gerhard-wacker\\\/ankunft-in-irkutsk\\\/#breadcrumb\"},\"inLanguage\":\"de\",\"potentialAction\":[{\"@type\":\"ReadAction\",\"target\":[\"https:\\\/\\\/reisetier.de\\\/transsib\\\/transsibirische-eisenbahn-reiseberichte\\\/reisebericht-von-gerhard-wacker\\\/ankunft-in-irkutsk\\\/\"]}]},{\"@type\":\"ImageObject\",\"inLanguage\":\"de\",\"@id\":\"https:\\\/\\\/reisetier.de\\\/transsib\\\/transsibirische-eisenbahn-reiseberichte\\\/reisebericht-von-gerhard-wacker\\\/ankunft-in-irkutsk\\\/#primaryimage\",\"url\":\"https:\\\/\\\/reisetier.de\\\/transsib\\\/wp-content\\\/uploads\\\/sites\\\/2\\\/2013\\\/11\\\/irkutsk.jpg\",\"contentUrl\":\"https:\\\/\\\/reisetier.de\\\/transsib\\\/wp-content\\\/uploads\\\/sites\\\/2\\\/2013\\\/11\\\/irkutsk.jpg\",\"width\":300,\"height\":225},{\"@type\":\"BreadcrumbList\",\"@id\":\"https:\\\/\\\/reisetier.de\\\/transsib\\\/transsibirische-eisenbahn-reiseberichte\\\/reisebericht-von-gerhard-wacker\\\/ankunft-in-irkutsk\\\/#breadcrumb\",\"itemListElement\":[{\"@type\":\"ListItem\",\"position\":1,\"name\":\"Home\",\"item\":\"https:\\\/\\\/reisetier.de\\\/transsib\\\/\"},{\"@type\":\"ListItem\",\"position\":2,\"name\":\"Transsib Reiseberichte\",\"item\":\"https:\\\/\\\/reisetier.de\\\/transsib\\\/transsibirische-eisenbahn-reiseberichte\\\/\"},{\"@type\":\"ListItem\",\"position\":3,\"name\":\"Reisebericht von Gerhard Wacker\",\"item\":\"https:\\\/\\\/reisetier.de\\\/transsib\\\/transsibirische-eisenbahn-reiseberichte\\\/reisebericht-von-gerhard-wacker\\\/\"},{\"@type\":\"ListItem\",\"position\":4,\"name\":\"Ankunft in Irkutsk\"}]},{\"@type\":\"WebSite\",\"@id\":\"https:\\\/\\\/reisetier.de\\\/transsib\\\/#website\",\"url\":\"https:\\\/\\\/reisetier.de\\\/transsib\\\/\",\"name\":\"Die Transsibirische Eisenbahn\",\"description\":\"Reisen durch Russland, die Mongolei und China\",\"potentialAction\":[{\"@type\":\"SearchAction\",\"target\":{\"@type\":\"EntryPoint\",\"urlTemplate\":\"https:\\\/\\\/reisetier.de\\\/transsib\\\/?s={search_term_string}\"},\"query-input\":{\"@type\":\"PropertyValueSpecification\",\"valueRequired\":true,\"valueName\":\"search_term_string\"}}],\"inLanguage\":\"de\"}]}<\/script>\n<!-- \/ Yoast SEO plugin. -->","yoast_head_json":{"title":"Ankunft in Irkutsk","description":"Am 10. Tag unserer Reise sind wir in Irkutsk angenommen. Hier erfahrt ihr, was wir am ersten Tag in dieser spannenden Stadt so erlebt haben.","robots":{"index":"index","follow":"follow","max-snippet":"max-snippet:-1","max-image-preview":"max-image-preview:large","max-video-preview":"max-video-preview:-1"},"canonical":"https:\/\/reisetier.de\/transsib\/transsibirische-eisenbahn-reiseberichte\/reisebericht-von-gerhard-wacker\/ankunft-in-irkutsk\/","og_locale":"de_DE","og_type":"article","og_title":"Ankunft in Irkutsk","og_description":"Am 10. Tag unserer Reise sind wir in Irkutsk angenommen. Hier erfahrt ihr, was wir am ersten Tag in dieser spannenden Stadt so erlebt haben.","og_url":"https:\/\/reisetier.de\/transsib\/transsibirische-eisenbahn-reiseberichte\/reisebericht-von-gerhard-wacker\/ankunft-in-irkutsk\/","og_site_name":"Die Transsibirische Eisenbahn","og_image":[{"url":"https:\/\/reisetier.de\/transsib\/wp-content\/uploads\/sites\/2\/2013\/11\/irkutsk.jpg","type":"","width":"","height":""}],"twitter_card":"summary_large_image","twitter_misc":{"Gesch\u00e4tzte Lesezeit":"2\u00a0Minuten"},"schema":{"@context":"https:\/\/schema.org","@graph":[{"@type":"WebPage","@id":"https:\/\/reisetier.de\/transsib\/transsibirische-eisenbahn-reiseberichte\/reisebericht-von-gerhard-wacker\/ankunft-in-irkutsk\/","url":"https:\/\/reisetier.de\/transsib\/transsibirische-eisenbahn-reiseberichte\/reisebericht-von-gerhard-wacker\/ankunft-in-irkutsk\/","name":"Ankunft in Irkutsk","isPartOf":{"@id":"https:\/\/reisetier.de\/transsib\/#website"},"primaryImageOfPage":{"@id":"https:\/\/reisetier.de\/transsib\/transsibirische-eisenbahn-reiseberichte\/reisebericht-von-gerhard-wacker\/ankunft-in-irkutsk\/#primaryimage"},"image":{"@id":"https:\/\/reisetier.de\/transsib\/transsibirische-eisenbahn-reiseberichte\/reisebericht-von-gerhard-wacker\/ankunft-in-irkutsk\/#primaryimage"},"thumbnailUrl":"https:\/\/reisetier.de\/transsib\/wp-content\/uploads\/sites\/2\/2013\/11\/irkutsk.jpg","datePublished":"2013-11-11T11:35:38+00:00","description":"Am 10. Tag unserer Reise sind wir in Irkutsk angenommen. Hier erfahrt ihr, was wir am ersten Tag in dieser spannenden Stadt so erlebt haben.","breadcrumb":{"@id":"https:\/\/reisetier.de\/transsib\/transsibirische-eisenbahn-reiseberichte\/reisebericht-von-gerhard-wacker\/ankunft-in-irkutsk\/#breadcrumb"},"inLanguage":"de","potentialAction":[{"@type":"ReadAction","target":["https:\/\/reisetier.de\/transsib\/transsibirische-eisenbahn-reiseberichte\/reisebericht-von-gerhard-wacker\/ankunft-in-irkutsk\/"]}]},{"@type":"ImageObject","inLanguage":"de","@id":"https:\/\/reisetier.de\/transsib\/transsibirische-eisenbahn-reiseberichte\/reisebericht-von-gerhard-wacker\/ankunft-in-irkutsk\/#primaryimage","url":"https:\/\/reisetier.de\/transsib\/wp-content\/uploads\/sites\/2\/2013\/11\/irkutsk.jpg","contentUrl":"https:\/\/reisetier.de\/transsib\/wp-content\/uploads\/sites\/2\/2013\/11\/irkutsk.jpg","width":300,"height":225},{"@type":"BreadcrumbList","@id":"https:\/\/reisetier.de\/transsib\/transsibirische-eisenbahn-reiseberichte\/reisebericht-von-gerhard-wacker\/ankunft-in-irkutsk\/#breadcrumb","itemListElement":[{"@type":"ListItem","position":1,"name":"Home","item":"https:\/\/reisetier.de\/transsib\/"},{"@type":"ListItem","position":2,"name":"Transsib Reiseberichte","item":"https:\/\/reisetier.de\/transsib\/transsibirische-eisenbahn-reiseberichte\/"},{"@type":"ListItem","position":3,"name":"Reisebericht von Gerhard Wacker","item":"https:\/\/reisetier.de\/transsib\/transsibirische-eisenbahn-reiseberichte\/reisebericht-von-gerhard-wacker\/"},{"@type":"ListItem","position":4,"name":"Ankunft in Irkutsk"}]},{"@type":"WebSite","@id":"https:\/\/reisetier.de\/transsib\/#website","url":"https:\/\/reisetier.de\/transsib\/","name":"Die Transsibirische Eisenbahn","description":"Reisen durch Russland, die Mongolei und China","potentialAction":[{"@type":"SearchAction","target":{"@type":"EntryPoint","urlTemplate":"https:\/\/reisetier.de\/transsib\/?s={search_term_string}"},"query-input":{"@type":"PropertyValueSpecification","valueRequired":true,"valueName":"search_term_string"}}],"inLanguage":"de"}]}},"_links":{"self":[{"href":"https:\/\/reisetier.de\/transsib\/wp-json\/wp\/v2\/pages\/1754","targetHints":{"allow":["GET"]}}],"collection":[{"href":"https:\/\/reisetier.de\/transsib\/wp-json\/wp\/v2\/pages"}],"about":[{"href":"https:\/\/reisetier.de\/transsib\/wp-json\/wp\/v2\/types\/page"}],"author":[{"embeddable":true,"href":"https:\/\/reisetier.de\/transsib\/wp-json\/wp\/v2\/users\/1"}],"replies":[{"embeddable":true,"href":"https:\/\/reisetier.de\/transsib\/wp-json\/wp\/v2\/comments?post=1754"}],"version-history":[{"count":0,"href":"https:\/\/reisetier.de\/transsib\/wp-json\/wp\/v2\/pages\/1754\/revisions"}],"up":[{"embeddable":true,"href":"https:\/\/reisetier.de\/transsib\/wp-json\/wp\/v2\/pages\/1692"}],"wp:attachment":[{"href":"https:\/\/reisetier.de\/transsib\/wp-json\/wp\/v2\/media?parent=1754"}],"curies":[{"name":"wp","href":"https:\/\/api.w.org\/{rel}","templated":true}]}}