{"id":1750,"date":"2013-11-11T12:26:59","date_gmt":"2013-11-11T11:26:59","guid":{"rendered":"http:\/\/www.transsib-tipps.de\/?page_id=1750"},"modified":"2013-11-11T12:26:59","modified_gmt":"2013-11-11T11:26:59","slug":"in-birjusa-bei-taischet","status":"publish","type":"page","link":"https:\/\/reisetier.de\/transsib\/transsibirische-eisenbahn-reiseberichte\/reisebericht-von-gerhard-wacker\/in-birjusa-bei-taischet\/","title":{"rendered":"In Birjusa bei Taischet"},"content":{"rendered":"<h4>Reisetag 9: Montag, 10.9.2012, Birjusa, Transsib<\/h4>\n<p>Zuerst einmal verschliefen wir das Fr\u00fchst\u00fcck, obwohl es erst f\u00fcr 9:30 Uhr angesetzt war (dabei haben wir uns am Vorabend noch gewundert: &#8222;Was, so sp\u00e4t, was machen wir bis dahin?&#8220;). Zwar war Valentina wegen der Versp\u00e4tung etwas verschnupft (klar, die hat mehr zu tun als auf uns zu warten), trotzdem schmeckte uns das Fr\u00fchst\u00fcck einmalig, erste Klasse. Gekocht wird hier nur aus dem eigenen Garten und Stall.<\/p>\n<div id=\"attachment_1751\" style=\"width: 310px\" class=\"wp-caption alignright\"><img loading=\"lazy\" decoding=\"async\" aria-describedby=\"caption-attachment-1751\" src=\"https:\/\/reisetier.de\/transsib\/wp-content\/uploads\/sites\/2\/2013\/11\/birjusa-unterkunft.jpg\" alt=\"Unsere Unterkunft in Birjusa\" width=\"300\" height=\"219\" class=\"size-full wp-image-1751\" \/><p id=\"caption-attachment-1751\" class=\"wp-caption-text\">Unsere Unterkunft in Birjusa<\/p><\/div>\n<p>Heute konnten wir auch die Sch\u00f6nheiten sehen, die uns am Vorabend auch wegen der Dunkelheit verborgen waren: Den wundersch\u00f6nen Garten mit den vielf\u00e4ltigsten Blumen (unglaublich, wie das Valentina in 4\u00bd frostfreien Monaten schafft), den treuherzigen Wachhund (der wahrscheinlich und leider nie von der Kette kam), den &#8222;Haushund&#8220;, ein s\u00fc\u00dfer, witziger Pekinese, das sch\u00f6ne H\u00e4uschen, ja, und das Klo stank auch nicht mehr (wegen der K\u00e4lte &#8211; am Morgen hatte es +2\u00b0 &#8211; oder waren wir\u00b4s schon gewohnt?). Heute konnten wir auch die Dusche Marke Eigenbau\u00b4genau betrachten: Am Holzdach ein geschw\u00e4rztes Fa\u00df, an die F\u00fclleitung wird der Gartenschlauch angesteckt. \u00dcber ein Ventil kommt das Wasser im freien Fall in den Brausekopf, der direkt unter dem Fa\u00df montiert ist.<\/p>\n<p>Mittags holte uns Tatjana zu einem Dorfrundgang ab. Sie ist schon seit Generationen in dem Ort mit rund 600 Einwohnern. Da sie vor ihrer Pensionierung Englischlehrerin in der \u00f6rtlichen Schule war, konnten wir uns gut verst\u00e4ndigen und unterhalten. Sie zeigte uns nicht ohne Stolz die Besonderheiten von Birjusa, erz\u00e4hlte uns Geschichten (die fehlende Br\u00fccke, \u00fcber den B\u00e4ren, \u2026) und Geschichte samt Entwicklung der letzten Jahre, soziologische und soziale Zusammenh\u00e4nge \u2013 kurz, es war sehr interessant, die Zeit verflog schnell. Wartete doch das n\u00e4chste opulente Mahl auf uns: Eine erstklassige Suppe mit fleischgef\u00fcllten Nudeltaschen, eine Salatsch\u00fcssel, Brot und Tee nat\u00fcrlich, und Melone.<\/p>\n<p>Um 16 Uhr ging unser Ausflug in die Taiga los: Schenja, als Direktor der Polizeischule in Taischet sehr athletisch, holte uns mit seinem Aluminiumboot ab. Der Flu\u00df Birjusa ist trotz Niedrigwasser recht breit, oftmals von kleineren und gr\u00f6\u00dferen Inseln durchsetzt. Mal brausten wir \u00fcber den Flu\u00df, mal lie\u00df Schenja das Boot treiben, vor allem deshalb, weil er mit seinem Vierzack Fische f\u00fcr uns fangen wollte. Aber es gab keine, selbst Fischer, denen wir zusahen, hatten mit ihrem ausgelegten Netz nur wenig Ausbeute.<\/p>\n<div id=\"attachment_1752\" style=\"width: 310px\" class=\"wp-caption alignleft\"><img loading=\"lazy\" decoding=\"async\" aria-describedby=\"caption-attachment-1752\" src=\"https:\/\/reisetier.de\/transsib\/wp-content\/uploads\/sites\/2\/2013\/11\/weissberg-ausblick.jpg\" alt=\"Der Ausblick von Wei\u00dfberg\" width=\"300\" height=\"199\" class=\"size-full wp-image-1752\" \/><p id=\"caption-attachment-1752\" class=\"wp-caption-text\">Der Ausblick von Wei\u00dfberg<\/p><\/div>\n<p>An einem H\u00fcgel, genannt &#8222;Wei\u00dfberg&#8220; wegen der wei\u00dfen W\u00e4nde, legen wir an und gehen hinauf. Die Aussicht, die sich uns bietet, kann man nicht beschreiben: der Horizont ist 100 km oder mehr weit entfernt, Wald, soweit das Auge sieht, zu unseren F\u00fc\u00dfen ein bi\u00dfchen Wiesen und der Flu\u00df mit seinen Inseln und Kr\u00fcmmungen. In der klaren Luft liegt eine Stille, die fast weh tut.<\/p>\n<p>Sergej braust mit uns zur\u00fcck und legt an einem Picknickplatz an. Blitzartig hat er Holz gemacht und Feuer, ein Dreibein aufgestellt, Kartoffeln gewaschen, gesch\u00e4lt und zum Kochen aufgestellt, daneben den Tisch mit Tischtuch, Sch\u00fcsselchen, Teller, Salaten und was wei\u00df ich was noch gedeckt. Schon werden \u00e4u\u00dferst schmackhafte Stampfkartoffel aufgetragen, der Tee ist auch schon fertig, es schmeckt uns, als h\u00e4tten wir seit 3 Tagen nichts gegessen.<\/p>\n<p>Kaum zur\u00fcck hei\u00dft es Abschied nehmen, viel zu schnell ist uns die Zeit vergangen. Es war ein kurzer Zwischenstop, den wir auf keinen Fall missen wollten. Gegen 20:30 Uhr bringt uns Alexej zum Bahnhof in TAISCHET. Der Zug ist wieder p\u00fcnktlich und f\u00e4hrt um 21:13 Uhr OZ (= 16:13 MZ), gleich wieder ab.<\/p>\n<p>Diesmal sind wir im &#8222;Rossija&#8220;, dem Zug Nr. 2, dem Nobel-Hobel unter den Regelz\u00fcgen. Der Waggon der Moskauer Eisenbahnverwaltung ist auch wirklich edel: Fernseher im Abteil, Radio, bei jedem Bett Steckdose mit st\u00e4ndig Strom und Leseleuchten vorne und hinten, die Ausstattung ist recht anmutig. Auch das WC mit Waschtisch ist fast schon als luxuri\u00f6s zu bezeichnen. Noch ein Schlummertrunk, oder ein zweiter, aber bald sind wir in den (angenehmen) Betten.<\/p>\n","protected":false},"excerpt":{"rendered":"<p>Reisetag 9: Montag, 10.9.2012, Birjusa, Transsib Zuerst einmal verschliefen wir das Fr\u00fchst\u00fcck, obwohl es erst f\u00fcr 9:30 Uhr angesetzt war (dabei haben wir uns am Vorabend noch gewundert: &#8222;Was, so sp\u00e4t, was machen wir bis dahin?&#8220;). Zwar war Valentina wegen der Versp\u00e4tung etwas verschnupft (klar, die hat mehr zu tun als auf uns zu warten), &#038;hellip <a class=\"read-excerpt\" href=\"https:\/\/reisetier.de\/transsib\/transsibirische-eisenbahn-reiseberichte\/reisebericht-von-gerhard-wacker\/in-birjusa-bei-taischet\/\">Continue reading <span class=\"meta-nav\">&raquo;<\/span><\/a><\/p>\n","protected":false},"author":1,"featured_media":0,"parent":1692,"menu_order":304,"comment_status":"open","ping_status":"open","template":"","meta":{"footnotes":""},"class_list":["post-1750","page","type-page","status-publish","hentry"],"yoast_head":"<!-- This site is optimized with the Yoast SEO plugin v27.5 - https:\/\/yoast.com\/product\/yoast-seo-wordpress\/ -->\n<title>In Birjusa bei Taischet<\/title>\n<meta name=\"description\" content=\"In Birjusa haben wr uns das Dorf angesehen und eine Bootstour durch die Taiga gemacht. Ein unglaubliches Erlebnis!\" \/>\n<meta name=\"robots\" content=\"index, follow, max-snippet:-1, max-image-preview:large, max-video-preview:-1\" \/>\n<link rel=\"canonical\" href=\"https:\/\/reisetier.de\/transsib\/transsibirische-eisenbahn-reiseberichte\/reisebericht-von-gerhard-wacker\/in-birjusa-bei-taischet\/\" \/>\n<meta property=\"og:locale\" content=\"de_DE\" \/>\n<meta property=\"og:type\" content=\"article\" \/>\n<meta property=\"og:title\" content=\"In Birjusa bei Taischet\" \/>\n<meta property=\"og:description\" content=\"In Birjusa haben wr uns das Dorf angesehen und eine Bootstour durch die Taiga gemacht. Ein unglaubliches Erlebnis!\" \/>\n<meta property=\"og:url\" content=\"https:\/\/reisetier.de\/transsib\/transsibirische-eisenbahn-reiseberichte\/reisebericht-von-gerhard-wacker\/in-birjusa-bei-taischet\/\" \/>\n<meta property=\"og:site_name\" content=\"Die Transsibirische Eisenbahn\" \/>\n<meta property=\"og:image\" content=\"https:\/\/reisetier.de\/transsib\/wp-content\/uploads\/sites\/2\/2013\/11\/birjusa-unterkunft.jpg\" \/>\n<meta name=\"twitter:card\" content=\"summary_large_image\" \/>\n<meta name=\"twitter:label1\" content=\"Gesch\u00e4tzte Lesezeit\" \/>\n\t<meta name=\"twitter:data1\" content=\"3\u00a0Minuten\" \/>\n<script type=\"application\/ld+json\" class=\"yoast-schema-graph\">{\"@context\":\"https:\\\/\\\/schema.org\",\"@graph\":[{\"@type\":\"WebPage\",\"@id\":\"https:\\\/\\\/reisetier.de\\\/transsib\\\/transsibirische-eisenbahn-reiseberichte\\\/reisebericht-von-gerhard-wacker\\\/in-birjusa-bei-taischet\\\/\",\"url\":\"https:\\\/\\\/reisetier.de\\\/transsib\\\/transsibirische-eisenbahn-reiseberichte\\\/reisebericht-von-gerhard-wacker\\\/in-birjusa-bei-taischet\\\/\",\"name\":\"In Birjusa bei Taischet\",\"isPartOf\":{\"@id\":\"https:\\\/\\\/reisetier.de\\\/transsib\\\/#website\"},\"primaryImageOfPage\":{\"@id\":\"https:\\\/\\\/reisetier.de\\\/transsib\\\/transsibirische-eisenbahn-reiseberichte\\\/reisebericht-von-gerhard-wacker\\\/in-birjusa-bei-taischet\\\/#primaryimage\"},\"image\":{\"@id\":\"https:\\\/\\\/reisetier.de\\\/transsib\\\/transsibirische-eisenbahn-reiseberichte\\\/reisebericht-von-gerhard-wacker\\\/in-birjusa-bei-taischet\\\/#primaryimage\"},\"thumbnailUrl\":\"https:\\\/\\\/reisetier.de\\\/transsib\\\/wp-content\\\/uploads\\\/sites\\\/2\\\/2013\\\/11\\\/birjusa-unterkunft.jpg\",\"datePublished\":\"2013-11-11T11:26:59+00:00\",\"description\":\"In Birjusa haben wr uns das Dorf angesehen und eine Bootstour durch die Taiga gemacht. Ein unglaubliches Erlebnis!\",\"breadcrumb\":{\"@id\":\"https:\\\/\\\/reisetier.de\\\/transsib\\\/transsibirische-eisenbahn-reiseberichte\\\/reisebericht-von-gerhard-wacker\\\/in-birjusa-bei-taischet\\\/#breadcrumb\"},\"inLanguage\":\"de\",\"potentialAction\":[{\"@type\":\"ReadAction\",\"target\":[\"https:\\\/\\\/reisetier.de\\\/transsib\\\/transsibirische-eisenbahn-reiseberichte\\\/reisebericht-von-gerhard-wacker\\\/in-birjusa-bei-taischet\\\/\"]}]},{\"@type\":\"ImageObject\",\"inLanguage\":\"de\",\"@id\":\"https:\\\/\\\/reisetier.de\\\/transsib\\\/transsibirische-eisenbahn-reiseberichte\\\/reisebericht-von-gerhard-wacker\\\/in-birjusa-bei-taischet\\\/#primaryimage\",\"url\":\"https:\\\/\\\/reisetier.de\\\/transsib\\\/wp-content\\\/uploads\\\/sites\\\/2\\\/2013\\\/11\\\/birjusa-unterkunft.jpg\",\"contentUrl\":\"https:\\\/\\\/reisetier.de\\\/transsib\\\/wp-content\\\/uploads\\\/sites\\\/2\\\/2013\\\/11\\\/birjusa-unterkunft.jpg\",\"width\":300,\"height\":219,\"caption\":\"Unsere Unterkunft in Birjusa\"},{\"@type\":\"BreadcrumbList\",\"@id\":\"https:\\\/\\\/reisetier.de\\\/transsib\\\/transsibirische-eisenbahn-reiseberichte\\\/reisebericht-von-gerhard-wacker\\\/in-birjusa-bei-taischet\\\/#breadcrumb\",\"itemListElement\":[{\"@type\":\"ListItem\",\"position\":1,\"name\":\"Home\",\"item\":\"https:\\\/\\\/reisetier.de\\\/transsib\\\/\"},{\"@type\":\"ListItem\",\"position\":2,\"name\":\"Transsib Reiseberichte\",\"item\":\"https:\\\/\\\/reisetier.de\\\/transsib\\\/transsibirische-eisenbahn-reiseberichte\\\/\"},{\"@type\":\"ListItem\",\"position\":3,\"name\":\"Reisebericht von Gerhard Wacker\",\"item\":\"https:\\\/\\\/reisetier.de\\\/transsib\\\/transsibirische-eisenbahn-reiseberichte\\\/reisebericht-von-gerhard-wacker\\\/\"},{\"@type\":\"ListItem\",\"position\":4,\"name\":\"In Birjusa bei Taischet\"}]},{\"@type\":\"WebSite\",\"@id\":\"https:\\\/\\\/reisetier.de\\\/transsib\\\/#website\",\"url\":\"https:\\\/\\\/reisetier.de\\\/transsib\\\/\",\"name\":\"Die Transsibirische Eisenbahn\",\"description\":\"Reisen durch Russland, die Mongolei und China\",\"potentialAction\":[{\"@type\":\"SearchAction\",\"target\":{\"@type\":\"EntryPoint\",\"urlTemplate\":\"https:\\\/\\\/reisetier.de\\\/transsib\\\/?s={search_term_string}\"},\"query-input\":{\"@type\":\"PropertyValueSpecification\",\"valueRequired\":true,\"valueName\":\"search_term_string\"}}],\"inLanguage\":\"de\"}]}<\/script>\n<!-- \/ Yoast SEO plugin. -->","yoast_head_json":{"title":"In Birjusa bei Taischet","description":"In Birjusa haben wr uns das Dorf angesehen und eine Bootstour durch die Taiga gemacht. Ein unglaubliches Erlebnis!","robots":{"index":"index","follow":"follow","max-snippet":"max-snippet:-1","max-image-preview":"max-image-preview:large","max-video-preview":"max-video-preview:-1"},"canonical":"https:\/\/reisetier.de\/transsib\/transsibirische-eisenbahn-reiseberichte\/reisebericht-von-gerhard-wacker\/in-birjusa-bei-taischet\/","og_locale":"de_DE","og_type":"article","og_title":"In Birjusa bei Taischet","og_description":"In Birjusa haben wr uns das Dorf angesehen und eine Bootstour durch die Taiga gemacht. Ein unglaubliches Erlebnis!","og_url":"https:\/\/reisetier.de\/transsib\/transsibirische-eisenbahn-reiseberichte\/reisebericht-von-gerhard-wacker\/in-birjusa-bei-taischet\/","og_site_name":"Die Transsibirische Eisenbahn","og_image":[{"url":"https:\/\/reisetier.de\/transsib\/wp-content\/uploads\/sites\/2\/2013\/11\/birjusa-unterkunft.jpg","type":"","width":"","height":""}],"twitter_card":"summary_large_image","twitter_misc":{"Gesch\u00e4tzte Lesezeit":"3\u00a0Minuten"},"schema":{"@context":"https:\/\/schema.org","@graph":[{"@type":"WebPage","@id":"https:\/\/reisetier.de\/transsib\/transsibirische-eisenbahn-reiseberichte\/reisebericht-von-gerhard-wacker\/in-birjusa-bei-taischet\/","url":"https:\/\/reisetier.de\/transsib\/transsibirische-eisenbahn-reiseberichte\/reisebericht-von-gerhard-wacker\/in-birjusa-bei-taischet\/","name":"In Birjusa bei Taischet","isPartOf":{"@id":"https:\/\/reisetier.de\/transsib\/#website"},"primaryImageOfPage":{"@id":"https:\/\/reisetier.de\/transsib\/transsibirische-eisenbahn-reiseberichte\/reisebericht-von-gerhard-wacker\/in-birjusa-bei-taischet\/#primaryimage"},"image":{"@id":"https:\/\/reisetier.de\/transsib\/transsibirische-eisenbahn-reiseberichte\/reisebericht-von-gerhard-wacker\/in-birjusa-bei-taischet\/#primaryimage"},"thumbnailUrl":"https:\/\/reisetier.de\/transsib\/wp-content\/uploads\/sites\/2\/2013\/11\/birjusa-unterkunft.jpg","datePublished":"2013-11-11T11:26:59+00:00","description":"In Birjusa haben wr uns das Dorf angesehen und eine Bootstour durch die Taiga gemacht. Ein unglaubliches Erlebnis!","breadcrumb":{"@id":"https:\/\/reisetier.de\/transsib\/transsibirische-eisenbahn-reiseberichte\/reisebericht-von-gerhard-wacker\/in-birjusa-bei-taischet\/#breadcrumb"},"inLanguage":"de","potentialAction":[{"@type":"ReadAction","target":["https:\/\/reisetier.de\/transsib\/transsibirische-eisenbahn-reiseberichte\/reisebericht-von-gerhard-wacker\/in-birjusa-bei-taischet\/"]}]},{"@type":"ImageObject","inLanguage":"de","@id":"https:\/\/reisetier.de\/transsib\/transsibirische-eisenbahn-reiseberichte\/reisebericht-von-gerhard-wacker\/in-birjusa-bei-taischet\/#primaryimage","url":"https:\/\/reisetier.de\/transsib\/wp-content\/uploads\/sites\/2\/2013\/11\/birjusa-unterkunft.jpg","contentUrl":"https:\/\/reisetier.de\/transsib\/wp-content\/uploads\/sites\/2\/2013\/11\/birjusa-unterkunft.jpg","width":300,"height":219,"caption":"Unsere Unterkunft in Birjusa"},{"@type":"BreadcrumbList","@id":"https:\/\/reisetier.de\/transsib\/transsibirische-eisenbahn-reiseberichte\/reisebericht-von-gerhard-wacker\/in-birjusa-bei-taischet\/#breadcrumb","itemListElement":[{"@type":"ListItem","position":1,"name":"Home","item":"https:\/\/reisetier.de\/transsib\/"},{"@type":"ListItem","position":2,"name":"Transsib Reiseberichte","item":"https:\/\/reisetier.de\/transsib\/transsibirische-eisenbahn-reiseberichte\/"},{"@type":"ListItem","position":3,"name":"Reisebericht von Gerhard Wacker","item":"https:\/\/reisetier.de\/transsib\/transsibirische-eisenbahn-reiseberichte\/reisebericht-von-gerhard-wacker\/"},{"@type":"ListItem","position":4,"name":"In Birjusa bei Taischet"}]},{"@type":"WebSite","@id":"https:\/\/reisetier.de\/transsib\/#website","url":"https:\/\/reisetier.de\/transsib\/","name":"Die Transsibirische Eisenbahn","description":"Reisen durch Russland, die Mongolei und China","potentialAction":[{"@type":"SearchAction","target":{"@type":"EntryPoint","urlTemplate":"https:\/\/reisetier.de\/transsib\/?s={search_term_string}"},"query-input":{"@type":"PropertyValueSpecification","valueRequired":true,"valueName":"search_term_string"}}],"inLanguage":"de"}]}},"_links":{"self":[{"href":"https:\/\/reisetier.de\/transsib\/wp-json\/wp\/v2\/pages\/1750","targetHints":{"allow":["GET"]}}],"collection":[{"href":"https:\/\/reisetier.de\/transsib\/wp-json\/wp\/v2\/pages"}],"about":[{"href":"https:\/\/reisetier.de\/transsib\/wp-json\/wp\/v2\/types\/page"}],"author":[{"embeddable":true,"href":"https:\/\/reisetier.de\/transsib\/wp-json\/wp\/v2\/users\/1"}],"replies":[{"embeddable":true,"href":"https:\/\/reisetier.de\/transsib\/wp-json\/wp\/v2\/comments?post=1750"}],"version-history":[{"count":0,"href":"https:\/\/reisetier.de\/transsib\/wp-json\/wp\/v2\/pages\/1750\/revisions"}],"up":[{"embeddable":true,"href":"https:\/\/reisetier.de\/transsib\/wp-json\/wp\/v2\/pages\/1692"}],"wp:attachment":[{"href":"https:\/\/reisetier.de\/transsib\/wp-json\/wp\/v2\/media?parent=1750"}],"curies":[{"name":"wp","href":"https:\/\/api.w.org\/{rel}","templated":true}]}}