{"id":1717,"date":"2013-10-08T13:22:26","date_gmt":"2013-10-08T12:22:26","guid":{"rendered":"http:\/\/www.transsib-tipps.de\/?page_id=1717"},"modified":"2013-10-08T13:22:26","modified_gmt":"2013-10-08T12:22:26","slug":"stolby-nationalpark-krasnojarsk","status":"publish","type":"page","link":"https:\/\/reisetier.de\/transsib\/transsibirische-eisenbahn-reiseberichte\/reisebericht-von-gerhard-wacker\/stolby-nationalpark-krasnojarsk\/","title":{"rendered":"Stolby-Nationalpark in Krasnojarsk"},"content":{"rendered":"<h4>Reisetag 5: Donnerstag, 6.9.2012, nach 4.098 km: Krasnojarsk<\/h4>\n<p>Um 2:30 Uhr war Tagwache; vor Krasnojarsk fahren wir sehr lange durch eine sch\u00f6n angelegte Datschensiedlung. Direkt \u00fcberp\u00fcnktlich kommen wir um 3:30 (= 7:30 Uhr OZ) in Krasnojarsk an. Zieht man ca. 5 \u00bd Stunden f\u00fcr Aufenthalte von der Fahrzeit ab, so hat unser Zug eine Durchschnittsgeschwindigkeit von \u00fcber 72 kmh. gehabt.<br \/>\nDie Industriestadt ist mit rund 1,000.000 Einwohnern die 3. gr\u00f6\u00dfte Stadt Sibiriens.<\/p>\n<p>Unser Transferfahrer erwartet uns am Waggon. Da die Rushhour in den russischen St\u00e4dten morgens erst so gegen 8:30 Uhr beginnt (daf\u00fcr ist sie abends sp\u00e4ter und l\u00e4nger, so von 18 \u2013 20:30 Uhr) sind wir rasch in unserem Privatquartier bei Olga, Victor und Danny (`di Vito\u00b4) \u2013 dem schon etwas betagtem, lustigen Spitz. Nach einem ersten Bekanntmachen brechen wie auf, um zu fr\u00fchst\u00fccken. Es regnet leicht, und, leider, die Lokale haben durch die Bank noch zu. Wir finden aber eine B\u00e4ckerei, wo wir erstklassig (Wurst, K\u00e4sen, Ei, vor allem die Backwaren) und billig auftafeln. Anschlie\u00dfend wird in einem richtigen Bett nachgeschlafen \u2013 allerdings haben wir das Zugfahrschaukeln noch in den Knochen, \u00e4hnlich wie bei einer Schiffsreise.<\/p>\n<p>Anschlie\u00dfend brechen wir zu einem Stadtbummel auf. Der Regen hat aufgeh\u00f6rt und wir spazieren am Jenissej entlang ins Zentrum: sch\u00f6n angelegt, reges Treiben rundum, und viele sch\u00f6ne Springbrunnen. Und, auffallend, viele Sitzb\u00e4nke, wobei jede Bank ihren Mistk\u00fcbel hat. Deshalb, und weil es auch viele Stra\u00dfenkehrer gibt, ist es \u00fcberall recht sauber. Nun, nicht ganz: \u00fcberall liegen Kopeken-Geldst\u00fccke am Boden. Keine Ahnung, warum die niemand aufklaubt. Jedenfalls haben wir die ganzen Tage gepiekt wie die H\u00fchner Wir gehen \u00fcber die Prospekt Mira Richtung Quartier \u2013 sch\u00f6ne, breite Gehsteige, B\u00e4ume und kleine Parks s\u00e4umen den Weg, moderne Gesch\u00e4fte, wir biegen in ein Cafehaus, Stil Alt-Wien, ein: tolle Kuchen, Getr\u00e4nke und Bedienung. Und, wie so oft, problemlose W-Lan-Verbindungen, kostenlos. In einem Supermarkt decken wir uns mit Prozentigem und K\u00e4se ein und verbringen den Abend im Quartier bei Kartenspiel.<\/p>\n<p>&nbsp;<\/p>\n<h4>Reisetag 6: Freitag, 7.9.2012, Krasnojarsk, Stolby-Park<\/h4>\n<div id=\"attachment_1718\" style=\"width: 310px\" class=\"wp-caption alignleft\"><img loading=\"lazy\" decoding=\"async\" aria-describedby=\"caption-attachment-1718\" src=\"https:\/\/reisetier.de\/transsib\/wp-content\/uploads\/sites\/2\/2013\/10\/krasnojarsk-wanderung.jpg\" alt=\"Wanderung im Stolby Nationalpark\" width=\"300\" height=\"164\" class=\"size-full wp-image-1718\" \/><p id=\"caption-attachment-1718\" class=\"wp-caption-text\">Wanderung im Stolby Nationalpark<\/p><\/div>\n<p>Der Fr\u00fchst\u00fccksduft weckt uns fr\u00fchzeitig: Olga hat, mit Gem\u00fcsen und Obst aus der eigenen Datscha, ein aufw\u00e4ndiges Fr\u00fchst\u00fcck gezaubert, es schmeckt uns hervorragend. Um 9:55 Uhr l\u00e4utet es, \u00fcberp\u00fcnktlich, wie alles in Ru\u00dfland abgelaufen ist. Wir werden von einem von Olga organisiertem \u201cTaxi\u201d abgeholt, das uns zum STOLBY-NATIONALPARK bringt. Unser Alternativprogramm, nachdem unser Ausflug in die Taiga mit dem Postschiff am Jenissej in\u00b4s (nicht vorhandene) Wasser gefallen ist. Das \u201cTaxi\u201d entsprach voll der Vorstellung, die man von Ru\u00dfland (und den anderen Autos in Krasnojarsk) landl\u00e4ufig hat: ein Toyota, der mit dem Originalzustand nichts mehr gemein hatte, zudem d\u00fcrfte das Auto um rund 150 kg leichter als bei der Auslieferung gewesen sein (da\u00df, wie bei 98% der PKWs in Krasnojarsk, die Windschutzscheibe kaputt war, sei nicht extra erw\u00e4hnt). Daf\u00fcr brachte uns der Chauffeur z\u00fcgig zum Parkeingang, und das um pauschal nur 300 Rubel (+ Trinkgeld).<br \/>\nDer Park selbst war dann reizvoll: sch\u00f6n angelegte Wege mit Schaust\u00fccken und \u2013tafeln, artenreicher Wald, viele Streifenh\u00f6rnchen und V\u00f6gel.<\/p>\n<p>Wir wandern rund 2 \u00bd Stunden hinauf, oftmals auf Holzstegen, zur Anh\u00f6he, von dort noch ca. \u00bd Stunde zu Granitfelsen, die pfahlartig aus dem Boden `gewachsen\u00b4 sind. Ein P\u00e4rchen gibt uns ein paar Sonnenblumenkerne, um die Eichh\u00f6rnchen fotogerecht zu locken. Nach einer erfrischenden Brotzeit (erfrischend deshalb, weil es auf 670 m H\u00f6he nur knappe 10\u00b0C hat) gehen wir zur\u00fcck zur Anh\u00f6he. Mittlerweilen hat das Kiosk ge\u00f6ffnet, wir kaufen uns einen Kaffee (und finden wieder Geld). Der Weg bis zum Ende der Stra\u00dfe hat dann nicht viel gebracht hat, wir drehen um und gehen die ca. 6 km Richtung Ausgang.<\/p>\n<p><img loading=\"lazy\" decoding=\"async\" src=\"https:\/\/reisetier.de\/transsib\/wp-content\/uploads\/sites\/2\/2013\/10\/stolby-park.jpg\" alt=\"stolby-park\" width=\"300\" height=\"169\" class=\"alignright size-full wp-image-1719\" \/><\/p>\n<p>Am Nachmittag sind dann schon mehr Besucher unterwegs, fast alle haben einen Sack mit K\u00f6rnern f\u00fcr die putzigen Streifenh\u00f6rnchen, die sich in der Sonne tummeln. Zudem unterstreicht das milde Sonnenlicht die Farbenpracht und \u2013vielfalt des Waldes. Vom Ausgang weg sind es dann noch ca. 2,5 km bis zur Bushaltestelle. Insgesamt sind wir ca. 400 Hm und 17 km unterwegs gewesen. Olga hat uns dann erz\u00e4hlt, da\u00df der Park nach einer Sperre \u00fcber die Sommermonate wegen der Brandgefahr erst seit ein paar Tagen wieder ge\u00f6ffnet hat.<\/p>\n<p>An der Bushaltestelle warten und warten wir &#8211; einige andere Buslinien sind schon mehrmals gekommen &#8211; auf \u201cunseren\u201d Bus Nr. 50. Wir fragen andere Wartende: jaja, der Bus kommt schon, bald. `Fragen\u00b4 hei\u00dft in diesem Fall, fuchteln, zeigen, Jenissej-Bridge-stammelnd. Aber die Leute sind sehr hilfsbereit, verdolmetschen unser Vorhaben auch der Schaffnerin im Bus, die dann doch gekommen ist. Die Busfahrt war dann ein Erlebnis f\u00fcr sich: der Bus (modern) ziemlich voll, die Schaffnerin konnte nicht wechseln (wir wu\u00dften auch nicht, wieviel die Fahrt f\u00fcr 4 Personen kostet, nur da\u00df es nicht viel sein konnte ahnten wir, Heinz hielt halt einen Geldschein hin). Jedenfalls bekam dann Heinz nach und nach sein Geld mehr oder weniger wieder zur\u00fcck (eigentlich wahrscheinlich mehr), wir bekamen keine Karten, hatten aber eine sehr gen\u00fc\u00dfliche Fahrt entlang schmucken Holzh\u00e4uschen, Wohnanlagen, Datschas und Gewerbegebieten, ehe wir durch den abendlichen Stau \u00fcber die breite Jenissej-Br\u00fccke ins Zentrum kamen.<\/p>\n<p>Im Zentrum kehrten wir in ein Bistrozelt ein, ein englichsprachiges Fr\u00e4ulein als Gast verdolmetschte uns und dem Personal die Speisekarte und bestellte f\u00fcr uns. Wieder gut abgegessen (Grillhuhn, gegrillte Tomaten, Erd\u00e4pfel, \u2026) und abgetrunken spazierten wir, diesmal \u00fcber eine andere Prachtstra\u00dfe, die Ulica Karla Marksa, nach Hause. Abends h\u00f6ren wir noch Olga in der K\u00fcche werken, es duftet wieder verf\u00fchrerisch.<\/p>\n","protected":false},"excerpt":{"rendered":"<p>Reisetag 5: Donnerstag, 6.9.2012, nach 4.098 km: Krasnojarsk Um 2:30 Uhr war Tagwache; vor Krasnojarsk fahren wir sehr lange durch eine sch\u00f6n angelegte Datschensiedlung. Direkt \u00fcberp\u00fcnktlich kommen wir um 3:30 (= 7:30 Uhr OZ) in Krasnojarsk an. Zieht man ca. 5 \u00bd Stunden f\u00fcr Aufenthalte von der Fahrzeit ab, so hat unser Zug eine Durchschnittsgeschwindigkeit &#038;hellip <a class=\"read-excerpt\" href=\"https:\/\/reisetier.de\/transsib\/transsibirische-eisenbahn-reiseberichte\/reisebericht-von-gerhard-wacker\/stolby-nationalpark-krasnojarsk\/\">Continue reading <span class=\"meta-nav\">&raquo;<\/span><\/a><\/p>\n","protected":false},"author":1,"featured_media":0,"parent":1692,"menu_order":293,"comment_status":"open","ping_status":"open","template":"","meta":{"footnotes":""},"class_list":["post-1717","page","type-page","status-publish","hentry"],"yoast_head":"<!-- This site is optimized with the Yoast SEO plugin v27.4 - https:\/\/yoast.com\/product\/yoast-seo-wordpress\/ -->\n<title>Krasnojarsk und Wanderung im Stolby-Nationalpark<\/title>\n<meta name=\"description\" content=\"Eine Wanderung im Stolby-Nationalpark in Krasnojarsk war eine willkommene Abwechslung nach der langen Fahrt mit der Transsibirischen Eisenbahn.\" \/>\n<meta name=\"robots\" content=\"index, follow, max-snippet:-1, max-image-preview:large, max-video-preview:-1\" \/>\n<link rel=\"canonical\" href=\"https:\/\/reisetier.de\/transsib\/transsibirische-eisenbahn-reiseberichte\/reisebericht-von-gerhard-wacker\/stolby-nationalpark-krasnojarsk\/\" \/>\n<meta property=\"og:locale\" content=\"de_DE\" \/>\n<meta property=\"og:type\" content=\"article\" \/>\n<meta property=\"og:title\" content=\"Krasnojarsk und Wanderung im Stolby-Nationalpark\" \/>\n<meta property=\"og:description\" content=\"Eine Wanderung im Stolby-Nationalpark in Krasnojarsk war eine willkommene Abwechslung nach der langen Fahrt mit der Transsibirischen Eisenbahn.\" \/>\n<meta property=\"og:url\" content=\"https:\/\/reisetier.de\/transsib\/transsibirische-eisenbahn-reiseberichte\/reisebericht-von-gerhard-wacker\/stolby-nationalpark-krasnojarsk\/\" \/>\n<meta property=\"og:site_name\" content=\"Die Transsibirische Eisenbahn\" \/>\n<meta property=\"og:image\" content=\"https:\/\/reisetier.de\/transsib\/wp-content\/uploads\/sites\/2\/2013\/10\/krasnojarsk-wanderung.jpg\" \/>\n<meta name=\"twitter:card\" content=\"summary_large_image\" \/>\n<meta name=\"twitter:label1\" content=\"Gesch\u00e4tzte Lesezeit\" \/>\n\t<meta name=\"twitter:data1\" content=\"5\u00a0Minuten\" \/>\n<script type=\"application\/ld+json\" class=\"yoast-schema-graph\">{\"@context\":\"https:\\\/\\\/schema.org\",\"@graph\":[{\"@type\":\"WebPage\",\"@id\":\"https:\\\/\\\/reisetier.de\\\/transsib\\\/transsibirische-eisenbahn-reiseberichte\\\/reisebericht-von-gerhard-wacker\\\/stolby-nationalpark-krasnojarsk\\\/\",\"url\":\"https:\\\/\\\/reisetier.de\\\/transsib\\\/transsibirische-eisenbahn-reiseberichte\\\/reisebericht-von-gerhard-wacker\\\/stolby-nationalpark-krasnojarsk\\\/\",\"name\":\"Krasnojarsk und Wanderung im Stolby-Nationalpark\",\"isPartOf\":{\"@id\":\"https:\\\/\\\/reisetier.de\\\/transsib\\\/#website\"},\"primaryImageOfPage\":{\"@id\":\"https:\\\/\\\/reisetier.de\\\/transsib\\\/transsibirische-eisenbahn-reiseberichte\\\/reisebericht-von-gerhard-wacker\\\/stolby-nationalpark-krasnojarsk\\\/#primaryimage\"},\"image\":{\"@id\":\"https:\\\/\\\/reisetier.de\\\/transsib\\\/transsibirische-eisenbahn-reiseberichte\\\/reisebericht-von-gerhard-wacker\\\/stolby-nationalpark-krasnojarsk\\\/#primaryimage\"},\"thumbnailUrl\":\"https:\\\/\\\/reisetier.de\\\/transsib\\\/wp-content\\\/uploads\\\/sites\\\/2\\\/2013\\\/10\\\/krasnojarsk-wanderung.jpg\",\"datePublished\":\"2013-10-08T12:22:26+00:00\",\"description\":\"Eine Wanderung im Stolby-Nationalpark in Krasnojarsk war eine willkommene Abwechslung nach der langen Fahrt mit der Transsibirischen Eisenbahn.\",\"breadcrumb\":{\"@id\":\"https:\\\/\\\/reisetier.de\\\/transsib\\\/transsibirische-eisenbahn-reiseberichte\\\/reisebericht-von-gerhard-wacker\\\/stolby-nationalpark-krasnojarsk\\\/#breadcrumb\"},\"inLanguage\":\"de\",\"potentialAction\":[{\"@type\":\"ReadAction\",\"target\":[\"https:\\\/\\\/reisetier.de\\\/transsib\\\/transsibirische-eisenbahn-reiseberichte\\\/reisebericht-von-gerhard-wacker\\\/stolby-nationalpark-krasnojarsk\\\/\"]}]},{\"@type\":\"ImageObject\",\"inLanguage\":\"de\",\"@id\":\"https:\\\/\\\/reisetier.de\\\/transsib\\\/transsibirische-eisenbahn-reiseberichte\\\/reisebericht-von-gerhard-wacker\\\/stolby-nationalpark-krasnojarsk\\\/#primaryimage\",\"url\":\"https:\\\/\\\/reisetier.de\\\/transsib\\\/wp-content\\\/uploads\\\/sites\\\/2\\\/2013\\\/10\\\/krasnojarsk-wanderung.jpg\",\"contentUrl\":\"https:\\\/\\\/reisetier.de\\\/transsib\\\/wp-content\\\/uploads\\\/sites\\\/2\\\/2013\\\/10\\\/krasnojarsk-wanderung.jpg\",\"width\":300,\"height\":164,\"caption\":\"Wanderung im Stolby Nationalpark\"},{\"@type\":\"BreadcrumbList\",\"@id\":\"https:\\\/\\\/reisetier.de\\\/transsib\\\/transsibirische-eisenbahn-reiseberichte\\\/reisebericht-von-gerhard-wacker\\\/stolby-nationalpark-krasnojarsk\\\/#breadcrumb\",\"itemListElement\":[{\"@type\":\"ListItem\",\"position\":1,\"name\":\"Home\",\"item\":\"https:\\\/\\\/reisetier.de\\\/transsib\\\/\"},{\"@type\":\"ListItem\",\"position\":2,\"name\":\"Transsib Reiseberichte\",\"item\":\"https:\\\/\\\/reisetier.de\\\/transsib\\\/transsibirische-eisenbahn-reiseberichte\\\/\"},{\"@type\":\"ListItem\",\"position\":3,\"name\":\"Reisebericht von Gerhard Wacker\",\"item\":\"https:\\\/\\\/reisetier.de\\\/transsib\\\/transsibirische-eisenbahn-reiseberichte\\\/reisebericht-von-gerhard-wacker\\\/\"},{\"@type\":\"ListItem\",\"position\":4,\"name\":\"Stolby-Nationalpark in Krasnojarsk\"}]},{\"@type\":\"WebSite\",\"@id\":\"https:\\\/\\\/reisetier.de\\\/transsib\\\/#website\",\"url\":\"https:\\\/\\\/reisetier.de\\\/transsib\\\/\",\"name\":\"Die Transsibirische Eisenbahn\",\"description\":\"Reisen durch Russland, die Mongolei und China\",\"potentialAction\":[{\"@type\":\"SearchAction\",\"target\":{\"@type\":\"EntryPoint\",\"urlTemplate\":\"https:\\\/\\\/reisetier.de\\\/transsib\\\/?s={search_term_string}\"},\"query-input\":{\"@type\":\"PropertyValueSpecification\",\"valueRequired\":true,\"valueName\":\"search_term_string\"}}],\"inLanguage\":\"de\"}]}<\/script>\n<!-- \/ Yoast SEO plugin. -->","yoast_head_json":{"title":"Krasnojarsk und Wanderung im Stolby-Nationalpark","description":"Eine Wanderung im Stolby-Nationalpark in Krasnojarsk war eine willkommene Abwechslung nach der langen Fahrt mit der Transsibirischen Eisenbahn.","robots":{"index":"index","follow":"follow","max-snippet":"max-snippet:-1","max-image-preview":"max-image-preview:large","max-video-preview":"max-video-preview:-1"},"canonical":"https:\/\/reisetier.de\/transsib\/transsibirische-eisenbahn-reiseberichte\/reisebericht-von-gerhard-wacker\/stolby-nationalpark-krasnojarsk\/","og_locale":"de_DE","og_type":"article","og_title":"Krasnojarsk und Wanderung im Stolby-Nationalpark","og_description":"Eine Wanderung im Stolby-Nationalpark in Krasnojarsk war eine willkommene Abwechslung nach der langen Fahrt mit der Transsibirischen Eisenbahn.","og_url":"https:\/\/reisetier.de\/transsib\/transsibirische-eisenbahn-reiseberichte\/reisebericht-von-gerhard-wacker\/stolby-nationalpark-krasnojarsk\/","og_site_name":"Die Transsibirische Eisenbahn","og_image":[{"url":"https:\/\/reisetier.de\/transsib\/wp-content\/uploads\/sites\/2\/2013\/10\/krasnojarsk-wanderung.jpg","type":"","width":"","height":""}],"twitter_card":"summary_large_image","twitter_misc":{"Gesch\u00e4tzte Lesezeit":"5\u00a0Minuten"},"schema":{"@context":"https:\/\/schema.org","@graph":[{"@type":"WebPage","@id":"https:\/\/reisetier.de\/transsib\/transsibirische-eisenbahn-reiseberichte\/reisebericht-von-gerhard-wacker\/stolby-nationalpark-krasnojarsk\/","url":"https:\/\/reisetier.de\/transsib\/transsibirische-eisenbahn-reiseberichte\/reisebericht-von-gerhard-wacker\/stolby-nationalpark-krasnojarsk\/","name":"Krasnojarsk und Wanderung im Stolby-Nationalpark","isPartOf":{"@id":"https:\/\/reisetier.de\/transsib\/#website"},"primaryImageOfPage":{"@id":"https:\/\/reisetier.de\/transsib\/transsibirische-eisenbahn-reiseberichte\/reisebericht-von-gerhard-wacker\/stolby-nationalpark-krasnojarsk\/#primaryimage"},"image":{"@id":"https:\/\/reisetier.de\/transsib\/transsibirische-eisenbahn-reiseberichte\/reisebericht-von-gerhard-wacker\/stolby-nationalpark-krasnojarsk\/#primaryimage"},"thumbnailUrl":"https:\/\/reisetier.de\/transsib\/wp-content\/uploads\/sites\/2\/2013\/10\/krasnojarsk-wanderung.jpg","datePublished":"2013-10-08T12:22:26+00:00","description":"Eine Wanderung im Stolby-Nationalpark in Krasnojarsk war eine willkommene Abwechslung nach der langen Fahrt mit der Transsibirischen Eisenbahn.","breadcrumb":{"@id":"https:\/\/reisetier.de\/transsib\/transsibirische-eisenbahn-reiseberichte\/reisebericht-von-gerhard-wacker\/stolby-nationalpark-krasnojarsk\/#breadcrumb"},"inLanguage":"de","potentialAction":[{"@type":"ReadAction","target":["https:\/\/reisetier.de\/transsib\/transsibirische-eisenbahn-reiseberichte\/reisebericht-von-gerhard-wacker\/stolby-nationalpark-krasnojarsk\/"]}]},{"@type":"ImageObject","inLanguage":"de","@id":"https:\/\/reisetier.de\/transsib\/transsibirische-eisenbahn-reiseberichte\/reisebericht-von-gerhard-wacker\/stolby-nationalpark-krasnojarsk\/#primaryimage","url":"https:\/\/reisetier.de\/transsib\/wp-content\/uploads\/sites\/2\/2013\/10\/krasnojarsk-wanderung.jpg","contentUrl":"https:\/\/reisetier.de\/transsib\/wp-content\/uploads\/sites\/2\/2013\/10\/krasnojarsk-wanderung.jpg","width":300,"height":164,"caption":"Wanderung im Stolby Nationalpark"},{"@type":"BreadcrumbList","@id":"https:\/\/reisetier.de\/transsib\/transsibirische-eisenbahn-reiseberichte\/reisebericht-von-gerhard-wacker\/stolby-nationalpark-krasnojarsk\/#breadcrumb","itemListElement":[{"@type":"ListItem","position":1,"name":"Home","item":"https:\/\/reisetier.de\/transsib\/"},{"@type":"ListItem","position":2,"name":"Transsib Reiseberichte","item":"https:\/\/reisetier.de\/transsib\/transsibirische-eisenbahn-reiseberichte\/"},{"@type":"ListItem","position":3,"name":"Reisebericht von Gerhard Wacker","item":"https:\/\/reisetier.de\/transsib\/transsibirische-eisenbahn-reiseberichte\/reisebericht-von-gerhard-wacker\/"},{"@type":"ListItem","position":4,"name":"Stolby-Nationalpark in Krasnojarsk"}]},{"@type":"WebSite","@id":"https:\/\/reisetier.de\/transsib\/#website","url":"https:\/\/reisetier.de\/transsib\/","name":"Die Transsibirische Eisenbahn","description":"Reisen durch Russland, die Mongolei und China","potentialAction":[{"@type":"SearchAction","target":{"@type":"EntryPoint","urlTemplate":"https:\/\/reisetier.de\/transsib\/?s={search_term_string}"},"query-input":{"@type":"PropertyValueSpecification","valueRequired":true,"valueName":"search_term_string"}}],"inLanguage":"de"}]}},"_links":{"self":[{"href":"https:\/\/reisetier.de\/transsib\/wp-json\/wp\/v2\/pages\/1717","targetHints":{"allow":["GET"]}}],"collection":[{"href":"https:\/\/reisetier.de\/transsib\/wp-json\/wp\/v2\/pages"}],"about":[{"href":"https:\/\/reisetier.de\/transsib\/wp-json\/wp\/v2\/types\/page"}],"author":[{"embeddable":true,"href":"https:\/\/reisetier.de\/transsib\/wp-json\/wp\/v2\/users\/1"}],"replies":[{"embeddable":true,"href":"https:\/\/reisetier.de\/transsib\/wp-json\/wp\/v2\/comments?post=1717"}],"version-history":[{"count":0,"href":"https:\/\/reisetier.de\/transsib\/wp-json\/wp\/v2\/pages\/1717\/revisions"}],"up":[{"embeddable":true,"href":"https:\/\/reisetier.de\/transsib\/wp-json\/wp\/v2\/pages\/1692"}],"wp:attachment":[{"href":"https:\/\/reisetier.de\/transsib\/wp-json\/wp\/v2\/media?parent=1717"}],"curies":[{"name":"wp","href":"https:\/\/api.w.org\/{rel}","templated":true}]}}