{"id":1710,"date":"2013-10-08T12:55:47","date_gmt":"2013-10-08T11:55:47","guid":{"rendered":"http:\/\/www.transsib-tipps.de\/?page_id=1710"},"modified":"2013-10-08T12:55:47","modified_gmt":"2013-10-08T11:55:47","slug":"in-der-transsibirischen-eisenbahn","status":"publish","type":"page","link":"https:\/\/reisetier.de\/transsib\/transsibirische-eisenbahn-reiseberichte\/reisebericht-von-gerhard-wacker\/in-der-transsibirischen-eisenbahn\/","title":{"rendered":"In der Transsibirischen Eisenbahn"},"content":{"rendered":"<h4>Reisetag 3: Dienstag, 4.9.2012, Fahrt in der Transsib<\/h4>\n<p>Wir schlafen ziemlich lange, eigentlich weckt uns das Staubsaugen der Provodniza. Zwar kommt ein \u201cSemmelservice\u201d durch den Zug, Heinz und ich wollen das Fr\u00fchst\u00fcck im Speisewagen probieren. Irgendwie machen wir uns verst\u00e4ndlich oder bekommen halt was: Kaffee, 1 K\u00e4sebrot und 1 Ham&amp;Eggs (war so la-la) \u2013 mit 400 Rubel relativ happig.<\/p>\n<div id=\"attachment_1711\" style=\"width: 310px\" class=\"wp-caption alignright\"><img loading=\"lazy\" decoding=\"async\" aria-describedby=\"caption-attachment-1711\" src=\"https:\/\/reisetier.de\/transsib\/wp-content\/uploads\/sites\/2\/2013\/10\/transsibirische-eisenbahn-blick.jpg\" alt=\"Blick aus der Transsibirischen Eisenbahn\" width=\"300\" height=\"212\" class=\"size-full wp-image-1711\" \/><p id=\"caption-attachment-1711\" class=\"wp-caption-text\">Blick aus der Transsibirischen Eisenbahn<\/p><\/div>\n<p>Im Zug vergeht uns die Zeit wie im Flug, es ist dauernd was los: Morgentoilette, rauchen, im Abteil rausschauen, beim Gangfenster rausschauen, dann sind wieder die Aufenthalte (z.B. KRASNOUFIMSK, 11:52). Heute fahren wir an vielen Erd\u00f6l-F\u00f6rderanlagen vorbei. Knapp vor Jektarinenburg \u00fcberqueren wir sehr unspektakul\u00e4r den Ural (an dieser Stelle 400-500 m hoch), vom Obelisk als Grenzmarkierung Europa-Asien haben wir, trotz intensivstem Ausguck, aber nichts gesehen. Die Landschaften gl\u00e4nzen im Sonnenlicht, die W\u00e4lder und Wiesen zeigen ihr herbstliches Kleid. P\u00fcnktlich um 15:50 sind wir in JEKTARINENBURG. Es ist etwas k\u00fchler, wir bunkern wieder Proviant und Bier. Bald nachher, in Istok, werden die Bio-WCs entleert (der n\u00e4chste l\u00e4ngere Stopp war dann in TJUMEN um 22:17, nachts wird aber auf den Bahnsteigen nichts verkauft).<\/p>\n<p>Wir verbringen die Zeit mit spielen, essen und schauen, ohne da\u00df uns langweilig wurde. Zum Gl\u00fcck haben wir auch das Strom-Verl\u00e4ngerungskabel: zwar gibt es nicht st\u00e4ndig Strom, aber doch soweit, da\u00df wir unsere Ger\u00e4te, vor allem Fotoapparat, immer wieder aufladen k\u00f6nnen. Wir lassen das Kabel auch st\u00e4ndig verlegt, auch in den Stationen und nachts \u2013 generell haben wir keine Bef\u00fcrchtungen wegen Diebstahl etc. Wir sind zwar nicht unvorsichtig, aber \u00fcbertriebene Vorsicht w\u00e4re nicht notwendig gewesen. Abends kaufen wir bei der Provodniza vom Nebenwaggon, die uns schon am Vorabend am Weg zum Bier im Speisewagen `becirct\u00b4 hat, klammheimlich (\u201cPsst, psst\u201d, dabei die Finger verschw\u00f6rerisch \u00fcber die Lippen) 1 Flasche Wein (600 Rubel anstelle 2.000 im Speisewagen) und \u00bd lt. Vodka um 500 Rub. \u2013 beides so `naja, geht\u00b4.<\/p>\n<h4>Reisetag 4: Mittwoch, 5.9.2012, Fahrt in der Transsib<\/h4>\n<p>Wir fahren in die 3. Zeitzone, nachts rumpelt der Zug oft ganz ordentlich, als ob er \u00fcber Schlagl\u00f6cher f\u00e4hrt. Es st\u00f6rt eigentlich nicht wirklich, aber wir in den oberen Betten finden die Absturzsicherungen beruhigend, vor allem beim Umdrehen im Schlaf. OMSK (6:39, Aufenthalt) verschlafen wir, wahrscheinlich auch das Semmelservice. Morgens blinzeln wir dann schlaftrunken in etwas Regen hinein, der aber bald aufh\u00f6rt. Gegen 8:45 Uhr kommt das Gabelfr\u00fchst\u00fcck: 1 Hot Dog, 3 Teigtaschen mit Erd\u00e4pfel gef\u00fcllt um 230 Rubel, das hat schon gepa\u00dft. Und Kaffee machen wir uns sowieso \u00f6fters mit dem Hei\u00dfwasser aus dem Samowar.<\/p>\n<p>Mittlerweilen sind auch weniger Passagiere im Zug, was den Vorteil hat, da\u00df die WCs weniger oft besetzt und, vor allem, sauberer sind. Zwar werden sie oft gereinigt und Papier nachgef\u00fcllt, trotzdem ist es manchmal besser, wenn man seinen `Besuch\u00b4 aufschieben kann und\/oder eigenes Papier dabei hat. Seife ist immer vorr\u00e4tig, Hei\u00dfwasser holt man aus dem Samowar, aber selbst eine Katzenw\u00e4sche setzt eine gewisse Akrobatik voraus, einerseits wegen der Enge, anderseits weil der Zug rumpelt (in den Stationen w\u00e4re es einfacher, aber da geht man ja auf den Bahnsteig einkaufen und fotografieren). Sehr n\u00fctzlich waren auf jeden Fall die Halterungen von Frau Knop, damit man das Waschwasser auch flie\u00dfen lassen kann.<\/p>\n<p>Um 9:00 Uhr sind wir (p\u00fcnktlich) in TATARSK (auch ein gr\u00fcner, sch\u00f6ner Bahnhof), knapp vor 11:00 Uhr empf\u00e4ngt uns BARABINSK mit 10\u00b0C und verhangenem Himmel. Wir machen Gro\u00dfeinkauf bei den Mamutschkas und Kiosks, Trockensuppen und \u2013men\u00fcs, aber kein Bier \u2013 gibt es nicht. Generell ist hier die Auswahl geringer und die Preise h\u00f6her als an den Vortagen. Bis Novosibirsk ist heute \u201cShoppingmeile\u201d, da zahlreiche Verk\u00e4uferinnen im Zug sind: Strickwaren, Socken, Felle, ger\u00e4ucherter Fisch, Umh\u00e4nge &#8211; eher schon etwas st\u00f6rend. Aber die (durchwegs) russichen Fahrg\u00e4ste kaufen doch dann und wann.<\/p>\n<div id=\"attachment_1714\" style=\"width: 710px\" class=\"wp-caption aligncenter\"><img loading=\"lazy\" decoding=\"async\" aria-describedby=\"caption-attachment-1714\" src=\"https:\/\/reisetier.de\/transsib\/wp-content\/uploads\/sites\/2\/2013\/10\/barabinsk-zwischenstopp.jpg\" alt=\"Zwischenstopp in Barabinsk\" width=\"700\" height=\"243\" class=\"size-full wp-image-1714\" srcset=\"https:\/\/reisetier.de\/transsib\/wp-content\/uploads\/sites\/2\/2013\/10\/barabinsk-zwischenstopp.jpg 700w, https:\/\/reisetier.de\/transsib\/wp-content\/uploads\/sites\/2\/2013\/10\/barabinsk-zwischenstopp-300x104.jpg 300w\" sizes=\"auto, (max-width: 700px) 100vw, 700px\" \/><p id=\"caption-attachment-1714\" class=\"wp-caption-text\">Halt in Barabinsk<\/p><\/div>\n<p>Wir bereiten uns die Suppen zu und stellen fest, da\u00df sie recht gut schmecken, die Trockenmen\u00fcs eher weniger. Knapp vor Novosibirsk \u00fcberqueren wir die Ob, trotz Niedrigwasser sehr imposant. Um 14:44 Uhr sind wir in NOVOSIBIRSK, eine lebendige Gro\u00dfstadt, bald nachher haben wir Moskauer Zeit +4 Stunden.<\/p>\n<p>Wie \u00f6fters so zwischendurch, ist ein kleines Nickerchen angesagt, allerdings m\u00fcssen wir immer wieder die Landschaft bestaunen: Obwohl die Taiga sich mit W\u00e4ldern, Steppen, Fl\u00fcssen, Ortschaften mit den schmucken Holzh\u00e4usern, gelegentlich Tierherden sich wiederholt, ist es doch immer wieder anders. Auch das Farbenkleid der B\u00e4ume und W\u00e4lder ist regional unterschiedlich. Besonders bestaunen wir die Bahn\u00fcberg\u00e4nge: bei den Schranken gehen aus den Fahrbahnen metallene Klappen hoch, wie ein Maul, das sich den Autos entgegen stellt \u2013 faszinierend! Vielleicht glauben wir auch doch irgendwie, da\u00df sich ein Auto mal in dieser Sperre f\u00e4ngt?<\/p>\n<p>Brauste bisher so alle 3-5 Minuten ein Zug in der Gegenrichtung vorbei (fast nur G\u00fcterz\u00fcge), so wurden am Nachmittag in diesem Streckenabschnitt die Z\u00fcge etwas weniger. Speziell nachts f\u00e4llt das auf, obwohl zwischen unserem Abteil (mit T\u00fcre) und Gegengleis der Gangbereich war.<\/p>\n<p>F\u00fcr die Provodniza gab\u00b4s noch ein \u201cGute-Nacht-Goodie\u201d, nach dem Packen waren wir bald in unseren Betten, da die Nacht kurz war.<\/p>\n","protected":false},"excerpt":{"rendered":"<p>Reisetag 3: Dienstag, 4.9.2012, Fahrt in der Transsib Wir schlafen ziemlich lange, eigentlich weckt uns das Staubsaugen der Provodniza. Zwar kommt ein \u201cSemmelservice\u201d durch den Zug, Heinz und ich wollen das Fr\u00fchst\u00fcck im Speisewagen probieren. Irgendwie machen wir uns verst\u00e4ndlich oder bekommen halt was: Kaffee, 1 K\u00e4sebrot und 1 Ham&amp;Eggs (war so la-la) \u2013 mit &#038;hellip <a class=\"read-excerpt\" href=\"https:\/\/reisetier.de\/transsib\/transsibirische-eisenbahn-reiseberichte\/reisebericht-von-gerhard-wacker\/in-der-transsibirischen-eisenbahn\/\">Continue reading <span class=\"meta-nav\">&raquo;<\/span><\/a><\/p>\n","protected":false},"author":1,"featured_media":0,"parent":1692,"menu_order":292,"comment_status":"open","ping_status":"open","template":"","meta":{"footnotes":""},"class_list":["post-1710","page","type-page","status-publish","hentry"],"yoast_head":"<!-- This site is optimized with the Yoast SEO plugin v27.4 - https:\/\/yoast.com\/product\/yoast-seo-wordpress\/ -->\n<title>In der Transsibirischen Eisenbahn<\/title>\n<meta name=\"description\" content=\"Den 3. und 4. Reisetag haben die Reisenden um Gerhard Wacker komplett in der Transsibirischen Eisenbahn verbracht. Langweilig wurde es dort aber nicht.\" \/>\n<meta name=\"robots\" content=\"index, follow, max-snippet:-1, max-image-preview:large, max-video-preview:-1\" \/>\n<link rel=\"canonical\" href=\"https:\/\/reisetier.de\/transsib\/transsibirische-eisenbahn-reiseberichte\/reisebericht-von-gerhard-wacker\/in-der-transsibirischen-eisenbahn\/\" \/>\n<meta property=\"og:locale\" content=\"de_DE\" \/>\n<meta property=\"og:type\" content=\"article\" \/>\n<meta property=\"og:title\" content=\"In der Transsibirischen Eisenbahn\" \/>\n<meta property=\"og:description\" content=\"Den 3. und 4. Reisetag haben die Reisenden um Gerhard Wacker komplett in der Transsibirischen Eisenbahn verbracht. Langweilig wurde es dort aber nicht.\" \/>\n<meta property=\"og:url\" content=\"https:\/\/reisetier.de\/transsib\/transsibirische-eisenbahn-reiseberichte\/reisebericht-von-gerhard-wacker\/in-der-transsibirischen-eisenbahn\/\" \/>\n<meta property=\"og:site_name\" content=\"Die Transsibirische Eisenbahn\" \/>\n<meta property=\"og:image\" content=\"https:\/\/reisetier.de\/transsib\/wp-content\/uploads\/sites\/2\/2013\/10\/transsibirische-eisenbahn-blick.jpg\" \/>\n<meta name=\"twitter:card\" content=\"summary_large_image\" \/>\n<meta name=\"twitter:label1\" content=\"Gesch\u00e4tzte Lesezeit\" \/>\n\t<meta name=\"twitter:data1\" content=\"4\u00a0Minuten\" \/>\n<script type=\"application\/ld+json\" class=\"yoast-schema-graph\">{\"@context\":\"https:\\\/\\\/schema.org\",\"@graph\":[{\"@type\":\"WebPage\",\"@id\":\"https:\\\/\\\/reisetier.de\\\/transsib\\\/transsibirische-eisenbahn-reiseberichte\\\/reisebericht-von-gerhard-wacker\\\/in-der-transsibirischen-eisenbahn\\\/\",\"url\":\"https:\\\/\\\/reisetier.de\\\/transsib\\\/transsibirische-eisenbahn-reiseberichte\\\/reisebericht-von-gerhard-wacker\\\/in-der-transsibirischen-eisenbahn\\\/\",\"name\":\"In der Transsibirischen Eisenbahn\",\"isPartOf\":{\"@id\":\"https:\\\/\\\/reisetier.de\\\/transsib\\\/#website\"},\"primaryImageOfPage\":{\"@id\":\"https:\\\/\\\/reisetier.de\\\/transsib\\\/transsibirische-eisenbahn-reiseberichte\\\/reisebericht-von-gerhard-wacker\\\/in-der-transsibirischen-eisenbahn\\\/#primaryimage\"},\"image\":{\"@id\":\"https:\\\/\\\/reisetier.de\\\/transsib\\\/transsibirische-eisenbahn-reiseberichte\\\/reisebericht-von-gerhard-wacker\\\/in-der-transsibirischen-eisenbahn\\\/#primaryimage\"},\"thumbnailUrl\":\"https:\\\/\\\/reisetier.de\\\/transsib\\\/wp-content\\\/uploads\\\/sites\\\/2\\\/2013\\\/10\\\/transsibirische-eisenbahn-blick.jpg\",\"datePublished\":\"2013-10-08T11:55:47+00:00\",\"description\":\"Den 3. und 4. Reisetag haben die Reisenden um Gerhard Wacker komplett in der Transsibirischen Eisenbahn verbracht. Langweilig wurde es dort aber nicht.\",\"breadcrumb\":{\"@id\":\"https:\\\/\\\/reisetier.de\\\/transsib\\\/transsibirische-eisenbahn-reiseberichte\\\/reisebericht-von-gerhard-wacker\\\/in-der-transsibirischen-eisenbahn\\\/#breadcrumb\"},\"inLanguage\":\"de\",\"potentialAction\":[{\"@type\":\"ReadAction\",\"target\":[\"https:\\\/\\\/reisetier.de\\\/transsib\\\/transsibirische-eisenbahn-reiseberichte\\\/reisebericht-von-gerhard-wacker\\\/in-der-transsibirischen-eisenbahn\\\/\"]}]},{\"@type\":\"ImageObject\",\"inLanguage\":\"de\",\"@id\":\"https:\\\/\\\/reisetier.de\\\/transsib\\\/transsibirische-eisenbahn-reiseberichte\\\/reisebericht-von-gerhard-wacker\\\/in-der-transsibirischen-eisenbahn\\\/#primaryimage\",\"url\":\"https:\\\/\\\/reisetier.de\\\/transsib\\\/wp-content\\\/uploads\\\/sites\\\/2\\\/2013\\\/10\\\/transsibirische-eisenbahn-blick.jpg\",\"contentUrl\":\"https:\\\/\\\/reisetier.de\\\/transsib\\\/wp-content\\\/uploads\\\/sites\\\/2\\\/2013\\\/10\\\/transsibirische-eisenbahn-blick.jpg\",\"width\":300,\"height\":212,\"caption\":\"Blick aus der Transsibirischen Eisenbahn\"},{\"@type\":\"BreadcrumbList\",\"@id\":\"https:\\\/\\\/reisetier.de\\\/transsib\\\/transsibirische-eisenbahn-reiseberichte\\\/reisebericht-von-gerhard-wacker\\\/in-der-transsibirischen-eisenbahn\\\/#breadcrumb\",\"itemListElement\":[{\"@type\":\"ListItem\",\"position\":1,\"name\":\"Home\",\"item\":\"https:\\\/\\\/reisetier.de\\\/transsib\\\/\"},{\"@type\":\"ListItem\",\"position\":2,\"name\":\"Transsib Reiseberichte\",\"item\":\"https:\\\/\\\/reisetier.de\\\/transsib\\\/transsibirische-eisenbahn-reiseberichte\\\/\"},{\"@type\":\"ListItem\",\"position\":3,\"name\":\"Reisebericht von Gerhard Wacker\",\"item\":\"https:\\\/\\\/reisetier.de\\\/transsib\\\/transsibirische-eisenbahn-reiseberichte\\\/reisebericht-von-gerhard-wacker\\\/\"},{\"@type\":\"ListItem\",\"position\":4,\"name\":\"In der Transsibirischen Eisenbahn\"}]},{\"@type\":\"WebSite\",\"@id\":\"https:\\\/\\\/reisetier.de\\\/transsib\\\/#website\",\"url\":\"https:\\\/\\\/reisetier.de\\\/transsib\\\/\",\"name\":\"Die Transsibirische Eisenbahn\",\"description\":\"Reisen durch Russland, die Mongolei und China\",\"potentialAction\":[{\"@type\":\"SearchAction\",\"target\":{\"@type\":\"EntryPoint\",\"urlTemplate\":\"https:\\\/\\\/reisetier.de\\\/transsib\\\/?s={search_term_string}\"},\"query-input\":{\"@type\":\"PropertyValueSpecification\",\"valueRequired\":true,\"valueName\":\"search_term_string\"}}],\"inLanguage\":\"de\"}]}<\/script>\n<!-- \/ Yoast SEO plugin. -->","yoast_head_json":{"title":"In der Transsibirischen Eisenbahn","description":"Den 3. und 4. Reisetag haben die Reisenden um Gerhard Wacker komplett in der Transsibirischen Eisenbahn verbracht. Langweilig wurde es dort aber nicht.","robots":{"index":"index","follow":"follow","max-snippet":"max-snippet:-1","max-image-preview":"max-image-preview:large","max-video-preview":"max-video-preview:-1"},"canonical":"https:\/\/reisetier.de\/transsib\/transsibirische-eisenbahn-reiseberichte\/reisebericht-von-gerhard-wacker\/in-der-transsibirischen-eisenbahn\/","og_locale":"de_DE","og_type":"article","og_title":"In der Transsibirischen Eisenbahn","og_description":"Den 3. und 4. Reisetag haben die Reisenden um Gerhard Wacker komplett in der Transsibirischen Eisenbahn verbracht. Langweilig wurde es dort aber nicht.","og_url":"https:\/\/reisetier.de\/transsib\/transsibirische-eisenbahn-reiseberichte\/reisebericht-von-gerhard-wacker\/in-der-transsibirischen-eisenbahn\/","og_site_name":"Die Transsibirische Eisenbahn","og_image":[{"url":"https:\/\/reisetier.de\/transsib\/wp-content\/uploads\/sites\/2\/2013\/10\/transsibirische-eisenbahn-blick.jpg","type":"","width":"","height":""}],"twitter_card":"summary_large_image","twitter_misc":{"Gesch\u00e4tzte Lesezeit":"4\u00a0Minuten"},"schema":{"@context":"https:\/\/schema.org","@graph":[{"@type":"WebPage","@id":"https:\/\/reisetier.de\/transsib\/transsibirische-eisenbahn-reiseberichte\/reisebericht-von-gerhard-wacker\/in-der-transsibirischen-eisenbahn\/","url":"https:\/\/reisetier.de\/transsib\/transsibirische-eisenbahn-reiseberichte\/reisebericht-von-gerhard-wacker\/in-der-transsibirischen-eisenbahn\/","name":"In der Transsibirischen Eisenbahn","isPartOf":{"@id":"https:\/\/reisetier.de\/transsib\/#website"},"primaryImageOfPage":{"@id":"https:\/\/reisetier.de\/transsib\/transsibirische-eisenbahn-reiseberichte\/reisebericht-von-gerhard-wacker\/in-der-transsibirischen-eisenbahn\/#primaryimage"},"image":{"@id":"https:\/\/reisetier.de\/transsib\/transsibirische-eisenbahn-reiseberichte\/reisebericht-von-gerhard-wacker\/in-der-transsibirischen-eisenbahn\/#primaryimage"},"thumbnailUrl":"https:\/\/reisetier.de\/transsib\/wp-content\/uploads\/sites\/2\/2013\/10\/transsibirische-eisenbahn-blick.jpg","datePublished":"2013-10-08T11:55:47+00:00","description":"Den 3. und 4. Reisetag haben die Reisenden um Gerhard Wacker komplett in der Transsibirischen Eisenbahn verbracht. Langweilig wurde es dort aber nicht.","breadcrumb":{"@id":"https:\/\/reisetier.de\/transsib\/transsibirische-eisenbahn-reiseberichte\/reisebericht-von-gerhard-wacker\/in-der-transsibirischen-eisenbahn\/#breadcrumb"},"inLanguage":"de","potentialAction":[{"@type":"ReadAction","target":["https:\/\/reisetier.de\/transsib\/transsibirische-eisenbahn-reiseberichte\/reisebericht-von-gerhard-wacker\/in-der-transsibirischen-eisenbahn\/"]}]},{"@type":"ImageObject","inLanguage":"de","@id":"https:\/\/reisetier.de\/transsib\/transsibirische-eisenbahn-reiseberichte\/reisebericht-von-gerhard-wacker\/in-der-transsibirischen-eisenbahn\/#primaryimage","url":"https:\/\/reisetier.de\/transsib\/wp-content\/uploads\/sites\/2\/2013\/10\/transsibirische-eisenbahn-blick.jpg","contentUrl":"https:\/\/reisetier.de\/transsib\/wp-content\/uploads\/sites\/2\/2013\/10\/transsibirische-eisenbahn-blick.jpg","width":300,"height":212,"caption":"Blick aus der Transsibirischen Eisenbahn"},{"@type":"BreadcrumbList","@id":"https:\/\/reisetier.de\/transsib\/transsibirische-eisenbahn-reiseberichte\/reisebericht-von-gerhard-wacker\/in-der-transsibirischen-eisenbahn\/#breadcrumb","itemListElement":[{"@type":"ListItem","position":1,"name":"Home","item":"https:\/\/reisetier.de\/transsib\/"},{"@type":"ListItem","position":2,"name":"Transsib Reiseberichte","item":"https:\/\/reisetier.de\/transsib\/transsibirische-eisenbahn-reiseberichte\/"},{"@type":"ListItem","position":3,"name":"Reisebericht von Gerhard Wacker","item":"https:\/\/reisetier.de\/transsib\/transsibirische-eisenbahn-reiseberichte\/reisebericht-von-gerhard-wacker\/"},{"@type":"ListItem","position":4,"name":"In der Transsibirischen Eisenbahn"}]},{"@type":"WebSite","@id":"https:\/\/reisetier.de\/transsib\/#website","url":"https:\/\/reisetier.de\/transsib\/","name":"Die Transsibirische Eisenbahn","description":"Reisen durch Russland, die Mongolei und China","potentialAction":[{"@type":"SearchAction","target":{"@type":"EntryPoint","urlTemplate":"https:\/\/reisetier.de\/transsib\/?s={search_term_string}"},"query-input":{"@type":"PropertyValueSpecification","valueRequired":true,"valueName":"search_term_string"}}],"inLanguage":"de"}]}},"_links":{"self":[{"href":"https:\/\/reisetier.de\/transsib\/wp-json\/wp\/v2\/pages\/1710","targetHints":{"allow":["GET"]}}],"collection":[{"href":"https:\/\/reisetier.de\/transsib\/wp-json\/wp\/v2\/pages"}],"about":[{"href":"https:\/\/reisetier.de\/transsib\/wp-json\/wp\/v2\/types\/page"}],"author":[{"embeddable":true,"href":"https:\/\/reisetier.de\/transsib\/wp-json\/wp\/v2\/users\/1"}],"replies":[{"embeddable":true,"href":"https:\/\/reisetier.de\/transsib\/wp-json\/wp\/v2\/comments?post=1710"}],"version-history":[{"count":0,"href":"https:\/\/reisetier.de\/transsib\/wp-json\/wp\/v2\/pages\/1710\/revisions"}],"up":[{"embeddable":true,"href":"https:\/\/reisetier.de\/transsib\/wp-json\/wp\/v2\/pages\/1692"}],"wp:attachment":[{"href":"https:\/\/reisetier.de\/transsib\/wp-json\/wp\/v2\/media?parent=1710"}],"curies":[{"name":"wp","href":"https:\/\/api.w.org\/{rel}","templated":true}]}}