{"id":1700,"date":"2013-10-08T12:34:59","date_gmt":"2013-10-08T11:34:59","guid":{"rendered":"http:\/\/www.transsib-tipps.de\/?page_id=1700"},"modified":"2013-10-08T12:34:59","modified_gmt":"2013-10-08T11:34:59","slug":"moskau-und-einstieg-in-die-transsib","status":"publish","type":"page","link":"https:\/\/reisetier.de\/transsib\/transsibirische-eisenbahn-reiseberichte\/reisebericht-von-gerhard-wacker\/moskau-und-einstieg-in-die-transsib\/","title":{"rendered":"Moskau und Einstieg in die Transsib"},"content":{"rendered":"<h4>Reisetag 1: Sonntag, 2.9.2012, Flug nach Moskau<\/h4>\n<p>Nach wochenlangen Recherchen ist es soweit: mit den Unterlagen von Knop-Reisen und unseren Rucks\u00e4cken (Gerhard 11,4 kg., Riki rund 20,0 kg.) sind wir abmarschbereit am Bahnhof in Krems. Um wohlfeile \u20ac 32,00 fahren wir 4 mit Zug und S-Bahnen zum Flughafen. P\u00fcnktlich um 18:00 Uhr heben wir nach Moskau ab \u2013 angenehmer Aeroflot-Airbus (das gute Essen war schon ein Vorgeschmack auf die russische Verpflegung).<\/p>\n<p>Wir landen p\u00fcnktlich um 22:40 (Ortszeit, + 2 Stunden Zeitverschiebung), kurzer Aufenthalt bei den Einreiseformalit\u00e4ten, und schon erwartet uns Victor, unser Transferfahrer, zur Fahrt ins Hotel Alfa Ismailovo im Nordosten Moskaus. Mehr als z\u00fcgig geht es \u00fcber gut ausgebaute Stra\u00dfen, 3-4 spurig, dahin, Staus rundum, riesige Gewerbe- und Gesch\u00e4ftsgebiete, die Gesch\u00e4fte rund um die Uhr offen. Offene M\u00fcnder, wir staunen und haben auch keine Erinnerung an 2002: damals sind wir noch durch ein gro\u00dffl\u00e4chiges Gr\u00fcngebiet in die Stadt gekommen, vielleicht war es auch ein anderer Flughafen.<\/p>\n<p>Die zackige Fahrt von Victor hat leider nicht viel genutzt, Serverausfall im Hotel, wir warten eine \u00be Stunde bis wir unsere Zimmer (im 28. Stock, der eigentlich der 27. ist) bekommen. Knapp vor 1:00 Uhr ist\u00b4s soweit, ein (netter) Stockwerkconcierge verkauft uns noch (diesmal preiswert) Biere und Wasser. Das `Raucherzimmer\u00b4 ist allerdings im Stiegenhaus, das T\u00fcrschlo\u00df ist \u201cOne-way\u201d, soda\u00df wir uns schon mal aussperren (Waltrud l\u00e4uft \u00fcber\u00b4s Stiegenhaus treppab und andernorts treppauf, und schon waren wir wieder `befreit\u00b4).<\/p>\n<p>&nbsp;<\/p>\n<h4>Reisetag 2: Montag, 3.9.2012, Moskau und der Einstieg in die Transsib<\/h4>\n<p><div id=\"attachment_1702\" style=\"width: 310px\" class=\"wp-caption alignleft\"><img loading=\"lazy\" decoding=\"async\" aria-describedby=\"caption-attachment-1702\" src=\"https:\/\/reisetier.de\/transsib\/wp-content\/uploads\/sites\/2\/2013\/10\/moskau-blick.jpg\" alt=\"Blick aus unserem Hotelzimmer\" width=\"300\" height=\"186\" class=\"size-full wp-image-1702\" \/><p id=\"caption-attachment-1702\" class=\"wp-caption-text\">Blick aus unserem Hotelzimmer<\/p><\/div><br \/>\nUm ca. 9 Uhr sind wir beim Fr\u00fchst\u00fcck, und was f\u00fcr eines: Schokoladebrunnen (mit Fr\u00fcchten), Bier, Wein, Sekt, Fische, Nudeln, Gebratenes, WOK \u2013 was das Herz begehrt (und noch viel mehr)!<\/p>\n<p>Das Hotel (`Ismailovo Alfa\u00b4) ist recht sch\u00f6n (mit Stockwerk-Sauna) und sauber, vom Zimmer aus (die Fenster sind sogar zu \u00f6ffnen) ein sch\u00f6ner Blick \u00fcber Moskau. Leider ist es etwas bedeckt und Gro\u00dfstadt-diesig, aber relativ warm.<\/p>\n<p>Wir halten uns aber nicht lange auf, wollen wir doch versuchen, am Bankomat Geld zu ziehen, ist uns am Vorabend im Hotel nicht gegl\u00fcckt (und beim Geldwechsel am Flughafen wurden wir mit 30 Rubel anstelle 40 f\u00fcr 1 \u20ac ordentlich \u201c\u00fcbervorteilt\u201d).<\/p>\n<p>Aber auch in den umliegenden Bankomaten haben wir kein Gl\u00fcck. So schlendern wir noch kurz \u00fcber einen Honigmarkt im Park und zur Metrostation, um Zigaretten zu kaufen. \u00dcberraschung: Zigaretten kosten nur 30-40 Rubel (und schmecken auch gut). Um 12:00 Uhr holt uns wieder Victor ab und k\u00e4mpft sich durch den Verkehr. Mittlerweilen h\u00e4tte mir ged\u00e4mmert, da\u00df es nur bei bestimmten Banken, z.B. der Sber-Bank, Geld mit \u00f6sterreichischen Karten gibt. Wir sp\u00e4hen, geduldig stoppt Victor bei 2 gr\u00fcnen Sber-Banken, doch die Bankomaten waren au\u00dfer Betrieb. Fr\u00fchzeitig sind wir am Bahnhof, der eigentlich 3 Bahnh\u00f6fe sein soll; ein sch\u00f6nes Geb\u00e4ude, aber Gro\u00dfbaustelle, soda\u00df ich nicht sagen kann, sind wir am Jaroslaver oder Kasaner-Bahnhof. Dort hilft uns Victor noch an Geld zu kommen und begleitet uns zum Bahnsteig. Da der Zug noch nicht da ist, versorgen wir uns mit Bieren, Trockensuppen, Wasser und Zigaretten f\u00fcr die Fahrt.<\/p>\n<p>Unser Zug mit 18 Waggons wird eingeschoben, Transsib-Zug Nr. 138, problemlos finden wir unseren Waggon. Ein Waggon mit Nummer 088\u2026, ist somit von der Krasnojarsker Eisenbahnverwaltung. Wir erkl\u00e4ren den Waggonbegleiterinnen unsere Fahrkarten, der `Zugmanager` wird noch beigezogen, dann d\u00fcrfen wir einsteigen und unser Abteil beziehen. Mit unserem Fensterputzer wird \u2013 gro\u00dfes Erstaunen rundum \u2013 das Abteilfenster geschrubbt und wir machen es uns gem\u00fctlich.<\/p>\n<p>Im Nu sind wir, wie die anderen Fahrg\u00e4ste, in Trainingshosen und Gem\u00fctlich-Dress. Das Gep\u00e4ck wird verstaut, der Zug f\u00e4hrt p\u00fcnktlich um 15:20 ab. Bald sind wir aus Moskau heraus, wir machen uns mit dem Abteil vertraut: eigentlich recht gem\u00fctlich, die Betten nicht schlecht, Ablagen und ein ausreichend gro\u00dfes Tischchen. Die unteren Betten haben zum Gang hin eine kleine Ablage, von uns K\u00fchlschrank tituliert, um unsere Wasser-flaschen und Bierdosen abzustellen. 1 Hauptlicht im Abteil und bei jedem Bett 1 Bettlicht.<\/p>\n<div id=\"attachment_1703\" style=\"width: 310px\" class=\"wp-caption alignright\"><img loading=\"lazy\" decoding=\"async\" aria-describedby=\"caption-attachment-1703\" src=\"https:\/\/reisetier.de\/transsib\/wp-content\/uploads\/sites\/2\/2013\/10\/transsibirische-eisenbahn-bahnsteigverkauf.jpg\" alt=\"Bahnsteigverkauf\" width=\"300\" height=\"289\" class=\"size-full wp-image-1703\" \/><p id=\"caption-attachment-1703\" class=\"wp-caption-text\">Bahnsteigverkauf<\/p><\/div>\n<p>Aus dem Lautsprecher d\u00fcdelt Musik, die wir aber bald abstellen und dann ganz vergessen, sie wieder einzuschalten. Ziemlich flott geht es durch die brettelebene Landschaft, wir kommen mit dem Schauen und Staunen nicht nach. Birkenw\u00e4lder in zartem Herbstlaub, zahlreiche vertr\u00e4umte Waldfriedh\u00f6fe, Datschas, da und dort Landwirtschaft mit Tieren in der weitl\u00e4ufigen Landschaft. Zwischendurch wird der Waggon erkundet: wie in den Berichten beschrieben das Raucherabteil, der Samowar, der st\u00e4ndig mit Hei\u00dfwasser gef\u00fcllt ist, Teppiche auf den Gangbereichen, am Gang Thermometer und Uhr mit Digitalanzeige und, praktisch, die frei\/besetzt-Anzeige f\u00fcr die WCs. Die WC\u00b4s (Waschr\u00e4ume) waren Biotoiletten, was den Vorteil hatte, da\u00df sie in den Stationen nicht abgesperrt wurden.<\/p>\n<p>Nach 1 Stunde war der erste l\u00e4ngere Halt, bei den Bahnsteigfrauen wurde eingekauft, was das Zeug hielt: Piroggen, gef\u00fcllt mit Erd\u00e4pfel, Fleisch oder Kraut (besonders lecker!), Blinis, H\u00fchnchen, Kartoffel, Eier, Gurken, \u2026; es war das umfangreichste und vielf\u00e4ltigste Bahnsteig-Essen der ganzen Fahrt. Der n\u00e4chste l\u00e4ngere Halt war dann erst gegen Mitternacht (den haben wir aber nicht mehr mitbekommen). Wir inspizierten noch den Speisewagen (Bierpreis war vern\u00fcnftig) und waren, schon eine Zeitzone \u00fcberschritten, bald in unseren Betten. Schon vorher haben wir unseren Provodnizas S\u00fc\u00dfigkeiten gegeben, st\u00e4rkt ja die Freundschaft.<\/p>\n","protected":false},"excerpt":{"rendered":"<p>Reisetag 1: Sonntag, 2.9.2012, Flug nach Moskau Nach wochenlangen Recherchen ist es soweit: mit den Unterlagen von Knop-Reisen und unseren Rucks\u00e4cken (Gerhard 11,4 kg., Riki rund 20,0 kg.) sind wir abmarschbereit am Bahnhof in Krems. Um wohlfeile \u20ac 32,00 fahren wir 4 mit Zug und S-Bahnen zum Flughafen. P\u00fcnktlich um 18:00 Uhr heben wir nach &#038;hellip <a class=\"read-excerpt\" href=\"https:\/\/reisetier.de\/transsib\/transsibirische-eisenbahn-reiseberichte\/reisebericht-von-gerhard-wacker\/moskau-und-einstieg-in-die-transsib\/\">Continue reading <span class=\"meta-nav\">&raquo;<\/span><\/a><\/p>\n","protected":false},"author":1,"featured_media":0,"parent":1692,"menu_order":288,"comment_status":"open","ping_status":"closed","template":"","meta":{"footnotes":""},"class_list":["post-1700","page","type-page","status-publish","hentry"],"yoast_head":"<!-- This site is optimized with the Yoast SEO plugin v27.5 - https:\/\/yoast.com\/product\/yoast-seo-wordpress\/ -->\n<title>Moskau und Einstieg in die Transsib - Die Transsibirische Eisenbahn<\/title>\n<meta name=\"robots\" content=\"index, follow, max-snippet:-1, max-image-preview:large, max-video-preview:-1\" \/>\n<link rel=\"canonical\" href=\"https:\/\/reisetier.de\/transsib\/transsibirische-eisenbahn-reiseberichte\/reisebericht-von-gerhard-wacker\/moskau-und-einstieg-in-die-transsib\/\" \/>\n<meta property=\"og:locale\" content=\"de_DE\" \/>\n<meta property=\"og:type\" content=\"article\" \/>\n<meta property=\"og:title\" content=\"Moskau und Einstieg in die Transsib - Die Transsibirische Eisenbahn\" \/>\n<meta property=\"og:description\" content=\"Reisetag 1: Sonntag, 2.9.2012, Flug nach Moskau Nach wochenlangen Recherchen ist es soweit: mit den Unterlagen von Knop-Reisen und unseren Rucks\u00e4cken (Gerhard 11,4 kg., Riki rund 20,0 kg.) sind wir abmarschbereit am Bahnhof in Krems. Um wohlfeile \u20ac 32,00 fahren wir 4 mit Zug und S-Bahnen zum Flughafen. P\u00fcnktlich um 18:00 Uhr heben wir nach &amp;hellip Continue reading &raquo;\" \/>\n<meta property=\"og:url\" content=\"https:\/\/reisetier.de\/transsib\/transsibirische-eisenbahn-reiseberichte\/reisebericht-von-gerhard-wacker\/moskau-und-einstieg-in-die-transsib\/\" \/>\n<meta property=\"og:site_name\" content=\"Die Transsibirische Eisenbahn\" \/>\n<meta property=\"og:image\" content=\"https:\/\/reisetier.de\/transsib\/wp-content\/uploads\/sites\/2\/2013\/10\/moskau-blick.jpg\" \/>\n<meta name=\"twitter:card\" content=\"summary_large_image\" \/>\n<meta name=\"twitter:label1\" content=\"Gesch\u00e4tzte Lesezeit\" \/>\n\t<meta name=\"twitter:data1\" content=\"4\u00a0Minuten\" \/>\n<script type=\"application\/ld+json\" class=\"yoast-schema-graph\">{\"@context\":\"https:\\\/\\\/schema.org\",\"@graph\":[{\"@type\":\"WebPage\",\"@id\":\"https:\\\/\\\/reisetier.de\\\/transsib\\\/transsibirische-eisenbahn-reiseberichte\\\/reisebericht-von-gerhard-wacker\\\/moskau-und-einstieg-in-die-transsib\\\/\",\"url\":\"https:\\\/\\\/reisetier.de\\\/transsib\\\/transsibirische-eisenbahn-reiseberichte\\\/reisebericht-von-gerhard-wacker\\\/moskau-und-einstieg-in-die-transsib\\\/\",\"name\":\"Moskau und Einstieg in die Transsib - Die Transsibirische Eisenbahn\",\"isPartOf\":{\"@id\":\"https:\\\/\\\/reisetier.de\\\/transsib\\\/#website\"},\"primaryImageOfPage\":{\"@id\":\"https:\\\/\\\/reisetier.de\\\/transsib\\\/transsibirische-eisenbahn-reiseberichte\\\/reisebericht-von-gerhard-wacker\\\/moskau-und-einstieg-in-die-transsib\\\/#primaryimage\"},\"image\":{\"@id\":\"https:\\\/\\\/reisetier.de\\\/transsib\\\/transsibirische-eisenbahn-reiseberichte\\\/reisebericht-von-gerhard-wacker\\\/moskau-und-einstieg-in-die-transsib\\\/#primaryimage\"},\"thumbnailUrl\":\"https:\\\/\\\/reisetier.de\\\/transsib\\\/wp-content\\\/uploads\\\/sites\\\/2\\\/2013\\\/10\\\/moskau-blick.jpg\",\"datePublished\":\"2013-10-08T11:34:59+00:00\",\"breadcrumb\":{\"@id\":\"https:\\\/\\\/reisetier.de\\\/transsib\\\/transsibirische-eisenbahn-reiseberichte\\\/reisebericht-von-gerhard-wacker\\\/moskau-und-einstieg-in-die-transsib\\\/#breadcrumb\"},\"inLanguage\":\"de\",\"potentialAction\":[{\"@type\":\"ReadAction\",\"target\":[\"https:\\\/\\\/reisetier.de\\\/transsib\\\/transsibirische-eisenbahn-reiseberichte\\\/reisebericht-von-gerhard-wacker\\\/moskau-und-einstieg-in-die-transsib\\\/\"]}]},{\"@type\":\"ImageObject\",\"inLanguage\":\"de\",\"@id\":\"https:\\\/\\\/reisetier.de\\\/transsib\\\/transsibirische-eisenbahn-reiseberichte\\\/reisebericht-von-gerhard-wacker\\\/moskau-und-einstieg-in-die-transsib\\\/#primaryimage\",\"url\":\"https:\\\/\\\/reisetier.de\\\/transsib\\\/wp-content\\\/uploads\\\/sites\\\/2\\\/2013\\\/10\\\/moskau-blick.jpg\",\"contentUrl\":\"https:\\\/\\\/reisetier.de\\\/transsib\\\/wp-content\\\/uploads\\\/sites\\\/2\\\/2013\\\/10\\\/moskau-blick.jpg\",\"width\":300,\"height\":186,\"caption\":\"Blick aus unserem Hotelzimmer\"},{\"@type\":\"BreadcrumbList\",\"@id\":\"https:\\\/\\\/reisetier.de\\\/transsib\\\/transsibirische-eisenbahn-reiseberichte\\\/reisebericht-von-gerhard-wacker\\\/moskau-und-einstieg-in-die-transsib\\\/#breadcrumb\",\"itemListElement\":[{\"@type\":\"ListItem\",\"position\":1,\"name\":\"Home\",\"item\":\"https:\\\/\\\/reisetier.de\\\/transsib\\\/\"},{\"@type\":\"ListItem\",\"position\":2,\"name\":\"Transsib Reiseberichte\",\"item\":\"https:\\\/\\\/reisetier.de\\\/transsib\\\/transsibirische-eisenbahn-reiseberichte\\\/\"},{\"@type\":\"ListItem\",\"position\":3,\"name\":\"Reisebericht von Gerhard Wacker\",\"item\":\"https:\\\/\\\/reisetier.de\\\/transsib\\\/transsibirische-eisenbahn-reiseberichte\\\/reisebericht-von-gerhard-wacker\\\/\"},{\"@type\":\"ListItem\",\"position\":4,\"name\":\"Moskau und Einstieg in die Transsib\"}]},{\"@type\":\"WebSite\",\"@id\":\"https:\\\/\\\/reisetier.de\\\/transsib\\\/#website\",\"url\":\"https:\\\/\\\/reisetier.de\\\/transsib\\\/\",\"name\":\"Die Transsibirische Eisenbahn\",\"description\":\"Reisen durch Russland, die Mongolei und China\",\"potentialAction\":[{\"@type\":\"SearchAction\",\"target\":{\"@type\":\"EntryPoint\",\"urlTemplate\":\"https:\\\/\\\/reisetier.de\\\/transsib\\\/?s={search_term_string}\"},\"query-input\":{\"@type\":\"PropertyValueSpecification\",\"valueRequired\":true,\"valueName\":\"search_term_string\"}}],\"inLanguage\":\"de\"}]}<\/script>\n<!-- \/ Yoast SEO plugin. -->","yoast_head_json":{"title":"Moskau und Einstieg in die Transsib - Die Transsibirische Eisenbahn","robots":{"index":"index","follow":"follow","max-snippet":"max-snippet:-1","max-image-preview":"max-image-preview:large","max-video-preview":"max-video-preview:-1"},"canonical":"https:\/\/reisetier.de\/transsib\/transsibirische-eisenbahn-reiseberichte\/reisebericht-von-gerhard-wacker\/moskau-und-einstieg-in-die-transsib\/","og_locale":"de_DE","og_type":"article","og_title":"Moskau und Einstieg in die Transsib - Die Transsibirische Eisenbahn","og_description":"Reisetag 1: Sonntag, 2.9.2012, Flug nach Moskau Nach wochenlangen Recherchen ist es soweit: mit den Unterlagen von Knop-Reisen und unseren Rucks\u00e4cken (Gerhard 11,4 kg., Riki rund 20,0 kg.) sind wir abmarschbereit am Bahnhof in Krems. Um wohlfeile \u20ac 32,00 fahren wir 4 mit Zug und S-Bahnen zum Flughafen. P\u00fcnktlich um 18:00 Uhr heben wir nach &hellip Continue reading &raquo;","og_url":"https:\/\/reisetier.de\/transsib\/transsibirische-eisenbahn-reiseberichte\/reisebericht-von-gerhard-wacker\/moskau-und-einstieg-in-die-transsib\/","og_site_name":"Die Transsibirische Eisenbahn","og_image":[{"url":"https:\/\/reisetier.de\/transsib\/wp-content\/uploads\/sites\/2\/2013\/10\/moskau-blick.jpg","type":"","width":"","height":""}],"twitter_card":"summary_large_image","twitter_misc":{"Gesch\u00e4tzte Lesezeit":"4\u00a0Minuten"},"schema":{"@context":"https:\/\/schema.org","@graph":[{"@type":"WebPage","@id":"https:\/\/reisetier.de\/transsib\/transsibirische-eisenbahn-reiseberichte\/reisebericht-von-gerhard-wacker\/moskau-und-einstieg-in-die-transsib\/","url":"https:\/\/reisetier.de\/transsib\/transsibirische-eisenbahn-reiseberichte\/reisebericht-von-gerhard-wacker\/moskau-und-einstieg-in-die-transsib\/","name":"Moskau und Einstieg in die Transsib - Die Transsibirische Eisenbahn","isPartOf":{"@id":"https:\/\/reisetier.de\/transsib\/#website"},"primaryImageOfPage":{"@id":"https:\/\/reisetier.de\/transsib\/transsibirische-eisenbahn-reiseberichte\/reisebericht-von-gerhard-wacker\/moskau-und-einstieg-in-die-transsib\/#primaryimage"},"image":{"@id":"https:\/\/reisetier.de\/transsib\/transsibirische-eisenbahn-reiseberichte\/reisebericht-von-gerhard-wacker\/moskau-und-einstieg-in-die-transsib\/#primaryimage"},"thumbnailUrl":"https:\/\/reisetier.de\/transsib\/wp-content\/uploads\/sites\/2\/2013\/10\/moskau-blick.jpg","datePublished":"2013-10-08T11:34:59+00:00","breadcrumb":{"@id":"https:\/\/reisetier.de\/transsib\/transsibirische-eisenbahn-reiseberichte\/reisebericht-von-gerhard-wacker\/moskau-und-einstieg-in-die-transsib\/#breadcrumb"},"inLanguage":"de","potentialAction":[{"@type":"ReadAction","target":["https:\/\/reisetier.de\/transsib\/transsibirische-eisenbahn-reiseberichte\/reisebericht-von-gerhard-wacker\/moskau-und-einstieg-in-die-transsib\/"]}]},{"@type":"ImageObject","inLanguage":"de","@id":"https:\/\/reisetier.de\/transsib\/transsibirische-eisenbahn-reiseberichte\/reisebericht-von-gerhard-wacker\/moskau-und-einstieg-in-die-transsib\/#primaryimage","url":"https:\/\/reisetier.de\/transsib\/wp-content\/uploads\/sites\/2\/2013\/10\/moskau-blick.jpg","contentUrl":"https:\/\/reisetier.de\/transsib\/wp-content\/uploads\/sites\/2\/2013\/10\/moskau-blick.jpg","width":300,"height":186,"caption":"Blick aus unserem Hotelzimmer"},{"@type":"BreadcrumbList","@id":"https:\/\/reisetier.de\/transsib\/transsibirische-eisenbahn-reiseberichte\/reisebericht-von-gerhard-wacker\/moskau-und-einstieg-in-die-transsib\/#breadcrumb","itemListElement":[{"@type":"ListItem","position":1,"name":"Home","item":"https:\/\/reisetier.de\/transsib\/"},{"@type":"ListItem","position":2,"name":"Transsib Reiseberichte","item":"https:\/\/reisetier.de\/transsib\/transsibirische-eisenbahn-reiseberichte\/"},{"@type":"ListItem","position":3,"name":"Reisebericht von Gerhard Wacker","item":"https:\/\/reisetier.de\/transsib\/transsibirische-eisenbahn-reiseberichte\/reisebericht-von-gerhard-wacker\/"},{"@type":"ListItem","position":4,"name":"Moskau und Einstieg in die Transsib"}]},{"@type":"WebSite","@id":"https:\/\/reisetier.de\/transsib\/#website","url":"https:\/\/reisetier.de\/transsib\/","name":"Die Transsibirische Eisenbahn","description":"Reisen durch Russland, die Mongolei und China","potentialAction":[{"@type":"SearchAction","target":{"@type":"EntryPoint","urlTemplate":"https:\/\/reisetier.de\/transsib\/?s={search_term_string}"},"query-input":{"@type":"PropertyValueSpecification","valueRequired":true,"valueName":"search_term_string"}}],"inLanguage":"de"}]}},"_links":{"self":[{"href":"https:\/\/reisetier.de\/transsib\/wp-json\/wp\/v2\/pages\/1700","targetHints":{"allow":["GET"]}}],"collection":[{"href":"https:\/\/reisetier.de\/transsib\/wp-json\/wp\/v2\/pages"}],"about":[{"href":"https:\/\/reisetier.de\/transsib\/wp-json\/wp\/v2\/types\/page"}],"author":[{"embeddable":true,"href":"https:\/\/reisetier.de\/transsib\/wp-json\/wp\/v2\/users\/1"}],"replies":[{"embeddable":true,"href":"https:\/\/reisetier.de\/transsib\/wp-json\/wp\/v2\/comments?post=1700"}],"version-history":[{"count":0,"href":"https:\/\/reisetier.de\/transsib\/wp-json\/wp\/v2\/pages\/1700\/revisions"}],"up":[{"embeddable":true,"href":"https:\/\/reisetier.de\/transsib\/wp-json\/wp\/v2\/pages\/1692"}],"wp:attachment":[{"href":"https:\/\/reisetier.de\/transsib\/wp-json\/wp\/v2\/media?parent=1700"}],"curies":[{"name":"wp","href":"https:\/\/api.w.org\/{rel}","templated":true}]}}