{"id":1692,"date":"2013-10-08T12:14:00","date_gmt":"2013-10-08T11:14:00","guid":{"rendered":"http:\/\/www.transsib-tipps.de\/?page_id=1692"},"modified":"2022-09-25T16:38:59","modified_gmt":"2022-09-25T14:38:59","slug":"reisebericht-von-gerhard-wacker","status":"publish","type":"page","link":"https:\/\/reisetier.de\/transsib\/transsibirische-eisenbahn-reiseberichte\/reisebericht-von-gerhard-wacker\/","title":{"rendered":"Reisebericht von Gerhard Wacker"},"content":{"rendered":"<div id=\"attachment_1694\" style=\"width: 310px\" class=\"wp-caption alignright\"><img loading=\"lazy\" decoding=\"async\" aria-describedby=\"caption-attachment-1694\" src=\"https:\/\/reisetier.de\/transsib\/wp-content\/uploads\/sites\/2\/2013\/10\/gerhard-wacker-transsib.jpg\" alt=\"v.l.n.r. Gerhard Wacker, seine Sch\u00e4gering, seine Frau\" width=\"300\" height=\"206\" class=\"size-full wp-image-1694\" \/><p id=\"caption-attachment-1694\" class=\"wp-caption-text\">v.l.n.r. Gerhard Wacker, seine Schw\u00e4gerin, seine Frau<\/p><\/div>\n<h2>\u00dcber mich \/ uns<\/h2>\n<p>Ich bin mittlerweile 62 Jahre alt\/jung, mit meiner Lebensgef\u00e4hrtin deren Schwester und ihrem Mann haben wir die Transsib-Reise gemacht. Die Reise haben wir selbst geplant, also haupts\u00e4chlich ich, ich habe sie auch organisiert (in Zusammenarbeit mit `Knop-Reisen\u00b4, die waren unter dem Strich am kompetentesten und preisw\u00fcrdigsten).<\/p>\n<h2>Praktische Tipps aus unseren Erfahrungen<\/h2>\n<p>Vorab \u2013 machen Sie die Reise, es ist einmalig! Wir haben bewu\u00dft den Herbst als Reisezeitraum gew\u00e4hlt, sicher bieten aber auch andere Jahreszeiten ihre Reize.<\/p>\n<p>Was wir nicht geglaubt und uns eigentlich nicht wirklich erwartet haben \u2013 aber dank fachkundiger Organisation und Vorbereitung hat alles, wirklich alles, minuti\u00f6s und bestens geklappt. Froh waren wir schon w\u00e4hrend unserer Reise, da\u00df wir \u00dcberstellungsfahrten, Stadtf\u00fchrungen etc. schon im Voraus gebucht haben. Dadurch haben wir die Zeiten vor Ort wesentlich effizienter nutzen k\u00f6nnen.<\/p>\n<p>Haben Sie keine Scheu wegen Sprachschwierigkeiten. Ein freundliches L\u00e4cheln, nettes Gr\u00fc\u00dfen und einige Grundworte (\u201cbitte\u201d, \u201cdanke\u201d, bis 5 z\u00e4hlen) gen\u00fcgen, um sich durch zu schlagen. Gehen Sie auf die Leute zu, um um Unterst\u00fctzung zu bitten: bei der j\u00fcngeren Bev\u00f6lkerung, in Hotels, Restaurants, bei den Gastfamilien ist englisch durchwegs verbreitet, deutsch eher sp\u00e4rlich. Hilft beides nicht, benutzen Sie die verbreitetste Fremdsprache: H\u00e4nde, deuten, \u2026. Die Menschen waren durch die Bank hilfsbereit (und interessiert, warum sich Touristen `hierher verirren\u00b4).<\/p>\n<p>Welche Orte Sie besichtigen oder Aufenthalte einlegen wollen ist nat\u00fcrlich eine Interessens- und Ermessensfrage. Wir haben bei der Auswahl auf kompetente Beratung vertraut. Obwohl wir rund 3 Wochen unterwegs waren, konnten wir das riesige Land und die nette Bev\u00f6lkerung ja auch nur `streifen\u00b4. W\u00fcrden wir geich diese Reise wieder machen \u2013 und wir kommen sicher wieder \u2013 w\u00fcrden wir auf jeden Fall: Die Jenissej-Fahrt ab Krasnojarsk machen (die hatten wir zwar gebucht, ist aber wegen Niedrigwasser ausgefallen), 1 Tag l\u00e4nger in Chabarovsk (Museen!) einplanen, 2 Tage l\u00e4nger auf Olchon verbringen, und in Wladiwostok kann man durchaus noch einen Tag anh\u00e4ngen.<\/p>\n<p>Am Flughafen beim Wechselschalter Euros gegen Rubel tauschen \u2013 es wird mit \u201ckeine Geb\u00fchren\u201d geworben \u2013 war ein Minusgesch\u00e4ft, weil der Kurs um gute 25% schlechter war. In den Flughafengeb\u00e4uden und in jeder Stadt sind mehr als ausreichend Bankomaten zur Verf\u00fcgung, die bestens funktionieren, aber nicht jeder Bankomat bzw. Bank akzeptiert \u201ceurop\u00e4ische\u201d Karten. \u00d6sterreichische Bankomatkarten hat z.B. die sBerbank \u2013 weit verbreitet und am gr\u00fcnen Logo erkennbar \u2013 \u00fcberall akzeptiert. Wichtig: auf der Insel Olchon gibt es keine Bank und keinen Bankomat!!<\/p>\n<p>Nehmen Sie nicht zu viel mit, au\u00dfer was Sie anfangs brauchen \u2013 es gibt alles in guter Qualit\u00e4t und zu vern\u00fcnftigen Preisen zu kaufen. Mitnehmen sollten Sie Kaffeepulver f\u00fcr die Transsib-Fahrt und kleine Geschenke als `Gastgeschenke\u00b4 &#8211; nach dem Motto: Kleine Geschenke erh\u00f6hen die Freundschaft.<br \/>\nHervorragendes Essen gibt es bei den \u201cBahnsteig-Frauen\u201d bei den Aufenthalten des Zuges, aber nur tags\u00fcber. Nur so am Rande: ich habe w\u00e4hrend der Reise, obwohl sehr viel zu Fu\u00df unterwegs, fast 3 kg. zugenommen. Dank Bahnsteigfrauen und Aeroflott.<\/p>\n<div class=\"teaser\">\n<h3><a href=\"https:\/\/reisetier.de\/transsib\/transsibirische-eisenbahn-reiseberichte\/reisebericht-von-gerhard-wacker\/moskau-und-einstieg-in-die-transsib\/\">Moskau und Einstieg in die Transsib<\/a><\/h3>\n<p>Nach wochenlangen Vorbereitungen ist es soweit: Die Reise beginnt!\n<\/p><\/div>\n<div class=\"teaser\">\n<h3><a href=\"https:\/\/reisetier.de\/transsib\/transsibirische-eisenbahn-reiseberichte\/reisebericht-von-gerhard-wacker\/in-der-transsibirischen-eisenbahn\/\">In der Transsibirischen Eisenbahn<\/a><\/h3>\n<p>Der erste Tag in der Transsibirischen Eisenbahn, ein besonderes Erlebnis.\n<\/p><\/div>\n<div class=\"teaser\">\n<h3><a href=\"https:\/\/reisetier.de\/transsib\/transsibirische-eisenbahn-reiseberichte\/reisebericht-von-gerhard-wacker\/stolby-nationalpark-krasnojarsk\/\">Stolby-Nationalpark in Krasnojarsk<\/a><\/h3>\n<p>Dieser Nationalpark ist ein besonderer Tipp f\u00fcr jeden Reisenden.\n<\/p><\/div>\n<div class=\"teaser\">\n<h3><a href=\"https:\/\/reisetier.de\/transsib\/transsibirische-eisenbahn-reiseberichte\/reisebericht-von-gerhard-wacker\/abschied-von-krasnojarsk\/\">Abschied von Krasnojarsk<\/a><\/h3>\n<p>Abschied tut weh, aber wir schauen nach vorne. Die Transsib ruft!\n<\/p><\/div>\n<div class=\"teaser\">\n<h3><a href=\"https:\/\/reisetier.de\/transsib\/transsibirische-eisenbahn-reiseberichte\/reisebericht-von-gerhard-wacker\/in-birjusa-bei-taischet\/\">In Birjusa bei Taischet<\/a><\/h3>\n<p>Das Dorf Birjusa. Hier erwartete uns unerwartet Sch\u00f6nheit.\n<\/p><\/div>\n<div class=\"teaser\">\n<h3><a href=\"https:\/\/reisetier.de\/transsib\/transsibirische-eisenbahn-reiseberichte\/reisebericht-von-gerhard-wacker\/ankunft-in-irkutsk\/\">Ankunft in Irkutsk<\/a><\/h3>\n<p>Die lebendige Stadt Irkutsk. Eine interessante Mischung.\n<\/p><\/div>\n<div class=\"teaser\">\n<h3><a href=\"https:\/\/reisetier.de\/transsib\/transsibirische-eisenbahn-reiseberichte\/reisebericht-von-gerhard-wacker\/die-alte-baikalbahn\/\">Die alte Baikalbahn<\/a><\/h3>\n<p>Die alte Baikalbahn hat ihren ganz besonderen Charme.\n<\/p><\/div>\n<div class=\"teaser\">\n<h3><a href=\"https:\/\/reisetier.de\/transsib\/transsibirische-eisenbahn-reiseberichte\/reisebericht-von-gerhard-wacker\/olchon-insel-im-baikalsee\/\">Olchon-Insel im Baikalsee<\/a><\/h3>\n<p>Das ber\u00fchmte Urlaubszeil der Russen.\n<\/p><\/div>\n<div class=\"teaser\">\n<h3><a href=\"https:\/\/reisetier.de\/transsib\/transsibirische-eisenbahn-reiseberichte\/reisebericht-von-gerhard-wacker\/ausfluege-auf-olchon\/\">Ausfl\u00fcge auf Olchon<\/a><\/h3>\n<p>Auf Olchon ging es einmal in den Norden und einmal in den S\u00fcden\n<\/p><\/div>\n<div class=\"teaser\">\n<h3><a href=\"https:\/\/reisetier.de\/transsib\/transsibirische-eisenbahn-reiseberichte\/reisebericht-von-gerhard-wacker\/wieder-in-der-transsib\/\">Wieder in der Transsib<\/a><\/h3>\n<p>Gleich zwei Tage in der Transsibirischen Eisenbahn.\n<\/p><\/div>\n<div class=\"teaser\">\n<h3><a href=\"https:\/\/reisetier.de\/transsib\/transsibirische-eisenbahn-reiseberichte\/reisebericht-von-gerhard-wacker\/in-chabarovsk\/\">In Chabarovsk<\/a><\/h3>\n<p>Auch Chabarovsk ist einen Besuch wert\n<\/p><\/div>\n<div class=\"teaser\">\n<h3><a href=\"https:\/\/reisetier.de\/transsib\/transsibirische-eisenbahn-reiseberichte\/reisebericht-von-gerhard-wacker\/ankunft-in-wladiwostok\/\">Ankunft in Wladiwostok<\/a><\/h3>\n<p>Wir kommen in Wladiwostok an, eine unglaubliche Stadt!\n<\/p><\/div>\n<div class=\"teaser\">\n<h3><a href=\"https:\/\/reisetier.de\/transsib\/transsibirische-eisenbahn-reiseberichte\/reisebericht-von-gerhard-wacker\/in-wladiwostok\/\">In Wladiwostok<\/a><\/h3>\n<p>Wir k\u00f6nnen uns kaum an Wladiwostok satt sehen, aber der R\u00fcckflug ruft.\n<\/p><\/div>\n","protected":false},"excerpt":{"rendered":"<p>\u00dcber mich \/ uns Ich bin mittlerweile 62 Jahre alt\/jung, mit meiner Lebensgef\u00e4hrtin deren Schwester und ihrem Mann haben wir die Transsib-Reise gemacht. Die Reise haben wir selbst geplant, also haupts\u00e4chlich ich, ich habe sie auch organisiert (in Zusammenarbeit mit `Knop-Reisen\u00b4, die waren unter dem Strich am kompetentesten und preisw\u00fcrdigsten). Praktische Tipps aus unseren Erfahrungen &#038;hellip <a class=\"read-excerpt\" href=\"https:\/\/reisetier.de\/transsib\/transsibirische-eisenbahn-reiseberichte\/reisebericht-von-gerhard-wacker\/\">Continue reading <span class=\"meta-nav\">&raquo;<\/span><\/a><\/p>\n","protected":false},"author":1,"featured_media":0,"parent":1275,"menu_order":279,"comment_status":"open","ping_status":"closed","template":"","meta":{"footnotes":""},"class_list":["post-1692","page","type-page","status-publish","hentry"],"yoast_head":"<!-- This site is optimized with the Yoast SEO plugin v27.5 - https:\/\/yoast.com\/product\/yoast-seo-wordpress\/ -->\n<title>Reisebericht von Gerhard Wacker<\/title>\n<meta name=\"description\" content=\"Gerhard Wacker ist im September 2012 mit der Transsibirischen Eisenbahn von Moskau bis Wladiwostok gefahren. Hier berichtet er von seiner Erfahrung.\" \/>\n<meta name=\"robots\" content=\"index, follow, max-snippet:-1, max-image-preview:large, max-video-preview:-1\" \/>\n<link rel=\"canonical\" href=\"https:\/\/reisetier.de\/transsib\/transsibirische-eisenbahn-reiseberichte\/reisebericht-von-gerhard-wacker\/\" \/>\n<meta property=\"og:locale\" content=\"de_DE\" \/>\n<meta property=\"og:type\" content=\"article\" \/>\n<meta property=\"og:title\" content=\"Reisebericht von Gerhard Wacker\" \/>\n<meta property=\"og:description\" content=\"Gerhard Wacker ist im September 2012 mit der Transsibirischen Eisenbahn von Moskau bis Wladiwostok gefahren. Hier berichtet er von seiner Erfahrung.\" \/>\n<meta property=\"og:url\" content=\"https:\/\/reisetier.de\/transsib\/transsibirische-eisenbahn-reiseberichte\/reisebericht-von-gerhard-wacker\/\" \/>\n<meta property=\"og:site_name\" content=\"Die Transsibirische Eisenbahn\" \/>\n<meta property=\"article:modified_time\" content=\"2022-09-25T14:38:59+00:00\" \/>\n<meta property=\"og:image\" content=\"https:\/\/reisetier.de\/transsib\/wp-content\/uploads\/sites\/2\/2013\/10\/gerhard-wacker-transsib.jpg\" \/>\n<meta name=\"twitter:card\" content=\"summary_large_image\" \/>\n<meta name=\"twitter:label1\" content=\"Gesch\u00e4tzte Lesezeit\" \/>\n\t<meta name=\"twitter:data1\" content=\"3\u00a0Minuten\" \/>\n<script type=\"application\/ld+json\" class=\"yoast-schema-graph\">{\"@context\":\"https:\\\/\\\/schema.org\",\"@graph\":[{\"@type\":\"WebPage\",\"@id\":\"https:\\\/\\\/reisetier.de\\\/transsib\\\/transsibirische-eisenbahn-reiseberichte\\\/reisebericht-von-gerhard-wacker\\\/\",\"url\":\"https:\\\/\\\/reisetier.de\\\/transsib\\\/transsibirische-eisenbahn-reiseberichte\\\/reisebericht-von-gerhard-wacker\\\/\",\"name\":\"Reisebericht von Gerhard Wacker\",\"isPartOf\":{\"@id\":\"https:\\\/\\\/reisetier.de\\\/transsib\\\/#website\"},\"primaryImageOfPage\":{\"@id\":\"https:\\\/\\\/reisetier.de\\\/transsib\\\/transsibirische-eisenbahn-reiseberichte\\\/reisebericht-von-gerhard-wacker\\\/#primaryimage\"},\"image\":{\"@id\":\"https:\\\/\\\/reisetier.de\\\/transsib\\\/transsibirische-eisenbahn-reiseberichte\\\/reisebericht-von-gerhard-wacker\\\/#primaryimage\"},\"thumbnailUrl\":\"https:\\\/\\\/reisetier.de\\\/transsib\\\/wp-content\\\/uploads\\\/sites\\\/2\\\/2013\\\/10\\\/gerhard-wacker-transsib.jpg\",\"datePublished\":\"2013-10-08T11:14:00+00:00\",\"dateModified\":\"2022-09-25T14:38:59+00:00\",\"description\":\"Gerhard Wacker ist im September 2012 mit der Transsibirischen Eisenbahn von Moskau bis Wladiwostok gefahren. Hier berichtet er von seiner Erfahrung.\",\"breadcrumb\":{\"@id\":\"https:\\\/\\\/reisetier.de\\\/transsib\\\/transsibirische-eisenbahn-reiseberichte\\\/reisebericht-von-gerhard-wacker\\\/#breadcrumb\"},\"inLanguage\":\"de\",\"potentialAction\":[{\"@type\":\"ReadAction\",\"target\":[\"https:\\\/\\\/reisetier.de\\\/transsib\\\/transsibirische-eisenbahn-reiseberichte\\\/reisebericht-von-gerhard-wacker\\\/\"]}]},{\"@type\":\"ImageObject\",\"inLanguage\":\"de\",\"@id\":\"https:\\\/\\\/reisetier.de\\\/transsib\\\/transsibirische-eisenbahn-reiseberichte\\\/reisebericht-von-gerhard-wacker\\\/#primaryimage\",\"url\":\"https:\\\/\\\/reisetier.de\\\/transsib\\\/wp-content\\\/uploads\\\/sites\\\/2\\\/2013\\\/10\\\/gerhard-wacker-transsib.jpg\",\"contentUrl\":\"https:\\\/\\\/reisetier.de\\\/transsib\\\/wp-content\\\/uploads\\\/sites\\\/2\\\/2013\\\/10\\\/gerhard-wacker-transsib.jpg\",\"width\":300,\"height\":206,\"caption\":\"v.l.n.r. Gerhard Wacker, seine Sch\u00e4gering, seine Frau\"},{\"@type\":\"BreadcrumbList\",\"@id\":\"https:\\\/\\\/reisetier.de\\\/transsib\\\/transsibirische-eisenbahn-reiseberichte\\\/reisebericht-von-gerhard-wacker\\\/#breadcrumb\",\"itemListElement\":[{\"@type\":\"ListItem\",\"position\":1,\"name\":\"Home\",\"item\":\"https:\\\/\\\/reisetier.de\\\/transsib\\\/\"},{\"@type\":\"ListItem\",\"position\":2,\"name\":\"Transsib Reiseberichte\",\"item\":\"https:\\\/\\\/reisetier.de\\\/transsib\\\/transsibirische-eisenbahn-reiseberichte\\\/\"},{\"@type\":\"ListItem\",\"position\":3,\"name\":\"Reisebericht von Gerhard Wacker\"}]},{\"@type\":\"WebSite\",\"@id\":\"https:\\\/\\\/reisetier.de\\\/transsib\\\/#website\",\"url\":\"https:\\\/\\\/reisetier.de\\\/transsib\\\/\",\"name\":\"Die Transsibirische Eisenbahn\",\"description\":\"Reisen durch Russland, die Mongolei und China\",\"potentialAction\":[{\"@type\":\"SearchAction\",\"target\":{\"@type\":\"EntryPoint\",\"urlTemplate\":\"https:\\\/\\\/reisetier.de\\\/transsib\\\/?s={search_term_string}\"},\"query-input\":{\"@type\":\"PropertyValueSpecification\",\"valueRequired\":true,\"valueName\":\"search_term_string\"}}],\"inLanguage\":\"de\"}]}<\/script>\n<!-- \/ Yoast SEO plugin. -->","yoast_head_json":{"title":"Reisebericht von Gerhard Wacker","description":"Gerhard Wacker ist im September 2012 mit der Transsibirischen Eisenbahn von Moskau bis Wladiwostok gefahren. Hier berichtet er von seiner Erfahrung.","robots":{"index":"index","follow":"follow","max-snippet":"max-snippet:-1","max-image-preview":"max-image-preview:large","max-video-preview":"max-video-preview:-1"},"canonical":"https:\/\/reisetier.de\/transsib\/transsibirische-eisenbahn-reiseberichte\/reisebericht-von-gerhard-wacker\/","og_locale":"de_DE","og_type":"article","og_title":"Reisebericht von Gerhard Wacker","og_description":"Gerhard Wacker ist im September 2012 mit der Transsibirischen Eisenbahn von Moskau bis Wladiwostok gefahren. Hier berichtet er von seiner Erfahrung.","og_url":"https:\/\/reisetier.de\/transsib\/transsibirische-eisenbahn-reiseberichte\/reisebericht-von-gerhard-wacker\/","og_site_name":"Die Transsibirische Eisenbahn","article_modified_time":"2022-09-25T14:38:59+00:00","og_image":[{"url":"https:\/\/reisetier.de\/transsib\/wp-content\/uploads\/sites\/2\/2013\/10\/gerhard-wacker-transsib.jpg","type":"","width":"","height":""}],"twitter_card":"summary_large_image","twitter_misc":{"Gesch\u00e4tzte Lesezeit":"3\u00a0Minuten"},"schema":{"@context":"https:\/\/schema.org","@graph":[{"@type":"WebPage","@id":"https:\/\/reisetier.de\/transsib\/transsibirische-eisenbahn-reiseberichte\/reisebericht-von-gerhard-wacker\/","url":"https:\/\/reisetier.de\/transsib\/transsibirische-eisenbahn-reiseberichte\/reisebericht-von-gerhard-wacker\/","name":"Reisebericht von Gerhard Wacker","isPartOf":{"@id":"https:\/\/reisetier.de\/transsib\/#website"},"primaryImageOfPage":{"@id":"https:\/\/reisetier.de\/transsib\/transsibirische-eisenbahn-reiseberichte\/reisebericht-von-gerhard-wacker\/#primaryimage"},"image":{"@id":"https:\/\/reisetier.de\/transsib\/transsibirische-eisenbahn-reiseberichte\/reisebericht-von-gerhard-wacker\/#primaryimage"},"thumbnailUrl":"https:\/\/reisetier.de\/transsib\/wp-content\/uploads\/sites\/2\/2013\/10\/gerhard-wacker-transsib.jpg","datePublished":"2013-10-08T11:14:00+00:00","dateModified":"2022-09-25T14:38:59+00:00","description":"Gerhard Wacker ist im September 2012 mit der Transsibirischen Eisenbahn von Moskau bis Wladiwostok gefahren. Hier berichtet er von seiner Erfahrung.","breadcrumb":{"@id":"https:\/\/reisetier.de\/transsib\/transsibirische-eisenbahn-reiseberichte\/reisebericht-von-gerhard-wacker\/#breadcrumb"},"inLanguage":"de","potentialAction":[{"@type":"ReadAction","target":["https:\/\/reisetier.de\/transsib\/transsibirische-eisenbahn-reiseberichte\/reisebericht-von-gerhard-wacker\/"]}]},{"@type":"ImageObject","inLanguage":"de","@id":"https:\/\/reisetier.de\/transsib\/transsibirische-eisenbahn-reiseberichte\/reisebericht-von-gerhard-wacker\/#primaryimage","url":"https:\/\/reisetier.de\/transsib\/wp-content\/uploads\/sites\/2\/2013\/10\/gerhard-wacker-transsib.jpg","contentUrl":"https:\/\/reisetier.de\/transsib\/wp-content\/uploads\/sites\/2\/2013\/10\/gerhard-wacker-transsib.jpg","width":300,"height":206,"caption":"v.l.n.r. Gerhard Wacker, seine Sch\u00e4gering, seine Frau"},{"@type":"BreadcrumbList","@id":"https:\/\/reisetier.de\/transsib\/transsibirische-eisenbahn-reiseberichte\/reisebericht-von-gerhard-wacker\/#breadcrumb","itemListElement":[{"@type":"ListItem","position":1,"name":"Home","item":"https:\/\/reisetier.de\/transsib\/"},{"@type":"ListItem","position":2,"name":"Transsib Reiseberichte","item":"https:\/\/reisetier.de\/transsib\/transsibirische-eisenbahn-reiseberichte\/"},{"@type":"ListItem","position":3,"name":"Reisebericht von Gerhard Wacker"}]},{"@type":"WebSite","@id":"https:\/\/reisetier.de\/transsib\/#website","url":"https:\/\/reisetier.de\/transsib\/","name":"Die Transsibirische Eisenbahn","description":"Reisen durch Russland, die Mongolei und China","potentialAction":[{"@type":"SearchAction","target":{"@type":"EntryPoint","urlTemplate":"https:\/\/reisetier.de\/transsib\/?s={search_term_string}"},"query-input":{"@type":"PropertyValueSpecification","valueRequired":true,"valueName":"search_term_string"}}],"inLanguage":"de"}]}},"_links":{"self":[{"href":"https:\/\/reisetier.de\/transsib\/wp-json\/wp\/v2\/pages\/1692","targetHints":{"allow":["GET"]}}],"collection":[{"href":"https:\/\/reisetier.de\/transsib\/wp-json\/wp\/v2\/pages"}],"about":[{"href":"https:\/\/reisetier.de\/transsib\/wp-json\/wp\/v2\/types\/page"}],"author":[{"embeddable":true,"href":"https:\/\/reisetier.de\/transsib\/wp-json\/wp\/v2\/users\/1"}],"replies":[{"embeddable":true,"href":"https:\/\/reisetier.de\/transsib\/wp-json\/wp\/v2\/comments?post=1692"}],"version-history":[{"count":1,"href":"https:\/\/reisetier.de\/transsib\/wp-json\/wp\/v2\/pages\/1692\/revisions"}],"predecessor-version":[{"id":2534,"href":"https:\/\/reisetier.de\/transsib\/wp-json\/wp\/v2\/pages\/1692\/revisions\/2534"}],"up":[{"embeddable":true,"href":"https:\/\/reisetier.de\/transsib\/wp-json\/wp\/v2\/pages\/1275"}],"wp:attachment":[{"href":"https:\/\/reisetier.de\/transsib\/wp-json\/wp\/v2\/media?parent=1692"}],"curies":[{"name":"wp","href":"https:\/\/api.w.org\/{rel}","templated":true}]}}