{"id":1585,"date":"2012-09-07T08:15:29","date_gmt":"2012-09-07T07:15:29","guid":{"rendered":"http:\/\/www.transsib-tipps.de\/?page_id=1585"},"modified":"2012-09-07T08:15:29","modified_gmt":"2012-09-07T07:15:29","slug":"chinesische-sprache","status":"publish","type":"page","link":"https:\/\/reisetier.de\/transsib\/china\/chinesische-sprache\/","title":{"rendered":"Chinesische Sprache"},"content":{"rendered":"<div id=\"attachment_1610\" style=\"width: 410px\" class=\"wp-caption alignright\"><img loading=\"lazy\" decoding=\"async\" aria-describedby=\"caption-attachment-1610\" src=\"https:\/\/reisetier.de\/transsib\/wp-content\/uploads\/sites\/2\/2012\/08\/chinesische-schriftzeichen.jpg\" alt=\"Chinesische Schriftzeichen\" title=\"chinesische-schriftzeichen\" width=\"400\" height=\"300\" class=\"size-full wp-image-1610\" srcset=\"https:\/\/reisetier.de\/transsib\/wp-content\/uploads\/sites\/2\/2012\/08\/chinesische-schriftzeichen.jpg 400w, https:\/\/reisetier.de\/transsib\/wp-content\/uploads\/sites\/2\/2012\/08\/chinesische-schriftzeichen-300x225.jpg 300w\" sizes=\"auto, (max-width: 400px) 100vw, 400px\" \/><p id=\"caption-attachment-1610\" class=\"wp-caption-text\">Es dauert Jahre, die chinesischen Schriftzeichen zu lernen.<\/p><\/div>\n<h2>Englisch? Eher nicht!<\/h2>\n<p>Auch in China braucht man sich nichts vorzumachen. Abgesehen von Hostels\/Hotels, Flugh\u00e4fen und McDonalds sollte man lieber nicht mit Englisch-Kenntnissen rechnen. Auch an Fahrkartenschaltern kann h\u00e4ufig niemand Englisch. Trotzdem bin ich in China besser mit der Verst\u00e4ndigung klar gekommen, als in Russland. Die Chinesen gehen ganz anders mit Verst\u00e4ndigungsproblemen um. Sie versuchen dann aufzumalen was sie meinen oder rufen laut herum ob jemand Englisch spricht.<\/p>\n<p>Ich erinnere mich noch gut an eine Situation, in der wir M\u00fcllbeutel in einem kleinen Laden kaufen wollten. Wir kannten nur das Wort f\u00fcr T\u00fcte und so wurden uns R\u00fccks\u00e4cke, Reisetaschen, K\u00f6rbe und irgendwann eben auch M\u00fcllbeutel pr\u00e4sentiert.<\/p>\n<h2>Die Schrift<\/h2>\n<p>Bei den Schriftzeichen gibt es einfach zu viele, um in ein paar Wochen genug zu lernen um auch nur ann\u00e4hernd Texte entziffern zu k\u00f6nnen. Ich war fast ein halbes Jahr in China und habe nur eine Hand voll Schriftzeichen gelernt. Konzentriert euch lieber auf die gesprochene Sprache, das braucht man viel eher.<\/p>\n<p>Neben den traditionellen Schriftzeichen gibt es eine spezielle Lautschrift mit unseren Buchstaben, das sogenannte &#8222;Pinyin&#8220;. Bei Stra\u00dfennamen oder anderen wichtigen Informationen steht neben den Schriftzeichen meistens auch der entsprechende Ausdruck in Pinyin. Viele Buchstaben werden wie im Deutschen ausgesprochen, allerdings nicht alle. Bei Wikipedia gibt es eine <a href=\"http:\/\/de.wikipedia.org\/wiki\/Pinyin\" target=\"_blank\" rel=\"noopener\">gute \u00dcbersicht \u00fcber die Pinyin-Aussprache<\/a>.<\/p>\n<h2>Zahlen zeigen<\/h2>\n<p>Immer wenn jemand in China eine Zahl sagt, zeigt er sie dazu mit den Fingern. So kann man Preise etc. auch verstehen und Zahlen nennen, ohne die W\u00f6rter zu kennen. Allerdings werden Zahlen in China etwas anders gezeigt und auch f\u00fcr die Zahlen von 6-10 wird nur eine Hand verwendet. Hier die verschiedenen Handzeichen. Welche Variante der 10 benutzt wird, h\u00e4ngt von der Region in China ab. Besonders wenn man 2 St\u00fcck von etwas bestellt, sollte man aufpassen, dass man nicht den Daumen zum Zeigen verwendet. Anonsten l\u00e4uft man Gefahr, gleich 8 St\u00fcck zu bekommen.<\/p>\n<div id=\"attachment_1596\" style=\"width: 870px\" class=\"wp-caption aligncenter\"><img loading=\"lazy\" decoding=\"async\" aria-describedby=\"caption-attachment-1596\" src=\"https:\/\/reisetier.de\/transsib\/wp-content\/uploads\/sites\/2\/2012\/08\/chinesische-zahlen1.jpg\" alt=\"chinesische Zahlen\" title=\"chinesische-zahlen\" width=\"860\" height=\"490\" class=\"size-full wp-image-1596\" srcset=\"https:\/\/reisetier.de\/transsib\/wp-content\/uploads\/sites\/2\/2012\/08\/chinesische-zahlen1.jpg 860w, https:\/\/reisetier.de\/transsib\/wp-content\/uploads\/sites\/2\/2012\/08\/chinesische-zahlen1-300x171.jpg 300w, https:\/\/reisetier.de\/transsib\/wp-content\/uploads\/sites\/2\/2012\/08\/chinesische-zahlen1-768x438.jpg 768w\" sizes=\"auto, (max-width: 860px) 100vw, 860px\" \/><p id=\"caption-attachment-1596\" class=\"wp-caption-text\">Die Handzeichen der chinesischen Zahlen<\/p><\/div>\n<h2>Reisevokabeln<\/h2>\n<p>Wie \u00fcberall kommt man auch in China mit ein paar Ausdr\u00fccken schon ziemlich weit. Die Chinesen freuen sich sehr wenn sie merken, dass man versucht ihre Sprache zu lernen. Ich hatte oft das Gef\u00fchl im Ansehen der Einheimischen direkt um eine Stufe zu steigen wenn ich ein paar W\u00f6rter Chinesisch von mir gab.<\/p>\n<p>Hier die meiner Meinung nach wichtigsten Vokabeln. Die Vokabeln und die Handzeichen k\u00f6nnt ihr auch <a href='https:\/\/reisetier.de\/transsib\/wp-content\/uploads\/sites\/2\/2012\/08\/transsib-tipps.de-chinesische-Sprachhilfe.pdf' target='_blank' rel=\"noopener\">als PDF herunterladen<\/a>.<\/p>\n<table class=\"border\">\n<tr>\n<th>Deutsch<\/th>\n<th>Pinyin<\/th>\n<th>Schriftzeichen<\/th>\n<\/tr>\n<tr>\n<td>Hallo \/ Guten Tag<\/td>\n<td>n\u01d0 h\u01ceo<\/td>\n<td>\u4f60\u597d<\/td>\n<\/tr>\n<tr>\n<td>Tsch\u00fcss \/ Auf Wiedersehen<\/td>\n<td>z\u00e0i ji\u00e0n<\/td>\n<td>\u518d\u89c1<\/td>\n<\/tr>\n<tr>\n<td>Danke<\/td>\n<td>xi\u00e8 xi\u00e8<\/td>\n<td>\u8c22\u8c22<\/td>\n<\/tr>\n<tr>\n<td>Bittesch\u00f6n<\/td>\n<td>m\u00e9i gu\u0101n x\u00ec<\/td>\n<td>\u6ca1\u5173\u7cfb<\/td>\n<\/tr>\n<tr>\n<td>Entschuldigung<\/td>\n<td>du\u00ec b\u00f9 q\u01d0<\/td>\n<td>\u5bf9\u4e0d\u8d77<\/td>\n<\/tr>\n<tr>\n<td>Kein Problem (Antwort auf Entschuldigung)<\/td>\n<td>m\u00e9i w\u00e8n t\u00ed<\/td>\n<td>\u6ca1\u95ee\u9898<\/td>\n<\/tr>\n<tr>\n<td>ja<\/td>\n<td>sh\u00ec<\/td>\n<td>\u662f<\/td>\n<\/tr>\n<tr>\n<td>nein<\/td>\n<td>b\u00f9 sh\u00ec<\/td>\n<td>\u4e0d\u662f<\/td>\n<\/tr>\n<tr>\n<td>nein danke \/ kein Interesse<\/td>\n<td>b\u00f9 y\u00e0o<\/td>\n<td>\u4e0d\u8981<\/td>\n<\/tr>\n<tr>\n<td>Ich spreche kein Chinesisch<\/td>\n<td>w\u01d2 b\u00f9 shu\u00f3 zh\u014dng w\u00e9n<\/td>\n<td>\u6211\u4e0d\u8bf4\u4e2d\u6587<\/td>\n<\/tr>\n<tr>\n<td>Ohne scharfe Gew\u00fcrze<\/td>\n<td>b\u00f9 l\u00e0<\/td>\n<td>\u4e0d\u8fa3<\/td>\n<\/tr>\n<tr>\n<td>Wie teuer ist das?<\/td>\n<td>du\u014d sh\u01ceo qi\u00e1n<\/td>\n<td>\u591a\u5c11\u94b1<\/td>\n<\/tr>\n<tr>\n<td>eins<\/td>\n<td>y\u012b<\/td>\n<td>\u4e00<\/td>\n<\/tr>\n<tr>\n<td>zwei<\/td>\n<td>\u00e8r<\/td>\n<td>\u4e8c<\/td>\n<\/tr>\n<tr>\n<td>drei<\/td>\n<td>s\u0101n<\/td>\n<td>\u4e09<\/td>\n<\/tr>\n<tr>\n<td>vier<\/td>\n<td>s\u00ec<\/td>\n<td>\u56db<\/td>\n<\/tr>\n<tr>\n<td>f\u00fcnf<\/td>\n<td>w\u01d4<\/td>\n<td>\u4e94<\/td>\n<\/tr>\n<tr>\n<td>sechs<\/td>\n<td>l\u00ecu<\/td>\n<td>\u516d<\/td>\n<\/tr>\n<tr>\n<td>sieben<\/td>\n<td>q\u012b<\/td>\n<td>\u4e03<\/td>\n<\/tr>\n<tr>\n<td>acht<\/td>\n<td>b\u0101<\/td>\n<td>\u516b<\/td>\n<\/tr>\n<tr>\n<td>neun<\/td>\n<td>j\u01d0u<\/td>\n<td>\u4e5d<\/td>\n<\/tr>\n<tr>\n<td>zehn<\/td>\n<td>sh\u00ed<\/td>\n<td>\u5341<\/td>\n<\/tr>\n<\/table>\n<p><img loading=\"lazy\" decoding=\"async\" src=\"https:\/\/ssl-vg03.met.vgwort.de\/na\/a855c30a5303416a854492af3c090cba\" width=\"1\" height=\"1\" alt=\"\"><\/p>\n","protected":false},"excerpt":{"rendered":"<p>Englisch? Eher nicht! Auch in China braucht man sich nichts vorzumachen. Abgesehen von Hostels\/Hotels, Flugh\u00e4fen und McDonalds sollte man lieber nicht mit Englisch-Kenntnissen rechnen. Auch an Fahrkartenschaltern kann h\u00e4ufig niemand Englisch. Trotzdem bin ich in China besser mit der Verst\u00e4ndigung klar gekommen, als in Russland. Die Chinesen gehen ganz anders mit Verst\u00e4ndigungsproblemen um. Sie versuchen &#038;hellip <a class=\"read-excerpt\" href=\"https:\/\/reisetier.de\/transsib\/china\/chinesische-sprache\/\">Continue reading <span class=\"meta-nav\">&raquo;<\/span><\/a><\/p>\n","protected":false},"author":1,"featured_media":0,"parent":1559,"menu_order":271,"comment_status":"open","ping_status":"open","template":"","meta":{"footnotes":""},"class_list":["post-1585","page","type-page","status-publish","hentry"],"yoast_head":"<!-- This site is optimized with the Yoast SEO plugin v27.3 - https:\/\/yoast.com\/product\/yoast-seo-wordpress\/ -->\n<title>Chinesische Sprache<\/title>\n<meta name=\"description\" content=\"Die chinesische Sprache ist zwar sehr anders als unsere Sprache, aber als Reisender kommt man mit ein paar Vokabeln schon ziemlich weit.\" \/>\n<meta name=\"robots\" content=\"index, follow, max-snippet:-1, max-image-preview:large, max-video-preview:-1\" \/>\n<link rel=\"canonical\" href=\"https:\/\/reisetier.de\/transsib\/china\/chinesische-sprache\/\" \/>\n<meta property=\"og:locale\" content=\"de_DE\" \/>\n<meta property=\"og:type\" content=\"article\" \/>\n<meta property=\"og:title\" content=\"Chinesische Sprache\" \/>\n<meta property=\"og:description\" content=\"Die chinesische Sprache ist zwar sehr anders als unsere Sprache, aber als Reisender kommt man mit ein paar Vokabeln schon ziemlich weit.\" \/>\n<meta property=\"og:url\" content=\"https:\/\/reisetier.de\/transsib\/china\/chinesische-sprache\/\" \/>\n<meta property=\"og:site_name\" content=\"Die Transsibirische Eisenbahn\" \/>\n<meta property=\"og:image\" content=\"https:\/\/reisetier.de\/transsib\/wp-content\/uploads\/sites\/2\/2012\/08\/chinesische-schriftzeichen.jpg\" \/>\n<meta name=\"twitter:card\" content=\"summary_large_image\" \/>\n<meta name=\"twitter:label1\" content=\"Gesch\u00e4tzte Lesezeit\" \/>\n\t<meta name=\"twitter:data1\" content=\"3\u00a0Minuten\" \/>\n<script type=\"application\/ld+json\" class=\"yoast-schema-graph\">{\"@context\":\"https:\\\/\\\/schema.org\",\"@graph\":[{\"@type\":\"WebPage\",\"@id\":\"https:\\\/\\\/reisetier.de\\\/transsib\\\/china\\\/chinesische-sprache\\\/\",\"url\":\"https:\\\/\\\/reisetier.de\\\/transsib\\\/china\\\/chinesische-sprache\\\/\",\"name\":\"Chinesische Sprache\",\"isPartOf\":{\"@id\":\"https:\\\/\\\/reisetier.de\\\/transsib\\\/#website\"},\"primaryImageOfPage\":{\"@id\":\"https:\\\/\\\/reisetier.de\\\/transsib\\\/china\\\/chinesische-sprache\\\/#primaryimage\"},\"image\":{\"@id\":\"https:\\\/\\\/reisetier.de\\\/transsib\\\/china\\\/chinesische-sprache\\\/#primaryimage\"},\"thumbnailUrl\":\"https:\\\/\\\/reisetier.de\\\/transsib\\\/wp-content\\\/uploads\\\/sites\\\/2\\\/2012\\\/08\\\/chinesische-schriftzeichen.jpg\",\"datePublished\":\"2012-09-07T07:15:29+00:00\",\"description\":\"Die chinesische Sprache ist zwar sehr anders als unsere Sprache, aber als Reisender kommt man mit ein paar Vokabeln schon ziemlich weit.\",\"breadcrumb\":{\"@id\":\"https:\\\/\\\/reisetier.de\\\/transsib\\\/china\\\/chinesische-sprache\\\/#breadcrumb\"},\"inLanguage\":\"de\",\"potentialAction\":[{\"@type\":\"ReadAction\",\"target\":[\"https:\\\/\\\/reisetier.de\\\/transsib\\\/china\\\/chinesische-sprache\\\/\"]}]},{\"@type\":\"ImageObject\",\"inLanguage\":\"de\",\"@id\":\"https:\\\/\\\/reisetier.de\\\/transsib\\\/china\\\/chinesische-sprache\\\/#primaryimage\",\"url\":\"https:\\\/\\\/reisetier.de\\\/transsib\\\/wp-content\\\/uploads\\\/sites\\\/2\\\/2012\\\/08\\\/chinesische-schriftzeichen.jpg\",\"contentUrl\":\"https:\\\/\\\/reisetier.de\\\/transsib\\\/wp-content\\\/uploads\\\/sites\\\/2\\\/2012\\\/08\\\/chinesische-schriftzeichen.jpg\",\"width\":400,\"height\":300,\"caption\":\"Es dauert Jahre, die chinesischen Schriftzeichen zu lernen.\"},{\"@type\":\"BreadcrumbList\",\"@id\":\"https:\\\/\\\/reisetier.de\\\/transsib\\\/china\\\/chinesische-sprache\\\/#breadcrumb\",\"itemListElement\":[{\"@type\":\"ListItem\",\"position\":1,\"name\":\"Home\",\"item\":\"https:\\\/\\\/reisetier.de\\\/transsib\\\/\"},{\"@type\":\"ListItem\",\"position\":2,\"name\":\"China\",\"item\":\"https:\\\/\\\/reisetier.de\\\/transsib\\\/china\\\/\"},{\"@type\":\"ListItem\",\"position\":3,\"name\":\"Chinesische Sprache\"}]},{\"@type\":\"WebSite\",\"@id\":\"https:\\\/\\\/reisetier.de\\\/transsib\\\/#website\",\"url\":\"https:\\\/\\\/reisetier.de\\\/transsib\\\/\",\"name\":\"Die Transsibirische Eisenbahn\",\"description\":\"Reisen durch Russland, die Mongolei und China\",\"potentialAction\":[{\"@type\":\"SearchAction\",\"target\":{\"@type\":\"EntryPoint\",\"urlTemplate\":\"https:\\\/\\\/reisetier.de\\\/transsib\\\/?s={search_term_string}\"},\"query-input\":{\"@type\":\"PropertyValueSpecification\",\"valueRequired\":true,\"valueName\":\"search_term_string\"}}],\"inLanguage\":\"de\"}]}<\/script>\n<!-- \/ Yoast SEO plugin. -->","yoast_head_json":{"title":"Chinesische Sprache","description":"Die chinesische Sprache ist zwar sehr anders als unsere Sprache, aber als Reisender kommt man mit ein paar Vokabeln schon ziemlich weit.","robots":{"index":"index","follow":"follow","max-snippet":"max-snippet:-1","max-image-preview":"max-image-preview:large","max-video-preview":"max-video-preview:-1"},"canonical":"https:\/\/reisetier.de\/transsib\/china\/chinesische-sprache\/","og_locale":"de_DE","og_type":"article","og_title":"Chinesische Sprache","og_description":"Die chinesische Sprache ist zwar sehr anders als unsere Sprache, aber als Reisender kommt man mit ein paar Vokabeln schon ziemlich weit.","og_url":"https:\/\/reisetier.de\/transsib\/china\/chinesische-sprache\/","og_site_name":"Die Transsibirische Eisenbahn","og_image":[{"url":"https:\/\/reisetier.de\/transsib\/wp-content\/uploads\/sites\/2\/2012\/08\/chinesische-schriftzeichen.jpg","type":"","width":"","height":""}],"twitter_card":"summary_large_image","twitter_misc":{"Gesch\u00e4tzte Lesezeit":"3\u00a0Minuten"},"schema":{"@context":"https:\/\/schema.org","@graph":[{"@type":"WebPage","@id":"https:\/\/reisetier.de\/transsib\/china\/chinesische-sprache\/","url":"https:\/\/reisetier.de\/transsib\/china\/chinesische-sprache\/","name":"Chinesische Sprache","isPartOf":{"@id":"https:\/\/reisetier.de\/transsib\/#website"},"primaryImageOfPage":{"@id":"https:\/\/reisetier.de\/transsib\/china\/chinesische-sprache\/#primaryimage"},"image":{"@id":"https:\/\/reisetier.de\/transsib\/china\/chinesische-sprache\/#primaryimage"},"thumbnailUrl":"https:\/\/reisetier.de\/transsib\/wp-content\/uploads\/sites\/2\/2012\/08\/chinesische-schriftzeichen.jpg","datePublished":"2012-09-07T07:15:29+00:00","description":"Die chinesische Sprache ist zwar sehr anders als unsere Sprache, aber als Reisender kommt man mit ein paar Vokabeln schon ziemlich weit.","breadcrumb":{"@id":"https:\/\/reisetier.de\/transsib\/china\/chinesische-sprache\/#breadcrumb"},"inLanguage":"de","potentialAction":[{"@type":"ReadAction","target":["https:\/\/reisetier.de\/transsib\/china\/chinesische-sprache\/"]}]},{"@type":"ImageObject","inLanguage":"de","@id":"https:\/\/reisetier.de\/transsib\/china\/chinesische-sprache\/#primaryimage","url":"https:\/\/reisetier.de\/transsib\/wp-content\/uploads\/sites\/2\/2012\/08\/chinesische-schriftzeichen.jpg","contentUrl":"https:\/\/reisetier.de\/transsib\/wp-content\/uploads\/sites\/2\/2012\/08\/chinesische-schriftzeichen.jpg","width":400,"height":300,"caption":"Es dauert Jahre, die chinesischen Schriftzeichen zu lernen."},{"@type":"BreadcrumbList","@id":"https:\/\/reisetier.de\/transsib\/china\/chinesische-sprache\/#breadcrumb","itemListElement":[{"@type":"ListItem","position":1,"name":"Home","item":"https:\/\/reisetier.de\/transsib\/"},{"@type":"ListItem","position":2,"name":"China","item":"https:\/\/reisetier.de\/transsib\/china\/"},{"@type":"ListItem","position":3,"name":"Chinesische Sprache"}]},{"@type":"WebSite","@id":"https:\/\/reisetier.de\/transsib\/#website","url":"https:\/\/reisetier.de\/transsib\/","name":"Die Transsibirische Eisenbahn","description":"Reisen durch Russland, die Mongolei und China","potentialAction":[{"@type":"SearchAction","target":{"@type":"EntryPoint","urlTemplate":"https:\/\/reisetier.de\/transsib\/?s={search_term_string}"},"query-input":{"@type":"PropertyValueSpecification","valueRequired":true,"valueName":"search_term_string"}}],"inLanguage":"de"}]}},"_links":{"self":[{"href":"https:\/\/reisetier.de\/transsib\/wp-json\/wp\/v2\/pages\/1585","targetHints":{"allow":["GET"]}}],"collection":[{"href":"https:\/\/reisetier.de\/transsib\/wp-json\/wp\/v2\/pages"}],"about":[{"href":"https:\/\/reisetier.de\/transsib\/wp-json\/wp\/v2\/types\/page"}],"author":[{"embeddable":true,"href":"https:\/\/reisetier.de\/transsib\/wp-json\/wp\/v2\/users\/1"}],"replies":[{"embeddable":true,"href":"https:\/\/reisetier.de\/transsib\/wp-json\/wp\/v2\/comments?post=1585"}],"version-history":[{"count":0,"href":"https:\/\/reisetier.de\/transsib\/wp-json\/wp\/v2\/pages\/1585\/revisions"}],"up":[{"embeddable":true,"href":"https:\/\/reisetier.de\/transsib\/wp-json\/wp\/v2\/pages\/1559"}],"wp:attachment":[{"href":"https:\/\/reisetier.de\/transsib\/wp-json\/wp\/v2\/media?parent=1585"}],"curies":[{"name":"wp","href":"https:\/\/api.w.org\/{rel}","templated":true}]}}