{"id":1565,"date":"2012-08-22T12:17:12","date_gmt":"2012-08-22T11:17:12","guid":{"rendered":"http:\/\/www.transsib-tipps.de\/?page_id=1565"},"modified":"2012-08-22T12:17:12","modified_gmt":"2012-08-22T11:17:12","slug":"chinesische-mentalitaet","status":"publish","type":"page","link":"https:\/\/reisetier.de\/transsib\/china\/chinesische-mentalitaet\/","title":{"rendered":"Chinesische Mentalit\u00e4t"},"content":{"rendered":"<div id=\"attachment_1578\" style=\"width: 410px\" class=\"wp-caption alignright\"><img loading=\"lazy\" decoding=\"async\" aria-describedby=\"caption-attachment-1578\" src=\"https:\/\/reisetier.de\/transsib\/wp-content\/uploads\/sites\/2\/2012\/08\/chinesische-mentalitaet.jpg\" alt=\"Chinesische Marktstra\u00dfe\" title=\"Eine chinesische Marktstra\u00dfe in Xian.\" width=\"400\" height=\"300\" class=\"size-full wp-image-1578\" srcset=\"https:\/\/reisetier.de\/transsib\/wp-content\/uploads\/sites\/2\/2012\/08\/chinesische-mentalitaet.jpg 400w, https:\/\/reisetier.de\/transsib\/wp-content\/uploads\/sites\/2\/2012\/08\/chinesische-mentalitaet-300x225.jpg 300w\" sizes=\"auto, (max-width: 400px) 100vw, 400px\" \/><p id=\"caption-attachment-1578\" class=\"wp-caption-text\">Eine chinesische Marktstra\u00dfe in Xian.<\/p><\/div>\n<p>Wer mit der Transsibirischen Eisenbahn f\u00e4hrt und die manchmal k\u00fchle Art der Russen erfahren hat, kann sich bei der chinesischen Mentalit\u00e4t auf das genaue Gegenteil einstellen.<\/p>\n<h2>Anstarren<\/h2>\n<p>Bereits beim Ausstieg aus dem Zug wird man mit gro\u00dfen Augen angeguckt. In China ist man f\u00fcr jeden Menschen sofort als Ausl\u00e4nder erkennbar. Anders als in Europa gibt es in China nur wenige Zuwanderer aus anderen Kontinenten und auch Reisen in ferne L\u00e4nder k\u00f6nnen sich die meisten Menschen nicht leisten. F\u00fcr viele Chinesen ist man somit der erste Wei\u00dfe, den sie in ihrem Leben sehen. Vor diesem Hintergrund kann man die neugierigen Blicke und die Bitten um gemeinsame Fotos sicherlich mit etwas mehr Verst\u00e4ndnis begegnen. W\u00e4hrend offenes Anstarren bei uns eher unh\u00f6flich und indiskret ist, ist es in der chinesischen Mentalit\u00e4t eher als ein Zeichen des Interesses und der Anerkennung. Die beste Art damit umzugehen, ist es meiner Meinung nach es genau so anzunehmen und sich durch die vielen Blicke geschmeichelt zu f\u00fchlen.<\/p>\n<p>&nbsp;<\/p>\n<h2>Alles ist kompliziert<\/h2>\n<p>Fast jeder China-Reisende macht die Erfahrung, dass in China alles kompliziert zu sein scheint. Egal, ob man ein Hostel-Bett buchen will, im Restaurant etwas bestellen will oder mit dem Taxi fahren will, die Standardantwort lautet oft &#8222;mei you&#8220; (frei \u00fcbersetzt: Gibts nicht). Man kann \u00fcber die Gr\u00fcnde und Ursachen daf\u00fcr sicherlich diskutieren. In dem guten Buch <a href=\"\/transsib\/transsibirische-gepaeck\/reiselektuere-gadgets\/\">Reisegast in China<\/a> habe ich gelesen, dass es damit zusammenh\u00e4ngt, dass viele Chinesen im Umgang mit Ausl\u00e4ndern Angst haben, etwas falsch zu machen. Wer etwas falsch macht, gilt in der chinesischen Mentalit\u00e4t als Versager und daher macht man lieber gar nichts und sagt es ist nicht m\u00f6glich.<\/p>\n<p>Interessanter als die Ursache ist aber sicherlich, wie man als Reisender damit umgeht. Grunds\u00e4tzlich sollte man sich im Klaren dar\u00fcber sein, dass die Behauptung etwas ist nicht m\u00f6glich, nicht viel wert ist. Wer sich direkt abwimmeln l\u00e4sst und jede Aussage f\u00fcr bare M\u00fcnze nimmt, wird in China so manche Entt\u00e4uschung erleben. Aber auch wenn man direkt ausrastet und laut wird, tut man sich keinen Gefallen. Ausrasten bedeutet in den chinesischen Mentalit\u00e4t Gesichtsverlust f\u00fcr beide Parteien und der Gegen\u00fcber wird einen daf\u00fcr hassen. Am besten f\u00e4hrt man, wenn man ruhig und freundlich aber beharrlich bleibt und deutlich macht, dass man nicht eher gehen wird, bis der eigene Wunsch erf\u00fcllt ist. Im Einzelfall muss man nat\u00fcrlich entscheiden, wie viel Geduld einem sein Anliegen wert ist.<\/p>\n<p>&nbsp;<\/p>\n<h2>Spucken, R\u00fclpsen und Schmatzen<\/h2>\n<p>Ja, dieses Vorurteil stimmt und ich konnte mich in den f\u00fcnf Monaten, die ich in China verbracht habe nicht daran gew\u00f6hnen. Viele Chinesen spucken st\u00e4ndig auf den Boden und man hat teilweise Angst getroffen zu werden. Die Spucke wird lautstark aus den Tiefen des Rachens gesammelt und auf den Boden bef\u00f6rdert. Diese Angewohnheit geht durch alle Bev\u00f6lkerungsgruppen, egal ob Bauarbeiter, junge Frau in Designerkleidung oder Manager. Dabei ist es egal, ob man drau\u00dfen, in einem Bus oder gar in einem Geb\u00e4ude ist. Es nervt, aber es geh\u00f6rt eben zum Land dazu.<\/p>\n<p>Weniger schlimm fand ich das R\u00fclpsen und Schmatzen beim Essen. Es ist am Anfang gew\u00f6hnungsbed\u00fcrftig, aber wenn man mal dar\u00fcber nachdenkt ist eigentlich nichts schlimmes oder unhygienisches daran. In der westlichen Welt hat man sich halt darauf geeinigt, dass sich so etwas &#8222;nicht geh\u00f6rt&#8220;. In der chinesischen Mentalit\u00e4t wird Essen sehr hoch gesch\u00e4tzt und man soll es in vollen Z\u00fcgen genie\u00dfen. Daf\u00fcr finden es viele Chinesen ekelhaft, wenn man in ein Taschentuch schn\u00e4uzt und sich das Taschentuch anschlie\u00dfend in die Tasche steckt. Darauf sollte man in der \u00d6ffentlichkeit also lieber verzichten.<\/p>\n<p>&nbsp;<\/p>\n<h2>Fazit: So schlimm ist es nicht<\/h2>\n<p>Ich konnte auf dieser Seite die chinesische Mentalit\u00e4t nat\u00fcrlich nur anrei\u00dfen, hoffe aber die f\u00fcr Reisende wichtigsten Aspekte erw\u00e4hnt zu haben. Wer mit einer gesunden Portion Humor und einem L\u00e4cheln nach China geht, wird dort eine tolle Zeit erleben. Wer tiefer in die chinesische Mentalit\u00e4t einsteigen will, dem empfehle ich den <a href=\"\/transsib\/transsibirische-gepaeck\/reiselektuere-gadgets\/\">Reisegast in China<\/a>.<img loading=\"lazy\" decoding=\"async\" src=\"https:\/\/ssl-vg03.met.vgwort.de\/na\/ebb59bf2dbdc4398bf4ab0cc63fa9892\" width=\"1\" height=\"1\" alt=\"\"><\/p>\n","protected":false},"excerpt":{"rendered":"<p>Wer mit der Transsibirischen Eisenbahn f\u00e4hrt und die manchmal k\u00fchle Art der Russen erfahren hat, kann sich bei der chinesischen Mentalit\u00e4t auf das genaue Gegenteil einstellen. Anstarren Bereits beim Ausstieg aus dem Zug wird man mit gro\u00dfen Augen angeguckt. In China ist man f\u00fcr jeden Menschen sofort als Ausl\u00e4nder erkennbar. Anders als in Europa gibt &#038;hellip <a class=\"read-excerpt\" href=\"https:\/\/reisetier.de\/transsib\/china\/chinesische-mentalitaet\/\">Continue reading <span class=\"meta-nav\">&raquo;<\/span><\/a><\/p>\n","protected":false},"author":1,"featured_media":0,"parent":1559,"menu_order":249,"comment_status":"open","ping_status":"open","template":"","meta":{"footnotes":""},"class_list":["post-1565","page","type-page","status-publish","hentry"],"yoast_head":"<!-- This site is optimized with the Yoast SEO plugin v27.4 - https:\/\/yoast.com\/product\/yoast-seo-wordpress\/ -->\n<title>Chinesische Mentalit\u00e4t<\/title>\n<meta name=\"description\" content=\"Die chinesische Mentalit\u00e4t ist f\u00fcr Europ\u00e4er manchmal schwer nachvollziehbar. Worauf sollte man als Reisender achten? Wie sollte man sich in China verhalten?\" \/>\n<meta name=\"robots\" content=\"index, follow, max-snippet:-1, max-image-preview:large, max-video-preview:-1\" \/>\n<link rel=\"canonical\" href=\"https:\/\/reisetier.de\/transsib\/china\/chinesische-mentalitaet\/\" \/>\n<meta property=\"og:locale\" content=\"de_DE\" \/>\n<meta property=\"og:type\" content=\"article\" \/>\n<meta property=\"og:title\" content=\"Chinesische Mentalit\u00e4t\" \/>\n<meta property=\"og:description\" content=\"Die chinesische Mentalit\u00e4t ist f\u00fcr Europ\u00e4er manchmal schwer nachvollziehbar. Worauf sollte man als Reisender achten? Wie sollte man sich in China verhalten?\" \/>\n<meta property=\"og:url\" content=\"https:\/\/reisetier.de\/transsib\/china\/chinesische-mentalitaet\/\" \/>\n<meta property=\"og:site_name\" content=\"Die Transsibirische Eisenbahn\" \/>\n<meta property=\"og:image\" content=\"https:\/\/reisetier.de\/transsib\/wp-content\/uploads\/sites\/2\/2012\/08\/chinesische-mentalitaet.jpg\" \/>\n<meta name=\"twitter:card\" content=\"summary_large_image\" \/>\n<meta name=\"twitter:label1\" content=\"Gesch\u00e4tzte Lesezeit\" \/>\n\t<meta name=\"twitter:data1\" content=\"4\u00a0Minuten\" \/>\n<script type=\"application\/ld+json\" class=\"yoast-schema-graph\">{\"@context\":\"https:\\\/\\\/schema.org\",\"@graph\":[{\"@type\":\"WebPage\",\"@id\":\"https:\\\/\\\/reisetier.de\\\/transsib\\\/china\\\/chinesische-mentalitaet\\\/\",\"url\":\"https:\\\/\\\/reisetier.de\\\/transsib\\\/china\\\/chinesische-mentalitaet\\\/\",\"name\":\"Chinesische Mentalit\u00e4t\",\"isPartOf\":{\"@id\":\"https:\\\/\\\/reisetier.de\\\/transsib\\\/#website\"},\"primaryImageOfPage\":{\"@id\":\"https:\\\/\\\/reisetier.de\\\/transsib\\\/china\\\/chinesische-mentalitaet\\\/#primaryimage\"},\"image\":{\"@id\":\"https:\\\/\\\/reisetier.de\\\/transsib\\\/china\\\/chinesische-mentalitaet\\\/#primaryimage\"},\"thumbnailUrl\":\"https:\\\/\\\/reisetier.de\\\/transsib\\\/wp-content\\\/uploads\\\/sites\\\/2\\\/2012\\\/08\\\/chinesische-mentalitaet.jpg\",\"datePublished\":\"2012-08-22T11:17:12+00:00\",\"description\":\"Die chinesische Mentalit\u00e4t ist f\u00fcr Europ\u00e4er manchmal schwer nachvollziehbar. Worauf sollte man als Reisender achten? Wie sollte man sich in China verhalten?\",\"breadcrumb\":{\"@id\":\"https:\\\/\\\/reisetier.de\\\/transsib\\\/china\\\/chinesische-mentalitaet\\\/#breadcrumb\"},\"inLanguage\":\"de\",\"potentialAction\":[{\"@type\":\"ReadAction\",\"target\":[\"https:\\\/\\\/reisetier.de\\\/transsib\\\/china\\\/chinesische-mentalitaet\\\/\"]}]},{\"@type\":\"ImageObject\",\"inLanguage\":\"de\",\"@id\":\"https:\\\/\\\/reisetier.de\\\/transsib\\\/china\\\/chinesische-mentalitaet\\\/#primaryimage\",\"url\":\"https:\\\/\\\/reisetier.de\\\/transsib\\\/wp-content\\\/uploads\\\/sites\\\/2\\\/2012\\\/08\\\/chinesische-mentalitaet.jpg\",\"contentUrl\":\"https:\\\/\\\/reisetier.de\\\/transsib\\\/wp-content\\\/uploads\\\/sites\\\/2\\\/2012\\\/08\\\/chinesische-mentalitaet.jpg\",\"width\":400,\"height\":300,\"caption\":\"Eine chinesische Marktstra\u00dfe in Xian.\"},{\"@type\":\"BreadcrumbList\",\"@id\":\"https:\\\/\\\/reisetier.de\\\/transsib\\\/china\\\/chinesische-mentalitaet\\\/#breadcrumb\",\"itemListElement\":[{\"@type\":\"ListItem\",\"position\":1,\"name\":\"Home\",\"item\":\"https:\\\/\\\/reisetier.de\\\/transsib\\\/\"},{\"@type\":\"ListItem\",\"position\":2,\"name\":\"China\",\"item\":\"https:\\\/\\\/reisetier.de\\\/transsib\\\/china\\\/\"},{\"@type\":\"ListItem\",\"position\":3,\"name\":\"Chinesische Mentalit\u00e4t\"}]},{\"@type\":\"WebSite\",\"@id\":\"https:\\\/\\\/reisetier.de\\\/transsib\\\/#website\",\"url\":\"https:\\\/\\\/reisetier.de\\\/transsib\\\/\",\"name\":\"Die Transsibirische Eisenbahn\",\"description\":\"Reisen durch Russland, die Mongolei und China\",\"potentialAction\":[{\"@type\":\"SearchAction\",\"target\":{\"@type\":\"EntryPoint\",\"urlTemplate\":\"https:\\\/\\\/reisetier.de\\\/transsib\\\/?s={search_term_string}\"},\"query-input\":{\"@type\":\"PropertyValueSpecification\",\"valueRequired\":true,\"valueName\":\"search_term_string\"}}],\"inLanguage\":\"de\"}]}<\/script>\n<!-- \/ Yoast SEO plugin. -->","yoast_head_json":{"title":"Chinesische Mentalit\u00e4t","description":"Die chinesische Mentalit\u00e4t ist f\u00fcr Europ\u00e4er manchmal schwer nachvollziehbar. Worauf sollte man als Reisender achten? Wie sollte man sich in China verhalten?","robots":{"index":"index","follow":"follow","max-snippet":"max-snippet:-1","max-image-preview":"max-image-preview:large","max-video-preview":"max-video-preview:-1"},"canonical":"https:\/\/reisetier.de\/transsib\/china\/chinesische-mentalitaet\/","og_locale":"de_DE","og_type":"article","og_title":"Chinesische Mentalit\u00e4t","og_description":"Die chinesische Mentalit\u00e4t ist f\u00fcr Europ\u00e4er manchmal schwer nachvollziehbar. Worauf sollte man als Reisender achten? Wie sollte man sich in China verhalten?","og_url":"https:\/\/reisetier.de\/transsib\/china\/chinesische-mentalitaet\/","og_site_name":"Die Transsibirische Eisenbahn","og_image":[{"url":"https:\/\/reisetier.de\/transsib\/wp-content\/uploads\/sites\/2\/2012\/08\/chinesische-mentalitaet.jpg","type":"","width":"","height":""}],"twitter_card":"summary_large_image","twitter_misc":{"Gesch\u00e4tzte Lesezeit":"4\u00a0Minuten"},"schema":{"@context":"https:\/\/schema.org","@graph":[{"@type":"WebPage","@id":"https:\/\/reisetier.de\/transsib\/china\/chinesische-mentalitaet\/","url":"https:\/\/reisetier.de\/transsib\/china\/chinesische-mentalitaet\/","name":"Chinesische Mentalit\u00e4t","isPartOf":{"@id":"https:\/\/reisetier.de\/transsib\/#website"},"primaryImageOfPage":{"@id":"https:\/\/reisetier.de\/transsib\/china\/chinesische-mentalitaet\/#primaryimage"},"image":{"@id":"https:\/\/reisetier.de\/transsib\/china\/chinesische-mentalitaet\/#primaryimage"},"thumbnailUrl":"https:\/\/reisetier.de\/transsib\/wp-content\/uploads\/sites\/2\/2012\/08\/chinesische-mentalitaet.jpg","datePublished":"2012-08-22T11:17:12+00:00","description":"Die chinesische Mentalit\u00e4t ist f\u00fcr Europ\u00e4er manchmal schwer nachvollziehbar. Worauf sollte man als Reisender achten? Wie sollte man sich in China verhalten?","breadcrumb":{"@id":"https:\/\/reisetier.de\/transsib\/china\/chinesische-mentalitaet\/#breadcrumb"},"inLanguage":"de","potentialAction":[{"@type":"ReadAction","target":["https:\/\/reisetier.de\/transsib\/china\/chinesische-mentalitaet\/"]}]},{"@type":"ImageObject","inLanguage":"de","@id":"https:\/\/reisetier.de\/transsib\/china\/chinesische-mentalitaet\/#primaryimage","url":"https:\/\/reisetier.de\/transsib\/wp-content\/uploads\/sites\/2\/2012\/08\/chinesische-mentalitaet.jpg","contentUrl":"https:\/\/reisetier.de\/transsib\/wp-content\/uploads\/sites\/2\/2012\/08\/chinesische-mentalitaet.jpg","width":400,"height":300,"caption":"Eine chinesische Marktstra\u00dfe in Xian."},{"@type":"BreadcrumbList","@id":"https:\/\/reisetier.de\/transsib\/china\/chinesische-mentalitaet\/#breadcrumb","itemListElement":[{"@type":"ListItem","position":1,"name":"Home","item":"https:\/\/reisetier.de\/transsib\/"},{"@type":"ListItem","position":2,"name":"China","item":"https:\/\/reisetier.de\/transsib\/china\/"},{"@type":"ListItem","position":3,"name":"Chinesische Mentalit\u00e4t"}]},{"@type":"WebSite","@id":"https:\/\/reisetier.de\/transsib\/#website","url":"https:\/\/reisetier.de\/transsib\/","name":"Die Transsibirische Eisenbahn","description":"Reisen durch Russland, die Mongolei und China","potentialAction":[{"@type":"SearchAction","target":{"@type":"EntryPoint","urlTemplate":"https:\/\/reisetier.de\/transsib\/?s={search_term_string}"},"query-input":{"@type":"PropertyValueSpecification","valueRequired":true,"valueName":"search_term_string"}}],"inLanguage":"de"}]}},"_links":{"self":[{"href":"https:\/\/reisetier.de\/transsib\/wp-json\/wp\/v2\/pages\/1565","targetHints":{"allow":["GET"]}}],"collection":[{"href":"https:\/\/reisetier.de\/transsib\/wp-json\/wp\/v2\/pages"}],"about":[{"href":"https:\/\/reisetier.de\/transsib\/wp-json\/wp\/v2\/types\/page"}],"author":[{"embeddable":true,"href":"https:\/\/reisetier.de\/transsib\/wp-json\/wp\/v2\/users\/1"}],"replies":[{"embeddable":true,"href":"https:\/\/reisetier.de\/transsib\/wp-json\/wp\/v2\/comments?post=1565"}],"version-history":[{"count":0,"href":"https:\/\/reisetier.de\/transsib\/wp-json\/wp\/v2\/pages\/1565\/revisions"}],"up":[{"embeddable":true,"href":"https:\/\/reisetier.de\/transsib\/wp-json\/wp\/v2\/pages\/1559"}],"wp:attachment":[{"href":"https:\/\/reisetier.de\/transsib\/wp-json\/wp\/v2\/media?parent=1565"}],"curies":[{"name":"wp","href":"https:\/\/api.w.org\/{rel}","templated":true}]}}