{"id":1542,"date":"2012-07-05T09:30:09","date_gmt":"2012-07-05T08:30:09","guid":{"rendered":"http:\/\/www.transsib-tipps.de\/?page_id=1542"},"modified":"2012-07-05T09:30:09","modified_gmt":"2012-07-05T08:30:09","slug":"transsib-checkliste","status":"publish","type":"page","link":"https:\/\/reisetier.de\/transsib\/reise-organisation\/transsib-checkliste\/","title":{"rendered":"Transsib Checkliste"},"content":{"rendered":"<h2>Was m\u00fcsst ihr vor eurer Reise mit der Transsibirischen Eisenbahn alles erledigen?<\/h2>\n<p><img loading=\"lazy\" decoding=\"async\" src=\"https:\/\/reisetier.de\/transsib\/wp-content\/uploads\/sites\/2\/2012\/07\/transsib-checkliste.jpg\" alt=\"Transsib Checkliste\" title=\"transsib-checkliste\" width=\"346\" height=\"346\" class=\"alignright size-full wp-image-1547\" srcset=\"https:\/\/reisetier.de\/transsib\/wp-content\/uploads\/sites\/2\/2012\/07\/transsib-checkliste.jpg 346w, https:\/\/reisetier.de\/transsib\/wp-content\/uploads\/sites\/2\/2012\/07\/transsib-checkliste-300x300.jpg 300w, https:\/\/reisetier.de\/transsib\/wp-content\/uploads\/sites\/2\/2012\/07\/transsib-checkliste-150x150.jpg 150w\" sizes=\"auto, (max-width: 346px) 100vw, 346px\" \/>Damit ihr f\u00fcr die Planung eurer Reise mit der Transsibirischen Eisenbahn nichts vergesst, habe ich euch hier eine kleine Checkliste erstellt. Eure Eingaben werden gespeichert. Ihr k\u00f6nnt also jederzeit erledigte Dinge abhaken und dann sp\u00e4ter auf diese Seite zur\u00fcckkehren. <!--Wer die Checkliste lieber auf Papier haben m\u00f6chte, kann sie auch als [frontend-checklist type=\"pdf\" linktext=\"PDF ausdrucken\" title=\"Transsib\"].--><\/p>\n<p>&nbsp;<\/p>\n<p><label><input type=\"checkbox\" id=\"frontend-checklist-1-item-0\" onchange=\"frontend_checklist_checkbox_changed(1, 1, 365)\">G\u00fcltigkeit des Reisepasses pr\u00fcfen und ggf. beantragen (4 Monate vor Abreise)<\/label><\/p><p><label><input type=\"checkbox\" id=\"frontend-checklist-1-item-1\" onchange=\"frontend_checklist_checkbox_changed(1, 1, 365)\">Impfungen pr\u00fcfen und ggf. erneuern (3-4 Monate vor Abreise)<\/label><\/p><p><label><input type=\"checkbox\" id=\"frontend-checklist-1-item-2\" onchange=\"frontend_checklist_checkbox_changed(1, 1, 365)\">Fl\u00fcge f\u00fcr die An- und Abreise buchen (3-4 Monate vor Abreise)<\/label><\/p><p><label><input type=\"checkbox\" id=\"frontend-checklist-1-item-3\" onchange=\"frontend_checklist_checkbox_changed(1, 1, 365)\"><a href='\/transsib\/reise-organisation\/krankenversicherung\/' target='_blank'>Reisekrankenversicherung abschlie\u00dfen<\/a> (3 Monate vor Abreise)<\/label><\/p><p><label><input type=\"checkbox\" id=\"frontend-checklist-1-item-4\" onchange=\"frontend_checklist_checkbox_changed(1, 1, 365)\"><a href='\/transsib\/reise-organisation\/russland-visum\/' target='_blank'>Visa beantragen<\/a> (2-3 Monate vor Abreise)<\/label><\/p><p><label><input type=\"checkbox\" id=\"frontend-checklist-1-item-5\" onchange=\"frontend_checklist_checkbox_changed(1, 1, 365)\"><a href='\/transsib\/reise-organisation\/bargeld\/' target='_blank'>Kostenlose Kreditkarte besorgen<\/a> (2 Monate vor Abreise)<\/label><\/p><p><label><input type=\"checkbox\" id=\"frontend-checklist-1-item-6\" onchange=\"frontend_checklist_checkbox_changed(1, 1, 365)\"><a href=\"\/transsib\/preise-transsib-tickets\/buchung\/\" target=\"_blank\">Tickets buchen<\/a> (2 Monate vor Abreise)<\/label><\/p><p><label><input type=\"checkbox\" id=\"frontend-checklist-1-item-7\" onchange=\"frontend_checklist_checkbox_changed(1, 1, 365)\"><a href=\"\/transsib\/transsibirische-gepaeck\/rucksack-koffer\/\" target=\"_blank\">Rucks\u00e4cke ausprobieren und kaufen<\/a> (1 - 2 Monate vor Abreise)<\/label><\/p><p><label><input type=\"checkbox\" id=\"frontend-checklist-1-item-8\" onchange=\"frontend_checklist_checkbox_changed(1, 1, 365)\"><a href=\"\/transsib\/transsibirische-gepaeck\/kleidung\/\" target=\"_blank\">geeignete Kleidung<\/a> sowie <a href=\"\/transsib\/transsibirische-gepaeck\/reiselektuere-gadgets\/\" target=\"_blank\">Reiselekt\u00fcre und Gadgets<\/a> besorgen (1 Monat vor Abreise)<\/label><\/p><p><label><input type=\"checkbox\" id=\"frontend-checklist-1-item-9\" onchange=\"frontend_checklist_checkbox_changed(1, 1, 365)\"><a href=\"\/transsib\/russland\/durak\/\" target=\"_blank\">Durak lernen<\/a> und mit Freunden spielen (wann immer Zeit daf\u00fcr ist)<\/label><\/p><p><label><input type=\"checkbox\" id=\"frontend-checklist-1-item-10\" onchange=\"frontend_checklist_checkbox_changed(1, 1, 365)\">Kopien von Reise- und Impfpass erstellen (2 Wochen vor Abreise)<\/label><\/p><p><label><input type=\"checkbox\" id=\"frontend-checklist-1-item-11\" onchange=\"frontend_checklist_checkbox_changed(1, 1, 365)\">Rucksack probepacken (2 Wochen vor Abreise)<\/label><\/p><p><label><input type=\"checkbox\" id=\"frontend-checklist-1-item-12\" onchange=\"frontend_checklist_checkbox_changed(1, 1, 365)\"><a href=\"\/transsib\/russland\/unterkunft-russland\/\">Hostel oder Couch f\u00fcr Moskau organisieren<\/a> (2 Wochen vor Abreise)<\/label><\/p><p><label><input type=\"checkbox\" id=\"frontend-checklist-1-item-13\" onchange=\"frontend_checklist_checkbox_changed(1, 1, 365)\">Familie und Freunde beruhigen, dass <a href=\"\/transsib\/reise-im-zug\/sicherheit\/\" target=\"_blank\">Russland nicht gef\u00e4hrlich ist<\/a> (st\u00e4ndig)<\/label><\/p><p><label><input type=\"checkbox\" id=\"frontend-checklist-1-item-14\" onchange=\"frontend_checklist_checkbox_changed(1, 1, 365)\"><a href=\"\/transsib\/russland\/russische-sprache\/\" target=\"_blank\">Russisch-Sprachhilfe<\/a> ausdrucken und anfangen zu lernen (1 Woche vorher)<\/label><\/p><p><label><input type=\"checkbox\" id=\"frontend-checklist-1-item-15\" onchange=\"frontend_checklist_checkbox_changed(1, 1, 365)\">Die Fahrt genie\u00dfen<\/label><\/p><p><label><input type=\"checkbox\" id=\"frontend-checklist-1-item-16\" onchange=\"frontend_checklist_checkbox_changed(1, 1, 365)\"><a href=\"\/transsib\/kontakt\/\" target=\"_blank\">Jonas schreiben, was man erlebt hat<\/a> (1 Woche nach R\u00fcckkehr)<\/label><\/p><script type=\"text\/javascript\">frontend_checklist_load_status(1, 1);<\/script>\n<p>&nbsp;<\/p>\n","protected":false},"excerpt":{"rendered":"<p>Was m\u00fcsst ihr vor eurer Reise mit der Transsibirischen Eisenbahn alles erledigen? Damit ihr f\u00fcr die Planung eurer Reise mit der Transsibirischen Eisenbahn nichts vergesst, habe ich euch hier eine kleine Checkliste erstellt. Eure Eingaben werden gespeichert. Ihr k\u00f6nnt also jederzeit erledigte Dinge abhaken und dann sp\u00e4ter auf diese Seite zur\u00fcckkehren. &nbsp; &nbsp;<\/p>\n","protected":false},"author":1,"featured_media":0,"parent":314,"menu_order":231,"comment_status":"open","ping_status":"open","template":"","meta":{"footnotes":""},"class_list":["post-1542","page","type-page","status-publish","hentry"],"yoast_head":"<!-- This site is optimized with the Yoast SEO plugin v27.3 - https:\/\/yoast.com\/product\/yoast-seo-wordpress\/ -->\n<title>Transsibirische Eisenbahn Checkliste<\/title>\n<meta name=\"description\" content=\"F\u00fcr die Fahrt mit der Transsibirischen Eisenbahn muss einiges vorbereitet werden. Hier k\u00f6nnt ihr \u00fcberpr\u00fcfen, was noch zu erledigen ist.\" \/>\n<meta name=\"robots\" content=\"index, follow, max-snippet:-1, max-image-preview:large, max-video-preview:-1\" \/>\n<link rel=\"canonical\" href=\"https:\/\/reisetier.de\/transsib\/reise-organisation\/transsib-checkliste\/\" \/>\n<meta property=\"og:locale\" content=\"de_DE\" \/>\n<meta property=\"og:type\" content=\"article\" \/>\n<meta property=\"og:title\" content=\"Transsibirische Eisenbahn Checkliste\" \/>\n<meta property=\"og:description\" content=\"F\u00fcr die Fahrt mit der Transsibirischen Eisenbahn muss einiges vorbereitet werden. Hier k\u00f6nnt ihr \u00fcberpr\u00fcfen, was noch zu erledigen ist.\" \/>\n<meta property=\"og:url\" content=\"https:\/\/reisetier.de\/transsib\/reise-organisation\/transsib-checkliste\/\" \/>\n<meta property=\"og:site_name\" content=\"Die Transsibirische Eisenbahn\" \/>\n<meta property=\"og:image\" content=\"https:\/\/reisetier.de\/transsib\/wp-content\/uploads\/sites\/2\/2012\/07\/transsib-checkliste.jpg\" \/>\n<meta name=\"twitter:card\" content=\"summary_large_image\" \/>\n<script type=\"application\/ld+json\" class=\"yoast-schema-graph\">{\"@context\":\"https:\\\/\\\/schema.org\",\"@graph\":[{\"@type\":\"WebPage\",\"@id\":\"https:\\\/\\\/reisetier.de\\\/transsib\\\/reise-organisation\\\/transsib-checkliste\\\/\",\"url\":\"https:\\\/\\\/reisetier.de\\\/transsib\\\/reise-organisation\\\/transsib-checkliste\\\/\",\"name\":\"Transsibirische Eisenbahn Checkliste\",\"isPartOf\":{\"@id\":\"https:\\\/\\\/reisetier.de\\\/transsib\\\/#website\"},\"primaryImageOfPage\":{\"@id\":\"https:\\\/\\\/reisetier.de\\\/transsib\\\/reise-organisation\\\/transsib-checkliste\\\/#primaryimage\"},\"image\":{\"@id\":\"https:\\\/\\\/reisetier.de\\\/transsib\\\/reise-organisation\\\/transsib-checkliste\\\/#primaryimage\"},\"thumbnailUrl\":\"https:\\\/\\\/reisetier.de\\\/transsib\\\/wp-content\\\/uploads\\\/sites\\\/2\\\/2012\\\/07\\\/transsib-checkliste.jpg\",\"datePublished\":\"2012-07-05T08:30:09+00:00\",\"description\":\"F\u00fcr die Fahrt mit der Transsibirischen Eisenbahn muss einiges vorbereitet werden. Hier k\u00f6nnt ihr \u00fcberpr\u00fcfen, was noch zu erledigen ist.\",\"breadcrumb\":{\"@id\":\"https:\\\/\\\/reisetier.de\\\/transsib\\\/reise-organisation\\\/transsib-checkliste\\\/#breadcrumb\"},\"inLanguage\":\"de\",\"potentialAction\":[{\"@type\":\"ReadAction\",\"target\":[\"https:\\\/\\\/reisetier.de\\\/transsib\\\/reise-organisation\\\/transsib-checkliste\\\/\"]}]},{\"@type\":\"ImageObject\",\"inLanguage\":\"de\",\"@id\":\"https:\\\/\\\/reisetier.de\\\/transsib\\\/reise-organisation\\\/transsib-checkliste\\\/#primaryimage\",\"url\":\"https:\\\/\\\/reisetier.de\\\/transsib\\\/wp-content\\\/uploads\\\/sites\\\/2\\\/2012\\\/07\\\/transsib-checkliste.jpg\",\"contentUrl\":\"https:\\\/\\\/reisetier.de\\\/transsib\\\/wp-content\\\/uploads\\\/sites\\\/2\\\/2012\\\/07\\\/transsib-checkliste.jpg\",\"width\":346,\"height\":346,\"caption\":\"Transsib Checkliste\"},{\"@type\":\"BreadcrumbList\",\"@id\":\"https:\\\/\\\/reisetier.de\\\/transsib\\\/reise-organisation\\\/transsib-checkliste\\\/#breadcrumb\",\"itemListElement\":[{\"@type\":\"ListItem\",\"position\":1,\"name\":\"Home\",\"item\":\"https:\\\/\\\/reisetier.de\\\/transsib\\\/\"},{\"@type\":\"ListItem\",\"position\":2,\"name\":\"Reise Organisation\",\"item\":\"https:\\\/\\\/reisetier.de\\\/transsib\\\/reise-organisation\\\/\"},{\"@type\":\"ListItem\",\"position\":3,\"name\":\"Transsib Checkliste\"}]},{\"@type\":\"WebSite\",\"@id\":\"https:\\\/\\\/reisetier.de\\\/transsib\\\/#website\",\"url\":\"https:\\\/\\\/reisetier.de\\\/transsib\\\/\",\"name\":\"Die Transsibirische Eisenbahn\",\"description\":\"Reisen durch Russland, die Mongolei und China\",\"potentialAction\":[{\"@type\":\"SearchAction\",\"target\":{\"@type\":\"EntryPoint\",\"urlTemplate\":\"https:\\\/\\\/reisetier.de\\\/transsib\\\/?s={search_term_string}\"},\"query-input\":{\"@type\":\"PropertyValueSpecification\",\"valueRequired\":true,\"valueName\":\"search_term_string\"}}],\"inLanguage\":\"de\"}]}<\/script>\n<!-- \/ Yoast SEO plugin. -->","yoast_head_json":{"title":"Transsibirische Eisenbahn Checkliste","description":"F\u00fcr die Fahrt mit der Transsibirischen Eisenbahn muss einiges vorbereitet werden. Hier k\u00f6nnt ihr \u00fcberpr\u00fcfen, was noch zu erledigen ist.","robots":{"index":"index","follow":"follow","max-snippet":"max-snippet:-1","max-image-preview":"max-image-preview:large","max-video-preview":"max-video-preview:-1"},"canonical":"https:\/\/reisetier.de\/transsib\/reise-organisation\/transsib-checkliste\/","og_locale":"de_DE","og_type":"article","og_title":"Transsibirische Eisenbahn Checkliste","og_description":"F\u00fcr die Fahrt mit der Transsibirischen Eisenbahn muss einiges vorbereitet werden. Hier k\u00f6nnt ihr \u00fcberpr\u00fcfen, was noch zu erledigen ist.","og_url":"https:\/\/reisetier.de\/transsib\/reise-organisation\/transsib-checkliste\/","og_site_name":"Die Transsibirische Eisenbahn","og_image":[{"url":"https:\/\/reisetier.de\/transsib\/wp-content\/uploads\/sites\/2\/2012\/07\/transsib-checkliste.jpg","type":"","width":"","height":""}],"twitter_card":"summary_large_image","schema":{"@context":"https:\/\/schema.org","@graph":[{"@type":"WebPage","@id":"https:\/\/reisetier.de\/transsib\/reise-organisation\/transsib-checkliste\/","url":"https:\/\/reisetier.de\/transsib\/reise-organisation\/transsib-checkliste\/","name":"Transsibirische Eisenbahn Checkliste","isPartOf":{"@id":"https:\/\/reisetier.de\/transsib\/#website"},"primaryImageOfPage":{"@id":"https:\/\/reisetier.de\/transsib\/reise-organisation\/transsib-checkliste\/#primaryimage"},"image":{"@id":"https:\/\/reisetier.de\/transsib\/reise-organisation\/transsib-checkliste\/#primaryimage"},"thumbnailUrl":"https:\/\/reisetier.de\/transsib\/wp-content\/uploads\/sites\/2\/2012\/07\/transsib-checkliste.jpg","datePublished":"2012-07-05T08:30:09+00:00","description":"F\u00fcr die Fahrt mit der Transsibirischen Eisenbahn muss einiges vorbereitet werden. Hier k\u00f6nnt ihr \u00fcberpr\u00fcfen, was noch zu erledigen ist.","breadcrumb":{"@id":"https:\/\/reisetier.de\/transsib\/reise-organisation\/transsib-checkliste\/#breadcrumb"},"inLanguage":"de","potentialAction":[{"@type":"ReadAction","target":["https:\/\/reisetier.de\/transsib\/reise-organisation\/transsib-checkliste\/"]}]},{"@type":"ImageObject","inLanguage":"de","@id":"https:\/\/reisetier.de\/transsib\/reise-organisation\/transsib-checkliste\/#primaryimage","url":"https:\/\/reisetier.de\/transsib\/wp-content\/uploads\/sites\/2\/2012\/07\/transsib-checkliste.jpg","contentUrl":"https:\/\/reisetier.de\/transsib\/wp-content\/uploads\/sites\/2\/2012\/07\/transsib-checkliste.jpg","width":346,"height":346,"caption":"Transsib Checkliste"},{"@type":"BreadcrumbList","@id":"https:\/\/reisetier.de\/transsib\/reise-organisation\/transsib-checkliste\/#breadcrumb","itemListElement":[{"@type":"ListItem","position":1,"name":"Home","item":"https:\/\/reisetier.de\/transsib\/"},{"@type":"ListItem","position":2,"name":"Reise Organisation","item":"https:\/\/reisetier.de\/transsib\/reise-organisation\/"},{"@type":"ListItem","position":3,"name":"Transsib Checkliste"}]},{"@type":"WebSite","@id":"https:\/\/reisetier.de\/transsib\/#website","url":"https:\/\/reisetier.de\/transsib\/","name":"Die Transsibirische Eisenbahn","description":"Reisen durch Russland, die Mongolei und China","potentialAction":[{"@type":"SearchAction","target":{"@type":"EntryPoint","urlTemplate":"https:\/\/reisetier.de\/transsib\/?s={search_term_string}"},"query-input":{"@type":"PropertyValueSpecification","valueRequired":true,"valueName":"search_term_string"}}],"inLanguage":"de"}]}},"_links":{"self":[{"href":"https:\/\/reisetier.de\/transsib\/wp-json\/wp\/v2\/pages\/1542","targetHints":{"allow":["GET"]}}],"collection":[{"href":"https:\/\/reisetier.de\/transsib\/wp-json\/wp\/v2\/pages"}],"about":[{"href":"https:\/\/reisetier.de\/transsib\/wp-json\/wp\/v2\/types\/page"}],"author":[{"embeddable":true,"href":"https:\/\/reisetier.de\/transsib\/wp-json\/wp\/v2\/users\/1"}],"replies":[{"embeddable":true,"href":"https:\/\/reisetier.de\/transsib\/wp-json\/wp\/v2\/comments?post=1542"}],"version-history":[{"count":0,"href":"https:\/\/reisetier.de\/transsib\/wp-json\/wp\/v2\/pages\/1542\/revisions"}],"up":[{"embeddable":true,"href":"https:\/\/reisetier.de\/transsib\/wp-json\/wp\/v2\/pages\/314"}],"wp:attachment":[{"href":"https:\/\/reisetier.de\/transsib\/wp-json\/wp\/v2\/media?parent=1542"}],"curies":[{"name":"wp","href":"https:\/\/api.w.org\/{rel}","templated":true}]}}