{"id":153,"date":"2011-03-18T17:59:57","date_gmt":"2011-03-18T16:59:57","guid":{"rendered":"http:\/\/transsib.j-breuer.de\/?page_id=153"},"modified":"2022-09-26T08:30:06","modified_gmt":"2022-09-26T06:30:06","slug":"staedte","status":"publish","type":"page","link":"https:\/\/reisetier.de\/transsib\/strecke-fahrplan\/staedte\/","title":{"rendered":"St\u00e4dte"},"content":{"rendered":"<h2>Wo sollte man aus der Transsibirischen Eisenbahn aussteigen?<\/h2>\n<p>Auf dieser Seite soll es um die St\u00e4dte gehen, die auf der Stecke der Transsibirischen Eisenbahn liegen. Ich m\u00f6chte hier nicht die Einwohnerzahlen oder andere nicht wirklich interessante Fakten auflisten. Das kann jeder selbst bei Wikipedia machen. Hier soll es ausschlie\u00dflich darum gehen, welche St\u00e4dte man als Reisender gesehen haben muss oder auch nicht. Da ich selbst auf meiner Reise nat\u00fcrlich nur manche St\u00e4dte gesehen habe, w\u00fcrde ich mich \u00fcber eure Erfahrungen und Berichte per <a href=\"\/transsib\/kontakt\/\">Kontaktformular<\/a> sehr freuen.<\/p>\n<div id=\"attachment_167\" style=\"width: 210px\" class=\"wp-caption alignright\"><img loading=\"lazy\" decoding=\"async\" aria-describedby=\"caption-attachment-167\" class=\"size-full wp-image-167 \" title=\"moskau\" src=\"https:\/\/reisetier.de\/transsib\/wp-content\/uploads\/sites\/2\/2011\/03\/moskau.jpg\" alt=\"Zwiebelt\u00fcrme beim Kreml in Moskau\" width=\"200\" height=\"150\" \/><p id=\"caption-attachment-167\" class=\"wp-caption-text\">Zwiebelt\u00fcrme beim Kreml in Moskau<\/p><\/div>\n<h4>Moskau<\/h4>\n<p>Als Startpunkt der Transsibirischen Eisenbahn kommt man um einen Aufenthalt in Moskau nat\u00fcrlich nicht drumrum. Es ist eine beeindruckende Stadt, allerdings nicht f\u00fcr lange. Die Geb\u00e4ude rund um den Kreml und den roten Platz sind wirklich imposant. Nachdem man sich diese einen Tag lang angeschaut hat, f\u00fchlt man sich so richtig in Russland angekommen. Nachdem dieser eine Tag rum ist, fragt man sich dann aber auch schnell, was man noch machen soll. Eine Bootstour auf dem Fluss Moskwa, der durch die Stadt f\u00fchrt ist noch sehr nett und das U-Bahn-System ist sicherlich beeindruckend, aber den ganzen Tag U-Bahn fahren ist ja auch nicht das Wahre \ud83d\ude09<br \/>\nFazit: Ich w\u00fcrde empfehlen f\u00fcr Moskau zwei komplette Tage + je einen Tag f\u00fcr An- und Abreise einzuplanen.<\/p>\n<p>&nbsp;<\/p>\n<div id=\"attachment_169\" style=\"width: 164px\" class=\"wp-caption alignright\"><img loading=\"lazy\" decoding=\"async\" aria-describedby=\"caption-attachment-169\" class=\"size-full wp-image-169\" title=\"ekaterinburg\" src=\"https:\/\/reisetier.de\/transsib\/wp-content\/uploads\/sites\/2\/2011\/03\/ekaterinburg.jpg\" alt=\"Die Kathedrale von Ekaterinburg\" width=\"154\" height=\"150\" \/><p id=\"caption-attachment-169\" class=\"wp-caption-text\">Die Kathedrale von Ekaterinburg<\/p><\/div>\n<h4>Ekaterinburg<\/h4>\n<p>Ekaterinburg liegt von Moskau etwa 24 Stunden Zugfahrt entfernt, eignet sich also als guter Zwischenstopp, um sich erstmal an das Leben in der Transsibirischen Eisenbahn zu gew\u00f6hnen und erste Erfahrungen auf einer nicht ganz so langen Etappe zu sammeln. Abgesehen von der Kathedrale, konnte ich allerdings keine wirklichen Sehensw\u00fcrdigkeiten entdecken. Auch touristisch ist die Stadt kaum erschlossen, im Internet war nur ein einziges Hostel zu finden. In der Stadt gibt es einen sch\u00f6nen See mit einem Zufluss. Am Ufer kann man sehr sch\u00f6n lesen und entspannen, viel mehr aber auch nicht.<br \/>\nFazit: Wer die erste Etappe etwas k\u00fcrzer halten will, kann hier einen Tag bleiben, mehr aber auch nicht.<\/p>\n<p>Eine interessante M\u00f6glichkeit in Ekaterinburg ist in das etwa 80km entfernte Dorf Bingi zu fahren und dort ein paar Tage in einer Jurte zu wohnen.<\/p>\n<p>&nbsp;<\/p>\n<h4>Nowosibirsk<\/h4>\n<div id=\"attachment_172\" style=\"width: 226px\" class=\"wp-caption alignright\"><img loading=\"lazy\" decoding=\"async\" aria-describedby=\"caption-attachment-172\" class=\"size-full wp-image-172\" title=\"nowosibirsk\" src=\"https:\/\/reisetier.de\/transsib\/wp-content\/uploads\/sites\/2\/2011\/03\/nowosibirsk.jpg\" alt=\"Die Oper von Nowosibirsk\" width=\"216\" height=\"120\" \/><p id=\"caption-attachment-172\" class=\"wp-caption-text\">Die Oper von Nowosibirsk<\/p><\/div>\n<p>Nowosibirsk ist die Hauptstadt Sibiriens und damit empfand ich sie als so etwas wie einen Pflichtstopp bei der Fahrt mit der Transsibirischen Eisenbahn. Die Stadt liegt erneut eine gute Tagesfahrt von Ekaterinburg entfernt. G\u00fcnstige Hostels waren gar nicht vorhanden, als ich die Reise gemacht habe. Abgesehen von einer Stra\u00dfe mit Cafes und Bars gibt es in Nowosibirsk vor allem Dreck und Krach. Ich habe die Stadt als graues Loch wahrgenommen. Wom\u00f6glich war ich auch zur falschen Zeit da oder war in den falschen Ecken. Wenn ihr andere Erfahrungen gemacht habt, <a href=\"\/transsib\/kontakt\/\">schreibt mir<\/a>.<br \/>\nFazit: Weiterfahren<\/p>\n<p>&nbsp;<\/p>\n<h4>Irkutsk<\/h4>\n<div id=\"attachment_176\" style=\"width: 239px\" class=\"wp-caption alignright\"><img loading=\"lazy\" decoding=\"async\" aria-describedby=\"caption-attachment-176\" class=\"size-full wp-image-176\" title=\"baikalsee\" src=\"https:\/\/reisetier.de\/transsib\/wp-content\/uploads\/sites\/2\/2011\/03\/baikalsee.jpg\" alt=\"Der Schamanenfelsen auf der Baikalsee-Insel Olchon\" width=\"229\" height=\"170\" \/><p id=\"caption-attachment-176\" class=\"wp-caption-text\">Der Schamanenfelsen auf der Baikalsee-Insel Olchon<\/p><\/div>\n<p>Irkutsk liegt in der N\u00e4he des <a href=\"\/transsib\/russland\/baikalsee\/\">Baikalsees<\/a> und ist der Ausgangspunkt f\u00fcr alle Touren rund um den See. Diese Stadt ist die touristisch am meisten erschlossene Stadt Russlands und das zu Recht. Fast jeder, der mit der Transsibirischen Eisenbahn f\u00e4hrt, macht hier Halt. Daher gibt es in Irkutsk auch wieder jede Menge Hostels, wo man g\u00fcnstig \u00fcbernachten kann. Ein gutes Hostel, welches auch g\u00fcnstige Touren anbietet, ist das <a href=\"\/transsib\/clickout\/hostelworld\/baikaler\" rel=\"nofollow noopener\" target=\"_blank\">Baikaler Hostel<\/a>. M\u00f6chte man keine organisierte Tour machen, kann man mit einem Marschroutentaxi f\u00fcr kleines Geld zum Dorf Listwjanka fahren, welches direkt am Baikalsee liegt. Auch dort gibt es zahlreiche Unterk\u00fcnfte. Die Gegend am und rund um den See ist wahnsinnig sch\u00f6n. Man kann wandern, sich einfach nur am See entspannen und im Sommer sogar darin schwimmen. In Irkutsk f\u00fchlt sich die abenteuerliche Reise so richtig nach Urlaub an. Wer mehr \u00fcber das Leben in Irkutsk erfahren will, sollte sich mal <a href=\"https:\/\/irkutsk.pselbst.de\/\" target=\"_blank\" rel=\"noopener\">Saschas Irkutsk Blog<\/a> ansehen.<br \/>\nFazit: Hier sollte man mindestens eine Woche bleiben und mal so richtig ausspannen.<\/p>\n<p>&nbsp;<\/p>\n<h4>Ulan Bator<\/h4>\n<div id=\"attachment_178\" style=\"width: 210px\" class=\"wp-caption alignright\"><img loading=\"lazy\" decoding=\"async\" aria-describedby=\"caption-attachment-178\" class=\"size-full wp-image-178\" title=\"gobi_wueste\" src=\"https:\/\/reisetier.de\/transsib\/wp-content\/uploads\/sites\/2\/2011\/03\/gobi_wueste.jpg\" alt=\"Der Tsagaan Suwarga Canyon in der Gobi W\u00fcste\" width=\"200\" height=\"150\" \/><p id=\"caption-attachment-178\" class=\"wp-caption-text\">Der Tsagaan Suwarga Canyon in der Gobi W\u00fcste<\/p><\/div>\n<p>Ulan Bator ist die Hauptstadt der Mongolei und auch der einzige gr\u00f6\u00dfere Halt in diesem Land. Bereits beim Aussteigen kann man feststellen, dass in der Mongolei eine ganz andere Mentalit\u00e4t herrscht, als in Russland. W\u00e4hrend man in Russland die Hostels suchen musste, wird man hier von zahlreichen Vertretern umworben und kostenlos zum Hostel kutschiert. Empfehlen kann ich hier das <a href=\"\/transsib\/clickout\/hostelworld\/ub-guesthouse\" target=\"_blank\" rel=\"nofollow noopener\">Ulan Bator Guesthouse<\/a>, wo wir unsere Tour gebucht haben. Die Mongolei ist eines der \u00e4rmsten L\u00e4nder der Welt und so kann man schon ab 4\u20ac \u00fcbernachten. Ulan Bator selbst hat nicht besonders viel zu bieten, ist aber der Startpunkt f\u00fcr diverse Touren durch die Mongolei. Ich habe eine wundersch\u00f6ne, einw\u00f6chige Tour durch die Gobi-W\u00fcste gemacht. Auch das ist sehr billig.<br \/>\nFazit: Auch hier sollte man auf jeden Fall aussteigen und eine Tour machen, f\u00fcr mich der H\u00f6hepunkt meiner Reise mit der Transsibirischen Eisenbahn.<\/p>\n<p>&nbsp;<\/p>\n<h4>Peking<\/h4>\n<div id=\"attachment_180\" style=\"width: 207px\" class=\"wp-caption alignright\"><img loading=\"lazy\" decoding=\"async\" aria-describedby=\"caption-attachment-180\" class=\"size-full wp-image-180\" title=\"peking\" src=\"https:\/\/reisetier.de\/transsib\/wp-content\/uploads\/sites\/2\/2011\/03\/peking.jpg\" alt=\"Ein Geb\u00e4ude in der verbotene Stadt in Peking\" width=\"197\" height=\"160\" \/><p id=\"caption-attachment-180\" class=\"wp-caption-text\">Ein Geb\u00e4ude in der verbotene Stadt in Peking<\/p><\/div>\n<p>Peking ist die Endstation der Transmongolischen Variante der Transsibirischen Eisenbahn und auf jeden Fall einen Besuch wert. Absolutes Pflichtprogramm sind nat\u00fcrlich der Platz des himmlischen Friedens, die verbotene Stadt und die chinesische Mauer. Der Sommerpalast des Kaisers ist ebenfalls einen Besuch wert. Durch Peking kann man aber auch einfach relativ ziellos durchgehen und staunen. Es ist unglaublich was f\u00fcr imposante Geb\u00e4ude dort hochgezogen werden. Aber das Beste an Peking und an China allgemein, ist das Essen. F\u00fcr 3\u20ac kann man sich im Restaurant ein Men\u00fc zusammen stellen, von dem man nur die H\u00e4lfte schaffen wird. Ein nettes Hostel direkt beim Platz des himmlischen Friedens ist das <a href=\"\/transsib\/clickout\/hostelworld\/leo\" target=\"_blank\" rel=\"nofollow noopener\">Leo Hostel<\/a>.<br \/>\nFazit: Etwa eine Woche Aufenthalt ist angebracht, um die Stadt kennen zu lernen. <img loading=\"lazy\" decoding=\"async\" src=\"https:\/\/ssl-vg03.met.vgwort.de\/na\/af9e6a61b42641b39f073b761b53b5d0\" width=\"1\" height=\"1\" alt=\"\"><\/p>\n","protected":false},"excerpt":{"rendered":"<p>Wo sollte man aus der Transsibirischen Eisenbahn aussteigen? Auf dieser Seite soll es um die St\u00e4dte gehen, die auf der Stecke der Transsibirischen Eisenbahn liegen. Ich m\u00f6chte hier nicht die Einwohnerzahlen oder andere nicht wirklich interessante Fakten auflisten. Das kann jeder selbst bei Wikipedia machen. Hier soll es ausschlie\u00dflich darum gehen, welche St\u00e4dte man als &#038;hellip <a class=\"read-excerpt\" href=\"https:\/\/reisetier.de\/transsib\/strecke-fahrplan\/staedte\/\">Continue reading <span class=\"meta-nav\">&raquo;<\/span><\/a><\/p>\n","protected":false},"author":1,"featured_media":0,"parent":140,"menu_order":20,"comment_status":"open","ping_status":"closed","template":"","meta":{"footnotes":""},"class_list":["post-153","page","type-page","status-publish","hentry"],"yoast_head":"<!-- This site is optimized with the Yoast SEO plugin v27.3 - https:\/\/yoast.com\/product\/yoast-seo-wordpress\/ -->\n<title>St\u00e4dte an der Transsibirischen Eisenbahn<\/title>\n<meta name=\"description\" content=\"Hier gibt es Infos \u00fcber die St\u00e4dte, die an der Strecke der Transsibirischen Eisenbahn liegen. Wo lohnt sich ein Halt und wo eher nicht?\" \/>\n<meta name=\"robots\" content=\"index, follow, max-snippet:-1, max-image-preview:large, max-video-preview:-1\" \/>\n<link rel=\"canonical\" href=\"https:\/\/reisetier.de\/transsib\/strecke-fahrplan\/staedte\/\" \/>\n<meta property=\"og:locale\" content=\"de_DE\" \/>\n<meta property=\"og:type\" content=\"article\" \/>\n<meta property=\"og:title\" content=\"St\u00e4dte an der Transsibirischen Eisenbahn\" \/>\n<meta property=\"og:description\" content=\"Hier gibt es Infos \u00fcber die St\u00e4dte, die an der Strecke der Transsibirischen Eisenbahn liegen. Wo lohnt sich ein Halt und wo eher nicht?\" \/>\n<meta property=\"og:url\" content=\"https:\/\/reisetier.de\/transsib\/strecke-fahrplan\/staedte\/\" \/>\n<meta property=\"og:site_name\" content=\"Die Transsibirische Eisenbahn\" \/>\n<meta property=\"article:modified_time\" content=\"2022-09-26T06:30:06+00:00\" \/>\n<meta property=\"og:image\" content=\"https:\/\/reisetier.de\/transsib\/wp-content\/uploads\/sites\/2\/2011\/03\/moskau.jpg\" \/>\n<meta name=\"twitter:card\" content=\"summary_large_image\" \/>\n<meta name=\"twitter:label1\" content=\"Gesch\u00e4tzte Lesezeit\" \/>\n\t<meta name=\"twitter:data1\" content=\"5\u00a0Minuten\" \/>\n<script type=\"application\/ld+json\" class=\"yoast-schema-graph\">{\"@context\":\"https:\\\/\\\/schema.org\",\"@graph\":[{\"@type\":\"WebPage\",\"@id\":\"https:\\\/\\\/reisetier.de\\\/transsib\\\/strecke-fahrplan\\\/staedte\\\/\",\"url\":\"https:\\\/\\\/reisetier.de\\\/transsib\\\/strecke-fahrplan\\\/staedte\\\/\",\"name\":\"St\u00e4dte an der Transsibirischen Eisenbahn\",\"isPartOf\":{\"@id\":\"https:\\\/\\\/reisetier.de\\\/transsib\\\/#website\"},\"primaryImageOfPage\":{\"@id\":\"https:\\\/\\\/reisetier.de\\\/transsib\\\/strecke-fahrplan\\\/staedte\\\/#primaryimage\"},\"image\":{\"@id\":\"https:\\\/\\\/reisetier.de\\\/transsib\\\/strecke-fahrplan\\\/staedte\\\/#primaryimage\"},\"thumbnailUrl\":\"https:\\\/\\\/reisetier.de\\\/transsib\\\/wp-content\\\/uploads\\\/sites\\\/2\\\/2011\\\/03\\\/moskau.jpg\",\"datePublished\":\"2011-03-18T16:59:57+00:00\",\"dateModified\":\"2022-09-26T06:30:06+00:00\",\"description\":\"Hier gibt es Infos \u00fcber die St\u00e4dte, die an der Strecke der Transsibirischen Eisenbahn liegen. Wo lohnt sich ein Halt und wo eher nicht?\",\"breadcrumb\":{\"@id\":\"https:\\\/\\\/reisetier.de\\\/transsib\\\/strecke-fahrplan\\\/staedte\\\/#breadcrumb\"},\"inLanguage\":\"de\",\"potentialAction\":[{\"@type\":\"ReadAction\",\"target\":[\"https:\\\/\\\/reisetier.de\\\/transsib\\\/strecke-fahrplan\\\/staedte\\\/\"]}]},{\"@type\":\"ImageObject\",\"inLanguage\":\"de\",\"@id\":\"https:\\\/\\\/reisetier.de\\\/transsib\\\/strecke-fahrplan\\\/staedte\\\/#primaryimage\",\"url\":\"https:\\\/\\\/reisetier.de\\\/transsib\\\/wp-content\\\/uploads\\\/sites\\\/2\\\/2011\\\/03\\\/moskau.jpg\",\"contentUrl\":\"https:\\\/\\\/reisetier.de\\\/transsib\\\/wp-content\\\/uploads\\\/sites\\\/2\\\/2011\\\/03\\\/moskau.jpg\",\"width\":200,\"height\":150,\"caption\":\"Zwiebielt\u00fcrme in Moskau\"},{\"@type\":\"BreadcrumbList\",\"@id\":\"https:\\\/\\\/reisetier.de\\\/transsib\\\/strecke-fahrplan\\\/staedte\\\/#breadcrumb\",\"itemListElement\":[{\"@type\":\"ListItem\",\"position\":1,\"name\":\"Home\",\"item\":\"https:\\\/\\\/reisetier.de\\\/transsib\\\/\"},{\"@type\":\"ListItem\",\"position\":2,\"name\":\"Strecke &amp; Fahrplan\",\"item\":\"https:\\\/\\\/reisetier.de\\\/transsib\\\/strecke-fahrplan\\\/\"},{\"@type\":\"ListItem\",\"position\":3,\"name\":\"St\u00e4dte\"}]},{\"@type\":\"WebSite\",\"@id\":\"https:\\\/\\\/reisetier.de\\\/transsib\\\/#website\",\"url\":\"https:\\\/\\\/reisetier.de\\\/transsib\\\/\",\"name\":\"Die Transsibirische Eisenbahn\",\"description\":\"Reisen durch Russland, die Mongolei und China\",\"potentialAction\":[{\"@type\":\"SearchAction\",\"target\":{\"@type\":\"EntryPoint\",\"urlTemplate\":\"https:\\\/\\\/reisetier.de\\\/transsib\\\/?s={search_term_string}\"},\"query-input\":{\"@type\":\"PropertyValueSpecification\",\"valueRequired\":true,\"valueName\":\"search_term_string\"}}],\"inLanguage\":\"de\"}]}<\/script>\n<!-- \/ Yoast SEO plugin. -->","yoast_head_json":{"title":"St\u00e4dte an der Transsibirischen Eisenbahn","description":"Hier gibt es Infos \u00fcber die St\u00e4dte, die an der Strecke der Transsibirischen Eisenbahn liegen. Wo lohnt sich ein Halt und wo eher nicht?","robots":{"index":"index","follow":"follow","max-snippet":"max-snippet:-1","max-image-preview":"max-image-preview:large","max-video-preview":"max-video-preview:-1"},"canonical":"https:\/\/reisetier.de\/transsib\/strecke-fahrplan\/staedte\/","og_locale":"de_DE","og_type":"article","og_title":"St\u00e4dte an der Transsibirischen Eisenbahn","og_description":"Hier gibt es Infos \u00fcber die St\u00e4dte, die an der Strecke der Transsibirischen Eisenbahn liegen. Wo lohnt sich ein Halt und wo eher nicht?","og_url":"https:\/\/reisetier.de\/transsib\/strecke-fahrplan\/staedte\/","og_site_name":"Die Transsibirische Eisenbahn","article_modified_time":"2022-09-26T06:30:06+00:00","og_image":[{"url":"https:\/\/reisetier.de\/transsib\/wp-content\/uploads\/sites\/2\/2011\/03\/moskau.jpg","type":"","width":"","height":""}],"twitter_card":"summary_large_image","twitter_misc":{"Gesch\u00e4tzte Lesezeit":"5\u00a0Minuten"},"schema":{"@context":"https:\/\/schema.org","@graph":[{"@type":"WebPage","@id":"https:\/\/reisetier.de\/transsib\/strecke-fahrplan\/staedte\/","url":"https:\/\/reisetier.de\/transsib\/strecke-fahrplan\/staedte\/","name":"St\u00e4dte an der Transsibirischen Eisenbahn","isPartOf":{"@id":"https:\/\/reisetier.de\/transsib\/#website"},"primaryImageOfPage":{"@id":"https:\/\/reisetier.de\/transsib\/strecke-fahrplan\/staedte\/#primaryimage"},"image":{"@id":"https:\/\/reisetier.de\/transsib\/strecke-fahrplan\/staedte\/#primaryimage"},"thumbnailUrl":"https:\/\/reisetier.de\/transsib\/wp-content\/uploads\/sites\/2\/2011\/03\/moskau.jpg","datePublished":"2011-03-18T16:59:57+00:00","dateModified":"2022-09-26T06:30:06+00:00","description":"Hier gibt es Infos \u00fcber die St\u00e4dte, die an der Strecke der Transsibirischen Eisenbahn liegen. Wo lohnt sich ein Halt und wo eher nicht?","breadcrumb":{"@id":"https:\/\/reisetier.de\/transsib\/strecke-fahrplan\/staedte\/#breadcrumb"},"inLanguage":"de","potentialAction":[{"@type":"ReadAction","target":["https:\/\/reisetier.de\/transsib\/strecke-fahrplan\/staedte\/"]}]},{"@type":"ImageObject","inLanguage":"de","@id":"https:\/\/reisetier.de\/transsib\/strecke-fahrplan\/staedte\/#primaryimage","url":"https:\/\/reisetier.de\/transsib\/wp-content\/uploads\/sites\/2\/2011\/03\/moskau.jpg","contentUrl":"https:\/\/reisetier.de\/transsib\/wp-content\/uploads\/sites\/2\/2011\/03\/moskau.jpg","width":200,"height":150,"caption":"Zwiebielt\u00fcrme in Moskau"},{"@type":"BreadcrumbList","@id":"https:\/\/reisetier.de\/transsib\/strecke-fahrplan\/staedte\/#breadcrumb","itemListElement":[{"@type":"ListItem","position":1,"name":"Home","item":"https:\/\/reisetier.de\/transsib\/"},{"@type":"ListItem","position":2,"name":"Strecke &amp; Fahrplan","item":"https:\/\/reisetier.de\/transsib\/strecke-fahrplan\/"},{"@type":"ListItem","position":3,"name":"St\u00e4dte"}]},{"@type":"WebSite","@id":"https:\/\/reisetier.de\/transsib\/#website","url":"https:\/\/reisetier.de\/transsib\/","name":"Die Transsibirische Eisenbahn","description":"Reisen durch Russland, die Mongolei und China","potentialAction":[{"@type":"SearchAction","target":{"@type":"EntryPoint","urlTemplate":"https:\/\/reisetier.de\/transsib\/?s={search_term_string}"},"query-input":{"@type":"PropertyValueSpecification","valueRequired":true,"valueName":"search_term_string"}}],"inLanguage":"de"}]}},"_links":{"self":[{"href":"https:\/\/reisetier.de\/transsib\/wp-json\/wp\/v2\/pages\/153","targetHints":{"allow":["GET"]}}],"collection":[{"href":"https:\/\/reisetier.de\/transsib\/wp-json\/wp\/v2\/pages"}],"about":[{"href":"https:\/\/reisetier.de\/transsib\/wp-json\/wp\/v2\/types\/page"}],"author":[{"embeddable":true,"href":"https:\/\/reisetier.de\/transsib\/wp-json\/wp\/v2\/users\/1"}],"replies":[{"embeddable":true,"href":"https:\/\/reisetier.de\/transsib\/wp-json\/wp\/v2\/comments?post=153"}],"version-history":[{"count":1,"href":"https:\/\/reisetier.de\/transsib\/wp-json\/wp\/v2\/pages\/153\/revisions"}],"predecessor-version":[{"id":2545,"href":"https:\/\/reisetier.de\/transsib\/wp-json\/wp\/v2\/pages\/153\/revisions\/2545"}],"up":[{"embeddable":true,"href":"https:\/\/reisetier.de\/transsib\/wp-json\/wp\/v2\/pages\/140"}],"wp:attachment":[{"href":"https:\/\/reisetier.de\/transsib\/wp-json\/wp\/v2\/media?parent=153"}],"curies":[{"name":"wp","href":"https:\/\/api.w.org\/{rel}","templated":true}]}}