{"id":1505,"date":"2012-05-10T15:54:38","date_gmt":"2012-05-10T14:54:38","guid":{"rendered":"http:\/\/www.transsib-tipps.de\/?page_id=1505"},"modified":"2012-05-10T15:54:38","modified_gmt":"2012-05-10T14:54:38","slug":"aktiv-listwjanka","status":"publish","type":"page","link":"https:\/\/reisetier.de\/transsib\/transsibirische-eisenbahn-tagebuch\/aktiv-listwjanka\/","title":{"rendered":"Aktiv in Listwjanka"},"content":{"rendered":"<div id=\"attachment_1508\" style=\"width: 410px\" class=\"wp-caption alignright\"><img loading=\"lazy\" decoding=\"async\" aria-describedby=\"caption-attachment-1508\" src=\"https:\/\/reisetier.de\/transsib\/wp-content\/uploads\/sites\/2\/2012\/05\/baikalsee-blick-port-baikal.jpg\" alt=\"Blick vom Telegrafenmast in Port Baikal\" title=\"baikalsee-blick-port-baikal\" width=\"400\" height=\"300\" class=\"size-full wp-image-1508\" srcset=\"https:\/\/reisetier.de\/transsib\/wp-content\/uploads\/sites\/2\/2012\/05\/baikalsee-blick-port-baikal.jpg 400w, https:\/\/reisetier.de\/transsib\/wp-content\/uploads\/sites\/2\/2012\/05\/baikalsee-blick-port-baikal-300x225.jpg 300w\" sizes=\"auto, (max-width: 400px) 100vw, 400px\" \/><p id=\"caption-attachment-1508\" class=\"wp-caption-text\">Vom Telegrafenmast in Port Baikal hatte man einen tollen Blick \u00fcber den Baikalsee.<\/p><\/div>\n<h2>Reisetag 17<\/h2>\n<p>Listwjanka liegt direkt am Ausfluss des Baikalsees und so gibt es eine F\u00e4hre, die auf die andere Seite des Flusses f\u00fchrt. Dort liegt das Dorf Port Baikal, durch das die alte Strecke der Transsibirischen Eisenbahn f\u00fchrt. Diese wird nur noch manchmal von Touristenz\u00fcgen befahren. Wir wollten uns Port Baikal angucken und machten uns auf die Suche nach dem Anleger der F\u00e4hre.<\/p>\n<p>Wir sahen ein kleines Boot an einem Steg anlegen, waren uns aber ziemlich sicher, dass dies nicht die offizielle F\u00e4hre nach Port Baikal sein kann. Man sah uns unsere Hilflosigkeit offenbar an und wir wurden an Bord gewunken. Die Besatzung bestand aus zwei echten Seem\u00e4nnern, die ziemlich dreckig waren, wie sich das f\u00fcr echte Seeb\u00e4ren geh\u00f6rt. Sie konnten nat\u00fcrlich kein Englisch, aber wir konnten uns so weit verst\u00e4ndigen, dass sie uns nach Port Baikal fuhren. W\u00e4hrend der Fahrt wurden wir dann noch zu einem Wodka eingeladen. In Port Baikal angekommen, wollten die beiden nur nach erheblichem Widerstand ein Trinkgeld annehmen. Etwas unheimlich wurde uns dann aber doch, als wir von zwei weiteren M\u00e4nnern zum Ausgang der kleinen Hafenanlage gef\u00fchrt wurden.<\/p>\n<p>Port Baikal war einerseits sehr sch\u00f6n und noch deutlich urspr\u00fcnglicher als Listwjanka. Andererseits lagerten die Bewohner ihren stinkenden M\u00fcll mitten im Dorf. In einem kleinen Laden kauften wir Getr\u00e4nke und hatten dabei das Gef\u00fchl, nicht wirklich willkommen zu sein. Wahrscheinlich haben die Einwohner von Port Baikal Angst, auch bald von der Tourismus-Industrie entdeckt zu werden und wahrscheinlich ist diese Angst berechtigt. Dann werden auch dort die Holzh\u00fctten abgerissen und riesige Hotels gebaut, wie wir es in Listwjanka beobachten konnten.<\/p>\n<p>Zum Abschluss stiegen wir noch auf einen Telegrafenmast(?), der auf einem H\u00fcgel stand. Von dort hatte man eine herrliche Aussicht \u00fcber den Baikalsee, den Fluss und die alte Strecke der Transsibirischen Eisenbahn. Mit dieser \u00dcbersicht entdeckten wir dann auch den Anleger f\u00fcr die offizielle F\u00e4hre, die wir so gerade noch erwischten und nach Listwjanka zur\u00fcck fuhren.<\/p>\n<div id=\"attachment_1513\" style=\"width: 410px\" class=\"wp-caption alignright\"><img loading=\"lazy\" decoding=\"async\" aria-describedby=\"caption-attachment-1513\" src=\"https:\/\/reisetier.de\/transsib\/wp-content\/uploads\/sites\/2\/2012\/05\/baikalsee-einsamer-strand.jpg\" alt=\"Einsamer Strand am Baikalsee\" title=\"baikalsee-einsamer-strand\" width=\"400\" height=\"300\" class=\"size-full wp-image-1513\" srcset=\"https:\/\/reisetier.de\/transsib\/wp-content\/uploads\/sites\/2\/2012\/05\/baikalsee-einsamer-strand.jpg 400w, https:\/\/reisetier.de\/transsib\/wp-content\/uploads\/sites\/2\/2012\/05\/baikalsee-einsamer-strand-300x225.jpg 300w\" sizes=\"auto, (max-width: 400px) 100vw, 400px\" \/><p id=\"caption-attachment-1513\" class=\"wp-caption-text\">Unser fast einsamer Strand am Baikalsee.<\/p><\/div>\n<h2>Reisetag 18<\/h2>\n<p>An unserem letzen Tag in Listwjanka wollten wir eine Weile am Baikalsee entlang wandern, um an einer ruhigen Stelle ein Feuer zu machen und zu grillen. Einer meiner Mitreisenden hatte sogar vor, mit einer provisorischen Angel zu fischen. Nach einer harten Wanderung an den Klippen des Baikalsees entlang fanden wir auch eine gute Stelle, wo man an einem einsamen Stand herabsteigen konnte.<\/p>\n<p>Aus dem Feuer wurde dann leider nichts, weil es in Str\u00f6men anfing zu regnen. Das einzige Holz was wir finden konnten war total feucht und so machten wir zwar tolle Rauchzeichen, aber von einem Feuer konnte nicht die Rede sein. Auch die Angelversuche k\u00f6nnen wohl nur als kl\u00e4glich bezeichnet werden. So zogen wir uns unter einen halbwegs trockenen Vorsprung zur\u00fcck und nahmen nur Brot und Wurst zu uns.<\/p>\n<p>Durch den Regen ging es dann zur\u00fcck zum Hostel. Da wir dabei sowieso bis auf die Haut nass wurden, machte uns auch der Regen irgendwann nichts mehr aus. So waren wir am Ende des Tages zwar v\u00f6llig durchn\u00e4sst und ersch\u00f6pft, aber gl\u00fccklich. <img loading=\"lazy\" decoding=\"async\" src=\"https:\/\/ssl-vg03.met.vgwort.de\/na\/ee8ee906824648f692ac1d237a112ac6\" width=\"1\" height=\"1\" alt=\"\"><\/p>\n","protected":false},"excerpt":{"rendered":"<p>Reisetag 17 Listwjanka liegt direkt am Ausfluss des Baikalsees und so gibt es eine F\u00e4hre, die auf die andere Seite des Flusses f\u00fchrt. Dort liegt das Dorf Port Baikal, durch das die alte Strecke der Transsibirischen Eisenbahn f\u00fchrt. Diese wird nur noch manchmal von Touristenz\u00fcgen befahren. Wir wollten uns Port Baikal angucken und machten uns &#038;hellip <a class=\"read-excerpt\" href=\"https:\/\/reisetier.de\/transsib\/transsibirische-eisenbahn-tagebuch\/aktiv-listwjanka\/\">Continue reading <span class=\"meta-nav\">&raquo;<\/span><\/a><\/p>\n","protected":false},"author":1,"featured_media":0,"parent":789,"menu_order":223,"comment_status":"open","ping_status":"open","template":"","meta":{"footnotes":""},"class_list":["post-1505","page","type-page","status-publish","hentry"],"yoast_head":"<!-- This site is optimized with the Yoast SEO plugin v27.3 - https:\/\/yoast.com\/product\/yoast-seo-wordpress\/ -->\n<title>Aktiv in Listwjanka am Baikalsee<\/title>\n<meta name=\"description\" content=\"An den anderen beiden Tagen in Listwjanka waren wir ziemlich aktiv. So ging es ins Dorf Port Baikal und zu einem einsamen Strand am Baikalsee.\" \/>\n<meta name=\"robots\" content=\"index, follow, max-snippet:-1, max-image-preview:large, max-video-preview:-1\" \/>\n<link rel=\"canonical\" href=\"https:\/\/reisetier.de\/transsib\/transsibirische-eisenbahn-tagebuch\/aktiv-listwjanka\/\" \/>\n<meta property=\"og:locale\" content=\"de_DE\" \/>\n<meta property=\"og:type\" content=\"article\" \/>\n<meta property=\"og:title\" content=\"Aktiv in Listwjanka am Baikalsee\" \/>\n<meta property=\"og:description\" content=\"An den anderen beiden Tagen in Listwjanka waren wir ziemlich aktiv. So ging es ins Dorf Port Baikal und zu einem einsamen Strand am Baikalsee.\" \/>\n<meta property=\"og:url\" content=\"https:\/\/reisetier.de\/transsib\/transsibirische-eisenbahn-tagebuch\/aktiv-listwjanka\/\" \/>\n<meta property=\"og:site_name\" content=\"Die Transsibirische Eisenbahn\" \/>\n<meta property=\"og:image\" content=\"https:\/\/reisetier.de\/transsib\/wp-content\/uploads\/sites\/2\/2012\/05\/baikalsee-blick-port-baikal.jpg\" \/>\n<meta name=\"twitter:card\" content=\"summary_large_image\" \/>\n<meta name=\"twitter:label1\" content=\"Gesch\u00e4tzte Lesezeit\" \/>\n\t<meta name=\"twitter:data1\" content=\"3\u00a0Minuten\" \/>\n<script type=\"application\/ld+json\" class=\"yoast-schema-graph\">{\"@context\":\"https:\\\/\\\/schema.org\",\"@graph\":[{\"@type\":\"WebPage\",\"@id\":\"https:\\\/\\\/reisetier.de\\\/transsib\\\/transsibirische-eisenbahn-tagebuch\\\/aktiv-listwjanka\\\/\",\"url\":\"https:\\\/\\\/reisetier.de\\\/transsib\\\/transsibirische-eisenbahn-tagebuch\\\/aktiv-listwjanka\\\/\",\"name\":\"Aktiv in Listwjanka am Baikalsee\",\"isPartOf\":{\"@id\":\"https:\\\/\\\/reisetier.de\\\/transsib\\\/#website\"},\"primaryImageOfPage\":{\"@id\":\"https:\\\/\\\/reisetier.de\\\/transsib\\\/transsibirische-eisenbahn-tagebuch\\\/aktiv-listwjanka\\\/#primaryimage\"},\"image\":{\"@id\":\"https:\\\/\\\/reisetier.de\\\/transsib\\\/transsibirische-eisenbahn-tagebuch\\\/aktiv-listwjanka\\\/#primaryimage\"},\"thumbnailUrl\":\"https:\\\/\\\/reisetier.de\\\/transsib\\\/wp-content\\\/uploads\\\/sites\\\/2\\\/2012\\\/05\\\/baikalsee-blick-port-baikal.jpg\",\"datePublished\":\"2012-05-10T14:54:38+00:00\",\"description\":\"An den anderen beiden Tagen in Listwjanka waren wir ziemlich aktiv. So ging es ins Dorf Port Baikal und zu einem einsamen Strand am Baikalsee.\",\"breadcrumb\":{\"@id\":\"https:\\\/\\\/reisetier.de\\\/transsib\\\/transsibirische-eisenbahn-tagebuch\\\/aktiv-listwjanka\\\/#breadcrumb\"},\"inLanguage\":\"de\",\"potentialAction\":[{\"@type\":\"ReadAction\",\"target\":[\"https:\\\/\\\/reisetier.de\\\/transsib\\\/transsibirische-eisenbahn-tagebuch\\\/aktiv-listwjanka\\\/\"]}]},{\"@type\":\"ImageObject\",\"inLanguage\":\"de\",\"@id\":\"https:\\\/\\\/reisetier.de\\\/transsib\\\/transsibirische-eisenbahn-tagebuch\\\/aktiv-listwjanka\\\/#primaryimage\",\"url\":\"https:\\\/\\\/reisetier.de\\\/transsib\\\/wp-content\\\/uploads\\\/sites\\\/2\\\/2012\\\/05\\\/baikalsee-blick-port-baikal.jpg\",\"contentUrl\":\"https:\\\/\\\/reisetier.de\\\/transsib\\\/wp-content\\\/uploads\\\/sites\\\/2\\\/2012\\\/05\\\/baikalsee-blick-port-baikal.jpg\",\"width\":400,\"height\":300,\"caption\":\"Vom Telegrafenmast in Port Baikal hatte man einen tollen Blick \u00fcber den Baikalsee.\"},{\"@type\":\"BreadcrumbList\",\"@id\":\"https:\\\/\\\/reisetier.de\\\/transsib\\\/transsibirische-eisenbahn-tagebuch\\\/aktiv-listwjanka\\\/#breadcrumb\",\"itemListElement\":[{\"@type\":\"ListItem\",\"position\":1,\"name\":\"Home\",\"item\":\"https:\\\/\\\/reisetier.de\\\/transsib\\\/\"},{\"@type\":\"ListItem\",\"position\":2,\"name\":\"Transsib Tagebuch\",\"item\":\"https:\\\/\\\/reisetier.de\\\/transsib\\\/transsibirische-eisenbahn-tagebuch\\\/\"},{\"@type\":\"ListItem\",\"position\":3,\"name\":\"Aktiv in Listwjanka\"}]},{\"@type\":\"WebSite\",\"@id\":\"https:\\\/\\\/reisetier.de\\\/transsib\\\/#website\",\"url\":\"https:\\\/\\\/reisetier.de\\\/transsib\\\/\",\"name\":\"Die Transsibirische Eisenbahn\",\"description\":\"Reisen durch Russland, die Mongolei und China\",\"potentialAction\":[{\"@type\":\"SearchAction\",\"target\":{\"@type\":\"EntryPoint\",\"urlTemplate\":\"https:\\\/\\\/reisetier.de\\\/transsib\\\/?s={search_term_string}\"},\"query-input\":{\"@type\":\"PropertyValueSpecification\",\"valueRequired\":true,\"valueName\":\"search_term_string\"}}],\"inLanguage\":\"de\"}]}<\/script>\n<!-- \/ Yoast SEO plugin. -->","yoast_head_json":{"title":"Aktiv in Listwjanka am Baikalsee","description":"An den anderen beiden Tagen in Listwjanka waren wir ziemlich aktiv. So ging es ins Dorf Port Baikal und zu einem einsamen Strand am Baikalsee.","robots":{"index":"index","follow":"follow","max-snippet":"max-snippet:-1","max-image-preview":"max-image-preview:large","max-video-preview":"max-video-preview:-1"},"canonical":"https:\/\/reisetier.de\/transsib\/transsibirische-eisenbahn-tagebuch\/aktiv-listwjanka\/","og_locale":"de_DE","og_type":"article","og_title":"Aktiv in Listwjanka am Baikalsee","og_description":"An den anderen beiden Tagen in Listwjanka waren wir ziemlich aktiv. So ging es ins Dorf Port Baikal und zu einem einsamen Strand am Baikalsee.","og_url":"https:\/\/reisetier.de\/transsib\/transsibirische-eisenbahn-tagebuch\/aktiv-listwjanka\/","og_site_name":"Die Transsibirische Eisenbahn","og_image":[{"url":"https:\/\/reisetier.de\/transsib\/wp-content\/uploads\/sites\/2\/2012\/05\/baikalsee-blick-port-baikal.jpg","type":"","width":"","height":""}],"twitter_card":"summary_large_image","twitter_misc":{"Gesch\u00e4tzte Lesezeit":"3\u00a0Minuten"},"schema":{"@context":"https:\/\/schema.org","@graph":[{"@type":"WebPage","@id":"https:\/\/reisetier.de\/transsib\/transsibirische-eisenbahn-tagebuch\/aktiv-listwjanka\/","url":"https:\/\/reisetier.de\/transsib\/transsibirische-eisenbahn-tagebuch\/aktiv-listwjanka\/","name":"Aktiv in Listwjanka am Baikalsee","isPartOf":{"@id":"https:\/\/reisetier.de\/transsib\/#website"},"primaryImageOfPage":{"@id":"https:\/\/reisetier.de\/transsib\/transsibirische-eisenbahn-tagebuch\/aktiv-listwjanka\/#primaryimage"},"image":{"@id":"https:\/\/reisetier.de\/transsib\/transsibirische-eisenbahn-tagebuch\/aktiv-listwjanka\/#primaryimage"},"thumbnailUrl":"https:\/\/reisetier.de\/transsib\/wp-content\/uploads\/sites\/2\/2012\/05\/baikalsee-blick-port-baikal.jpg","datePublished":"2012-05-10T14:54:38+00:00","description":"An den anderen beiden Tagen in Listwjanka waren wir ziemlich aktiv. So ging es ins Dorf Port Baikal und zu einem einsamen Strand am Baikalsee.","breadcrumb":{"@id":"https:\/\/reisetier.de\/transsib\/transsibirische-eisenbahn-tagebuch\/aktiv-listwjanka\/#breadcrumb"},"inLanguage":"de","potentialAction":[{"@type":"ReadAction","target":["https:\/\/reisetier.de\/transsib\/transsibirische-eisenbahn-tagebuch\/aktiv-listwjanka\/"]}]},{"@type":"ImageObject","inLanguage":"de","@id":"https:\/\/reisetier.de\/transsib\/transsibirische-eisenbahn-tagebuch\/aktiv-listwjanka\/#primaryimage","url":"https:\/\/reisetier.de\/transsib\/wp-content\/uploads\/sites\/2\/2012\/05\/baikalsee-blick-port-baikal.jpg","contentUrl":"https:\/\/reisetier.de\/transsib\/wp-content\/uploads\/sites\/2\/2012\/05\/baikalsee-blick-port-baikal.jpg","width":400,"height":300,"caption":"Vom Telegrafenmast in Port Baikal hatte man einen tollen Blick \u00fcber den Baikalsee."},{"@type":"BreadcrumbList","@id":"https:\/\/reisetier.de\/transsib\/transsibirische-eisenbahn-tagebuch\/aktiv-listwjanka\/#breadcrumb","itemListElement":[{"@type":"ListItem","position":1,"name":"Home","item":"https:\/\/reisetier.de\/transsib\/"},{"@type":"ListItem","position":2,"name":"Transsib Tagebuch","item":"https:\/\/reisetier.de\/transsib\/transsibirische-eisenbahn-tagebuch\/"},{"@type":"ListItem","position":3,"name":"Aktiv in Listwjanka"}]},{"@type":"WebSite","@id":"https:\/\/reisetier.de\/transsib\/#website","url":"https:\/\/reisetier.de\/transsib\/","name":"Die Transsibirische Eisenbahn","description":"Reisen durch Russland, die Mongolei und China","potentialAction":[{"@type":"SearchAction","target":{"@type":"EntryPoint","urlTemplate":"https:\/\/reisetier.de\/transsib\/?s={search_term_string}"},"query-input":{"@type":"PropertyValueSpecification","valueRequired":true,"valueName":"search_term_string"}}],"inLanguage":"de"}]}},"_links":{"self":[{"href":"https:\/\/reisetier.de\/transsib\/wp-json\/wp\/v2\/pages\/1505","targetHints":{"allow":["GET"]}}],"collection":[{"href":"https:\/\/reisetier.de\/transsib\/wp-json\/wp\/v2\/pages"}],"about":[{"href":"https:\/\/reisetier.de\/transsib\/wp-json\/wp\/v2\/types\/page"}],"author":[{"embeddable":true,"href":"https:\/\/reisetier.de\/transsib\/wp-json\/wp\/v2\/users\/1"}],"replies":[{"embeddable":true,"href":"https:\/\/reisetier.de\/transsib\/wp-json\/wp\/v2\/comments?post=1505"}],"version-history":[{"count":0,"href":"https:\/\/reisetier.de\/transsib\/wp-json\/wp\/v2\/pages\/1505\/revisions"}],"up":[{"embeddable":true,"href":"https:\/\/reisetier.de\/transsib\/wp-json\/wp\/v2\/pages\/789"}],"wp:attachment":[{"href":"https:\/\/reisetier.de\/transsib\/wp-json\/wp\/v2\/media?parent=1505"}],"curies":[{"name":"wp","href":"https:\/\/api.w.org\/{rel}","templated":true}]}}