{"id":140,"date":"2011-03-17T22:05:17","date_gmt":"2011-03-17T22:05:17","guid":{"rendered":"http:\/\/transsib.j-breuer.de\/?page_id=140"},"modified":"2011-03-17T22:05:17","modified_gmt":"2011-03-17T22:05:17","slug":"strecke-fahrplan","status":"publish","type":"page","link":"https:\/\/reisetier.de\/transsib\/strecke-fahrplan\/","title":{"rendered":"Strecke &amp; Fahrplan"},"content":{"rendered":"<h2>Wann und wo f\u00e4hrt die Transsibirische Eisenbahn?<\/h2>\n<p>Wenn man in der Transsibirischen Eisenbahn sitzt und aus dem Fenster guckt, sieht man vor allem eine Sache nicht: Menschliches Leben. Stundenlang f\u00e4hrt man durch Steppen und W\u00e4lder ohne eine einzige H\u00fctte zu sehen. Bei dieser schier unendlichen Weite f\u00e4llt es einem teilweise schwer zu glauben, dass sich die Menschen an anderen Orten der Welt gegenseitig derart auf die Pelle r\u00fccken. <!--Eine tolle M\u00f6glichkeit, einen ersten Eindruck von der Fahrt zu gewinnen gibt es bei Google. Die gesamte Strecke von Moskau nach Wladiwostok wurde dort gefilmt.--><\/p>\n<div class=\"teaser\">\n<h3><a href=\"transsibirische-strecke\/\">Transsibirische Eisenbahn Strecke<\/a><\/h3>\n<p>Wie sieht die Strecke der Transsibirischen Eisenbahn aus? Und was gibt es f\u00fcr Varianten?<br \/>\n<a href=\"transsibirische-strecke\/\">Zur Transsib Strecke<\/a>\n<\/div>\n<div class=\"teaser\">\n<h3><a href=\"staedte\/\">St\u00e4dte<\/a><\/h3>\n<p>Wo sollte man aus der Transsibirischen Eisenbahn aussteigen? Welche St\u00e4dte haben etwas zu bieten?<br \/>\n<a href=\"staedte\/\">Zu den St\u00e4dten<\/a>\n<\/div>\n<div class=\"teaser\">\n<h3><a href=\"fahrplan-transsib\/\">Fahrplan der Transsib<\/a><\/h3>\n<p>Wann fahren die Z\u00fcge der Transsibirischen Eisenbahn?<br \/>\n<a href=\"fahrplan-transsib\/\">Zum Fahrplan der Transsib<\/a>\n<\/div>\n<div style=\"clear:both\">&nbsp;<\/div>\n","protected":false},"excerpt":{"rendered":"<p>Wann und wo f\u00e4hrt die Transsibirische Eisenbahn? Wenn man in der Transsibirischen Eisenbahn sitzt und aus dem Fenster guckt, sieht man vor allem eine Sache nicht: Menschliches Leben. Stundenlang f\u00e4hrt man durch Steppen und W\u00e4lder ohne eine einzige H\u00fctte zu sehen. Bei dieser schier unendlichen Weite f\u00e4llt es einem teilweise schwer zu glauben, dass sich &#038;hellip <a class=\"read-excerpt\" href=\"https:\/\/reisetier.de\/transsib\/strecke-fahrplan\/\">Continue reading <span class=\"meta-nav\">&raquo;<\/span><\/a><\/p>\n","protected":false},"author":1,"featured_media":0,"parent":0,"menu_order":18,"comment_status":"open","ping_status":"open","template":"","meta":{"footnotes":""},"class_list":["post-140","page","type-page","status-publish","hentry"],"yoast_head":"<!-- This site is optimized with the Yoast SEO plugin v27.3 - https:\/\/yoast.com\/product\/yoast-seo-wordpress\/ -->\n<title>Transsibirische Eisenbahn Strecke und Fahrplan<\/title>\n<meta name=\"description\" content=\"Welche Strecke nimmt die Transsibirische Eisenbahn? Wie ist der Fahrplan aufgebaut? Diese Fragen werden hier beantwortet.\" \/>\n<meta name=\"robots\" content=\"index, follow, max-snippet:-1, max-image-preview:large, max-video-preview:-1\" \/>\n<link rel=\"canonical\" href=\"https:\/\/reisetier.de\/transsib\/strecke-fahrplan\/\" \/>\n<meta property=\"og:locale\" content=\"de_DE\" \/>\n<meta property=\"og:type\" content=\"article\" \/>\n<meta property=\"og:title\" content=\"Transsibirische Eisenbahn Strecke und Fahrplan\" \/>\n<meta property=\"og:description\" content=\"Welche Strecke nimmt die Transsibirische Eisenbahn? Wie ist der Fahrplan aufgebaut? Diese Fragen werden hier beantwortet.\" \/>\n<meta property=\"og:url\" content=\"https:\/\/reisetier.de\/transsib\/strecke-fahrplan\/\" \/>\n<meta property=\"og:site_name\" content=\"Die Transsibirische Eisenbahn\" \/>\n<meta name=\"twitter:card\" content=\"summary_large_image\" \/>\n<meta name=\"twitter:label1\" content=\"Gesch\u00e4tzte Lesezeit\" \/>\n\t<meta name=\"twitter:data1\" content=\"1\u00a0Minute\" \/>\n<script type=\"application\/ld+json\" class=\"yoast-schema-graph\">{\"@context\":\"https:\\\/\\\/schema.org\",\"@graph\":[{\"@type\":\"WebPage\",\"@id\":\"https:\\\/\\\/reisetier.de\\\/transsib\\\/strecke-fahrplan\\\/\",\"url\":\"https:\\\/\\\/reisetier.de\\\/transsib\\\/strecke-fahrplan\\\/\",\"name\":\"Transsibirische Eisenbahn Strecke und Fahrplan\",\"isPartOf\":{\"@id\":\"https:\\\/\\\/reisetier.de\\\/transsib\\\/#website\"},\"datePublished\":\"2011-03-17T22:05:17+00:00\",\"description\":\"Welche Strecke nimmt die Transsibirische Eisenbahn? Wie ist der Fahrplan aufgebaut? Diese Fragen werden hier beantwortet.\",\"breadcrumb\":{\"@id\":\"https:\\\/\\\/reisetier.de\\\/transsib\\\/strecke-fahrplan\\\/#breadcrumb\"},\"inLanguage\":\"de\",\"potentialAction\":[{\"@type\":\"ReadAction\",\"target\":[\"https:\\\/\\\/reisetier.de\\\/transsib\\\/strecke-fahrplan\\\/\"]}]},{\"@type\":\"BreadcrumbList\",\"@id\":\"https:\\\/\\\/reisetier.de\\\/transsib\\\/strecke-fahrplan\\\/#breadcrumb\",\"itemListElement\":[{\"@type\":\"ListItem\",\"position\":1,\"name\":\"Home\",\"item\":\"https:\\\/\\\/reisetier.de\\\/transsib\\\/\"},{\"@type\":\"ListItem\",\"position\":2,\"name\":\"Strecke &amp; Fahrplan\"}]},{\"@type\":\"WebSite\",\"@id\":\"https:\\\/\\\/reisetier.de\\\/transsib\\\/#website\",\"url\":\"https:\\\/\\\/reisetier.de\\\/transsib\\\/\",\"name\":\"Die Transsibirische Eisenbahn\",\"description\":\"Reisen durch Russland, die Mongolei und China\",\"potentialAction\":[{\"@type\":\"SearchAction\",\"target\":{\"@type\":\"EntryPoint\",\"urlTemplate\":\"https:\\\/\\\/reisetier.de\\\/transsib\\\/?s={search_term_string}\"},\"query-input\":{\"@type\":\"PropertyValueSpecification\",\"valueRequired\":true,\"valueName\":\"search_term_string\"}}],\"inLanguage\":\"de\"}]}<\/script>\n<!-- \/ Yoast SEO plugin. -->","yoast_head_json":{"title":"Transsibirische Eisenbahn Strecke und Fahrplan","description":"Welche Strecke nimmt die Transsibirische Eisenbahn? Wie ist der Fahrplan aufgebaut? Diese Fragen werden hier beantwortet.","robots":{"index":"index","follow":"follow","max-snippet":"max-snippet:-1","max-image-preview":"max-image-preview:large","max-video-preview":"max-video-preview:-1"},"canonical":"https:\/\/reisetier.de\/transsib\/strecke-fahrplan\/","og_locale":"de_DE","og_type":"article","og_title":"Transsibirische Eisenbahn Strecke und Fahrplan","og_description":"Welche Strecke nimmt die Transsibirische Eisenbahn? Wie ist der Fahrplan aufgebaut? Diese Fragen werden hier beantwortet.","og_url":"https:\/\/reisetier.de\/transsib\/strecke-fahrplan\/","og_site_name":"Die Transsibirische Eisenbahn","twitter_card":"summary_large_image","twitter_misc":{"Gesch\u00e4tzte Lesezeit":"1\u00a0Minute"},"schema":{"@context":"https:\/\/schema.org","@graph":[{"@type":"WebPage","@id":"https:\/\/reisetier.de\/transsib\/strecke-fahrplan\/","url":"https:\/\/reisetier.de\/transsib\/strecke-fahrplan\/","name":"Transsibirische Eisenbahn Strecke und Fahrplan","isPartOf":{"@id":"https:\/\/reisetier.de\/transsib\/#website"},"datePublished":"2011-03-17T22:05:17+00:00","description":"Welche Strecke nimmt die Transsibirische Eisenbahn? Wie ist der Fahrplan aufgebaut? Diese Fragen werden hier beantwortet.","breadcrumb":{"@id":"https:\/\/reisetier.de\/transsib\/strecke-fahrplan\/#breadcrumb"},"inLanguage":"de","potentialAction":[{"@type":"ReadAction","target":["https:\/\/reisetier.de\/transsib\/strecke-fahrplan\/"]}]},{"@type":"BreadcrumbList","@id":"https:\/\/reisetier.de\/transsib\/strecke-fahrplan\/#breadcrumb","itemListElement":[{"@type":"ListItem","position":1,"name":"Home","item":"https:\/\/reisetier.de\/transsib\/"},{"@type":"ListItem","position":2,"name":"Strecke &amp; Fahrplan"}]},{"@type":"WebSite","@id":"https:\/\/reisetier.de\/transsib\/#website","url":"https:\/\/reisetier.de\/transsib\/","name":"Die Transsibirische Eisenbahn","description":"Reisen durch Russland, die Mongolei und China","potentialAction":[{"@type":"SearchAction","target":{"@type":"EntryPoint","urlTemplate":"https:\/\/reisetier.de\/transsib\/?s={search_term_string}"},"query-input":{"@type":"PropertyValueSpecification","valueRequired":true,"valueName":"search_term_string"}}],"inLanguage":"de"}]}},"_links":{"self":[{"href":"https:\/\/reisetier.de\/transsib\/wp-json\/wp\/v2\/pages\/140","targetHints":{"allow":["GET"]}}],"collection":[{"href":"https:\/\/reisetier.de\/transsib\/wp-json\/wp\/v2\/pages"}],"about":[{"href":"https:\/\/reisetier.de\/transsib\/wp-json\/wp\/v2\/types\/page"}],"author":[{"embeddable":true,"href":"https:\/\/reisetier.de\/transsib\/wp-json\/wp\/v2\/users\/1"}],"replies":[{"embeddable":true,"href":"https:\/\/reisetier.de\/transsib\/wp-json\/wp\/v2\/comments?post=140"}],"version-history":[{"count":0,"href":"https:\/\/reisetier.de\/transsib\/wp-json\/wp\/v2\/pages\/140\/revisions"}],"wp:attachment":[{"href":"https:\/\/reisetier.de\/transsib\/wp-json\/wp\/v2\/media?parent=140"}],"curies":[{"name":"wp","href":"https:\/\/api.w.org\/{rel}","templated":true}]}}