{"id":1275,"date":"2011-10-13T06:23:37","date_gmt":"2011-10-13T05:23:37","guid":{"rendered":"http:\/\/www.transsib-tipps.de\/?page_id=1275"},"modified":"2011-10-13T06:23:37","modified_gmt":"2011-10-13T05:23:37","slug":"transsibirische-eisenbahn-reiseberichte","status":"publish","type":"page","link":"https:\/\/reisetier.de\/transsib\/transsibirische-eisenbahn-reiseberichte\/","title":{"rendered":"Transsib Reiseberichte"},"content":{"rendered":"<h2>Eure Reiseberichte auf Transsib Tipps<\/h2>\n<p>Meine Fahrt mit der Transsibirischen Eisenbahn hat mir eine Menge Erfahrungen gebracht, die ich auf dieser Seite weitergebe. F\u00fcr jeden bedeutet die Transsibirische Eisenbahn aber etwas anderes und darum m\u00f6chte ich in diesem neuen Bereich der Seite Reiseberichte von euch sammeln. <a href=\"reisebericht-einschicken\/\">Hier k\u00f6nnt ihr euren Bericht einreichen.<\/a><\/p>\n<div class=\"teaser\">\n<h3><a href=\"\/transsib\/transsibirische-eisenbahn-tagebuch\/\">Mein Tagebuch<\/a><\/h3>\n<p>Mein eigenes Tagebuch darf hier nat\u00fcrlich nicht fehlen. Ich bin 2009 mit 2 Freunden von Moskau bis Peking gefahren<br \/>\n<a href=\"\/transsib\/transsibirische-eisenbahn-tagebuch\/\">Zu Jonas Tagebuch<\/a>\n<\/div>\n<div class=\"teaser\">\n<h3><a href=\"\/transsib\/transsibirische-eisenbahn-reiseberichte\/reisebericht-von-gerhard-wacker\/\">Reisebericht von Gerhard Wacker<\/a><\/h3>\n<p>Gerhard hat die Reise 2012 gemacht. Mit seiner Lebensgef\u00e4hrtin deren Schwester und ihrem Mann ist er von Moskau bis Wladiwostok gefahren.<br \/>\n<a href=\"\/transsib\/transsibirische-eisenbahn-reiseberichte\/reisebericht-von-gerhard-wacker\/\">Zum Reisebericht von Gerhard Wacker<\/a>\n<\/div>\n<div class=\"teaser\">\n<h3><a href=\"\/transsib\/transsibirische-eisenbahn-reiseberichte\/reisebericht-von-judith\/\">Reisebericht von Judith<\/a><\/h3>\n<p>Judith ist 2017 mit der Transsib von Peking bis nach Moskau gefahren, nachdem sie ihren Mann in China besucht hat.<br \/>\n<a href=\"\/transsib\/transsibirische-eisenbahn-reiseberichte\/reisebericht-von-judith\/\">Zum Reisebericht von Judith<\/a>\n<\/div>\n<div class=\"teaser\">\n<h3><a href=\"\/transsib\/transsibirische-eisenbahn-reiseberichte\/reisebericht-von-wolfi-und-maria\/\">Reisebericht von Wolfi und Maria<\/a><\/h3>\n<p>Wolfi und Maria haben sich den Traum von der Transib erf\u00fcllt und sind von Peking nach Moskau gefahren.<br \/>\n<a href=\"\/transsib\/transsibirische-eisenbahn-reiseberichte\/reisebericht-von-wolfi-und-maria\/\">Zum Reisebericht von Wolfi und Maria<\/a>\n<\/div>\n<p style=\"clear:both\">&nbsp;<\/p>\n<p style=\"clear:both\">&nbsp;<\/p>\n<p>Wenn du \u00fcber neue Transsib Berichte informiert werden m\u00f6chtest, trag dich bei <a href=\"http:\/\/www.facebook.com\/pages\/transsib-tippsde\/104773289606278\" target=\"_blank\" rel=\"noopener\">Facebook<\/a> oder <a href=\"http:\/\/twitter.com\/transsib_tipps\" target=\"_blank\" rel=\"noopener\">Twitter<\/a> ein.<\/p>\n","protected":false},"excerpt":{"rendered":"<p>Eure Reiseberichte auf Transsib Tipps Meine Fahrt mit der Transsibirischen Eisenbahn hat mir eine Menge Erfahrungen gebracht, die ich auf dieser Seite weitergebe. F\u00fcr jeden bedeutet die Transsibirische Eisenbahn aber etwas anderes und darum m\u00f6chte ich in diesem neuen Bereich der Seite Reiseberichte von euch sammeln. Hier k\u00f6nnt ihr euren Bericht einreichen. Mein Tagebuch Mein &#038;hellip <a class=\"read-excerpt\" href=\"https:\/\/reisetier.de\/transsib\/transsibirische-eisenbahn-reiseberichte\/\">Continue reading <span class=\"meta-nav\">&raquo;<\/span><\/a><\/p>\n","protected":false},"author":1,"featured_media":0,"parent":0,"menu_order":187,"comment_status":"open","ping_status":"open","template":"","meta":{"footnotes":""},"class_list":["post-1275","page","type-page","status-publish","hentry"],"yoast_head":"<!-- This site is optimized with the Yoast SEO plugin v27.5 - https:\/\/yoast.com\/product\/yoast-seo-wordpress\/ -->\n<title>Transsibirische Eisenbahn Reiseberichte<\/title>\n<meta name=\"description\" content=\"Hier kannst du durch verschiedene Berichte von Reisenden der Transsibirischen Eisenbahn schm\u00f6kern. Schau doch mal vorbei.\" \/>\n<meta name=\"robots\" content=\"index, follow, max-snippet:-1, max-image-preview:large, max-video-preview:-1\" \/>\n<link rel=\"canonical\" href=\"https:\/\/reisetier.de\/transsib\/transsibirische-eisenbahn-reiseberichte\/\" \/>\n<meta property=\"og:locale\" content=\"de_DE\" \/>\n<meta property=\"og:type\" content=\"article\" \/>\n<meta property=\"og:title\" content=\"Transsibirische Eisenbahn Reiseberichte\" \/>\n<meta property=\"og:description\" content=\"Hier kannst du durch verschiedene Berichte von Reisenden der Transsibirischen Eisenbahn schm\u00f6kern. Schau doch mal vorbei.\" \/>\n<meta property=\"og:url\" content=\"https:\/\/reisetier.de\/transsib\/transsibirische-eisenbahn-reiseberichte\/\" \/>\n<meta property=\"og:site_name\" content=\"Die Transsibirische Eisenbahn\" \/>\n<meta name=\"twitter:card\" content=\"summary_large_image\" \/>\n<meta name=\"twitter:label1\" content=\"Gesch\u00e4tzte Lesezeit\" \/>\n\t<meta name=\"twitter:data1\" content=\"1\u00a0Minute\" \/>\n<script type=\"application\/ld+json\" class=\"yoast-schema-graph\">{\"@context\":\"https:\\\/\\\/schema.org\",\"@graph\":[{\"@type\":\"WebPage\",\"@id\":\"https:\\\/\\\/reisetier.de\\\/transsib\\\/transsibirische-eisenbahn-reiseberichte\\\/\",\"url\":\"https:\\\/\\\/reisetier.de\\\/transsib\\\/transsibirische-eisenbahn-reiseberichte\\\/\",\"name\":\"Transsibirische Eisenbahn Reiseberichte\",\"isPartOf\":{\"@id\":\"https:\\\/\\\/reisetier.de\\\/transsib\\\/#website\"},\"datePublished\":\"2011-10-13T05:23:37+00:00\",\"description\":\"Hier kannst du durch verschiedene Berichte von Reisenden der Transsibirischen Eisenbahn schm\u00f6kern. Schau doch mal vorbei.\",\"breadcrumb\":{\"@id\":\"https:\\\/\\\/reisetier.de\\\/transsib\\\/transsibirische-eisenbahn-reiseberichte\\\/#breadcrumb\"},\"inLanguage\":\"de\",\"potentialAction\":[{\"@type\":\"ReadAction\",\"target\":[\"https:\\\/\\\/reisetier.de\\\/transsib\\\/transsibirische-eisenbahn-reiseberichte\\\/\"]}]},{\"@type\":\"BreadcrumbList\",\"@id\":\"https:\\\/\\\/reisetier.de\\\/transsib\\\/transsibirische-eisenbahn-reiseberichte\\\/#breadcrumb\",\"itemListElement\":[{\"@type\":\"ListItem\",\"position\":1,\"name\":\"Home\",\"item\":\"https:\\\/\\\/reisetier.de\\\/transsib\\\/\"},{\"@type\":\"ListItem\",\"position\":2,\"name\":\"Transsib Reiseberichte\"}]},{\"@type\":\"WebSite\",\"@id\":\"https:\\\/\\\/reisetier.de\\\/transsib\\\/#website\",\"url\":\"https:\\\/\\\/reisetier.de\\\/transsib\\\/\",\"name\":\"Die Transsibirische Eisenbahn\",\"description\":\"Reisen durch Russland, die Mongolei und China\",\"potentialAction\":[{\"@type\":\"SearchAction\",\"target\":{\"@type\":\"EntryPoint\",\"urlTemplate\":\"https:\\\/\\\/reisetier.de\\\/transsib\\\/?s={search_term_string}\"},\"query-input\":{\"@type\":\"PropertyValueSpecification\",\"valueRequired\":true,\"valueName\":\"search_term_string\"}}],\"inLanguage\":\"de\"}]}<\/script>\n<!-- \/ Yoast SEO plugin. -->","yoast_head_json":{"title":"Transsibirische Eisenbahn Reiseberichte","description":"Hier kannst du durch verschiedene Berichte von Reisenden der Transsibirischen Eisenbahn schm\u00f6kern. Schau doch mal vorbei.","robots":{"index":"index","follow":"follow","max-snippet":"max-snippet:-1","max-image-preview":"max-image-preview:large","max-video-preview":"max-video-preview:-1"},"canonical":"https:\/\/reisetier.de\/transsib\/transsibirische-eisenbahn-reiseberichte\/","og_locale":"de_DE","og_type":"article","og_title":"Transsibirische Eisenbahn Reiseberichte","og_description":"Hier kannst du durch verschiedene Berichte von Reisenden der Transsibirischen Eisenbahn schm\u00f6kern. Schau doch mal vorbei.","og_url":"https:\/\/reisetier.de\/transsib\/transsibirische-eisenbahn-reiseberichte\/","og_site_name":"Die Transsibirische Eisenbahn","twitter_card":"summary_large_image","twitter_misc":{"Gesch\u00e4tzte Lesezeit":"1\u00a0Minute"},"schema":{"@context":"https:\/\/schema.org","@graph":[{"@type":"WebPage","@id":"https:\/\/reisetier.de\/transsib\/transsibirische-eisenbahn-reiseberichte\/","url":"https:\/\/reisetier.de\/transsib\/transsibirische-eisenbahn-reiseberichte\/","name":"Transsibirische Eisenbahn Reiseberichte","isPartOf":{"@id":"https:\/\/reisetier.de\/transsib\/#website"},"datePublished":"2011-10-13T05:23:37+00:00","description":"Hier kannst du durch verschiedene Berichte von Reisenden der Transsibirischen Eisenbahn schm\u00f6kern. Schau doch mal vorbei.","breadcrumb":{"@id":"https:\/\/reisetier.de\/transsib\/transsibirische-eisenbahn-reiseberichte\/#breadcrumb"},"inLanguage":"de","potentialAction":[{"@type":"ReadAction","target":["https:\/\/reisetier.de\/transsib\/transsibirische-eisenbahn-reiseberichte\/"]}]},{"@type":"BreadcrumbList","@id":"https:\/\/reisetier.de\/transsib\/transsibirische-eisenbahn-reiseberichte\/#breadcrumb","itemListElement":[{"@type":"ListItem","position":1,"name":"Home","item":"https:\/\/reisetier.de\/transsib\/"},{"@type":"ListItem","position":2,"name":"Transsib Reiseberichte"}]},{"@type":"WebSite","@id":"https:\/\/reisetier.de\/transsib\/#website","url":"https:\/\/reisetier.de\/transsib\/","name":"Die Transsibirische Eisenbahn","description":"Reisen durch Russland, die Mongolei und China","potentialAction":[{"@type":"SearchAction","target":{"@type":"EntryPoint","urlTemplate":"https:\/\/reisetier.de\/transsib\/?s={search_term_string}"},"query-input":{"@type":"PropertyValueSpecification","valueRequired":true,"valueName":"search_term_string"}}],"inLanguage":"de"}]}},"_links":{"self":[{"href":"https:\/\/reisetier.de\/transsib\/wp-json\/wp\/v2\/pages\/1275","targetHints":{"allow":["GET"]}}],"collection":[{"href":"https:\/\/reisetier.de\/transsib\/wp-json\/wp\/v2\/pages"}],"about":[{"href":"https:\/\/reisetier.de\/transsib\/wp-json\/wp\/v2\/types\/page"}],"author":[{"embeddable":true,"href":"https:\/\/reisetier.de\/transsib\/wp-json\/wp\/v2\/users\/1"}],"replies":[{"embeddable":true,"href":"https:\/\/reisetier.de\/transsib\/wp-json\/wp\/v2\/comments?post=1275"}],"version-history":[{"count":0,"href":"https:\/\/reisetier.de\/transsib\/wp-json\/wp\/v2\/pages\/1275\/revisions"}],"wp:attachment":[{"href":"https:\/\/reisetier.de\/transsib\/wp-json\/wp\/v2\/media?parent=1275"}],"curies":[{"name":"wp","href":"https:\/\/api.w.org\/{rel}","templated":true}]}}