{"id":1233,"date":"2011-07-18T19:39:41","date_gmt":"2011-07-18T18:39:41","guid":{"rendered":"http:\/\/www.transsib-tipps.de\/?page_id=1233"},"modified":"2011-07-18T19:39:41","modified_gmt":"2011-07-18T18:39:41","slug":"aufenthalt-nowosibirsk","status":"publish","type":"page","link":"https:\/\/reisetier.de\/transsib\/transsibirische-eisenbahn-tagebuch\/aufenthalt-nowosibirsk\/","title":{"rendered":"Aufenthalt in Nowosibirsk"},"content":{"rendered":"<div id=\"attachment_1240\" style=\"width: 410px\" class=\"wp-caption alignright\"><img loading=\"lazy\" decoding=\"async\" aria-describedby=\"caption-attachment-1240\" src=\"https:\/\/reisetier.de\/transsib\/wp-content\/uploads\/sites\/2\/2011\/07\/nowosibirsk-oper.jpg\" alt=\"Die Oper und die Lenin Statur sind die einzigen echten Sehensw\u00fcrdikeiten von Nowosibirsk.\" title=\"nowosibirsk-oper\" width=\"400\" height=\"300\" class=\"size-full wp-image-1240\" srcset=\"https:\/\/reisetier.de\/transsib\/wp-content\/uploads\/sites\/2\/2011\/07\/nowosibirsk-oper.jpg 400w, https:\/\/reisetier.de\/transsib\/wp-content\/uploads\/sites\/2\/2011\/07\/nowosibirsk-oper-300x225.jpg 300w\" sizes=\"auto, (max-width: 400px) 100vw, 400px\" \/><p id=\"caption-attachment-1240\" class=\"wp-caption-text\">Die Oper und die Lenin Statur sind die einzigen echten Sehensw\u00fcrdigkeiten von Nowosibirsk.<\/p><\/div>\n<h2>Reisetag 9<\/h2>\n<p>Unsere beiden Tage in Nowosibirsk fasse ich auf einer Seite zusammen. Wer schon die Seite \u00fcber die <a href=\"\/transsib\/strecke-fahrplan\/staedte\/\" target=\"_blank\" rel=\"noopener\">St\u00e4dte auf der Strecke der Transsibirischen Eisenbahn<\/a> gelesen hat, ahnt wahrscheinlich warum.<\/p>\n<p>An unserem ersten Tag, wollten wir uns die wichtigsten Sehensw\u00fcrdigkeiten von Nowosibirsk angucken. Im Reisef\u00fchrer war neben der Oper und dem Lenin Denkmal nicht viel zu finden. Da beides direkt bei unserem Hotel war, waren wir damit dann auch ziemlich schnell durch.<\/p>\n<p>Danach wollten wir den Ob aufsuchen, der durch die Stadt flie\u00dft. Da dies der gr\u00f6\u00dfte Fluss Europa und Asiens sein soll, wollten wir ihn uns nat\u00fcrlich ansehen. Am Flussufer gab es eine B\u00fchne und eine Kartbahn. Am gegen\u00fcberliegenden Ufer gab es sogar einen Strand. Anscheinend waren wir jedoch zur falschen Zeit gekommen, alles war verlassen. So musste die Fahrt mit den Karts ausfallen und wir begn\u00fcgten uns damit, ein wenig am Fluss entlang zu gehen.<\/p>\n<p>Auf dem R\u00fcckweg mussten wir mehr und mehr feststellen, dass die Stadt wohl doch nicht so sch\u00f6n ist, wie wir zun\u00e4chst dachten. Abgesehen von der Gegend um unser Hotel schien Nowosibirsk vor allem aus gro\u00dfen, lauten und staubigen Stra\u00dfen zu bestehen. So langsam fingen wir an, unseren verl\u00e4ngerten Aufenthalt hier zu bereuen.<\/p>\n<p>Immerhin bekamen wir in einem Caf\u00e9 in der N\u00e4he von unserem Hotel endlich mal wieder einen richtig guten Kaffee. Eine willkommene Abwechslung zu dem l\u00f6slichen Zeug, welches man sonst in Russland bekommt. In einem Supermarkt kaufte ich mir dann noch Besteck und einen Becher, damit ich endlich in der Transsibirischen Eisenbahn l\u00f6sliche Nudelsuppen essen kann und Tee bzw. Kaffee trinken kann.<\/p>\n<p>Am Abend zogen wir noch ein wenig durch die Stra\u00dfen, doch auch das Nachtleben von Nowosibirsk konnte nicht so recht \u00fcberzeugen.<\/p>\n<h2>Reisetag 10<\/h2>\n<div id=\"attachment_1241\" style=\"width: 410px\" class=\"wp-caption alignright\"><img loading=\"lazy\" decoding=\"async\" aria-describedby=\"caption-attachment-1241\" src=\"https:\/\/reisetier.de\/transsib\/wp-content\/uploads\/sites\/2\/2011\/07\/nowosibirsk-holzhaus.jpg\" alt=\"Wir haben es tats\u00e4chlich gefunden: Ein Holzhaus etwas au\u00dferhalb von Nowosibirsk.\" title=\"nowosibirsk-holzhaus\" width=\"400\" height=\"300\" class=\"size-full wp-image-1241\" srcset=\"https:\/\/reisetier.de\/transsib\/wp-content\/uploads\/sites\/2\/2011\/07\/nowosibirsk-holzhaus.jpg 400w, https:\/\/reisetier.de\/transsib\/wp-content\/uploads\/sites\/2\/2011\/07\/nowosibirsk-holzhaus-300x225.jpg 300w\" sizes=\"auto, (max-width: 400px) 100vw, 400px\" \/><p id=\"caption-attachment-1241\" class=\"wp-caption-text\">Wir haben es tats\u00e4chlich gefunden: Ein Holzhaus etwas au\u00dferhalb von Nowosibirsk<\/p><\/div>\n<p>Im Reisef\u00fchrer war die Rede davon, dass es etwas au\u00dferhalb der Stadt nette kleine Holzh\u00e4user gibt. Da wir keine Ahnung hatten, was wir sonst machen sollen, stiegen wir kurzerhand in die Metro und fuhren bis zur Endstation. Aber auch dort erwartete uns zun\u00e4chst nur eine gro\u00dfe, laute Stra\u00dfe. Wir gingen ein paar Meter und fanden einen kleinen Waldpark, der ganz nett war. Am Rande des Parks fanden wir dann tats\u00e4chlich auch so ein Holzh\u00e4uschen.<\/p>\n<p>Danach wollten wir eigentlich auf die andere Seite vom Ob. Zum ersten Mal auf unserer Reise mit der Transsibirischen Eisenbahn fing es dann aber an, so richtig zu regnen. An einen Nachmittag am Strand war nicht mehr zu denken. Wir gingen zur\u00fcck ins Hotel und lasen den Rest des Tages unsere B\u00fccher und spielten Skat. Vor allem aber freuten wir uns auf den n\u00e4chsten Tag, wo wir endlich aus dieser grauen Stadt raus kamen.<\/p>\n<p>Insgesamt war Nowosibirsk wohl die gr\u00f6\u00dfte Entt\u00e4uschung auf der Fahrt mit der Transsibirischen Eisenbahn. Fairerweise muss man nat\u00fcrlich zugeben, dass wir uns nicht wirklich intensiv \u00fcber die Stadt informiert hatten, sondern mehr oder weniger auf gut Gl\u00fcck losgezogen sind. Vielleicht gibt es ja noch mehr Ecken, die richtig nett sind. Allerdings muss man auch sagen, dass es auf der <a href=\"\/transsib\/strecke-fahrplan\/transsibirische-strecke\/\" target=\"_blank\" rel=\"noopener\">Strecke der Transsibirischen Eisenbahn<\/a> genug Orte gab, die uns auch ohne aufw\u00e4ndige Vorbereitung begeistern konnten. <img loading=\"lazy\" decoding=\"async\" src=\"https:\/\/ssl-vg03.met.vgwort.de\/na\/25c1e6da99b0482fa16d7565284e482f\" width=\"1\" height=\"1\" alt=\"\"><\/p>\n","protected":false},"excerpt":{"rendered":"<p>Reisetag 9 Unsere beiden Tage in Nowosibirsk fasse ich auf einer Seite zusammen. Wer schon die Seite \u00fcber die St\u00e4dte auf der Strecke der Transsibirischen Eisenbahn gelesen hat, ahnt wahrscheinlich warum. An unserem ersten Tag, wollten wir uns die wichtigsten Sehensw\u00fcrdigkeiten von Nowosibirsk angucken. Im Reisef\u00fchrer war neben der Oper und dem Lenin Denkmal nicht &#038;hellip <a class=\"read-excerpt\" href=\"https:\/\/reisetier.de\/transsib\/transsibirische-eisenbahn-tagebuch\/aufenthalt-nowosibirsk\/\">Continue reading <span class=\"meta-nav\">&raquo;<\/span><\/a><\/p>\n","protected":false},"author":1,"featured_media":0,"parent":789,"menu_order":177,"comment_status":"open","ping_status":"open","template":"","meta":{"footnotes":""},"class_list":["post-1233","page","type-page","status-publish","hentry"],"yoast_head":"<!-- This site is optimized with the Yoast SEO plugin v27.3 - https:\/\/yoast.com\/product\/yoast-seo-wordpress\/ -->\n<title>Unser Aufenthalt in Nowosibirsk<\/title>\n<meta name=\"description\" content=\"Von allen St\u00e4dten auf dem Weg der Transsibirischen Eisenbahn war Nowosibirk die uninteressanteste. Nowosibirsk besteht \u00fcberwiegend aus gro\u00dfen, lauten Stra\u00dfen.\" \/>\n<meta name=\"robots\" content=\"index, follow, max-snippet:-1, max-image-preview:large, max-video-preview:-1\" \/>\n<link rel=\"canonical\" href=\"https:\/\/reisetier.de\/transsib\/transsibirische-eisenbahn-tagebuch\/aufenthalt-nowosibirsk\/\" \/>\n<meta property=\"og:locale\" content=\"de_DE\" \/>\n<meta property=\"og:type\" content=\"article\" \/>\n<meta property=\"og:title\" content=\"Unser Aufenthalt in Nowosibirsk\" \/>\n<meta property=\"og:description\" content=\"Von allen St\u00e4dten auf dem Weg der Transsibirischen Eisenbahn war Nowosibirk die uninteressanteste. Nowosibirsk besteht \u00fcberwiegend aus gro\u00dfen, lauten Stra\u00dfen.\" \/>\n<meta property=\"og:url\" content=\"https:\/\/reisetier.de\/transsib\/transsibirische-eisenbahn-tagebuch\/aufenthalt-nowosibirsk\/\" \/>\n<meta property=\"og:site_name\" content=\"Die Transsibirische Eisenbahn\" \/>\n<meta property=\"og:image\" content=\"https:\/\/reisetier.de\/transsib\/wp-content\/uploads\/sites\/2\/2011\/07\/nowosibirsk-oper.jpg\" \/>\n<meta name=\"twitter:card\" content=\"summary_large_image\" \/>\n<meta name=\"twitter:label1\" content=\"Gesch\u00e4tzte Lesezeit\" \/>\n\t<meta name=\"twitter:data1\" content=\"3\u00a0Minuten\" \/>\n<script type=\"application\/ld+json\" class=\"yoast-schema-graph\">{\"@context\":\"https:\\\/\\\/schema.org\",\"@graph\":[{\"@type\":\"WebPage\",\"@id\":\"https:\\\/\\\/reisetier.de\\\/transsib\\\/transsibirische-eisenbahn-tagebuch\\\/aufenthalt-nowosibirsk\\\/\",\"url\":\"https:\\\/\\\/reisetier.de\\\/transsib\\\/transsibirische-eisenbahn-tagebuch\\\/aufenthalt-nowosibirsk\\\/\",\"name\":\"Unser Aufenthalt in Nowosibirsk\",\"isPartOf\":{\"@id\":\"https:\\\/\\\/reisetier.de\\\/transsib\\\/#website\"},\"primaryImageOfPage\":{\"@id\":\"https:\\\/\\\/reisetier.de\\\/transsib\\\/transsibirische-eisenbahn-tagebuch\\\/aufenthalt-nowosibirsk\\\/#primaryimage\"},\"image\":{\"@id\":\"https:\\\/\\\/reisetier.de\\\/transsib\\\/transsibirische-eisenbahn-tagebuch\\\/aufenthalt-nowosibirsk\\\/#primaryimage\"},\"thumbnailUrl\":\"https:\\\/\\\/reisetier.de\\\/transsib\\\/wp-content\\\/uploads\\\/sites\\\/2\\\/2011\\\/07\\\/nowosibirsk-oper.jpg\",\"datePublished\":\"2011-07-18T18:39:41+00:00\",\"description\":\"Von allen St\u00e4dten auf dem Weg der Transsibirischen Eisenbahn war Nowosibirk die uninteressanteste. Nowosibirsk besteht \u00fcberwiegend aus gro\u00dfen, lauten Stra\u00dfen.\",\"breadcrumb\":{\"@id\":\"https:\\\/\\\/reisetier.de\\\/transsib\\\/transsibirische-eisenbahn-tagebuch\\\/aufenthalt-nowosibirsk\\\/#breadcrumb\"},\"inLanguage\":\"de\",\"potentialAction\":[{\"@type\":\"ReadAction\",\"target\":[\"https:\\\/\\\/reisetier.de\\\/transsib\\\/transsibirische-eisenbahn-tagebuch\\\/aufenthalt-nowosibirsk\\\/\"]}]},{\"@type\":\"ImageObject\",\"inLanguage\":\"de\",\"@id\":\"https:\\\/\\\/reisetier.de\\\/transsib\\\/transsibirische-eisenbahn-tagebuch\\\/aufenthalt-nowosibirsk\\\/#primaryimage\",\"url\":\"https:\\\/\\\/reisetier.de\\\/transsib\\\/wp-content\\\/uploads\\\/sites\\\/2\\\/2011\\\/07\\\/nowosibirsk-oper.jpg\",\"contentUrl\":\"https:\\\/\\\/reisetier.de\\\/transsib\\\/wp-content\\\/uploads\\\/sites\\\/2\\\/2011\\\/07\\\/nowosibirsk-oper.jpg\",\"width\":400,\"height\":300,\"caption\":\"Die Oper und die Lenin Statur sind die einzigen echten Sehensw\u00fcrdikeiten von Nowosibirsk.\"},{\"@type\":\"BreadcrumbList\",\"@id\":\"https:\\\/\\\/reisetier.de\\\/transsib\\\/transsibirische-eisenbahn-tagebuch\\\/aufenthalt-nowosibirsk\\\/#breadcrumb\",\"itemListElement\":[{\"@type\":\"ListItem\",\"position\":1,\"name\":\"Home\",\"item\":\"https:\\\/\\\/reisetier.de\\\/transsib\\\/\"},{\"@type\":\"ListItem\",\"position\":2,\"name\":\"Transsib Tagebuch\",\"item\":\"https:\\\/\\\/reisetier.de\\\/transsib\\\/transsibirische-eisenbahn-tagebuch\\\/\"},{\"@type\":\"ListItem\",\"position\":3,\"name\":\"Aufenthalt in Nowosibirsk\"}]},{\"@type\":\"WebSite\",\"@id\":\"https:\\\/\\\/reisetier.de\\\/transsib\\\/#website\",\"url\":\"https:\\\/\\\/reisetier.de\\\/transsib\\\/\",\"name\":\"Die Transsibirische Eisenbahn\",\"description\":\"Reisen durch Russland, die Mongolei und China\",\"potentialAction\":[{\"@type\":\"SearchAction\",\"target\":{\"@type\":\"EntryPoint\",\"urlTemplate\":\"https:\\\/\\\/reisetier.de\\\/transsib\\\/?s={search_term_string}\"},\"query-input\":{\"@type\":\"PropertyValueSpecification\",\"valueRequired\":true,\"valueName\":\"search_term_string\"}}],\"inLanguage\":\"de\"}]}<\/script>\n<!-- \/ Yoast SEO plugin. -->","yoast_head_json":{"title":"Unser Aufenthalt in Nowosibirsk","description":"Von allen St\u00e4dten auf dem Weg der Transsibirischen Eisenbahn war Nowosibirk die uninteressanteste. Nowosibirsk besteht \u00fcberwiegend aus gro\u00dfen, lauten Stra\u00dfen.","robots":{"index":"index","follow":"follow","max-snippet":"max-snippet:-1","max-image-preview":"max-image-preview:large","max-video-preview":"max-video-preview:-1"},"canonical":"https:\/\/reisetier.de\/transsib\/transsibirische-eisenbahn-tagebuch\/aufenthalt-nowosibirsk\/","og_locale":"de_DE","og_type":"article","og_title":"Unser Aufenthalt in Nowosibirsk","og_description":"Von allen St\u00e4dten auf dem Weg der Transsibirischen Eisenbahn war Nowosibirk die uninteressanteste. Nowosibirsk besteht \u00fcberwiegend aus gro\u00dfen, lauten Stra\u00dfen.","og_url":"https:\/\/reisetier.de\/transsib\/transsibirische-eisenbahn-tagebuch\/aufenthalt-nowosibirsk\/","og_site_name":"Die Transsibirische Eisenbahn","og_image":[{"url":"https:\/\/reisetier.de\/transsib\/wp-content\/uploads\/sites\/2\/2011\/07\/nowosibirsk-oper.jpg","type":"","width":"","height":""}],"twitter_card":"summary_large_image","twitter_misc":{"Gesch\u00e4tzte Lesezeit":"3\u00a0Minuten"},"schema":{"@context":"https:\/\/schema.org","@graph":[{"@type":"WebPage","@id":"https:\/\/reisetier.de\/transsib\/transsibirische-eisenbahn-tagebuch\/aufenthalt-nowosibirsk\/","url":"https:\/\/reisetier.de\/transsib\/transsibirische-eisenbahn-tagebuch\/aufenthalt-nowosibirsk\/","name":"Unser Aufenthalt in Nowosibirsk","isPartOf":{"@id":"https:\/\/reisetier.de\/transsib\/#website"},"primaryImageOfPage":{"@id":"https:\/\/reisetier.de\/transsib\/transsibirische-eisenbahn-tagebuch\/aufenthalt-nowosibirsk\/#primaryimage"},"image":{"@id":"https:\/\/reisetier.de\/transsib\/transsibirische-eisenbahn-tagebuch\/aufenthalt-nowosibirsk\/#primaryimage"},"thumbnailUrl":"https:\/\/reisetier.de\/transsib\/wp-content\/uploads\/sites\/2\/2011\/07\/nowosibirsk-oper.jpg","datePublished":"2011-07-18T18:39:41+00:00","description":"Von allen St\u00e4dten auf dem Weg der Transsibirischen Eisenbahn war Nowosibirk die uninteressanteste. Nowosibirsk besteht \u00fcberwiegend aus gro\u00dfen, lauten Stra\u00dfen.","breadcrumb":{"@id":"https:\/\/reisetier.de\/transsib\/transsibirische-eisenbahn-tagebuch\/aufenthalt-nowosibirsk\/#breadcrumb"},"inLanguage":"de","potentialAction":[{"@type":"ReadAction","target":["https:\/\/reisetier.de\/transsib\/transsibirische-eisenbahn-tagebuch\/aufenthalt-nowosibirsk\/"]}]},{"@type":"ImageObject","inLanguage":"de","@id":"https:\/\/reisetier.de\/transsib\/transsibirische-eisenbahn-tagebuch\/aufenthalt-nowosibirsk\/#primaryimage","url":"https:\/\/reisetier.de\/transsib\/wp-content\/uploads\/sites\/2\/2011\/07\/nowosibirsk-oper.jpg","contentUrl":"https:\/\/reisetier.de\/transsib\/wp-content\/uploads\/sites\/2\/2011\/07\/nowosibirsk-oper.jpg","width":400,"height":300,"caption":"Die Oper und die Lenin Statur sind die einzigen echten Sehensw\u00fcrdikeiten von Nowosibirsk."},{"@type":"BreadcrumbList","@id":"https:\/\/reisetier.de\/transsib\/transsibirische-eisenbahn-tagebuch\/aufenthalt-nowosibirsk\/#breadcrumb","itemListElement":[{"@type":"ListItem","position":1,"name":"Home","item":"https:\/\/reisetier.de\/transsib\/"},{"@type":"ListItem","position":2,"name":"Transsib Tagebuch","item":"https:\/\/reisetier.de\/transsib\/transsibirische-eisenbahn-tagebuch\/"},{"@type":"ListItem","position":3,"name":"Aufenthalt in Nowosibirsk"}]},{"@type":"WebSite","@id":"https:\/\/reisetier.de\/transsib\/#website","url":"https:\/\/reisetier.de\/transsib\/","name":"Die Transsibirische Eisenbahn","description":"Reisen durch Russland, die Mongolei und China","potentialAction":[{"@type":"SearchAction","target":{"@type":"EntryPoint","urlTemplate":"https:\/\/reisetier.de\/transsib\/?s={search_term_string}"},"query-input":{"@type":"PropertyValueSpecification","valueRequired":true,"valueName":"search_term_string"}}],"inLanguage":"de"}]}},"_links":{"self":[{"href":"https:\/\/reisetier.de\/transsib\/wp-json\/wp\/v2\/pages\/1233","targetHints":{"allow":["GET"]}}],"collection":[{"href":"https:\/\/reisetier.de\/transsib\/wp-json\/wp\/v2\/pages"}],"about":[{"href":"https:\/\/reisetier.de\/transsib\/wp-json\/wp\/v2\/types\/page"}],"author":[{"embeddable":true,"href":"https:\/\/reisetier.de\/transsib\/wp-json\/wp\/v2\/users\/1"}],"replies":[{"embeddable":true,"href":"https:\/\/reisetier.de\/transsib\/wp-json\/wp\/v2\/comments?post=1233"}],"version-history":[{"count":0,"href":"https:\/\/reisetier.de\/transsib\/wp-json\/wp\/v2\/pages\/1233\/revisions"}],"up":[{"embeddable":true,"href":"https:\/\/reisetier.de\/transsib\/wp-json\/wp\/v2\/pages\/789"}],"wp:attachment":[{"href":"https:\/\/reisetier.de\/transsib\/wp-json\/wp\/v2\/media?parent=1233"}],"curies":[{"name":"wp","href":"https:\/\/api.w.org\/{rel}","templated":true}]}}