{"id":1100,"date":"2011-06-10T18:30:29","date_gmt":"2011-06-10T17:30:29","guid":{"rendered":"http:\/\/www.transsib-tipps.de\/?page_id=1100"},"modified":"2011-06-10T18:30:29","modified_gmt":"2011-06-10T17:30:29","slug":"reisezeit-transsibirische-eisenbahn","status":"publish","type":"page","link":"https:\/\/reisetier.de\/transsib\/reise-im-zug\/reisezeit-transsibirische-eisenbahn\/","title":{"rendered":"Reisezeit f\u00fcr die Transsibirische Eisenbahn"},"content":{"rendered":"<div id=\"attachment_1111\" style=\"width: 410px\" class=\"wp-caption alignright\"><img loading=\"lazy\" decoding=\"async\" aria-describedby=\"caption-attachment-1111\" src=\"https:\/\/reisetier.de\/transsib\/wp-content\/uploads\/sites\/2\/2011\/06\/transsib-baikalsee-sommer.jpg\" alt=\"Der Baikalsee im Sommer\" title=\"transsib-baikalsee-sommer\" width=\"400\" height=\"300\" class=\"size-full wp-image-1111\" srcset=\"https:\/\/reisetier.de\/transsib\/wp-content\/uploads\/sites\/2\/2011\/06\/transsib-baikalsee-sommer.jpg 400w, https:\/\/reisetier.de\/transsib\/wp-content\/uploads\/sites\/2\/2011\/06\/transsib-baikalsee-sommer-300x225.jpg 300w\" sizes=\"auto, (max-width: 400px) 100vw, 400px\" \/><p id=\"caption-attachment-1111\" class=\"wp-caption-text\">Der <a href='\/russland\/baikalsee\/'>Baikalsee<\/a> bei 30\u00b0C und strahlendem Sonnenschein...<\/p><\/div>\n<h2>Warmer Sommer<\/h2>\n<p>Ich wurde jetzt schon h\u00e4ufiger nach der idealen Reisezeit f\u00fcr die Transsibirische Eisenbahn gefragt. Ich selbst bin im August gefahren, also im Hochsommer. In dieser Zeit ist es auch im tiefsten Sibirien richtig warm. Wir hatten eigentlich immer sonnige 30\u00b0C und konnten im Baikalsee schwimmen. Die Z\u00fcge der Transsibirischen Eisenbahn sind klimatisiert, allerdings nur wenn sie fahren. Als ich in Moskau das erste Mal in einen Zug eingestiegen bin, dachte ich das \u00fcberlebe ich nicht. Aber sobald wir los fuhren, wurde es schnell angenehm. Ein weiterer Vorteil des warmen Wetters ist nat\u00fcrlich, dass man deutlich weniger Gep\u00e4ck braucht.<\/p>\n<p>Allerdings ist im Sommer auch Hochsaison in Russland. Die Transsibirische Eisenbahn ist sehr voll und es wird empfohlen, seine <a href=\"\/transsib\/preise-transsib-tickets\/buchung\/\">Transsib-Tickets vorher zu buchen<\/a>, da es ansonsten passieren kann, dass man einfach keinen Anschlusszug bekommt. Wir hatten allerdings Gl\u00fcck und mussten nur einmal einen Tag l\u00e4nger warten. Die russische Eisenbahn ist nat\u00fcrlich nicht dumm und macht die Tickets in den Sommermonaten etwas teurer. Auch die Hostels sind im Sommer h\u00e4ufig ausgebucht. Als wir ohne Reservierung in Irkutsk ankamen, wurden wir erst eine ganze Weile von Hostel zu Hostel gereicht. Schlie\u00dflich kamen wir beim Sohn einer Hostel-Besitzerin unter. Man sollte auch beachten, dass der sibirische Sommer schnell wieder vorbei sein kann. Im September hatten wir nochmal Kontakt mit dem Besitzer des <a href=\"\/transsib\/clickout\/hostelworld\/baikaler\" rel=\"nofollow noopener\" target=\"_blank\">Baikaler Hostels<\/a>. Dieser erz\u00e4hlte uns, dass in Sibirien schon wieder Temperaturen um die 0\u00b0C herrschten. <\/p>\n<div id=\"attachment_1352\" style=\"width: 472px\" class=\"wp-caption alignright\"><img loading=\"lazy\" decoding=\"async\" aria-describedby=\"caption-attachment-1352\" src=\"https:\/\/reisetier.de\/transsib\/wp-content\/uploads\/2011\/06\/transsib-baikalsee-winter.jpg\" alt=\"Baikalsee im Winter\" title=\"transsib-baikalsee-winter\" width=\"462\" height=\"260\" class=\"size-full wp-image-1352\" \/><p id=\"caption-attachment-1352\" class=\"wp-caption-text\">...und im tiefsten Winter.<\/p><\/div>\n<h2>Sibirien im Winter<\/h2>\n<p>Wer das wahre Sibirien erleben will, muss im Winter fahren. Bei Temperaturen von -30\u00b0C sollte man nat\u00fcrlich auch dementsprechend dicke Klamotten einpacken. Auch wenn ich die Fahrt selber (noch) nicht im Winter gemacht habe, hat diese bestimmt einen ganz eigenen Reiz. Wenn diese unglaubliche Weite der russischen Taiga mit Schnee bedeckt ist. Und wenn man nach einem Zwischenstopp auf der Fahrt mit der Transsibirischen Eisenbahn wieder in sein Abteil kommt und sich mit einem hei\u00dfen Tee aufw\u00e4rmt. Am Baikalsee habe ich auch viele Winter-Angebote gesehen. So kann man zum Beispiel \u00fcber den komplett zugefrorenen See mit Schlittenhunden fahren. Meine Reisegef\u00e4hrten und ich haben jedenfalls schon auf der Reise beschlossen: &#8222;Wenn wir die Fahrt nochmal machen, dann im Winter!&#8220;<\/p>\n<p>&nbsp;<\/p>\n<h2>Transsib Fahrt im Fr\u00fchling oder Herbst<\/h2>\n<p>Von einer Fahrt mit der Transsibirischen Eisenbahn im Fr\u00fchling oder Herbst w\u00fcrde ich eher abraten. Das ist irgendwie nichts Halbes und nichts Ganzes. Es ist weder sch\u00f6n warm, noch erlebt man die Romantik einer komplett wei\u00dfen Landschaft. Zudem hat man eine gewisse Unsicherheit, welche Temperaturen man haben wird. So kann es im September noch sommerlich sein, aber auch schon verdammt kalt. Das macht die Gep\u00e4ck-Auswahl nat\u00fcrlich nicht unbedingt leichter. Allerdings ist das nur meine pers\u00f6nliche Vermutung, aus eigener Erfahrung kenne ich nur den Sommer. Wie immer gilt also auch hier: Wenn ihr andere Erfahrungen gemacht habt, <a href=\"\/transsib\/kontakt\/\">freue ich mich \u00fcber eine Nachricht<\/a>. <img loading=\"lazy\" decoding=\"async\" src=\"https:\/\/ssl-vg03.met.vgwort.de\/na\/dbe062926c4241b5b6d2a3318fb5c533\" width=\"1\" height=\"1\" alt=\"\"><\/p>\n","protected":false},"excerpt":{"rendered":"<p>Warmer Sommer Ich wurde jetzt schon h\u00e4ufiger nach der idealen Reisezeit f\u00fcr die Transsibirische Eisenbahn gefragt. Ich selbst bin im August gefahren, also im Hochsommer. In dieser Zeit ist es auch im tiefsten Sibirien richtig warm. Wir hatten eigentlich immer sonnige 30\u00b0C und konnten im Baikalsee schwimmen. Die Z\u00fcge der Transsibirischen Eisenbahn sind klimatisiert, allerdings &#038;hellip <a class=\"read-excerpt\" href=\"https:\/\/reisetier.de\/transsib\/reise-im-zug\/reisezeit-transsibirische-eisenbahn\/\">Continue reading <span class=\"meta-nav\">&raquo;<\/span><\/a><\/p>\n","protected":false},"author":1,"featured_media":0,"parent":94,"menu_order":149,"comment_status":"open","ping_status":"open","template":"","meta":{"footnotes":""},"class_list":["post-1100","page","type-page","status-publish","hentry"],"yoast_head":"<!-- This site is optimized with the Yoast SEO plugin v27.3 - https:\/\/yoast.com\/product\/yoast-seo-wordpress\/ -->\n<title>Transsibirische Eisenbahn Reisezeit<\/title>\n<meta name=\"description\" content=\"Was ist die ideale Reisezeit f\u00fcr eine Fahrt mit der Transsibirischen Eisenbahn? Hier teile ich meine pers\u00f6nlichen Erfahrungen \u00fcber die Fahrt im Sommer.\" \/>\n<meta name=\"robots\" content=\"index, follow, max-snippet:-1, max-image-preview:large, max-video-preview:-1\" \/>\n<link rel=\"canonical\" href=\"https:\/\/reisetier.de\/transsib\/reise-im-zug\/reisezeit-transsibirische-eisenbahn\/\" \/>\n<meta property=\"og:locale\" content=\"de_DE\" \/>\n<meta property=\"og:type\" content=\"article\" \/>\n<meta property=\"og:title\" content=\"Transsibirische Eisenbahn Reisezeit\" \/>\n<meta property=\"og:description\" content=\"Was ist die ideale Reisezeit f\u00fcr eine Fahrt mit der Transsibirischen Eisenbahn? Hier teile ich meine pers\u00f6nlichen Erfahrungen \u00fcber die Fahrt im Sommer.\" \/>\n<meta property=\"og:url\" content=\"https:\/\/reisetier.de\/transsib\/reise-im-zug\/reisezeit-transsibirische-eisenbahn\/\" \/>\n<meta property=\"og:site_name\" content=\"Die Transsibirische Eisenbahn\" \/>\n<meta property=\"og:image\" content=\"https:\/\/reisetier.de\/transsib\/wp-content\/uploads\/sites\/2\/2011\/06\/transsib-baikalsee-sommer.jpg\" \/>\n<meta name=\"twitter:card\" content=\"summary_large_image\" \/>\n<meta name=\"twitter:label1\" content=\"Gesch\u00e4tzte Lesezeit\" \/>\n\t<meta name=\"twitter:data1\" content=\"3\u00a0Minuten\" \/>\n<script type=\"application\/ld+json\" class=\"yoast-schema-graph\">{\"@context\":\"https:\\\/\\\/schema.org\",\"@graph\":[{\"@type\":\"WebPage\",\"@id\":\"https:\\\/\\\/reisetier.de\\\/transsib\\\/reise-im-zug\\\/reisezeit-transsibirische-eisenbahn\\\/\",\"url\":\"https:\\\/\\\/reisetier.de\\\/transsib\\\/reise-im-zug\\\/reisezeit-transsibirische-eisenbahn\\\/\",\"name\":\"Transsibirische Eisenbahn Reisezeit\",\"isPartOf\":{\"@id\":\"https:\\\/\\\/reisetier.de\\\/transsib\\\/#website\"},\"primaryImageOfPage\":{\"@id\":\"https:\\\/\\\/reisetier.de\\\/transsib\\\/reise-im-zug\\\/reisezeit-transsibirische-eisenbahn\\\/#primaryimage\"},\"image\":{\"@id\":\"https:\\\/\\\/reisetier.de\\\/transsib\\\/reise-im-zug\\\/reisezeit-transsibirische-eisenbahn\\\/#primaryimage\"},\"thumbnailUrl\":\"https:\\\/\\\/reisetier.de\\\/transsib\\\/wp-content\\\/uploads\\\/sites\\\/2\\\/2011\\\/06\\\/transsib-baikalsee-sommer.jpg\",\"datePublished\":\"2011-06-10T17:30:29+00:00\",\"description\":\"Was ist die ideale Reisezeit f\u00fcr eine Fahrt mit der Transsibirischen Eisenbahn? Hier teile ich meine pers\u00f6nlichen Erfahrungen \u00fcber die Fahrt im Sommer.\",\"breadcrumb\":{\"@id\":\"https:\\\/\\\/reisetier.de\\\/transsib\\\/reise-im-zug\\\/reisezeit-transsibirische-eisenbahn\\\/#breadcrumb\"},\"inLanguage\":\"de\",\"potentialAction\":[{\"@type\":\"ReadAction\",\"target\":[\"https:\\\/\\\/reisetier.de\\\/transsib\\\/reise-im-zug\\\/reisezeit-transsibirische-eisenbahn\\\/\"]}]},{\"@type\":\"ImageObject\",\"inLanguage\":\"de\",\"@id\":\"https:\\\/\\\/reisetier.de\\\/transsib\\\/reise-im-zug\\\/reisezeit-transsibirische-eisenbahn\\\/#primaryimage\",\"url\":\"https:\\\/\\\/reisetier.de\\\/transsib\\\/wp-content\\\/uploads\\\/sites\\\/2\\\/2011\\\/06\\\/transsib-baikalsee-sommer.jpg\",\"contentUrl\":\"https:\\\/\\\/reisetier.de\\\/transsib\\\/wp-content\\\/uploads\\\/sites\\\/2\\\/2011\\\/06\\\/transsib-baikalsee-sommer.jpg\",\"width\":400,\"height\":300,\"caption\":\"Der Baikalsee bei 30\u00b0C und strahlendem Sonnenschein\"},{\"@type\":\"BreadcrumbList\",\"@id\":\"https:\\\/\\\/reisetier.de\\\/transsib\\\/reise-im-zug\\\/reisezeit-transsibirische-eisenbahn\\\/#breadcrumb\",\"itemListElement\":[{\"@type\":\"ListItem\",\"position\":1,\"name\":\"Home\",\"item\":\"https:\\\/\\\/reisetier.de\\\/transsib\\\/\"},{\"@type\":\"ListItem\",\"position\":2,\"name\":\"Die Reise im Zug\",\"item\":\"https:\\\/\\\/reisetier.de\\\/transsib\\\/reise-im-zug\\\/\"},{\"@type\":\"ListItem\",\"position\":3,\"name\":\"Reisezeit f\u00fcr die Transsibirische Eisenbahn\"}]},{\"@type\":\"WebSite\",\"@id\":\"https:\\\/\\\/reisetier.de\\\/transsib\\\/#website\",\"url\":\"https:\\\/\\\/reisetier.de\\\/transsib\\\/\",\"name\":\"Die Transsibirische Eisenbahn\",\"description\":\"Reisen durch Russland, die Mongolei und China\",\"potentialAction\":[{\"@type\":\"SearchAction\",\"target\":{\"@type\":\"EntryPoint\",\"urlTemplate\":\"https:\\\/\\\/reisetier.de\\\/transsib\\\/?s={search_term_string}\"},\"query-input\":{\"@type\":\"PropertyValueSpecification\",\"valueRequired\":true,\"valueName\":\"search_term_string\"}}],\"inLanguage\":\"de\"}]}<\/script>\n<!-- \/ Yoast SEO plugin. -->","yoast_head_json":{"title":"Transsibirische Eisenbahn Reisezeit","description":"Was ist die ideale Reisezeit f\u00fcr eine Fahrt mit der Transsibirischen Eisenbahn? Hier teile ich meine pers\u00f6nlichen Erfahrungen \u00fcber die Fahrt im Sommer.","robots":{"index":"index","follow":"follow","max-snippet":"max-snippet:-1","max-image-preview":"max-image-preview:large","max-video-preview":"max-video-preview:-1"},"canonical":"https:\/\/reisetier.de\/transsib\/reise-im-zug\/reisezeit-transsibirische-eisenbahn\/","og_locale":"de_DE","og_type":"article","og_title":"Transsibirische Eisenbahn Reisezeit","og_description":"Was ist die ideale Reisezeit f\u00fcr eine Fahrt mit der Transsibirischen Eisenbahn? Hier teile ich meine pers\u00f6nlichen Erfahrungen \u00fcber die Fahrt im Sommer.","og_url":"https:\/\/reisetier.de\/transsib\/reise-im-zug\/reisezeit-transsibirische-eisenbahn\/","og_site_name":"Die Transsibirische Eisenbahn","og_image":[{"url":"https:\/\/reisetier.de\/transsib\/wp-content\/uploads\/sites\/2\/2011\/06\/transsib-baikalsee-sommer.jpg","type":"","width":"","height":""}],"twitter_card":"summary_large_image","twitter_misc":{"Gesch\u00e4tzte Lesezeit":"3\u00a0Minuten"},"schema":{"@context":"https:\/\/schema.org","@graph":[{"@type":"WebPage","@id":"https:\/\/reisetier.de\/transsib\/reise-im-zug\/reisezeit-transsibirische-eisenbahn\/","url":"https:\/\/reisetier.de\/transsib\/reise-im-zug\/reisezeit-transsibirische-eisenbahn\/","name":"Transsibirische Eisenbahn Reisezeit","isPartOf":{"@id":"https:\/\/reisetier.de\/transsib\/#website"},"primaryImageOfPage":{"@id":"https:\/\/reisetier.de\/transsib\/reise-im-zug\/reisezeit-transsibirische-eisenbahn\/#primaryimage"},"image":{"@id":"https:\/\/reisetier.de\/transsib\/reise-im-zug\/reisezeit-transsibirische-eisenbahn\/#primaryimage"},"thumbnailUrl":"https:\/\/reisetier.de\/transsib\/wp-content\/uploads\/sites\/2\/2011\/06\/transsib-baikalsee-sommer.jpg","datePublished":"2011-06-10T17:30:29+00:00","description":"Was ist die ideale Reisezeit f\u00fcr eine Fahrt mit der Transsibirischen Eisenbahn? Hier teile ich meine pers\u00f6nlichen Erfahrungen \u00fcber die Fahrt im Sommer.","breadcrumb":{"@id":"https:\/\/reisetier.de\/transsib\/reise-im-zug\/reisezeit-transsibirische-eisenbahn\/#breadcrumb"},"inLanguage":"de","potentialAction":[{"@type":"ReadAction","target":["https:\/\/reisetier.de\/transsib\/reise-im-zug\/reisezeit-transsibirische-eisenbahn\/"]}]},{"@type":"ImageObject","inLanguage":"de","@id":"https:\/\/reisetier.de\/transsib\/reise-im-zug\/reisezeit-transsibirische-eisenbahn\/#primaryimage","url":"https:\/\/reisetier.de\/transsib\/wp-content\/uploads\/sites\/2\/2011\/06\/transsib-baikalsee-sommer.jpg","contentUrl":"https:\/\/reisetier.de\/transsib\/wp-content\/uploads\/sites\/2\/2011\/06\/transsib-baikalsee-sommer.jpg","width":400,"height":300,"caption":"Der Baikalsee bei 30\u00b0C und strahlendem Sonnenschein"},{"@type":"BreadcrumbList","@id":"https:\/\/reisetier.de\/transsib\/reise-im-zug\/reisezeit-transsibirische-eisenbahn\/#breadcrumb","itemListElement":[{"@type":"ListItem","position":1,"name":"Home","item":"https:\/\/reisetier.de\/transsib\/"},{"@type":"ListItem","position":2,"name":"Die Reise im Zug","item":"https:\/\/reisetier.de\/transsib\/reise-im-zug\/"},{"@type":"ListItem","position":3,"name":"Reisezeit f\u00fcr die Transsibirische Eisenbahn"}]},{"@type":"WebSite","@id":"https:\/\/reisetier.de\/transsib\/#website","url":"https:\/\/reisetier.de\/transsib\/","name":"Die Transsibirische Eisenbahn","description":"Reisen durch Russland, die Mongolei und China","potentialAction":[{"@type":"SearchAction","target":{"@type":"EntryPoint","urlTemplate":"https:\/\/reisetier.de\/transsib\/?s={search_term_string}"},"query-input":{"@type":"PropertyValueSpecification","valueRequired":true,"valueName":"search_term_string"}}],"inLanguage":"de"}]}},"_links":{"self":[{"href":"https:\/\/reisetier.de\/transsib\/wp-json\/wp\/v2\/pages\/1100","targetHints":{"allow":["GET"]}}],"collection":[{"href":"https:\/\/reisetier.de\/transsib\/wp-json\/wp\/v2\/pages"}],"about":[{"href":"https:\/\/reisetier.de\/transsib\/wp-json\/wp\/v2\/types\/page"}],"author":[{"embeddable":true,"href":"https:\/\/reisetier.de\/transsib\/wp-json\/wp\/v2\/users\/1"}],"replies":[{"embeddable":true,"href":"https:\/\/reisetier.de\/transsib\/wp-json\/wp\/v2\/comments?post=1100"}],"version-history":[{"count":0,"href":"https:\/\/reisetier.de\/transsib\/wp-json\/wp\/v2\/pages\/1100\/revisions"}],"up":[{"embeddable":true,"href":"https:\/\/reisetier.de\/transsib\/wp-json\/wp\/v2\/pages\/94"}],"wp:attachment":[{"href":"https:\/\/reisetier.de\/transsib\/wp-json\/wp\/v2\/media?parent=1100"}],"curies":[{"name":"wp","href":"https:\/\/api.w.org\/{rel}","templated":true}]}}